{"id":1691,"date":"2024-04-29T06:05:01","date_gmt":"2024-04-29T06:05:01","guid":{"rendered":"http:\/\/groutpackers.com\/?post_type=product&#038;p=1691"},"modified":"2025-03-24T03:40:21","modified_gmt":"2025-03-24T03:40:21","slug":"grout-needle-packer","status":"publish","type":"product","link":"https:\/\/groutpackers.com\/af\/manufacturer\/grout-needle-packer\/","title":{"rendered":"Grout Naald Verpakker"},"content":{"rendered":"<p>Inspuitnaaldpakkers, ook bekend as inspuitnaaldpakkers, is &#039;n gespesialiseerde tipe inspuitingpakker wat gebruik word vir &#039;n verskeidenheid betonherstel- en voegtoepassings. Hier is &#039;n paar van die algemene gebruike en toepassings van voegnaaldpakkers:<\/p>\n<p><strong>1. Kraakinspuiting:<\/strong><br \/>\u2013 Grout naaldpakkers word wyd gebruik vir die inspuiting van grout of se\u00eblmiddels in krake in betonstrukture, soos mure, vloere of fondamente.<br \/>\u2013 Die smal profiel van die naaldpakker maak dit moontlik om dit in nou krake te plaas, wat die presiese aflewering van die herstelmateriaal moontlik maak.<br \/>\u2013 Dit is veral nuttig vir die se\u00ebl en stabilisering van haarlynkrake of ander klein betonfoute.<\/p>\n<p><strong>2. Leemte- en holtevulling:<\/strong><br \/>\u2013 Voegnaaldpakkers kan gebruik word om leemtes, heuningkoeke of ander klein holtes binne die betonstruktuur te vul.<br \/>\u2013 Die inspuitproses met behulp van naaldpakkers help om volledige vulling en penetrasie van die grout in die geteikende areas te verseker.<br \/>\u2013 Hierdie toepassing is algemeen in betonherstel- en versterkingsprojekte, waar dit nodig is om die strukturele integriteit van die beton te herstel.<\/p>\n<p><strong>3. Betonplaatstabilisering:<\/strong><br \/>\u2013 Naaldpakkers word gebruik om grout of uitbreidende skuim in die grond in te spuit of onder betonblaaie, soos di\u00e9 wat in vloere of sypaadjies voorkom, te onderl\u00ea.<br \/>\u2013 Hierdie proses, bekend as plaat-domkrag of plaat-nivellering, help om die betonblad te stabiliseer en te ondersteun, wat kwessies soos nedersetting, leemtes of gronderosie aanspreek.<\/p>\n<p><strong>4. Betonankering en -versterking:<\/strong><br \/>\u2013 Grout naaldpakkers kan gebruik word om grout rondom versterkingsstawe of -plunjers in te spuit, wat help om dit in die beton vas te maak en te veranker.<br \/>\u2013 Hierdie toepassing is algemeen in betonherstel-, versterkings- of heraanpassingsprojekte, waar bykomende versterking benodig word.<\/p>\n<p><strong>5. Beton verse\u00ebling en waterdigting:<\/strong><br \/>\u2013 Naaldpakkers kan gebruik word om grout of se\u00eblmiddels in beton te spuit om oppervlakkrake, porie\u00eb of ander defekte te vul en te verse\u00ebl.<br \/>\u2013 Dit help om die beton se weerstand teen waterindringing, verwering en ander omgewingsfaktore te verbeter.<\/p>\n<table style=\"border-collapse: collapse; width: 1075px; height: 254px;\" border=\"0\" width=\"616\" cellspacing=\"0\" cellpadding=\"0\">\n<tbody>\n<tr style=\"height: 13.50pt;\">\n<td class=\"et2\" style=\"height: 13.5pt; width: 270.75pt; text-align: center;\" width=\"361\" height=\"18\">Prent<\/td>\n<td class=\"et2\" style=\"width: 74.25pt;\" width=\"99\">Model<\/td>\n<td class=\"et2\" style=\"width: 60.00pt;\" width=\"80\">Deursnee<\/td>\n<td class=\"et2\" style=\"width: 57.00pt;\" width=\"76\">Lengte<\/td>\n<\/tr>\n<tr style=\"height: 22.00pt;\">\n<td class=\"et2\" style=\"height: 22.00pt;\" height=\"29\"><img loading=\"lazy\" decoding=\"async\" class=\"alignnone size-medium wp-image-2737 aligncenter\" src=\"http:\/\/groutpackers.com\/wp-content\/uploads\/2024\/04\/Grout-needle-packer-300x150.jpg\" alt=\"Grout naald pakker\" width=\"300\" height=\"150\" srcset=\"https:\/\/groutpackers.com\/wp-content\/uploads\/2024\/04\/Grout-needle-packer-300x150.jpg 300w, https:\/\/groutpackers.com\/wp-content\/uploads\/2024\/04\/Grout-needle-packer-768x384.jpg 768w, https:\/\/groutpackers.com\/wp-content\/uploads\/2024\/04\/Grout-needle-packer-600x300.jpg 600w, https:\/\/groutpackers.com\/wp-content\/uploads\/2024\/04\/Grout-needle-packer.jpg 1000w\" sizes=\"auto, (max-width: 300px) 100vw, 300px\" \/><\/td>\n<td class=\"et2\">13x305 mm<\/td>\n<td class=\"et2\">13 mm<\/td>\n<td class=\"et2\">305 mm<\/td>\n<\/tr>\n<\/tbody>\n<\/table>\n<p>\u00a0<\/p>","protected":false},"excerpt":{"rendered":"<p>Voeg naaldpakkers toe<\/p>\n<ul>\n<li>Knoopkop tepel<br \/>\nAs deursnee: 13 mm<\/li>\n<li>Skaglengte: 305mm<\/li>\n<li>Naald deursnee: 5 mm<\/li>\n<li>Naaldlengte: 110 mm<\/li>\n<\/ul>\n<p>MOQ: 1000 stukke<br \/>\nLeertyd: Binne 15-20 dae<br \/>\nBetaling: T\/T, L\/C AT SIGHT, PAYPAL, KREDIETKAART.<\/p>","protected":false},"featured_media":2544,"template":"","meta":[],"product_brand":[],"product_cat":[40],"product_tag":[],"class_list":{"0":"post-1691","1":"product","2":"type-product","3":"status-publish","4":"has-post-thumbnail","6":"product_cat-steel-injeciton-packer","8":"first","9":"instock","10":"shipping-taxable","11":"product-type-simple"},"yoast_head":"<!-- This site is optimized with the Yoast SEO plugin v24.4 - https:\/\/yoast.com\/wordpress\/plugins\/seo\/ -->\n<title>Grout Needle Packer -<\/title>\n<meta name=\"robots\" content=\"index, follow, max-snippet:-1, max-image-preview:large, max-video-preview:-1\" \/>\n<link rel=\"canonical\" href=\"https:\/\/groutpackers.com\/af\/manufacturer\/grout-needle-packer\/\" \/>\n<meta property=\"og:locale\" content=\"en_US\" \/>\n<meta property=\"og:type\" content=\"article\" \/>\n<meta property=\"og:title\" content=\"Grout Needle Packer -\" \/>\n<meta property=\"og:description\" content=\"Grouting needle packers   Button head nipple Shaft diameter: 13mm  Shaft length: 305mm  Needle diameter:5mm  Needle length:110mm  MOQ:1000 Pieces Lead Time: Within 15-20 days Payment: T\/T, L\/C AT SIGHT, PAYPAL, CREDIT CARD.\" \/>\n<meta property=\"og:url\" content=\"https:\/\/groutpackers.com\/af\/manufacturer\/grout-needle-packer\/\" \/>\n<meta property=\"article:modified_time\" content=\"2025-03-24T03:40:21+00:00\" \/>\n<meta property=\"og:image\" content=\"https:\/\/groutpackers.com\/wp-content\/uploads\/2024\/05\/Grouting-needle-packer-1.jpg\" \/>\n\t<meta property=\"og:image:width\" content=\"1000\" \/>\n\t<meta property=\"og:image:height\" content=\"1000\" \/>\n\t<meta property=\"og:image:type\" content=\"image\/jpeg\" \/>\n<meta name=\"twitter:card\" content=\"summary_large_image\" \/>\n<meta name=\"twitter:label1\" content=\"Est. reading time\" \/>\n\t<meta name=\"twitter:data1\" content=\"1 minuut\" \/>\n<script type=\"application\/ld+json\" class=\"yoast-schema-graph\">{\"@context\":\"https:\/\/schema.org\",\"@graph\":[{\"@type\":\"WebPage\",\"@id\":\"https:\/\/groutpackers.com\/manufacturer\/grout-needle-packer\/\",\"url\":\"https:\/\/groutpackers.com\/manufacturer\/grout-needle-packer\/\",\"name\":\"Grout Needle Packer -\",\"isPartOf\":{\"@id\":\"https:\/\/groutpackers.com\/bs\/#website\"},\"primaryImageOfPage\":{\"@id\":\"https:\/\/groutpackers.com\/manufacturer\/grout-needle-packer\/#primaryimage\"},\"image\":{\"@id\":\"https:\/\/groutpackers.com\/manufacturer\/grout-needle-packer\/#primaryimage\"},\"thumbnailUrl\":\"https:\/\/groutpackers.com\/wp-content\/uploads\/2024\/05\/Grouting-needle-packer-1.jpg\",\"datePublished\":\"2024-04-29T06:05:01+00:00\",\"dateModified\":\"2025-03-24T03:40:21+00:00\",\"breadcrumb\":{\"@id\":\"https:\/\/groutpackers.com\/manufacturer\/grout-needle-packer\/#breadcrumb\"},\"inLanguage\":\"af-ZA\",\"potentialAction\":[{\"@type\":\"ReadAction\",\"target\":[\"https:\/\/groutpackers.com\/manufacturer\/grout-needle-packer\/\"]}]},{\"@type\":\"ImageObject\",\"inLanguage\":\"af-ZA\",\"@id\":\"https:\/\/groutpackers.com\/manufacturer\/grout-needle-packer\/#primaryimage\",\"url\":\"https:\/\/groutpackers.com\/wp-content\/uploads\/2024\/05\/Grouting-needle-packer-1.jpg\",\"contentUrl\":\"https:\/\/groutpackers.com\/wp-content\/uploads\/2024\/05\/Grouting-needle-packer-1.jpg\",\"width\":1000,\"height\":1000,\"caption\":\"Grouting needle packer\"},{\"@type\":\"BreadcrumbList\",\"@id\":\"https:\/\/groutpackers.com\/manufacturer\/grout-needle-packer\/#breadcrumb\",\"itemListElement\":[{\"@type\":\"ListItem\",\"position\":1,\"name\":\"Home\",\"item\":\"https:\/\/groutpackers.com\/\"},{\"@type\":\"ListItem\",\"position\":2,\"name\":\"Produk\",\"item\":\"https:\/\/groutpackers.com\/id\/shop\/\"},{\"@type\":\"ListItem\",\"position\":3,\"name\":\"Grout Needle Packer\"}]},{\"@type\":\"WebSite\",\"@id\":\"https:\/\/groutpackers.com\/bs\/#website\",\"url\":\"https:\/\/groutpackers.com\/bs\/\",\"name\":\"\",\"description\":\"\",\"potentialAction\":[{\"@type\":\"SearchAction\",\"target\":{\"@type\":\"EntryPoint\",\"urlTemplate\":\"https:\/\/groutpackers.com\/bs\/?s={search_term_string}\"},\"query-input\":{\"@type\":\"PropertyValueSpecification\",\"valueRequired\":true,\"valueName\":\"search_term_string\"}}],\"inLanguage\":\"af-ZA\"}]}<\/script>\n<!-- \/ Yoast SEO plugin. -->","yoast_head_json":{"title":"Grout Naald Verpakker -","robots":{"index":"index","follow":"follow","max-snippet":"max-snippet:-1","max-image-preview":"max-image-preview:large","max-video-preview":"max-video-preview:-1"},"canonical":"https:\/\/groutpackers.com\/af\/manufacturer\/grout-needle-packer\/","og_locale":"en_US","og_type":"article","og_title":"Grout Needle Packer -","og_description":"Grouting needle packers   Button head nipple Shaft diameter: 13mm  Shaft length: 305mm  Needle diameter:5mm  Needle length:110mm  MOQ:1000 Pieces Lead Time: Within 15-20 days Payment: T\/T, L\/C AT SIGHT, PAYPAL, CREDIT CARD.","og_url":"https:\/\/groutpackers.com\/af\/manufacturer\/grout-needle-packer\/","article_modified_time":"2025-03-24T03:40:21+00:00","og_image":[{"width":1000,"height":1000,"url":"https:\/\/groutpackers.com\/wp-content\/uploads\/2024\/05\/Grouting-needle-packer-1.jpg","type":"image\/jpeg"}],"twitter_card":"summary_large_image","twitter_misc":{"Est. reading time":"1 minuut"},"schema":{"@context":"https:\/\/schema.org","@graph":[{"@type":"WebPage","@id":"https:\/\/groutpackers.com\/manufacturer\/grout-needle-packer\/","url":"https:\/\/groutpackers.com\/manufacturer\/grout-needle-packer\/","name":"Grout Naald Verpakker -","isPartOf":{"@id":"https:\/\/groutpackers.com\/bs\/#website"},"primaryImageOfPage":{"@id":"https:\/\/groutpackers.com\/manufacturer\/grout-needle-packer\/#primaryimage"},"image":{"@id":"https:\/\/groutpackers.com\/manufacturer\/grout-needle-packer\/#primaryimage"},"thumbnailUrl":"https:\/\/groutpackers.com\/wp-content\/uploads\/2024\/05\/Grouting-needle-packer-1.jpg","datePublished":"2024-04-29T06:05:01+00:00","dateModified":"2025-03-24T03:40:21+00:00","breadcrumb":{"@id":"https:\/\/groutpackers.com\/manufacturer\/grout-needle-packer\/#breadcrumb"},"inLanguage":"af-ZA","potentialAction":[{"@type":"ReadAction","target":["https:\/\/groutpackers.com\/manufacturer\/grout-needle-packer\/"]}]},{"@type":"ImageObject","inLanguage":"af-ZA","@id":"https:\/\/groutpackers.com\/manufacturer\/grout-needle-packer\/#primaryimage","url":"https:\/\/groutpackers.com\/wp-content\/uploads\/2024\/05\/Grouting-needle-packer-1.jpg","contentUrl":"https:\/\/groutpackers.com\/wp-content\/uploads\/2024\/05\/Grouting-needle-packer-1.jpg","width":1000,"height":1000,"caption":"Grouting needle packer"},{"@type":"BreadcrumbList","@id":"https:\/\/groutpackers.com\/manufacturer\/grout-needle-packer\/#breadcrumb","itemListElement":[{"@type":"ListItem","position":1,"name":"Home","item":"https:\/\/groutpackers.com\/"},{"@type":"ListItem","position":2,"name":"Produk","item":"https:\/\/groutpackers.com\/id\/shop\/"},{"@type":"ListItem","position":3,"name":"Grout Needle Packer"}]},{"@type":"WebSite","@id":"https:\/\/groutpackers.com\/bs\/#website","url":"https:\/\/groutpackers.com\/bs\/","name":"","description":"","potentialAction":[{"@type":"SearchAction","target":{"@type":"EntryPoint","urlTemplate":"https:\/\/groutpackers.com\/bs\/?s={search_term_string}"},"query-input":{"@type":"PropertyValueSpecification","valueRequired":true,"valueName":"search_term_string"}}],"inLanguage":"af-ZA"}]}},"_links":{"self":[{"href":"https:\/\/groutpackers.com\/af\/wp-json\/wp\/v2\/product\/1691","targetHints":{"allow":["GET"]}}],"collection":[{"href":"https:\/\/groutpackers.com\/af\/wp-json\/wp\/v2\/product"}],"about":[{"href":"https:\/\/groutpackers.com\/af\/wp-json\/wp\/v2\/types\/product"}],"wp:featuredmedia":[{"embeddable":true,"href":"https:\/\/groutpackers.com\/af\/wp-json\/wp\/v2\/media\/2544"}],"wp:attachment":[{"href":"https:\/\/groutpackers.com\/af\/wp-json\/wp\/v2\/media?parent=1691"}],"wp:term":[{"taxonomy":"product_brand","embeddable":true,"href":"https:\/\/groutpackers.com\/af\/wp-json\/wp\/v2\/product_brand?post=1691"},{"taxonomy":"product_cat","embeddable":true,"href":"https:\/\/groutpackers.com\/af\/wp-json\/wp\/v2\/product_cat?post=1691"},{"taxonomy":"product_tag","embeddable":true,"href":"https:\/\/groutpackers.com\/af\/wp-json\/wp\/v2\/product_tag?post=1691"}],"curies":[{"name":"wp","href":"https:\/\/api.w.org\/{rel}","templated":true}]}}