{"id":1691,"date":"2024-04-29T06:05:01","date_gmt":"2024-04-29T06:05:01","guid":{"rendered":"http:\/\/groutpackers.com\/?post_type=product&#038;p=1691"},"modified":"2025-03-24T03:40:21","modified_gmt":"2025-03-24T03:40:21","slug":"grout-needle-packer","status":"publish","type":"product","link":"https:\/\/groutpackers.com\/az\/manufacturer\/grout-needle-packer\/","title":{"rendered":"Pal\u00e7\u0131q \u0130\u011fn\u0259 Paketl\u0259yicisi"},"content":{"rendered":"<p>Enjeksiyon iyn\u0259 qablay\u0131c\u0131lar\u0131 olaraq da bilin\u0259n iyn\u0259 qablay\u0131c\u0131lar\u0131, m\u00fcxt\u0259lif beton t\u0259miri v\u0259 grouting t\u0259tbiql\u0259ri \u00fc\u00e7\u00fcn istifad\u0259 olunan x\u00fcsusi bir n\u00f6v enjeksiyon qabla\u015fd\u0131r\u0131c\u0131s\u0131d\u0131r. Budur, iyn\u0259 qablay\u0131c\u0131lar\u0131n\u0131n \u00fcmumi istifad\u0259 v\u0259 t\u0259tbiql\u0259rind\u0259n b\u0259zil\u0259ri:<\/p>\n<p><strong>1. Crack Injection:<\/strong><br \/>\u2013 Divarlar, d\u00f6\u015f\u0259m\u0259l\u0259r v\u0259 ya b\u00fcn\u00f6vr\u0259l\u0259r kimi beton konstruksiyalardak\u0131 \u00e7atlara m\u0259hlul v\u0259 ya mastikl\u0259rin vurulmas\u0131 \u00fc\u00e7\u00fcn geni\u015f istifad\u0259 olunur.<br \/>\u2013 \u0130yn\u0259 qabla\u015fd\u0131r\u0131c\u0131n\u0131n dar profili onu dar \u00e7atlara daxil etm\u0259y\u0259 imkan verir v\u0259 t\u0259mir material\u0131n\u0131n d\u0259qiq \u00e7atd\u0131r\u0131lmas\u0131na imkan verir.<br \/>\u2013 Bu, x\u00fcsusil\u0259 sa\u00e7 x\u0259tti \u00e7atlar\u0131n\u0131n v\u0259 ya dig\u0259r ki\u00e7ik beton q\u00fcsurlar\u0131n\u0131n ba\u011flanmas\u0131 v\u0259 sabitl\u0259\u015fdirilm\u0259si \u00fc\u00e7\u00fcn faydal\u0131d\u0131r.<\/p>\n<p><strong>2. Bo\u015flu\u011fun v\u0259 Bo\u015flu\u011fun Doldurulmas\u0131:<\/strong><br \/>\u2013 Beton konstruksiya daxilind\u0259ki bo\u015fluqlar\u0131, p\u0259t\u0259kl\u0259ri v\u0259 ya dig\u0259r ki\u00e7ik bo\u015fluqlar\u0131 doldurmaq \u00fc\u00e7\u00fcn iyn\u0259 qablay\u0131c\u0131lardan istifad\u0259 edil\u0259 bil\u0259r.<br \/>\u2013 \u0130yn\u0259 qabla\u015fd\u0131r\u0131c\u0131lardan istifad\u0259 edil\u0259n inyeksiya prosesi m\u0259hlulun h\u0259d\u0259fl\u0259nmi\u015f \u0259razil\u0259r\u0259 tam doldurulmas\u0131n\u0131 v\u0259 n\u00fcfuz etm\u0259sini t\u0259min edir.<br \/>\u2013 Bu t\u0259tbiq betonun struktur b\u00fct\u00f6vl\u00fcy\u00fcn\u00fc b\u0259rpa etm\u0259k laz\u0131m olan konkret t\u0259mir v\u0259 m\u00f6hk\u0259ml\u0259ndirm\u0259 layih\u0259l\u0259rind\u0259 geni\u015f yay\u0131lm\u0131\u015fd\u0131r.<\/p>\n<p><strong>3. Beton plit\u0259nin sabitl\u0259\u015fdirilm\u0259si:<\/strong><br \/>\u2013 \u0130yn\u0259 qabla\u015fd\u0131r\u0131c\u0131lar d\u00f6\u015f\u0259m\u0259 v\u0259 ya s\u0259kil\u0259rd\u0259 olanlar kimi beton plit\u0259l\u0259rin alt\u0131nda torpa\u011fa v\u0259 ya alt qata m\u0259hlul v\u0259 ya geni\u015fl\u0259n\u0259n k\u00f6p\u00fck vurmaq \u00fc\u00e7\u00fcn istifad\u0259 olunur.<br \/>\u2013 Plit\u0259l\u0259rin \u00e7\u0259kilm\u0259si v\u0259 ya plit\u0259nin d\u00fcz\u0259ldilm\u0259si kimi tan\u0131nan bu proses beton plit\u0259ni sabitl\u0259\u015fdirm\u0259y\u0259 v\u0259 d\u0259st\u0259kl\u0259m\u0259y\u0259 k\u00f6m\u0259k edir, oturma, bo\u015fluqlar v\u0259 ya torpaq eroziyas\u0131 kimi probleml\u0259ri h\u0259ll edir.<\/p>\n<p><strong>4. Betonun b\u0259rkidilm\u0259si v\u0259 m\u00f6hk\u0259ml\u0259ndirilm\u0259si:<\/strong><br \/>\u2013 Qar\u0131\u015fd\u0131ran iyn\u0259 qablay\u0131c\u0131lar\u0131 armatur \u00e7ubuqlar\u0131 v\u0259 ya d\u00fcbell\u0259rin \u0259traf\u0131na m\u0259hlul vurmaq \u00fc\u00e7\u00fcn istifad\u0259 oluna bil\u0259r, bu da onlar\u0131n betonda b\u0259rkidilm\u0259sin\u0259 v\u0259 b\u0259rkidilm\u0259sin\u0259 k\u00f6m\u0259k edir.<br \/>\u2013 Bu t\u0259tbiq \u0259lav\u0259 m\u00f6hk\u0259ml\u0259ndirm\u0259 t\u0259l\u0259b olunan beton t\u0259miri, m\u00f6hk\u0259ml\u0259ndirilm\u0259si v\u0259 ya t\u0259kmill\u0259\u015fdirilm\u0259si layih\u0259l\u0259rind\u0259 geni\u015f yay\u0131lm\u0131\u015fd\u0131r.<\/p>\n<p><strong>5. Betonun s\u0131zd\u0131rmazl\u0131\u011f\u0131 v\u0259 hidroizolyasiyas\u0131:<\/strong><br \/>\u2013 S\u0259th \u00e7atlar\u0131n\u0131, m\u0259sam\u0259l\u0259ri v\u0259 ya dig\u0259r q\u00fcsurlar\u0131 doldurmaq v\u0259 m\u00f6h\u00fcrl\u0259m\u0259k \u00fc\u00e7\u00fcn betona m\u0259hlul v\u0259 ya mastikl\u0259r vurmaq \u00fc\u00e7\u00fcn iyn\u0259 qablay\u0131c\u0131lardan istifad\u0259 edil\u0259 bil\u0259r.<br \/>\u2013 Bu, betonun suya, hava \u015f\u0259raitin\u0259 v\u0259 dig\u0259r \u0259traf m\u00fchit amill\u0259rin\u0259 qar\u015f\u0131 m\u00fcqavim\u0259tini yax\u015f\u0131la\u015fd\u0131rma\u011fa k\u00f6m\u0259k edir.<\/p>\n<table style=\"border-collapse: collapse; width: 1075px; height: 254px;\" border=\"0\" width=\"616\" cellspacing=\"0\" cellpadding=\"0\">\n<tbody>\n<tr style=\"height: 13.50pt;\">\n<td class=\"et2\" style=\"height: 13.5pt; width: 270.75pt; text-align: center;\" width=\"361\" height=\"18\">\u015e\u0259kil<\/td>\n<td class=\"et2\" style=\"width: 74.25pt;\" width=\"99\">Model<\/td>\n<td class=\"et2\" style=\"width: 60.00pt;\" width=\"80\">Diametr<\/td>\n<td class=\"et2\" style=\"width: 57.00pt;\" width=\"76\">Uzunluq<\/td>\n<\/tr>\n<tr style=\"height: 22.00pt;\">\n<td class=\"et2\" style=\"height: 22.00pt;\" height=\"29\"><img loading=\"lazy\" decoding=\"async\" class=\"alignnone size-medium wp-image-2737 aligncenter\" src=\"http:\/\/groutpackers.com\/wp-content\/uploads\/2024\/04\/Grout-needle-packer-300x150.jpg\" alt=\"Grout iyn\u0259 qabla\u015fd\u0131r\u0131c\u0131\" width=\"300\" height=\"150\" srcset=\"https:\/\/groutpackers.com\/wp-content\/uploads\/2024\/04\/Grout-needle-packer-300x150.jpg 300w, https:\/\/groutpackers.com\/wp-content\/uploads\/2024\/04\/Grout-needle-packer-768x384.jpg 768w, https:\/\/groutpackers.com\/wp-content\/uploads\/2024\/04\/Grout-needle-packer-600x300.jpg 600w, https:\/\/groutpackers.com\/wp-content\/uploads\/2024\/04\/Grout-needle-packer.jpg 1000w\" sizes=\"auto, (max-width: 300px) 100vw, 300px\" \/><\/td>\n<td class=\"et2\">13x305 mm<\/td>\n<td class=\"et2\">13 mm<\/td>\n<td class=\"et2\">305 mm<\/td>\n<\/tr>\n<\/tbody>\n<\/table>\n<p>\u00a0<\/p>","protected":false},"excerpt":{"rendered":"<p>Y\u00fcng\u00fcl iyn\u0259 qablay\u0131c\u0131lar\u0131<\/p>\n<ul>\n<li>D\u00fcym\u0259 ba\u015f m\u0259m\u0259<br \/>\n\u015eaft diametri: 13 mm<\/li>\n<li>Mil uzunlu\u011fu: 305 mm<\/li>\n<li>\u0130\u011fn\u0259nin diametri: 5 mm<\/li>\n<li>\u0130\u011fn\u0259 uzunlu\u011fu: 110 mm<\/li>\n<\/ul>\n<p>MOQ: 1000 \u0259d\u0259d<br \/>\n\u00c7atd\u0131r\u0131lma m\u00fcdd\u0259ti: 15-20 g\u00fcn \u0259rzind\u0259<br \/>\n\u00d6d\u0259ni\u015f: T\/T, G\u00d6R\u00dc\u015eL\u018fR\u018f L\/C, PAYPAL, KRED\u0130T KARTI.<\/p>","protected":false},"featured_media":2544,"template":"","meta":[],"product_brand":[],"product_cat":[40],"product_tag":[],"class_list":{"0":"post-1691","1":"product","2":"type-product","3":"status-publish","4":"has-post-thumbnail","6":"product_cat-steel-injeciton-packer","8":"first","9":"instock","10":"shipping-taxable","11":"product-type-simple"},"yoast_head":"<!-- This site is optimized with the Yoast SEO plugin v24.4 - https:\/\/yoast.com\/wordpress\/plugins\/seo\/ -->\n<title>Grout Needle Packer -<\/title>\n<meta name=\"robots\" content=\"index, follow, max-snippet:-1, max-image-preview:large, max-video-preview:-1\" \/>\n<link rel=\"canonical\" href=\"https:\/\/groutpackers.com\/az\/manufacturer\/grout-needle-packer\/\" \/>\n<meta property=\"og:locale\" content=\"az_AZ\" \/>\n<meta property=\"og:type\" content=\"article\" \/>\n<meta property=\"og:title\" content=\"Grout Needle Packer -\" \/>\n<meta property=\"og:description\" content=\"Grouting needle packers   Button head nipple Shaft diameter: 13mm  Shaft length: 305mm  Needle diameter:5mm  Needle length:110mm  MOQ:1000 Pieces Lead Time: Within 15-20 days Payment: T\/T, L\/C AT SIGHT, PAYPAL, CREDIT CARD.\" \/>\n<meta property=\"og:url\" content=\"https:\/\/groutpackers.com\/az\/manufacturer\/grout-needle-packer\/\" \/>\n<meta property=\"article:modified_time\" content=\"2025-03-24T03:40:21+00:00\" \/>\n<meta property=\"og:image\" content=\"https:\/\/groutpackers.com\/wp-content\/uploads\/2024\/05\/Grouting-needle-packer-1.jpg\" \/>\n\t<meta property=\"og:image:width\" content=\"1000\" \/>\n\t<meta property=\"og:image:height\" content=\"1000\" \/>\n\t<meta property=\"og:image:type\" content=\"image\/jpeg\" \/>\n<meta name=\"twitter:card\" content=\"summary_large_image\" \/>\n<meta name=\"twitter:label1\" content=\"Est. reading time\" \/>\n\t<meta name=\"twitter:data1\" content=\"1 \u062f\u0642\u06cc\u0642\u0647\" \/>\n<script type=\"application\/ld+json\" class=\"yoast-schema-graph\">{\"@context\":\"https:\/\/schema.org\",\"@graph\":[{\"@type\":\"WebPage\",\"@id\":\"https:\/\/groutpackers.com\/manufacturer\/grout-needle-packer\/\",\"url\":\"https:\/\/groutpackers.com\/manufacturer\/grout-needle-packer\/\",\"name\":\"Grout Needle Packer -\",\"isPartOf\":{\"@id\":\"https:\/\/groutpackers.com\/bs\/#website\"},\"primaryImageOfPage\":{\"@id\":\"https:\/\/groutpackers.com\/manufacturer\/grout-needle-packer\/#primaryimage\"},\"image\":{\"@id\":\"https:\/\/groutpackers.com\/manufacturer\/grout-needle-packer\/#primaryimage\"},\"thumbnailUrl\":\"https:\/\/groutpackers.com\/wp-content\/uploads\/2024\/05\/Grouting-needle-packer-1.jpg\",\"datePublished\":\"2024-04-29T06:05:01+00:00\",\"dateModified\":\"2025-03-24T03:40:21+00:00\",\"breadcrumb\":{\"@id\":\"https:\/\/groutpackers.com\/manufacturer\/grout-needle-packer\/#breadcrumb\"},\"inLanguage\":\"azb\",\"potentialAction\":[{\"@type\":\"ReadAction\",\"target\":[\"https:\/\/groutpackers.com\/manufacturer\/grout-needle-packer\/\"]}]},{\"@type\":\"ImageObject\",\"inLanguage\":\"azb\",\"@id\":\"https:\/\/groutpackers.com\/manufacturer\/grout-needle-packer\/#primaryimage\",\"url\":\"https:\/\/groutpackers.com\/wp-content\/uploads\/2024\/05\/Grouting-needle-packer-1.jpg\",\"contentUrl\":\"https:\/\/groutpackers.com\/wp-content\/uploads\/2024\/05\/Grouting-needle-packer-1.jpg\",\"width\":1000,\"height\":1000,\"caption\":\"Grouting needle packer\"},{\"@type\":\"BreadcrumbList\",\"@id\":\"https:\/\/groutpackers.com\/manufacturer\/grout-needle-packer\/#breadcrumb\",\"itemListElement\":[{\"@type\":\"ListItem\",\"position\":1,\"name\":\"Home\",\"item\":\"https:\/\/groutpackers.com\/\"},{\"@type\":\"ListItem\",\"position\":2,\"name\":\"Produk\",\"item\":\"https:\/\/groutpackers.com\/id\/shop\/\"},{\"@type\":\"ListItem\",\"position\":3,\"name\":\"Grout Needle Packer\"}]},{\"@type\":\"WebSite\",\"@id\":\"https:\/\/groutpackers.com\/bs\/#website\",\"url\":\"https:\/\/groutpackers.com\/bs\/\",\"name\":\"\",\"description\":\"\",\"potentialAction\":[{\"@type\":\"SearchAction\",\"target\":{\"@type\":\"EntryPoint\",\"urlTemplate\":\"https:\/\/groutpackers.com\/bs\/?s={search_term_string}\"},\"query-input\":{\"@type\":\"PropertyValueSpecification\",\"valueRequired\":true,\"valueName\":\"search_term_string\"}}],\"inLanguage\":\"azb\"}]}<\/script>\n<!-- \/ Yoast SEO plugin. -->","yoast_head_json":{"title":"Qar\u0131\u015f\u0131q \u0130\u011fn\u0259 Paketl\u0259yicisi -","robots":{"index":"index","follow":"follow","max-snippet":"max-snippet:-1","max-image-preview":"max-image-preview:large","max-video-preview":"max-video-preview:-1"},"canonical":"https:\/\/groutpackers.com\/az\/manufacturer\/grout-needle-packer\/","og_locale":"az_AZ","og_type":"article","og_title":"Grout Needle Packer -","og_description":"Grouting needle packers   Button head nipple Shaft diameter: 13mm  Shaft length: 305mm  Needle diameter:5mm  Needle length:110mm  MOQ:1000 Pieces Lead Time: Within 15-20 days Payment: T\/T, L\/C AT SIGHT, PAYPAL, CREDIT CARD.","og_url":"https:\/\/groutpackers.com\/az\/manufacturer\/grout-needle-packer\/","article_modified_time":"2025-03-24T03:40:21+00:00","og_image":[{"width":1000,"height":1000,"url":"https:\/\/groutpackers.com\/wp-content\/uploads\/2024\/05\/Grouting-needle-packer-1.jpg","type":"image\/jpeg"}],"twitter_card":"summary_large_image","twitter_misc":{"Est. reading time":"1 \u062f\u0642\u06cc\u0642\u0647"},"schema":{"@context":"https:\/\/schema.org","@graph":[{"@type":"WebPage","@id":"https:\/\/groutpackers.com\/manufacturer\/grout-needle-packer\/","url":"https:\/\/groutpackers.com\/manufacturer\/grout-needle-packer\/","name":"Qar\u0131\u015f\u0131q \u0130\u011fn\u0259 Paketl\u0259yicisi -","isPartOf":{"@id":"https:\/\/groutpackers.com\/bs\/#website"},"primaryImageOfPage":{"@id":"https:\/\/groutpackers.com\/manufacturer\/grout-needle-packer\/#primaryimage"},"image":{"@id":"https:\/\/groutpackers.com\/manufacturer\/grout-needle-packer\/#primaryimage"},"thumbnailUrl":"https:\/\/groutpackers.com\/wp-content\/uploads\/2024\/05\/Grouting-needle-packer-1.jpg","datePublished":"2024-04-29T06:05:01+00:00","dateModified":"2025-03-24T03:40:21+00:00","breadcrumb":{"@id":"https:\/\/groutpackers.com\/manufacturer\/grout-needle-packer\/#breadcrumb"},"inLanguage":"azb","potentialAction":[{"@type":"ReadAction","target":["https:\/\/groutpackers.com\/manufacturer\/grout-needle-packer\/"]}]},{"@type":"ImageObject","inLanguage":"azb","@id":"https:\/\/groutpackers.com\/manufacturer\/grout-needle-packer\/#primaryimage","url":"https:\/\/groutpackers.com\/wp-content\/uploads\/2024\/05\/Grouting-needle-packer-1.jpg","contentUrl":"https:\/\/groutpackers.com\/wp-content\/uploads\/2024\/05\/Grouting-needle-packer-1.jpg","width":1000,"height":1000,"caption":"Grouting needle packer"},{"@type":"BreadcrumbList","@id":"https:\/\/groutpackers.com\/manufacturer\/grout-needle-packer\/#breadcrumb","itemListElement":[{"@type":"ListItem","position":1,"name":"Home","item":"https:\/\/groutpackers.com\/"},{"@type":"ListItem","position":2,"name":"Produk","item":"https:\/\/groutpackers.com\/id\/shop\/"},{"@type":"ListItem","position":3,"name":"Grout Needle Packer"}]},{"@type":"WebSite","@id":"https:\/\/groutpackers.com\/bs\/#website","url":"https:\/\/groutpackers.com\/bs\/","name":"","description":"","potentialAction":[{"@type":"SearchAction","target":{"@type":"EntryPoint","urlTemplate":"https:\/\/groutpackers.com\/bs\/?s={search_term_string}"},"query-input":{"@type":"PropertyValueSpecification","valueRequired":true,"valueName":"search_term_string"}}],"inLanguage":"azb"}]}},"_links":{"self":[{"href":"https:\/\/groutpackers.com\/az\/wp-json\/wp\/v2\/product\/1691","targetHints":{"allow":["GET"]}}],"collection":[{"href":"https:\/\/groutpackers.com\/az\/wp-json\/wp\/v2\/product"}],"about":[{"href":"https:\/\/groutpackers.com\/az\/wp-json\/wp\/v2\/types\/product"}],"wp:featuredmedia":[{"embeddable":true,"href":"https:\/\/groutpackers.com\/az\/wp-json\/wp\/v2\/media\/2544"}],"wp:attachment":[{"href":"https:\/\/groutpackers.com\/az\/wp-json\/wp\/v2\/media?parent=1691"}],"wp:term":[{"taxonomy":"product_brand","embeddable":true,"href":"https:\/\/groutpackers.com\/az\/wp-json\/wp\/v2\/product_brand?post=1691"},{"taxonomy":"product_cat","embeddable":true,"href":"https:\/\/groutpackers.com\/az\/wp-json\/wp\/v2\/product_cat?post=1691"},{"taxonomy":"product_tag","embeddable":true,"href":"https:\/\/groutpackers.com\/az\/wp-json\/wp\/v2\/product_tag?post=1691"}],"curies":[{"name":"wp","href":"https:\/\/api.w.org\/{rel}","templated":true}]}}