{"id":1693,"date":"2024-04-29T06:09:37","date_gmt":"2024-04-29T06:09:37","guid":{"rendered":"http:\/\/groutpackers.com\/?post_type=product&#038;p=1693"},"modified":"2025-03-24T03:31:04","modified_gmt":"2025-03-24T03:31:04","slug":"injection-lances","status":"publish","type":"product","link":"https:\/\/groutpackers.com\/az\/manufacturer\/injection-lances\/","title":{"rendered":"Enjeksiyon lanslar\u0131"},"content":{"rendered":"<p>Torpa\u011fa enjeksiyon lanslar\u0131 v\u0259 ya torpaq sabitl\u0259\u015fdirm\u0259 lanslar\u0131 kimi d\u0259 tan\u0131nan enjeksiyon niz\u0259l\u0259ri, m\u00fch\u0259ndislik x\u00fcsusiyy\u0259tl\u0259rini yax\u015f\u0131la\u015fd\u0131rmaq \u00fc\u00e7\u00fcn torpa\u011fa v\u0259 ya yer\u0259 sabitl\u0259\u015fdirici materiallar\u0131n vurulmas\u0131 \u00fc\u00e7\u00fcn istifad\u0259 olunan x\u00fcsusi al\u0259tl\u0259rdir.<\/p>\n<p>Torpaq lanslar\u0131n\u0131n \u0259sas x\u00fcsusiyy\u0259tl\u0259ri v\u0259 t\u0259tbiql\u0259ri bunlard\u0131r:<\/p>\n<p><strong>1. M\u0259qs\u0259d:<\/strong><br \/>\n\u2013 Torpaq m\u0131zraklar\u0131 x\u00fcsusi olaraq m\u0259hlulun, sement \u0259sasl\u0131 \u015flamlar\u0131n, kimy\u0259vi \u0259lav\u0259l\u0259rin v\u0259 ya dig\u0259r stabill\u0259\u015fdirici materiallar\u0131n yer\u0259 vurulmas\u0131 \u00fc\u00e7\u00fcn n\u0259z\u0259rd\u0259 tutulub.<br \/>\n\u2013 M\u0259qs\u0259d torpa\u011f\u0131n m\u00f6hk\u0259mliyini art\u0131rmaq, ke\u00e7iriciliyi azaltmaq, \u00e7\u00f6km\u0259ni yum\u015faltmaq v\u0259 ya inyeksiya prosesi vasit\u0259sil\u0259 dig\u0259r geotexniki probleml\u0259ri h\u0259ll etm\u0259kdir.<\/p>\n<p><strong>2. Tikinti:<\/strong><br \/>\n\u2013 Torpaq niz\u0259l\u0259ri ad\u0259t\u0259n uzun, nazik v\u0259 i\u00e7i bo\u015f dizayna malikdir v\u0259 bu, stabill\u0259\u015fdirici material\u0131n niz\u0259 m\u0259rk\u0259zin\u0259 yeridilm\u0259sin\u0259 imkan verir.<br \/>\n\u2013 Niz\u0259nin ucu uclu ola bil\u0259r v\u0259 ya torpa\u011fa n\u00fcfuz etm\u0259yi asanla\u015fd\u0131rmaq \u00fc\u00e7\u00fcn x\u00fcsusi funksiyalarla t\u0259chiz oluna bil\u0259r.<br \/>\n\u2013 B\u0259zi torpaq niz\u0259l\u0259ri m\u00fcxt\u0259lif torpaq \u015f\u0259raitin\u0259 v\u0259 ya inyeksiya materiallar\u0131na uy\u011funla\u015fmaq \u00fc\u00e7\u00fcn d\u0259yi\u015fdiril\u0259 bil\u0259n uclar\u0131 v\u0259 ya aksesuarlar\u0131 il\u0259 dizayn edilmi\u015fdir.<\/p>\n<p><strong>3. Enjeksiyon prosesi:<\/strong><br \/>\n\u2013 Torpaq lanslar\u0131 ya \u0259ll\u0259, ya da x\u00fcsusi avadanl\u0131qdan istifad\u0259 etm\u0259kl\u0259, ist\u0259nil\u0259n d\u0259rinliy\u0259 v\u0259 ya vurulma n\u00f6qt\u0259sin\u0259 q\u0259d\u0259r torpa\u011fa daxil edilir.<br \/>\n\u2013 Stabill\u0259\u015fdirici material daha sonra nasosla vurulur v\u0259 ya lans vasit\u0259sil\u0259 vurulur, \u0259trafdak\u0131 torpa\u011fa s\u0259pilir.<br \/>\n\u2013 Torpa\u011f\u0131n b\u0259rab\u0259r paylanmas\u0131n\u0131 v\u0259 effektiv sabitl\u0259\u015fm\u0259sini t\u0259min etm\u0259k \u00fc\u00e7\u00fcn vurulma prosesi diqq\u0259tl\u0259 idar\u0259 olunur.<\/p>\n<p><strong>4. T\u0259tbiql\u0259r:<\/strong><br \/>\n\u2013 Torpa\u011f\u0131n sabitl\u0259\u015fdirilm\u0259si v\u0259 z\u0259min yax\u015f\u0131la\u015fd\u0131r\u0131lmas\u0131 layih\u0259l\u0259ri, m\u0259s\u0259l\u0259n, b\u00fcn\u00f6vr\u0259 d\u0259st\u0259yi, yamac\u0131n sabitl\u0259\u015fdirilm\u0259si v\u0259 torpa\u011f\u0131n b\u0259rpas\u0131.<br \/>\n\u2013 Torpaq bo\u015fluqlar\u0131n\u0131n v\u0259 ya yeralt\u0131 bo\u015fluqlar\u0131n m\u00f6h\u00fcrl\u0259nm\u0259si v\u0259 m\u00f6h\u00fcrl\u0259nm\u0259si.<br \/>\n\u2013 Torpa\u011f\u0131n b\u0259rpas\u0131 v\u0259 ya \u0259traf m\u00fchitin t\u0259mizl\u0259nm\u0259si \u00fc\u00e7\u00fcn kimy\u0259vi \u0259lav\u0259l\u0259rin v\u0259 ya m\u0259hlullar\u0131n vurulmas\u0131.<br \/>\n\u2013 Torpaq d\u0131rnaqlar\u0131n\u0131n, l\u00f6vb\u0259rl\u0259rin v\u0259 ya dig\u0259r yer m\u00f6hk\u0259ml\u0259ndirm\u0259 sisteml\u0259rinin qura\u015fd\u0131r\u0131lmas\u0131.<\/p>\n<p><strong>5. \u0130xtisasla\u015fd\u0131r\u0131lm\u0131\u015f Avadanl\u0131q:<\/strong><br \/>\n\u2013 Torpaq m\u0131zraklar\u0131 tez-tez m\u0259hlul nasoslar\u0131, qar\u0131\u015fd\u0131rma qur\u011fular\u0131 v\u0259 komp\u00fcterl\u0259 idar\u0259 olunan inyeksiya sisteml\u0259ri kimi x\u00fcsusi inyeksiya avadanl\u0131\u011f\u0131 il\u0259 birlikd\u0259 istifad\u0259 olunur.<br \/>\n\u2013 Bu, inyeksiya prosesi zaman\u0131 stabill\u0259\u015fdirici materiallar\u0131n d\u0259qiq \u00e7atd\u0131r\u0131lmas\u0131n\u0131 v\u0259 monitorinqini t\u0259min edir.<\/p>\n<p>Torpaq m\u0131zraklar\u0131 geotexniki m\u00fch\u0259ndislik v\u0259 tikintid\u0259 m\u00fch\u00fcm al\u0259tdir, torpa\u011f\u0131n x\u00fcsusiyy\u0259tl\u0259rini yax\u015f\u0131la\u015fd\u0131rmaq v\u0259 torpaqla ba\u011fl\u0131 m\u00fcxt\u0259lif probleml\u0259ri h\u0259ll etm\u0259k \u00fc\u00e7\u00fcn materiallar\u0131n m\u0259qs\u0259dy\u00f6nl\u00fc v\u0259 n\u0259zar\u0259tli \u015f\u0259kild\u0259 yer\u0259 vurulmas\u0131na imkan verir.<\/p>\n<table style=\"border-collapse: collapse; width: 1204px; height: 263px;\" border=\"0\" width=\"617\" cellspacing=\"0\" cellpadding=\"0\">\n<tbody>\n<tr style=\"height: 13.50pt;\">\n<td class=\"et2\" style=\"height: 13.5pt; width: 271.5pt; text-align: center;\" width=\"362\" height=\"18\">\u015e\u0259kil<\/td>\n<td class=\"et2\" style=\"width: 74.25pt;\" width=\"99\">Model<\/td>\n<td class=\"et2\" style=\"width: 60.00pt;\" width=\"80\">Diametr<\/td>\n<td class=\"et2\" style=\"width: 57.00pt;\" width=\"76\">Uzunluq<\/td>\n<\/tr>\n<tr style=\"height: 13.00pt;\">\n<td class=\"et2\" style=\"height: 26.50pt;\" rowspan=\"2\" height=\"35\"><\/td>\n<td class=\"et2\">13x500 mm<\/td>\n<td class=\"et2\">13 mm<\/td>\n<td class=\"et2\">500 mm<\/td>\n<\/tr>\n<tr style=\"height: 13.50pt;\">\n<td class=\"et2\">13x1000 mm<\/td>\n<td class=\"et2\">13 mm<\/td>\n<td class=\"et2\">1000 mm<\/td>\n<\/tr>\n<tr style=\"height: 13.50pt;\">\n<td class=\"et2\" style=\"height: 27.00pt;\" rowspan=\"2\" height=\"36\"><span style=\"color: #333333;\">\u00a0<\/span><\/td>\n<td class=\"et2\">21x500 mm<\/td>\n<td class=\"et2\">21 mm<\/td>\n<td class=\"et2\">500 mm<\/td>\n<\/tr>\n<tr style=\"height: 13.50pt;\">\n<td class=\"et2\">21x1000mm<\/td>\n<td class=\"et2\">21 mm<\/td>\n<td class=\"et2\">1000 mm<\/td>\n<\/tr>\n<\/tbody>\n<\/table>","protected":false},"excerpt":{"rendered":"<p>Enjeksiyon niz\u0259l\u0259ri<br \/>\n\u00dc\u00e7 diametrli niz\u0259 m\u00f6vcuddur<br \/>\nUzunluq: 500mm v\u0259 1000mm<br \/>\nF\u0259rqli diametr: 13mm \/ 18mm \/ 21mm<br \/>\nMOQ: 1000 \u0259d\u0259d<br \/>\n\u00c7atd\u0131r\u0131lma m\u00fcdd\u0259ti: 10-15 g\u00fcn \u0259rzind\u0259<br \/>\n\u00d6d\u0259ni\u015f: T\/T, G\u00d6R\u00dc\u015eL\u018fR\u018f L\/C, PAYPAL, KRED\u0130T KARTI.<\/p>","protected":false},"featured_media":2546,"template":"","meta":[],"product_brand":[],"product_cat":[40],"product_tag":[],"class_list":{"0":"post-1693","1":"product","2":"type-product","3":"status-publish","4":"has-post-thumbnail","6":"product_cat-steel-injeciton-packer","8":"first","9":"instock","10":"shipping-taxable","11":"product-type-simple"},"yoast_head":"<!-- This site is optimized with the Yoast SEO plugin v24.4 - https:\/\/yoast.com\/wordpress\/plugins\/seo\/ -->\n<title>Injection Lances -<\/title>\n<meta name=\"robots\" content=\"index, follow, max-snippet:-1, max-image-preview:large, max-video-preview:-1\" \/>\n<link rel=\"canonical\" href=\"https:\/\/groutpackers.com\/az\/manufacturer\/injection-lances\/\" \/>\n<meta property=\"og:locale\" content=\"az_AZ\" \/>\n<meta property=\"og:type\" content=\"article\" \/>\n<meta property=\"og:title\" content=\"Injection Lances -\" \/>\n<meta property=\"og:description\" content=\"Injection lances Three diameter lances is available Length: 500mm and 1000mm Different diameter: 13mm \/ 18mm \/ 21mm MOQ:1000 Pieces Lead Time: Within 10-15 days Payment: T\/T, L\/C AT SIGHT, PAYPAL, CREDIT CARD.\" \/>\n<meta property=\"og:url\" content=\"https:\/\/groutpackers.com\/az\/manufacturer\/injection-lances\/\" \/>\n<meta property=\"article:modified_time\" content=\"2025-03-24T03:31:04+00:00\" \/>\n<meta property=\"og:image\" content=\"https:\/\/groutpackers.com\/wp-content\/uploads\/2024\/05\/Injection-Lances-for-soil-stabilization.jpg\" \/>\n\t<meta property=\"og:image:width\" content=\"1000\" \/>\n\t<meta property=\"og:image:height\" content=\"1000\" \/>\n\t<meta property=\"og:image:type\" content=\"image\/jpeg\" \/>\n<meta name=\"twitter:card\" content=\"summary_large_image\" \/>\n<meta name=\"twitter:label1\" content=\"Est. reading time\" \/>\n\t<meta name=\"twitter:data1\" content=\"2 \u062f\u0642\u06cc\u0642\u0647\u200c\u0644\u0631\" \/>\n<script type=\"application\/ld+json\" class=\"yoast-schema-graph\">{\"@context\":\"https:\/\/schema.org\",\"@graph\":[{\"@type\":\"WebPage\",\"@id\":\"https:\/\/groutpackers.com\/manufacturer\/injection-lances\/\",\"url\":\"https:\/\/groutpackers.com\/manufacturer\/injection-lances\/\",\"name\":\"Injection Lances -\",\"isPartOf\":{\"@id\":\"https:\/\/groutpackers.com\/bs\/#website\"},\"primaryImageOfPage\":{\"@id\":\"https:\/\/groutpackers.com\/manufacturer\/injection-lances\/#primaryimage\"},\"image\":{\"@id\":\"https:\/\/groutpackers.com\/manufacturer\/injection-lances\/#primaryimage\"},\"thumbnailUrl\":\"https:\/\/groutpackers.com\/wp-content\/uploads\/2024\/05\/Injection-Lances-for-soil-stabilization.jpg\",\"datePublished\":\"2024-04-29T06:09:37+00:00\",\"dateModified\":\"2025-03-24T03:31:04+00:00\",\"breadcrumb\":{\"@id\":\"https:\/\/groutpackers.com\/manufacturer\/injection-lances\/#breadcrumb\"},\"inLanguage\":\"azb\",\"potentialAction\":[{\"@type\":\"ReadAction\",\"target\":[\"https:\/\/groutpackers.com\/manufacturer\/injection-lances\/\"]}]},{\"@type\":\"ImageObject\",\"inLanguage\":\"azb\",\"@id\":\"https:\/\/groutpackers.com\/manufacturer\/injection-lances\/#primaryimage\",\"url\":\"https:\/\/groutpackers.com\/wp-content\/uploads\/2024\/05\/Injection-Lances-for-soil-stabilization.jpg\",\"contentUrl\":\"https:\/\/groutpackers.com\/wp-content\/uploads\/2024\/05\/Injection-Lances-for-soil-stabilization.jpg\",\"width\":1000,\"height\":1000,\"caption\":\"Injection Lances for soil stabilization\"},{\"@type\":\"BreadcrumbList\",\"@id\":\"https:\/\/groutpackers.com\/manufacturer\/injection-lances\/#breadcrumb\",\"itemListElement\":[{\"@type\":\"ListItem\",\"position\":1,\"name\":\"Home\",\"item\":\"https:\/\/groutpackers.com\/\"},{\"@type\":\"ListItem\",\"position\":2,\"name\":\"Produk\",\"item\":\"https:\/\/groutpackers.com\/id\/shop\/\"},{\"@type\":\"ListItem\",\"position\":3,\"name\":\"Injection Lances\"}]},{\"@type\":\"WebSite\",\"@id\":\"https:\/\/groutpackers.com\/bs\/#website\",\"url\":\"https:\/\/groutpackers.com\/bs\/\",\"name\":\"\",\"description\":\"\",\"potentialAction\":[{\"@type\":\"SearchAction\",\"target\":{\"@type\":\"EntryPoint\",\"urlTemplate\":\"https:\/\/groutpackers.com\/bs\/?s={search_term_string}\"},\"query-input\":{\"@type\":\"PropertyValueSpecification\",\"valueRequired\":true,\"valueName\":\"search_term_string\"}}],\"inLanguage\":\"azb\"}]}<\/script>\n<!-- \/ Yoast SEO plugin. -->","yoast_head_json":{"title":"Enjeksiyon lanslar\u0131 -","robots":{"index":"index","follow":"follow","max-snippet":"max-snippet:-1","max-image-preview":"max-image-preview:large","max-video-preview":"max-video-preview:-1"},"canonical":"https:\/\/groutpackers.com\/az\/manufacturer\/injection-lances\/","og_locale":"az_AZ","og_type":"article","og_title":"Injection Lances -","og_description":"Injection lances Three diameter lances is available Length: 500mm and 1000mm Different diameter: 13mm \/ 18mm \/ 21mm MOQ:1000 Pieces Lead Time: Within 10-15 days Payment: T\/T, L\/C AT SIGHT, PAYPAL, CREDIT CARD.","og_url":"https:\/\/groutpackers.com\/az\/manufacturer\/injection-lances\/","article_modified_time":"2025-03-24T03:31:04+00:00","og_image":[{"width":1000,"height":1000,"url":"https:\/\/groutpackers.com\/wp-content\/uploads\/2024\/05\/Injection-Lances-for-soil-stabilization.jpg","type":"image\/jpeg"}],"twitter_card":"summary_large_image","twitter_misc":{"Est. reading time":"2 \u062f\u0642\u06cc\u0642\u0647\u200c\u0644\u0631"},"schema":{"@context":"https:\/\/schema.org","@graph":[{"@type":"WebPage","@id":"https:\/\/groutpackers.com\/manufacturer\/injection-lances\/","url":"https:\/\/groutpackers.com\/manufacturer\/injection-lances\/","name":"Enjeksiyon lanslar\u0131 -","isPartOf":{"@id":"https:\/\/groutpackers.com\/bs\/#website"},"primaryImageOfPage":{"@id":"https:\/\/groutpackers.com\/manufacturer\/injection-lances\/#primaryimage"},"image":{"@id":"https:\/\/groutpackers.com\/manufacturer\/injection-lances\/#primaryimage"},"thumbnailUrl":"https:\/\/groutpackers.com\/wp-content\/uploads\/2024\/05\/Injection-Lances-for-soil-stabilization.jpg","datePublished":"2024-04-29T06:09:37+00:00","dateModified":"2025-03-24T03:31:04+00:00","breadcrumb":{"@id":"https:\/\/groutpackers.com\/manufacturer\/injection-lances\/#breadcrumb"},"inLanguage":"azb","potentialAction":[{"@type":"ReadAction","target":["https:\/\/groutpackers.com\/manufacturer\/injection-lances\/"]}]},{"@type":"ImageObject","inLanguage":"azb","@id":"https:\/\/groutpackers.com\/manufacturer\/injection-lances\/#primaryimage","url":"https:\/\/groutpackers.com\/wp-content\/uploads\/2024\/05\/Injection-Lances-for-soil-stabilization.jpg","contentUrl":"https:\/\/groutpackers.com\/wp-content\/uploads\/2024\/05\/Injection-Lances-for-soil-stabilization.jpg","width":1000,"height":1000,"caption":"Injection Lances for soil stabilization"},{"@type":"BreadcrumbList","@id":"https:\/\/groutpackers.com\/manufacturer\/injection-lances\/#breadcrumb","itemListElement":[{"@type":"ListItem","position":1,"name":"Home","item":"https:\/\/groutpackers.com\/"},{"@type":"ListItem","position":2,"name":"Produk","item":"https:\/\/groutpackers.com\/id\/shop\/"},{"@type":"ListItem","position":3,"name":"Injection Lances"}]},{"@type":"WebSite","@id":"https:\/\/groutpackers.com\/bs\/#website","url":"https:\/\/groutpackers.com\/bs\/","name":"","description":"","potentialAction":[{"@type":"SearchAction","target":{"@type":"EntryPoint","urlTemplate":"https:\/\/groutpackers.com\/bs\/?s={search_term_string}"},"query-input":{"@type":"PropertyValueSpecification","valueRequired":true,"valueName":"search_term_string"}}],"inLanguage":"azb"}]}},"_links":{"self":[{"href":"https:\/\/groutpackers.com\/az\/wp-json\/wp\/v2\/product\/1693","targetHints":{"allow":["GET"]}}],"collection":[{"href":"https:\/\/groutpackers.com\/az\/wp-json\/wp\/v2\/product"}],"about":[{"href":"https:\/\/groutpackers.com\/az\/wp-json\/wp\/v2\/types\/product"}],"wp:featuredmedia":[{"embeddable":true,"href":"https:\/\/groutpackers.com\/az\/wp-json\/wp\/v2\/media\/2546"}],"wp:attachment":[{"href":"https:\/\/groutpackers.com\/az\/wp-json\/wp\/v2\/media?parent=1693"}],"wp:term":[{"taxonomy":"product_brand","embeddable":true,"href":"https:\/\/groutpackers.com\/az\/wp-json\/wp\/v2\/product_brand?post=1693"},{"taxonomy":"product_cat","embeddable":true,"href":"https:\/\/groutpackers.com\/az\/wp-json\/wp\/v2\/product_cat?post=1693"},{"taxonomy":"product_tag","embeddable":true,"href":"https:\/\/groutpackers.com\/az\/wp-json\/wp\/v2\/product_tag?post=1693"}],"curies":[{"name":"wp","href":"https:\/\/api.w.org\/{rel}","templated":true}]}}