{"id":25,"date":"2023-03-05T10:39:43","date_gmt":"2023-03-05T10:39:43","guid":{"rendered":"http:\/\/groutpackers.com\/?page_id=25"},"modified":"2024-07-10T02:49:31","modified_gmt":"2024-07-10T02:49:31","slug":"about","status":"publish","type":"page","link":"https:\/\/groutpackers.com\/bs\/about\/","title":{"rendered":"O"},"content":{"rendered":"<section class=\"section\" id=\"section_936402981\">\n\t\t<div class=\"bg section-bg fill bg-fill  bg-loaded\" >\n\n\t\t\t\n\t\t\t\n\t\t\t\n\n\t\t<\/div>\n\n\t\t\n\n\t\t<div class=\"section-content relative\">\n\t\t\t\n<div class=\"row align-equal\"  id=\"row-1652323210\">\n\n\t<div id=\"col-1831937797\" class=\"col medium-12 small-12 large-6 medium-col-first\"  >\n\t\t\t\t<div class=\"col-inner\"  >\n\t\t\t\n\t\t\t\n\t<div id=\"gap-181349547\" class=\"gap-element clearfix\" style=\"display:block; height:auto;\">\n\t\t\n<style>\n#gap-181349547 {\n  padding-top: 5px;\n}\n<\/style>\n\t<\/div>\n\t\n\t<div id=\"text-3672758386\" class=\"text\">\n\t\t\n<h2>INFORMACIJE O KOMPANIJI<\/h2>\n\t\t\n<style>\n#text-3672758386 {\n  font-size: 1rem;\n}\n@media (min-width:550px) {\n  #text-3672758386 {\n    font-size: 1rem;\n  }\n}\n@media (min-width:850px) {\n  #text-3672758386 {\n    font-size: 1.4rem;\n  }\n}\n<\/style>\n\t<\/div>\n\t\n<div class=\"is-divider divider clearfix\" style=\"max-width:50px;height:4px;background-color:rgba(224, 236, 250, 0.953);\"><\/div>\n\t<div id=\"gap-1399010134\" class=\"gap-element clearfix hide-for-small\" style=\"display:block; height:auto;\">\n\t\t\n<style>\n#gap-1399010134 {\n  padding-top: 20px;\n}\n<\/style>\n\t<\/div>\n\t\n<p>Groutpackers je vode\u0107i proizvo\u0111a\u010d u Kini <a href=\"http:\/\/groutpackers.com\/bs\/injection-packer\/\">injekcioni pakeri<\/a> i <a href=\"http:\/\/groutpackers.com\/bs\/injection-grouting-machine\/\">pumpe za injektiranje<\/a>, dizajnirani su za gra\u0111evinske oblasti. Strogi QC tim je uvijek na mjestu da osigura svaki <a href=\"http:\/\/groutpackers.com\/bs\/injection-packer\/\">injekcioni paker<\/a> i <a href=\"http:\/\/groutpackers.com\/bs\/injection-grouting-machine\/\">pumpe za ubrizgavanje<\/a> po najvi\u0161im standardima, na\u0161 tim je uvijek tu da Vam pru\u017ei najbolju mogu\u0107u uslugu.<\/p>\n<p>Pro\u0161li smo ISO 9001, kontinuirano se usavr\u0161avamo kako bismo odr\u017eali korak sa me\u0111unarodnim standardom, \u010dvrsto vjerujemo da na\u0161 uspjeh zavisi od stavljanja va\u0161ih prednosti na prvo mjesto i stvaranja vrijednosti za globalne klijente uz najve\u0107i profesionalizam i efikasnost.<\/p>\n\t<div id=\"gap-2007750244\" class=\"gap-element clearfix\" style=\"display:block; height:auto;\">\n\t\t\n<style>\n#gap-2007750244 {\n  padding-top: 30px;\n}\n<\/style>\n\t<\/div>\n\t\n<a href=\"\/bs\/contact\/\" class=\"button primary lowercase\"  style=\"border-radius:99px;\">\n    <span>Kontaktiraj nas<\/span>\n  <\/a>\n\n\t\t<\/div>\n\t\t\t\t\n<style>\n#col-1831937797 > .col-inner {\n  padding: 0px 0px 0px 0px;\n}\n@media (min-width:550px) {\n  #col-1831937797 > .col-inner {\n    padding: 0px 0px 0px 0px;\n  }\n}\n@media (min-width:850px) {\n  #col-1831937797 > .col-inner {\n    padding: 0px 20px 0px 0px;\n  }\n}\n<\/style>\n\t<\/div>\n\n\t\n\n\t<div id=\"col-2083829722\" class=\"col medium-12 small-12 large-6\"  >\n\t\t\t\t<div class=\"col-inner\"  >\n\t\t\t\n\t\t\t\n\t<div class=\"img has-hover x md-x lg-x y md-y lg-y\" id=\"image_1383200353\">\n\t\t\t\t\t\t\t\t<div class=\"img-inner image-cover box-shadow-1 box-shadow-5-hover dark\" style=\"padding-top:70%;\">\n\t\t\t<img loading=\"lazy\" decoding=\"async\" width=\"2560\" height=\"1181\" src=\"https:\/\/groutpackers.com\/wp-content\/uploads\/2024\/04\/work-shop-scaled.jpg\" class=\"attachment-original size-original\" alt=\"radna radionica\" srcset=\"https:\/\/groutpackers.com\/wp-content\/uploads\/2024\/04\/work-shop-scaled.jpg 2560w, https:\/\/groutpackers.com\/wp-content\/uploads\/2024\/04\/work-shop-300x138.jpg 300w, https:\/\/groutpackers.com\/wp-content\/uploads\/2024\/04\/work-shop-1024x473.jpg 1024w, https:\/\/groutpackers.com\/wp-content\/uploads\/2024\/04\/work-shop-768x354.jpg 768w, https:\/\/groutpackers.com\/wp-content\/uploads\/2024\/04\/work-shop-1536x709.jpg 1536w, https:\/\/groutpackers.com\/wp-content\/uploads\/2024\/04\/work-shop-2048x945.jpg 2048w, https:\/\/groutpackers.com\/wp-content\/uploads\/2024\/04\/work-shop-600x277.jpg 600w\" sizes=\"auto, (max-width: 2560px) 100vw, 2560px\" \/>\t\t\t\t\t\t\n\t\t\t\t\t<\/div>\n\t\t\t\t\t\t\t\t\n<style>\n#image_1383200353 {\n  width: 100%;\n}\n<\/style>\n\t<\/div>\n\t\n\t\t<\/div>\n\t\t\t\t\n<style>\n#col-2083829722 > .col-inner {\n  padding: 0px 0px 0px 0px;\n  border-radius: 8px;\n}\n@media (min-width:550px) {\n  #col-2083829722 > .col-inner {\n    padding: 0px 0px 0px 0px;\n  }\n}\n@media (min-width:850px) {\n  #col-2083829722 > .col-inner {\n    padding: 0px 0px 0px 20px;\n  }\n}\n<\/style>\n\t<\/div>\n\n\t\n<\/div>\n\t\t<\/div>\n\n\t\t\n<style>\n#section_936402981 {\n  padding-top: 30px;\n  padding-bottom: 30px;\n}\n@media (min-width:550px) {\n  #section_936402981 {\n    padding-top: 30px;\n    padding-bottom: 30px;\n  }\n}\n@media (min-width:850px) {\n  #section_936402981 {\n    padding-top: 80px;\n    padding-bottom: 80px;\n  }\n}\n<\/style>\n\t<\/section>\n\t\n\n\n\t<section class=\"section\" id=\"section_1494393451\">\n\t\t<div class=\"bg section-bg fill bg-fill  bg-loaded\" >\n\n\t\t\t\n\t\t\t\n\t\t\t\n\n\t\t<\/div>\n\n\t\t\n\n\t\t<div class=\"section-content relative\">\n\t\t\t\n\t<div id=\"gap-1598634553\" class=\"gap-element clearfix\" style=\"display:block; height:auto;\">\n\t\t\n<style>\n#gap-1598634553 {\n  padding-top: 30px;\n}\n<\/style>\n\t<\/div>\n\t\n<div class=\"row align-center\"  id=\"row-1379873837\">\n\n\t<div id=\"col-1947302254\" class=\"col medium-10 small-12 large-10\"  >\n\t\t\t\t<div class=\"col-inner\"  >\n\t\t\t\n\t\t\t\n\t<div id=\"text-4068561144\" class=\"text\">\n\t\t\n<h2><span style=\"color: #808080;\">STABILAN KVALITET I BRZA ISPORUKA<\/span><\/h2>\n\t\t\n<style>\n#text-4068561144 {\n  font-size: 1.35rem;\n  text-align: center;\n  color: rgb(255,255,255);\n}\n#text-4068561144 > * {\n  color: rgb(255,255,255);\n}\n<\/style>\n\t<\/div>\n\t\n<div class=\"text-center\"><div class=\"is-divider divider clearfix\" style=\"background-color:rgb(255, 255, 255);\"><\/div><\/div>\n\t\t<\/div>\n\t\t\t\t\n<style>\n#col-1947302254 > .col-inner {\n  margin: 0px 0px -20px 0px;\n}\n<\/style>\n\t<\/div>\n\n\t\n<\/div>\n<div class=\"row\"  id=\"row-2000544786\">\n\n\t<div id=\"col-1994503749\" class=\"col small-12 large-12\"  >\n\t\t\t\t<div class=\"col-inner text-center\"  >\n\t\t\t\n\t\t\t\n<a href=\"\/bs\/shop\/\" class=\"button white\"  style=\"border-radius:99px;\">\n    <span>Nau\u010di vi\u0161e<\/span>\n  <\/a>\n\n\t\t<\/div>\n\t\t\t\t\n<style>\n#col-1994503749 > .col-inner {\n  margin: 0px 0px -20px 0px;\n}\n<\/style>\n\t<\/div>\n\n\t\n<\/div>\n\t\t<\/div>\n\n\t\t\n<style>\n#section_1494393451 {\n  padding-top: 30px;\n  padding-bottom: 30px;\n  background-color: rgba(224, 236, 250, 0.953);\n}\n<\/style>\n\t<\/section>\n\t\n\t<section class=\"section\" id=\"section_996540611\">\n\t\t<div class=\"bg section-bg fill bg-fill  bg-loaded\" >\n\n\t\t\t\n\t\t\t\n\t\t\t\n\n\t\t<\/div>\n\n\t\t\n\n\t\t<div class=\"section-content relative\">\n\t\t\t\n<div class=\"row\"  id=\"row-1876894671\">\n\n\t<div id=\"col-1926078143\" class=\"col small-12 large-12\"  >\n\t\t\t\t<div class=\"col-inner\"  >\n\t\t\t\n\t\t\t\n\t<div id=\"gap-28024388\" class=\"gap-element clearfix hide-for-medium\" style=\"display:block; height:auto;\">\n\t\t\n<style>\n#gap-28024388 {\n  padding-top: 30px;\n}\n<\/style>\n\t<\/div>\n\t\n\t\t<\/div>\n\t\t\t\t\n<style>\n#col-1926078143 > .col-inner {\n  margin: 0px 0px -20px 0px;\n}\n<\/style>\n\t<\/div>\n\n\t\n<\/div>\n\t<div id=\"text-4130335677\" class=\"text\">\n\t\t\n<h2 style=\"text-align: center;\">\u00a0 \u00a0 \u00a0 \u00a0 \u00a0 \u00a0 \u00a0 \u00a0 \u00a0 \u00a0 \u00a0 \u00a0 \u00a0 \u00a0 \u00a0 \u00a0 \u00a0 \u00a0 \u00a0 \u00a0 \u00a0 \u00a0 \u00a0 \u00a0 \u00a0 \u00a0 \u00a0 \u00a0 \u00a0 \u00a0 \u00a0 \u00a0 \u00a0 \u00a0 NA\u0160 PROIZVOD<\/h2>\n\t\t\n<style>\n#text-4130335677 {\n  font-size: 1rem;\n  text-align: right;\n}\n@media (min-width:550px) {\n  #text-4130335677 {\n    font-size: 1rem;\n  }\n}\n@media (min-width:850px) {\n  #text-4130335677 {\n    font-size: 1.3rem;\n  }\n}\n<\/style>\n\t<\/div>\n\t\n<div class=\"row align-equal\" style=\"max-width:1400px\" id=\"row-951661846\">\n\n\t<div id=\"col-419739941\" class=\"col medium-12 small-12 large-6\"  >\n\t\t\t\t<div class=\"col-inner\"  >\n\t\t\t\n\t\t\t\n\t<div class=\"img has-hover x md-x lg-x y md-y lg-y\" id=\"image_1369633490\">\n\t\t\t\t\t\t\t\t<div class=\"img-inner box-shadow-1 box-shadow-5-hover dark\" >\n\t\t\t\t\t\t\t\t\t\n\t\t\t\t\t<\/div>\n\t\t\t\t\t\t\t\t\n<style>\n#image_1369633490 {\n  width: 100%;\n}\n@media (min-width:550px) {\n  #image_1369633490 {\n    width: 100%;\n  }\n}\n<\/style>\n\t<\/div>\n\t\n\t<div class=\"img has-hover x md-x lg-x y md-y lg-y\" id=\"image_1683409903\">\n\t\t\t\t\t\t\t\t<div class=\"img-inner dark\" >\n\t\t\t<img loading=\"lazy\" decoding=\"async\" width=\"1020\" height=\"1020\" src=\"https:\/\/groutpackers.com\/wp-content\/uploads\/2024\/05\/Grout-pump-and-injection-packer-1024x1024.jpg\" class=\"attachment-large size-large\" alt=\"Pumpa za injektiranje i injekcioni paker\" srcset=\"https:\/\/groutpackers.com\/wp-content\/uploads\/2024\/05\/Grout-pump-and-injection-packer-1024x1024.jpg 1024w, https:\/\/groutpackers.com\/wp-content\/uploads\/2024\/05\/Grout-pump-and-injection-packer-300x300.jpg 300w, https:\/\/groutpackers.com\/wp-content\/uploads\/2024\/05\/Grout-pump-and-injection-packer-150x150.jpg 150w, https:\/\/groutpackers.com\/wp-content\/uploads\/2024\/05\/Grout-pump-and-injection-packer-768x768.jpg 768w, https:\/\/groutpackers.com\/wp-content\/uploads\/2024\/05\/Grout-pump-and-injection-packer-600x600.jpg 600w, https:\/\/groutpackers.com\/wp-content\/uploads\/2024\/05\/Grout-pump-and-injection-packer-100x100.jpg 100w, https:\/\/groutpackers.com\/wp-content\/uploads\/2024\/05\/Grout-pump-and-injection-packer.jpg 1200w\" sizes=\"auto, (max-width: 1020px) 100vw, 1020px\" \/>\t\t\t\t\t\t\n\t\t\t\t\t<\/div>\n\t\t\t\t\t\t\t\t\n<style>\n#image_1683409903 {\n  width: 100%;\n}\n<\/style>\n\t<\/div>\n\t\n\t\t<\/div>\n\t\t\t\t\n<style>\n#col-419739941 > .col-inner {\n  padding: 0px 0px 0px 0px;\n}\n@media (min-width:550px) {\n  #col-419739941 > .col-inner {\n    padding: 0px 0px 0px 0px;\n  }\n}\n@media (min-width:850px) {\n  #col-419739941 > .col-inner {\n    padding: 0px 30px 0px 0px;\n  }\n}\n<\/style>\n\t<\/div>\n\n\t\n\n\t<div id=\"col-1487618057\" class=\"col medium-12 small-12 large-6 medium-col-first\"  >\n\t\t\t\t<div class=\"col-inner\"  >\n\t\t\t\n\t\t\t\n<div class=\"is-divider divider clearfix\" style=\"max-width:50px;height:4px;background-color:rgba(224, 236, 250, 0.953);\"><\/div>\n\t<div class=\"img has-hover x md-x lg-x y md-y lg-y\" id=\"image_1215345691\">\n\t\t\t\t\t\t\t\t<div class=\"img-inner image-cover dark\" style=\"padding-top:50%;\">\n\t\t\t<img loading=\"lazy\" decoding=\"async\" width=\"1000\" height=\"1000\" src=\"https:\/\/groutpackers.com\/wp-content\/uploads\/2024\/05\/Sliding-coupler.jpg\" class=\"attachment-large size-large\" alt=\"Klizna spojnica\" srcset=\"https:\/\/groutpackers.com\/wp-content\/uploads\/2024\/05\/Sliding-coupler.jpg 1000w, https:\/\/groutpackers.com\/wp-content\/uploads\/2024\/05\/Sliding-coupler-300x300.jpg 300w, https:\/\/groutpackers.com\/wp-content\/uploads\/2024\/05\/Sliding-coupler-150x150.jpg 150w, https:\/\/groutpackers.com\/wp-content\/uploads\/2024\/05\/Sliding-coupler-768x768.jpg 768w, https:\/\/groutpackers.com\/wp-content\/uploads\/2024\/05\/Sliding-coupler-600x600.jpg 600w, https:\/\/groutpackers.com\/wp-content\/uploads\/2024\/05\/Sliding-coupler-100x100.jpg 100w\" sizes=\"auto, (max-width: 1000px) 100vw, 1000px\" \/>\t\t\t\t\t\t\n\t\t\t\t\t<\/div>\n\t\t\t\t\t\t\t\t\n<style>\n#image_1215345691 {\n  width: 100%;\n}\n<\/style>\n\t<\/div>\n\t\n<h3>Potaknite svoj uspjeh sa<br \/>na\u0161 <a href=\"http:\/\/groutpackers.com\/bs\/injection-packer\/\">injekcioni paker<\/a> i <a href=\"http:\/\/groutpackers.com\/bs\/injection-grouting-machine\/\">pumpa za injektiranje<\/a><\/h3>\n<p>Na\u0161i injekcioni pakeri i pumpa za injektiranje napravljeni su od sigurnosnih garancija. Projekt klijenta bi mogao izbje\u0107i neke skrivene rizike. Stabilni i pouzdani pakeri i pumpe su najva\u017enija podr\u0161ka va\u0161im teku\u0107im projektima. Mo\u017ee vam u\u0161tedjeti vrijeme i tro\u0161kove. Mi smo dobavlja\u010d od povjerenja i imamo QC sistem koji osigurava kvalitet.\u00a0<\/p>\n<p>Na\u0161i proizvodi su pro\u0161li lSO 9001, CE certifikate. Mo\u017ee vam pomo\u0107i da lako istra\u017eite Euroapen tr\u017ei\u0161te.<\/p>\n\t<div id=\"gap-697645852\" class=\"gap-element clearfix\" style=\"display:block; height:auto;\">\n\t\t\n<style>\n#gap-697645852 {\n  padding-top: 30px;\n}\n<\/style>\n\t<\/div>\n\t\n<a href=\"\/bs\/contact\/\" class=\"button primary lowercase\"  style=\"border-radius:99px;\">\n    <span>Kontaktiraj nas<\/span>\n  <\/a>\n\n\t\t<\/div>\n\t\t\t\t\n<style>\n#col-1487618057 > .col-inner {\n  padding: 0px 0px 0px 0px;\n}\n@media (min-width:550px) {\n  #col-1487618057 > .col-inner {\n    padding: 0px 0px 0px 0px;\n  }\n}\n@media (min-width:850px) {\n  #col-1487618057 > .col-inner {\n    padding: 0px 90px 0px 30px;\n  }\n}\n<\/style>\n\t<\/div>\n\n\t\n<\/div>\n<div class=\"row align-middle align-center\"  id=\"row-543243571\">\n\n\t<div id=\"col-1065947664\" class=\"col medium-6 small-12 large-6\"  >\n\t\t\t\t<div class=\"col-inner\"  >\n\t\t\t\n\t\t\t\n\t<div id=\"gap-1814312936\" class=\"gap-element clearfix\" style=\"display:block; height:auto;\">\n\t\t\n<style>\n#gap-1814312936 {\n  padding-top: 0px;\n}\n<\/style>\n\t<\/div>\n\t\n\t\t<\/div>\n\t\t\t\t\t<\/div>\n\n\t\n<\/div>\n\t\t<\/div>\n\n\t\t\n<style>\n#section_996540611 {\n  padding-top: 0px;\n  padding-bottom: 0px;\n}\n@media (min-width:550px) {\n  #section_996540611 {\n    padding-top: 0px;\n    padding-bottom: 0px;\n  }\n}\n@media (min-width:850px) {\n  #section_996540611 {\n    padding-top: 50px;\n    padding-bottom: 50px;\n  }\n}\n<\/style>\n\t<\/section>","protected":false},"excerpt":{"rendered":"","protected":false},"author":1,"featured_media":0,"parent":0,"menu_order":0,"comment_status":"closed","ping_status":"closed","template":"page-blank.php","meta":{"footnotes":""},"class_list":["post-25","page","type-page","status-publish","hentry"],"yoast_head":"<!-- This site is optimized with the Yoast SEO plugin v24.4 - https:\/\/yoast.com\/wordpress\/plugins\/seo\/ -->\n<title>About Us | Injection Packers Suppliers<\/title>\n<meta name=\"description\" content=\"Injection Packers Suppliers From China. We can customize injection packers for client as per your requirements\" \/>\n<meta name=\"robots\" content=\"index, follow, max-snippet:-1, max-image-preview:large, max-video-preview:-1\" \/>\n<link rel=\"canonical\" href=\"https:\/\/groutpackers.com\/bs\/about\/\" \/>\n<meta property=\"og:locale\" content=\"bs_BA\" \/>\n<meta property=\"og:type\" content=\"article\" \/>\n<meta property=\"og:title\" content=\"About Us | Injection Packers Suppliers\" \/>\n<meta property=\"og:description\" content=\"Injection Packers Suppliers From China. We can customize injection packers for client as per your requirements\" \/>\n<meta property=\"og:url\" content=\"https:\/\/groutpackers.com\/bs\/about\/\" \/>\n<meta property=\"article:modified_time\" content=\"2024-07-10T02:49:31+00:00\" \/>\n<meta name=\"twitter:card\" content=\"summary_large_image\" \/>\n<meta name=\"twitter:label1\" content=\"Est. reading time\" \/>\n\t<meta name=\"twitter:data1\" content=\"4 minute\" \/>\n<script type=\"application\/ld+json\" class=\"yoast-schema-graph\">{\"@context\":\"https:\/\/schema.org\",\"@graph\":[{\"@type\":\"WebPage\",\"@id\":\"https:\/\/groutpackers.com\/ceb\/about\/\",\"url\":\"https:\/\/groutpackers.com\/ceb\/about\/\",\"name\":\"About Us | Injection Packers Suppliers\",\"isPartOf\":{\"@id\":\"https:\/\/groutpackers.com\/bs\/#website\"},\"datePublished\":\"2023-03-05T10:39:43+00:00\",\"dateModified\":\"2024-07-10T02:49:31+00:00\",\"description\":\"Injection Packers Suppliers From China. We can customize injection packers for client as per your requirements\",\"breadcrumb\":{\"@id\":\"https:\/\/groutpackers.com\/ceb\/about\/#breadcrumb\"},\"inLanguage\":\"bs-BA\",\"potentialAction\":[{\"@type\":\"ReadAction\",\"target\":[\"https:\/\/groutpackers.com\/ceb\/about\/\"]}]},{\"@type\":\"BreadcrumbList\",\"@id\":\"https:\/\/groutpackers.com\/ceb\/about\/#breadcrumb\",\"itemListElement\":[{\"@type\":\"ListItem\",\"position\":1,\"name\":\"Home\",\"item\":\"https:\/\/groutpackers.com\/\"},{\"@type\":\"ListItem\",\"position\":2,\"name\":\"About\"}]},{\"@type\":\"WebSite\",\"@id\":\"https:\/\/groutpackers.com\/bs\/#website\",\"url\":\"https:\/\/groutpackers.com\/bs\/\",\"name\":\"\",\"description\":\"\",\"potentialAction\":[{\"@type\":\"SearchAction\",\"target\":{\"@type\":\"EntryPoint\",\"urlTemplate\":\"https:\/\/groutpackers.com\/bs\/?s={search_term_string}\"},\"query-input\":{\"@type\":\"PropertyValueSpecification\",\"valueRequired\":true,\"valueName\":\"search_term_string\"}}],\"inLanguage\":\"bs-BA\"}]}<\/script>\n<!-- \/ Yoast SEO plugin. -->","yoast_head_json":{"title":"O nama | Dobavlja\u010di pakera za ubrizgavanje","description":"Dobavlja\u010di pakera za ubrizgavanje iz Kine. Mo\u017eemo prilagoditi injekcione pakere za klijenta prema va\u0161im zahtevima","robots":{"index":"index","follow":"follow","max-snippet":"max-snippet:-1","max-image-preview":"max-image-preview:large","max-video-preview":"max-video-preview:-1"},"canonical":"https:\/\/groutpackers.com\/bs\/about\/","og_locale":"bs_BA","og_type":"article","og_title":"About Us | Injection Packers Suppliers","og_description":"Injection Packers Suppliers From China. We can customize injection packers for client as per your requirements","og_url":"https:\/\/groutpackers.com\/bs\/about\/","article_modified_time":"2024-07-10T02:49:31+00:00","twitter_card":"summary_large_image","twitter_misc":{"Est. reading time":"4 minute"},"schema":{"@context":"https:\/\/schema.org","@graph":[{"@type":"WebPage","@id":"https:\/\/groutpackers.com\/ceb\/about\/","url":"https:\/\/groutpackers.com\/ceb\/about\/","name":"O nama | Dobavlja\u010di pakera za ubrizgavanje","isPartOf":{"@id":"https:\/\/groutpackers.com\/bs\/#website"},"datePublished":"2023-03-05T10:39:43+00:00","dateModified":"2024-07-10T02:49:31+00:00","description":"Dobavlja\u010di pakera za ubrizgavanje iz Kine. Mo\u017eemo prilagoditi injekcione pakere za klijenta prema va\u0161im zahtevima","breadcrumb":{"@id":"https:\/\/groutpackers.com\/ceb\/about\/#breadcrumb"},"inLanguage":"bs-BA","potentialAction":[{"@type":"ReadAction","target":["https:\/\/groutpackers.com\/ceb\/about\/"]}]},{"@type":"BreadcrumbList","@id":"https:\/\/groutpackers.com\/ceb\/about\/#breadcrumb","itemListElement":[{"@type":"ListItem","position":1,"name":"Home","item":"https:\/\/groutpackers.com\/"},{"@type":"ListItem","position":2,"name":"About"}]},{"@type":"WebSite","@id":"https:\/\/groutpackers.com\/bs\/#website","url":"https:\/\/groutpackers.com\/bs\/","name":"","description":"","potentialAction":[{"@type":"SearchAction","target":{"@type":"EntryPoint","urlTemplate":"https:\/\/groutpackers.com\/bs\/?s={search_term_string}"},"query-input":{"@type":"PropertyValueSpecification","valueRequired":true,"valueName":"search_term_string"}}],"inLanguage":"bs-BA"}]}},"_links":{"self":[{"href":"https:\/\/groutpackers.com\/bs\/wp-json\/wp\/v2\/pages\/25","targetHints":{"allow":["GET"]}}],"collection":[{"href":"https:\/\/groutpackers.com\/bs\/wp-json\/wp\/v2\/pages"}],"about":[{"href":"https:\/\/groutpackers.com\/bs\/wp-json\/wp\/v2\/types\/page"}],"author":[{"embeddable":true,"href":"https:\/\/groutpackers.com\/bs\/wp-json\/wp\/v2\/users\/1"}],"replies":[{"embeddable":true,"href":"https:\/\/groutpackers.com\/bs\/wp-json\/wp\/v2\/comments?post=25"}],"version-history":[{"count":31,"href":"https:\/\/groutpackers.com\/bs\/wp-json\/wp\/v2\/pages\/25\/revisions"}],"predecessor-version":[{"id":3216,"href":"https:\/\/groutpackers.com\/bs\/wp-json\/wp\/v2\/pages\/25\/revisions\/3216"}],"wp:attachment":[{"href":"https:\/\/groutpackers.com\/bs\/wp-json\/wp\/v2\/media?parent=25"}],"curies":[{"name":"wp","href":"https:\/\/api.w.org\/{rel}","templated":true}]}}