{"id":1693,"date":"2024-04-29T06:09:37","date_gmt":"2024-04-29T06:09:37","guid":{"rendered":"http:\/\/groutpackers.com\/?post_type=product&#038;p=1693"},"modified":"2025-03-24T03:31:04","modified_gmt":"2025-03-24T03:31:04","slug":"injection-lances","status":"publish","type":"product","link":"https:\/\/groutpackers.com\/bs\/manufacturer\/injection-lances\/","title":{"rendered":"Injection Lances"},"content":{"rendered":"<p>Injekciona koplja, poznata i kao koplja za ubrizgavanje tla ili koplja za stabilizaciju tla, specijalizovani su alati koji se koriste za ubrizgavanje stabiliziraju\u0107ih materijala u tlo ili tlo kako bi se pobolj\u0161ala njegova in\u017eenjerska svojstva.<\/p>\n<p>Klju\u010dne karakteristike i primjena koplja za tlo uklju\u010duju:<\/p>\n<p><strong>1. Svrha:<\/strong><br \/>\n\u2013 Koplja za tlo su dizajnirana posebno za ubrizgavanje injektiranja, cementnih suspenzija, hemijskih aditiva ili drugih stabiliziraju\u0107ih materijala u tlo.<br \/>\n\u2013 Cilj je pobolj\u0161ati \u010dvrsto\u0107u tla, smanjiti propusnost, ubla\u017eiti slijeganje ili rije\u0161iti druge geotehni\u010dke probleme kroz proces injektiranja.<\/p>\n<p><strong>2. Izgradnja:<\/strong><br \/>\n\u2013 Koplja za tlo obi\u010dno imaju dug, vitak i \u0161uplji dizajn, \u0161to omogu\u0107ava ubrizgavanje stabiliziraju\u0107eg materijala kroz centar koplja.<br \/>\n\u2013 Vrh koplja mo\u017ee biti \u0161iljast ili opremljen posebnim elementima koji olak\u0161avaju prodor u tlo.<br \/>\n\u2013 Neka koplja za zemlju su dizajnirana sa izmjenjivim vrhovima ili dodacima kako bi se prilagodili razli\u010ditim uvjetima tla ili materijalima za injektiranje.<\/p>\n<p><strong>3. Proces ubrizgavanja:<\/strong><br \/>\n\u2013 Koplja za zemlju se ubacuju u zemlju, bilo ru\u010dno ili pomo\u0107u specijalizirane opreme, do \u017eeljene dubine ili ta\u010dke ubrizgavanja.<br \/>\n\u2013 Materijal za stabilizaciju se zatim pumpa ili ubrizgava kroz koplje, raspr\u0161uju\u0107i ga u okolno tlo.<br \/>\n\u2013 Proces injektiranja pa\u017eljivo se kontroli\u0161e kako bi se osigurala ravnomjerna raspodjela i efikasna stabilizacija tla.<\/p>\n<p><strong>4. Prijave:<\/strong><br \/>\n\u2013 Projekti stabilizacije tla i pobolj\u0161anja tla, kao \u0161to su podr\u0161ka temelja, stabilizacija nagiba i sanacija tla.<br \/>\n\u2013 Fugiranje i brtvljenje \u0161upljina u zemlji\u0161tu ili podzemnih \u0161upljina.<br \/>\n\u2013 Ubrizgavanje hemijskih aditiva ili injekcionih masa za sanaciju tla ili tretman \u017eivotne sredine.<br \/>\n\u2013 Ugradnja eksera, ankera ili drugih sistema za oja\u010danje tla.<\/p>\n<p><strong>5. Specijalizovana oprema:<\/strong><br \/>\n\u2013 Koplja se \u010desto koriste u kombinaciji sa specijalizovanom opremom za injektiranje, kao \u0161to su pumpe za injektiranje, jedinice za me\u0161anje i kompjuterski kontrolisani sistemi za injektiranje.<br \/>\n\u2013 Ovo osigurava preciznu isporuku i pra\u0107enje stabiliziraju\u0107ih materijala tokom procesa ubrizgavanja.<\/p>\n<p>Koplja za tlo su osnovni alat u geotehni\u010dkom in\u017eenjeringu i gra\u0111evinarstvu, omogu\u0107avaju\u0107i ciljano i kontrolirano ubrizgavanje materijala u tlo radi pobolj\u0161anja svojstava tla i rje\u0161avanja razli\u010ditih izazova vezanih za tlo.<\/p>\n<table style=\"border-collapse: collapse; width: 1204px; height: 263px;\" border=\"0\" width=\"617\" cellspacing=\"0\" cellpadding=\"0\">\n<tbody>\n<tr style=\"height: 13.50pt;\">\n<td class=\"et2\" style=\"height: 13.5pt; width: 271.5pt; text-align: center;\" width=\"362\" height=\"18\">Slika<\/td>\n<td class=\"et2\" style=\"width: 74.25pt;\" width=\"99\">Model<\/td>\n<td class=\"et2\" style=\"width: 60.00pt;\" width=\"80\">Pre\u010dnik<\/td>\n<td class=\"et2\" style=\"width: 57.00pt;\" width=\"76\">Du\u017eina<\/td>\n<\/tr>\n<tr style=\"height: 13.00pt;\">\n<td class=\"et2\" style=\"height: 26.50pt;\" rowspan=\"2\" height=\"35\"><\/td>\n<td class=\"et2\">13x500mm<\/td>\n<td class=\"et2\">13mm<\/td>\n<td class=\"et2\">500mm<\/td>\n<\/tr>\n<tr style=\"height: 13.50pt;\">\n<td class=\"et2\">13x1000mm<\/td>\n<td class=\"et2\">13mm<\/td>\n<td class=\"et2\">1000mm<\/td>\n<\/tr>\n<tr style=\"height: 13.50pt;\">\n<td class=\"et2\" style=\"height: 27.00pt;\" rowspan=\"2\" height=\"36\"><span style=\"color: #333333;\">\u00a0<\/span><\/td>\n<td class=\"et2\">21x500mm<\/td>\n<td class=\"et2\">21mm<\/td>\n<td class=\"et2\">500mm<\/td>\n<\/tr>\n<tr style=\"height: 13.50pt;\">\n<td class=\"et2\">21x1000mm<\/td>\n<td class=\"et2\">21mm<\/td>\n<td class=\"et2\">1000mm<\/td>\n<\/tr>\n<\/tbody>\n<\/table>","protected":false},"excerpt":{"rendered":"<p>Injekciona koplja<br \/>\nDostupna su tri koplja promjera<br \/>\nDu\u017eina: 500 mm i 1000 mm<br \/>\nRazli\u010diti promjer: 13 mm \/ 18 mm \/ 21 mm<br \/>\nMOQ: 1000 komada<br \/>\nVrijeme isporuke: U roku od 10-15 dana<br \/>\nPla\u0107anje: T\/T, L\/C NA POGLED, PAYPAL, KREDITNA KARTICA.<\/p>","protected":false},"featured_media":2546,"template":"","meta":[],"product_brand":[],"product_cat":[40],"product_tag":[],"class_list":{"0":"post-1693","1":"product","2":"type-product","3":"status-publish","4":"has-post-thumbnail","6":"product_cat-steel-injeciton-packer","8":"first","9":"instock","10":"shipping-taxable","11":"product-type-simple"},"yoast_head":"<!-- This site is optimized with the Yoast SEO plugin v24.4 - https:\/\/yoast.com\/wordpress\/plugins\/seo\/ -->\n<title>Injection Lances -<\/title>\n<meta name=\"robots\" content=\"index, follow, max-snippet:-1, max-image-preview:large, max-video-preview:-1\" \/>\n<link rel=\"canonical\" href=\"https:\/\/groutpackers.com\/bs\/manufacturer\/injection-lances\/\" \/>\n<meta property=\"og:locale\" content=\"bs_BA\" \/>\n<meta property=\"og:type\" content=\"article\" \/>\n<meta property=\"og:title\" content=\"Injection Lances -\" \/>\n<meta property=\"og:description\" content=\"Injection lances Three diameter lances is available Length: 500mm and 1000mm Different diameter: 13mm \/ 18mm \/ 21mm MOQ:1000 Pieces Lead Time: Within 10-15 days Payment: T\/T, L\/C AT SIGHT, PAYPAL, CREDIT CARD.\" \/>\n<meta property=\"og:url\" content=\"https:\/\/groutpackers.com\/bs\/manufacturer\/injection-lances\/\" \/>\n<meta property=\"article:modified_time\" content=\"2025-03-24T03:31:04+00:00\" \/>\n<meta property=\"og:image\" content=\"https:\/\/groutpackers.com\/wp-content\/uploads\/2024\/05\/Injection-Lances-for-soil-stabilization.jpg\" \/>\n\t<meta property=\"og:image:width\" content=\"1000\" \/>\n\t<meta property=\"og:image:height\" content=\"1000\" \/>\n\t<meta property=\"og:image:type\" content=\"image\/jpeg\" \/>\n<meta name=\"twitter:card\" content=\"summary_large_image\" \/>\n<meta name=\"twitter:label1\" content=\"Est. reading time\" \/>\n\t<meta name=\"twitter:data1\" content=\"2 minute\" \/>\n<script type=\"application\/ld+json\" class=\"yoast-schema-graph\">{\"@context\":\"https:\/\/schema.org\",\"@graph\":[{\"@type\":\"WebPage\",\"@id\":\"https:\/\/groutpackers.com\/manufacturer\/injection-lances\/\",\"url\":\"https:\/\/groutpackers.com\/manufacturer\/injection-lances\/\",\"name\":\"Injection Lances -\",\"isPartOf\":{\"@id\":\"https:\/\/groutpackers.com\/bs\/#website\"},\"primaryImageOfPage\":{\"@id\":\"https:\/\/groutpackers.com\/manufacturer\/injection-lances\/#primaryimage\"},\"image\":{\"@id\":\"https:\/\/groutpackers.com\/manufacturer\/injection-lances\/#primaryimage\"},\"thumbnailUrl\":\"https:\/\/groutpackers.com\/wp-content\/uploads\/2024\/05\/Injection-Lances-for-soil-stabilization.jpg\",\"datePublished\":\"2024-04-29T06:09:37+00:00\",\"dateModified\":\"2025-03-24T03:31:04+00:00\",\"breadcrumb\":{\"@id\":\"https:\/\/groutpackers.com\/manufacturer\/injection-lances\/#breadcrumb\"},\"inLanguage\":\"bs-BA\",\"potentialAction\":[{\"@type\":\"ReadAction\",\"target\":[\"https:\/\/groutpackers.com\/manufacturer\/injection-lances\/\"]}]},{\"@type\":\"ImageObject\",\"inLanguage\":\"bs-BA\",\"@id\":\"https:\/\/groutpackers.com\/manufacturer\/injection-lances\/#primaryimage\",\"url\":\"https:\/\/groutpackers.com\/wp-content\/uploads\/2024\/05\/Injection-Lances-for-soil-stabilization.jpg\",\"contentUrl\":\"https:\/\/groutpackers.com\/wp-content\/uploads\/2024\/05\/Injection-Lances-for-soil-stabilization.jpg\",\"width\":1000,\"height\":1000,\"caption\":\"Injection Lances for soil stabilization\"},{\"@type\":\"BreadcrumbList\",\"@id\":\"https:\/\/groutpackers.com\/manufacturer\/injection-lances\/#breadcrumb\",\"itemListElement\":[{\"@type\":\"ListItem\",\"position\":1,\"name\":\"Home\",\"item\":\"https:\/\/groutpackers.com\/\"},{\"@type\":\"ListItem\",\"position\":2,\"name\":\"Produk\",\"item\":\"https:\/\/groutpackers.com\/id\/shop\/\"},{\"@type\":\"ListItem\",\"position\":3,\"name\":\"Injection Lances\"}]},{\"@type\":\"WebSite\",\"@id\":\"https:\/\/groutpackers.com\/bs\/#website\",\"url\":\"https:\/\/groutpackers.com\/bs\/\",\"name\":\"\",\"description\":\"\",\"potentialAction\":[{\"@type\":\"SearchAction\",\"target\":{\"@type\":\"EntryPoint\",\"urlTemplate\":\"https:\/\/groutpackers.com\/bs\/?s={search_term_string}\"},\"query-input\":{\"@type\":\"PropertyValueSpecification\",\"valueRequired\":true,\"valueName\":\"search_term_string\"}}],\"inLanguage\":\"bs-BA\"}]}<\/script>\n<!-- \/ Yoast SEO plugin. -->","yoast_head_json":{"title":"Koplje za injekcije -","robots":{"index":"index","follow":"follow","max-snippet":"max-snippet:-1","max-image-preview":"max-image-preview:large","max-video-preview":"max-video-preview:-1"},"canonical":"https:\/\/groutpackers.com\/bs\/manufacturer\/injection-lances\/","og_locale":"bs_BA","og_type":"article","og_title":"Injection Lances -","og_description":"Injection lances Three diameter lances is available Length: 500mm and 1000mm Different diameter: 13mm \/ 18mm \/ 21mm MOQ:1000 Pieces Lead Time: Within 10-15 days Payment: T\/T, L\/C AT SIGHT, PAYPAL, CREDIT CARD.","og_url":"https:\/\/groutpackers.com\/bs\/manufacturer\/injection-lances\/","article_modified_time":"2025-03-24T03:31:04+00:00","og_image":[{"width":1000,"height":1000,"url":"https:\/\/groutpackers.com\/wp-content\/uploads\/2024\/05\/Injection-Lances-for-soil-stabilization.jpg","type":"image\/jpeg"}],"twitter_card":"summary_large_image","twitter_misc":{"Est. reading time":"2 minute"},"schema":{"@context":"https:\/\/schema.org","@graph":[{"@type":"WebPage","@id":"https:\/\/groutpackers.com\/manufacturer\/injection-lances\/","url":"https:\/\/groutpackers.com\/manufacturer\/injection-lances\/","name":"Koplje za injekcije -","isPartOf":{"@id":"https:\/\/groutpackers.com\/bs\/#website"},"primaryImageOfPage":{"@id":"https:\/\/groutpackers.com\/manufacturer\/injection-lances\/#primaryimage"},"image":{"@id":"https:\/\/groutpackers.com\/manufacturer\/injection-lances\/#primaryimage"},"thumbnailUrl":"https:\/\/groutpackers.com\/wp-content\/uploads\/2024\/05\/Injection-Lances-for-soil-stabilization.jpg","datePublished":"2024-04-29T06:09:37+00:00","dateModified":"2025-03-24T03:31:04+00:00","breadcrumb":{"@id":"https:\/\/groutpackers.com\/manufacturer\/injection-lances\/#breadcrumb"},"inLanguage":"bs-BA","potentialAction":[{"@type":"ReadAction","target":["https:\/\/groutpackers.com\/manufacturer\/injection-lances\/"]}]},{"@type":"ImageObject","inLanguage":"bs-BA","@id":"https:\/\/groutpackers.com\/manufacturer\/injection-lances\/#primaryimage","url":"https:\/\/groutpackers.com\/wp-content\/uploads\/2024\/05\/Injection-Lances-for-soil-stabilization.jpg","contentUrl":"https:\/\/groutpackers.com\/wp-content\/uploads\/2024\/05\/Injection-Lances-for-soil-stabilization.jpg","width":1000,"height":1000,"caption":"Injection Lances for soil stabilization"},{"@type":"BreadcrumbList","@id":"https:\/\/groutpackers.com\/manufacturer\/injection-lances\/#breadcrumb","itemListElement":[{"@type":"ListItem","position":1,"name":"Home","item":"https:\/\/groutpackers.com\/"},{"@type":"ListItem","position":2,"name":"Produk","item":"https:\/\/groutpackers.com\/id\/shop\/"},{"@type":"ListItem","position":3,"name":"Injection Lances"}]},{"@type":"WebSite","@id":"https:\/\/groutpackers.com\/bs\/#website","url":"https:\/\/groutpackers.com\/bs\/","name":"","description":"","potentialAction":[{"@type":"SearchAction","target":{"@type":"EntryPoint","urlTemplate":"https:\/\/groutpackers.com\/bs\/?s={search_term_string}"},"query-input":{"@type":"PropertyValueSpecification","valueRequired":true,"valueName":"search_term_string"}}],"inLanguage":"bs-BA"}]}},"_links":{"self":[{"href":"https:\/\/groutpackers.com\/bs\/wp-json\/wp\/v2\/product\/1693","targetHints":{"allow":["GET"]}}],"collection":[{"href":"https:\/\/groutpackers.com\/bs\/wp-json\/wp\/v2\/product"}],"about":[{"href":"https:\/\/groutpackers.com\/bs\/wp-json\/wp\/v2\/types\/product"}],"wp:featuredmedia":[{"embeddable":true,"href":"https:\/\/groutpackers.com\/bs\/wp-json\/wp\/v2\/media\/2546"}],"wp:attachment":[{"href":"https:\/\/groutpackers.com\/bs\/wp-json\/wp\/v2\/media?parent=1693"}],"wp:term":[{"taxonomy":"product_brand","embeddable":true,"href":"https:\/\/groutpackers.com\/bs\/wp-json\/wp\/v2\/product_brand?post=1693"},{"taxonomy":"product_cat","embeddable":true,"href":"https:\/\/groutpackers.com\/bs\/wp-json\/wp\/v2\/product_cat?post=1693"},{"taxonomy":"product_tag","embeddable":true,"href":"https:\/\/groutpackers.com\/bs\/wp-json\/wp\/v2\/product_tag?post=1693"}],"curies":[{"name":"wp","href":"https:\/\/api.w.org\/{rel}","templated":true}]}}