{"id":1691,"date":"2024-04-29T06:05:01","date_gmt":"2024-04-29T06:05:01","guid":{"rendered":"http:\/\/groutpackers.com\/?post_type=product&#038;p=1691"},"modified":"2025-03-24T03:40:21","modified_gmt":"2025-03-24T03:40:21","slug":"grout-needle-packer","status":"publish","type":"product","link":"https:\/\/groutpackers.com\/ca\/manufacturer\/grout-needle-packer\/","title":{"rendered":"Empaquetador d&#039;agulles de lletada"},"content":{"rendered":"<p>Els empaquetadors d&#039;agulles d&#039;injecci\u00f3, tamb\u00e9 coneguts com a empaquetadors d&#039;agulles d&#039;injecci\u00f3, s\u00f3n un tipus especialitzat d&#039;empaquetadors d&#039;injecci\u00f3 que s&#039;utilitza per a una varietat d&#039;aplicacions de reparaci\u00f3 i rejuntat de formig\u00f3. Aquests s\u00f3n alguns dels usos i aplicacions habituals dels empaquetadors d&#039;agulles de rejuntat:<\/p>\n<p><strong>1. Injecci\u00f3 de crack:<\/strong><br \/>- Els empaquetadors d&#039;agulles de rejuntat s&#039;utilitzen \u00e0mpliament per injectar lletada o segelladors a les esquerdes d&#039;estructures de formig\u00f3, com ara parets, s\u00f2ls o fonaments.<br \/>\u2013 El perfil estret de l&#039;empaquetador d&#039;agulles permet inserir-lo en esquerdes estretes, permetent el lliurament prec\u00eds del material de reparaci\u00f3.<br \/>\u2013 Aix\u00f2 \u00e9s especialment \u00fatil per segellar i estabilitzar esquerdes o altres petits defectes del formig\u00f3.<\/p>\n<p><strong>2. Ompliment de buits i cavitats:<\/strong><br \/>- Els empaquetadors d&#039;agulles de rejuntat es poden utilitzar per omplir buits, bresques o altres petites cavitats dins de l&#039;estructura de formig\u00f3.<br \/>\u2013 El proc\u00e9s d&#039;injecci\u00f3 mitjan\u00e7ant empaquetadors d&#039;agulla ajuda a garantir un ompliment complet i la penetraci\u00f3 de la lletada a les zones objectiu.<br \/>\u2013 Aquesta aplicaci\u00f3 \u00e9s habitual en projectes de reparaci\u00f3 i refor\u00e7 del formig\u00f3, on cal restablir la integritat estructural del formig\u00f3.<\/p>\n<p><strong>3. Estabilitzaci\u00f3 de lloses de formig\u00f3:<\/strong><br \/>\u2013 Els empaquetadors d&#039;agulles s&#039;utilitzen per injectar lletada o escuma expansiva al s\u00f2l o subterrani sota les lloses de formig\u00f3, com les que es troben en s\u00f2ls o paviments.<br \/>\u2013 Aquest proc\u00e9s, conegut com a llosa o anivellaci\u00f3 de llosa, ajuda a estabilitzar i suportar la llosa de formig\u00f3, abordant problemes com l&#039;assentament, els buits o l&#039;erosi\u00f3 del s\u00f2l.<\/p>\n<p><strong>4. Ancoratge i refor\u00e7 del formig\u00f3:<\/strong><br \/>\u2013 Els empaquetadors d&#039;agulles de rejuntat es poden utilitzar per injectar lletada al voltant de barres de refor\u00e7 o tacs, ajudant a fixar-los i ancorar-los dins del formig\u00f3.<br \/>\u2013 Aquesta aplicaci\u00f3 \u00e9s habitual en projectes de reparaci\u00f3, refor\u00e7 o reacondicionament de formig\u00f3, on es requereix un refor\u00e7 addicional.<\/p>\n<p><strong>5. Segellat i impermeabilitzaci\u00f3 del formig\u00f3:<\/strong><br \/>- Els empaquetadors d&#039;agulles es poden utilitzar per injectar lletada o segelladors al formig\u00f3 per omplir i segellar esquerdes superficials, porus o altres defectes.<br \/>\u2013 Aix\u00f2 ajuda a millorar la resist\u00e8ncia del formig\u00f3 a la intrusi\u00f3 d&#039;aigua, la intemp\u00e8rie i altres factors ambientals.<\/p>\n<table style=\"border-collapse: collapse; width: 1075px; height: 254px;\" border=\"0\" width=\"616\" cellspacing=\"0\" cellpadding=\"0\">\n<tbody>\n<tr style=\"height: 13.50pt;\">\n<td class=\"et2\" style=\"height: 13.5pt; width: 270.75pt; text-align: center;\" width=\"361\" height=\"18\">Imatge<\/td>\n<td class=\"et2\" style=\"width: 74.25pt;\" width=\"99\">Model<\/td>\n<td class=\"et2\" style=\"width: 60.00pt;\" width=\"80\">Di\u00e0metre<\/td>\n<td class=\"et2\" style=\"width: 57.00pt;\" width=\"76\">Llargada<\/td>\n<\/tr>\n<tr style=\"height: 22.00pt;\">\n<td class=\"et2\" style=\"height: 22.00pt;\" height=\"29\"><img loading=\"lazy\" decoding=\"async\" class=\"alignnone size-medium wp-image-2737 aligncenter\" src=\"http:\/\/groutpackers.com\/wp-content\/uploads\/2024\/04\/Grout-needle-packer-300x150.jpg\" alt=\"Empaquetador d&#039;agulles de lletada\" width=\"300\" height=\"150\" srcset=\"https:\/\/groutpackers.com\/wp-content\/uploads\/2024\/04\/Grout-needle-packer-300x150.jpg 300w, https:\/\/groutpackers.com\/wp-content\/uploads\/2024\/04\/Grout-needle-packer-768x384.jpg 768w, https:\/\/groutpackers.com\/wp-content\/uploads\/2024\/04\/Grout-needle-packer-600x300.jpg 600w, https:\/\/groutpackers.com\/wp-content\/uploads\/2024\/04\/Grout-needle-packer.jpg 1000w\" sizes=\"auto, (max-width: 300px) 100vw, 300px\" \/><\/td>\n<td class=\"et2\">13x305 mm<\/td>\n<td class=\"et2\">13 mm<\/td>\n<td class=\"et2\">305 mm<\/td>\n<\/tr>\n<\/tbody>\n<\/table>\n<p>\u00a0<\/p>","protected":false},"excerpt":{"rendered":"<p>Empaquetadors d&#039;agulles de rejuntat<\/p>\n<ul>\n<li>Mugr\u00f3 de cap de bot\u00f3<br \/>\nDi\u00e0metre de l&#039;eix: 13 mm<\/li>\n<li>Longitud de l&#039;eix: 305 mm<\/li>\n<li>Di\u00e0metre de l&#039;agulla: 5 mm<\/li>\n<li>Longitud de l&#039;agulla: 110 mm<\/li>\n<\/ul>\n<p>MOQ: 1000 peces<br \/>\nTermini d&#039;execuci\u00f3: dins de 15-20 dies<br \/>\nPagament: T\/T, L\/C A VISTA, PAYPAL, TARGETA DE CR\u00c8DIT.<\/p>","protected":false},"featured_media":2544,"template":"","meta":[],"product_brand":[],"product_cat":[40],"product_tag":[],"class_list":{"0":"post-1691","1":"product","2":"type-product","3":"status-publish","4":"has-post-thumbnail","6":"product_cat-steel-injeciton-packer","8":"first","9":"instock","10":"shipping-taxable","11":"product-type-simple"},"yoast_head":"<!-- This site is optimized with the Yoast SEO plugin v24.4 - https:\/\/yoast.com\/wordpress\/plugins\/seo\/ -->\n<title>Grout Needle Packer -<\/title>\n<meta name=\"robots\" content=\"index, follow, max-snippet:-1, max-image-preview:large, max-video-preview:-1\" \/>\n<link rel=\"canonical\" href=\"https:\/\/groutpackers.com\/ca\/manufacturer\/grout-needle-packer\/\" \/>\n<meta property=\"og:locale\" content=\"ca_ES\" \/>\n<meta property=\"og:type\" content=\"article\" \/>\n<meta property=\"og:title\" content=\"Grout Needle Packer -\" \/>\n<meta property=\"og:description\" content=\"Grouting needle packers   Button head nipple Shaft diameter: 13mm  Shaft length: 305mm  Needle diameter:5mm  Needle length:110mm  MOQ:1000 Pieces Lead Time: Within 15-20 days Payment: T\/T, L\/C AT SIGHT, PAYPAL, CREDIT CARD.\" \/>\n<meta property=\"og:url\" content=\"https:\/\/groutpackers.com\/ca\/manufacturer\/grout-needle-packer\/\" \/>\n<meta property=\"article:modified_time\" content=\"2025-03-24T03:40:21+00:00\" \/>\n<meta property=\"og:image\" content=\"https:\/\/groutpackers.com\/wp-content\/uploads\/2024\/05\/Grouting-needle-packer-1.jpg\" \/>\n\t<meta property=\"og:image:width\" content=\"1000\" \/>\n\t<meta property=\"og:image:height\" content=\"1000\" \/>\n\t<meta property=\"og:image:type\" content=\"image\/jpeg\" \/>\n<meta name=\"twitter:card\" content=\"summary_large_image\" \/>\n<meta name=\"twitter:label1\" content=\"Temps estimat de lectura\" \/>\n\t<meta name=\"twitter:data1\" content=\"1 minut\" \/>\n<script type=\"application\/ld+json\" class=\"yoast-schema-graph\">{\"@context\":\"https:\/\/schema.org\",\"@graph\":[{\"@type\":\"WebPage\",\"@id\":\"https:\/\/groutpackers.com\/manufacturer\/grout-needle-packer\/\",\"url\":\"https:\/\/groutpackers.com\/manufacturer\/grout-needle-packer\/\",\"name\":\"Grout Needle Packer -\",\"isPartOf\":{\"@id\":\"https:\/\/groutpackers.com\/bs\/#website\"},\"primaryImageOfPage\":{\"@id\":\"https:\/\/groutpackers.com\/manufacturer\/grout-needle-packer\/#primaryimage\"},\"image\":{\"@id\":\"https:\/\/groutpackers.com\/manufacturer\/grout-needle-packer\/#primaryimage\"},\"thumbnailUrl\":\"https:\/\/groutpackers.com\/wp-content\/uploads\/2024\/05\/Grouting-needle-packer-1.jpg\",\"datePublished\":\"2024-04-29T06:05:01+00:00\",\"dateModified\":\"2025-03-24T03:40:21+00:00\",\"breadcrumb\":{\"@id\":\"https:\/\/groutpackers.com\/manufacturer\/grout-needle-packer\/#breadcrumb\"},\"inLanguage\":\"ca\",\"potentialAction\":[{\"@type\":\"ReadAction\",\"target\":[\"https:\/\/groutpackers.com\/manufacturer\/grout-needle-packer\/\"]}]},{\"@type\":\"ImageObject\",\"inLanguage\":\"ca\",\"@id\":\"https:\/\/groutpackers.com\/manufacturer\/grout-needle-packer\/#primaryimage\",\"url\":\"https:\/\/groutpackers.com\/wp-content\/uploads\/2024\/05\/Grouting-needle-packer-1.jpg\",\"contentUrl\":\"https:\/\/groutpackers.com\/wp-content\/uploads\/2024\/05\/Grouting-needle-packer-1.jpg\",\"width\":1000,\"height\":1000,\"caption\":\"Grouting needle packer\"},{\"@type\":\"BreadcrumbList\",\"@id\":\"https:\/\/groutpackers.com\/manufacturer\/grout-needle-packer\/#breadcrumb\",\"itemListElement\":[{\"@type\":\"ListItem\",\"position\":1,\"name\":\"Home\",\"item\":\"https:\/\/groutpackers.com\/\"},{\"@type\":\"ListItem\",\"position\":2,\"name\":\"Produk\",\"item\":\"https:\/\/groutpackers.com\/id\/shop\/\"},{\"@type\":\"ListItem\",\"position\":3,\"name\":\"Grout Needle Packer\"}]},{\"@type\":\"WebSite\",\"@id\":\"https:\/\/groutpackers.com\/bs\/#website\",\"url\":\"https:\/\/groutpackers.com\/bs\/\",\"name\":\"\",\"description\":\"\",\"potentialAction\":[{\"@type\":\"SearchAction\",\"target\":{\"@type\":\"EntryPoint\",\"urlTemplate\":\"https:\/\/groutpackers.com\/bs\/?s={search_term_string}\"},\"query-input\":{\"@type\":\"PropertyValueSpecification\",\"valueRequired\":true,\"valueName\":\"search_term_string\"}}],\"inLanguage\":\"ca\"}]}<\/script>\n<!-- \/ Yoast SEO plugin. -->","yoast_head_json":{"title":"Empaquetador d&#039;agulles de lletada -","robots":{"index":"index","follow":"follow","max-snippet":"max-snippet:-1","max-image-preview":"max-image-preview:large","max-video-preview":"max-video-preview:-1"},"canonical":"https:\/\/groutpackers.com\/ca\/manufacturer\/grout-needle-packer\/","og_locale":"ca_ES","og_type":"article","og_title":"Grout Needle Packer -","og_description":"Grouting needle packers   Button head nipple Shaft diameter: 13mm  Shaft length: 305mm  Needle diameter:5mm  Needle length:110mm  MOQ:1000 Pieces Lead Time: Within 15-20 days Payment: T\/T, L\/C AT SIGHT, PAYPAL, CREDIT CARD.","og_url":"https:\/\/groutpackers.com\/ca\/manufacturer\/grout-needle-packer\/","article_modified_time":"2025-03-24T03:40:21+00:00","og_image":[{"width":1000,"height":1000,"url":"https:\/\/groutpackers.com\/wp-content\/uploads\/2024\/05\/Grouting-needle-packer-1.jpg","type":"image\/jpeg"}],"twitter_card":"summary_large_image","twitter_misc":{"Temps estimat de lectura":"1 minut"},"schema":{"@context":"https:\/\/schema.org","@graph":[{"@type":"WebPage","@id":"https:\/\/groutpackers.com\/manufacturer\/grout-needle-packer\/","url":"https:\/\/groutpackers.com\/manufacturer\/grout-needle-packer\/","name":"Empaquetador d&#039;agulles de lletada -","isPartOf":{"@id":"https:\/\/groutpackers.com\/bs\/#website"},"primaryImageOfPage":{"@id":"https:\/\/groutpackers.com\/manufacturer\/grout-needle-packer\/#primaryimage"},"image":{"@id":"https:\/\/groutpackers.com\/manufacturer\/grout-needle-packer\/#primaryimage"},"thumbnailUrl":"https:\/\/groutpackers.com\/wp-content\/uploads\/2024\/05\/Grouting-needle-packer-1.jpg","datePublished":"2024-04-29T06:05:01+00:00","dateModified":"2025-03-24T03:40:21+00:00","breadcrumb":{"@id":"https:\/\/groutpackers.com\/manufacturer\/grout-needle-packer\/#breadcrumb"},"inLanguage":"ca","potentialAction":[{"@type":"ReadAction","target":["https:\/\/groutpackers.com\/manufacturer\/grout-needle-packer\/"]}]},{"@type":"ImageObject","inLanguage":"ca","@id":"https:\/\/groutpackers.com\/manufacturer\/grout-needle-packer\/#primaryimage","url":"https:\/\/groutpackers.com\/wp-content\/uploads\/2024\/05\/Grouting-needle-packer-1.jpg","contentUrl":"https:\/\/groutpackers.com\/wp-content\/uploads\/2024\/05\/Grouting-needle-packer-1.jpg","width":1000,"height":1000,"caption":"Grouting needle packer"},{"@type":"BreadcrumbList","@id":"https:\/\/groutpackers.com\/manufacturer\/grout-needle-packer\/#breadcrumb","itemListElement":[{"@type":"ListItem","position":1,"name":"Home","item":"https:\/\/groutpackers.com\/"},{"@type":"ListItem","position":2,"name":"Produk","item":"https:\/\/groutpackers.com\/id\/shop\/"},{"@type":"ListItem","position":3,"name":"Grout Needle Packer"}]},{"@type":"WebSite","@id":"https:\/\/groutpackers.com\/bs\/#website","url":"https:\/\/groutpackers.com\/bs\/","name":"","description":"","potentialAction":[{"@type":"SearchAction","target":{"@type":"EntryPoint","urlTemplate":"https:\/\/groutpackers.com\/bs\/?s={search_term_string}"},"query-input":{"@type":"PropertyValueSpecification","valueRequired":true,"valueName":"search_term_string"}}],"inLanguage":"ca"}]}},"_links":{"self":[{"href":"https:\/\/groutpackers.com\/ca\/wp-json\/wp\/v2\/product\/1691","targetHints":{"allow":["GET"]}}],"collection":[{"href":"https:\/\/groutpackers.com\/ca\/wp-json\/wp\/v2\/product"}],"about":[{"href":"https:\/\/groutpackers.com\/ca\/wp-json\/wp\/v2\/types\/product"}],"wp:featuredmedia":[{"embeddable":true,"href":"https:\/\/groutpackers.com\/ca\/wp-json\/wp\/v2\/media\/2544"}],"wp:attachment":[{"href":"https:\/\/groutpackers.com\/ca\/wp-json\/wp\/v2\/media?parent=1691"}],"wp:term":[{"taxonomy":"product_brand","embeddable":true,"href":"https:\/\/groutpackers.com\/ca\/wp-json\/wp\/v2\/product_brand?post=1691"},{"taxonomy":"product_cat","embeddable":true,"href":"https:\/\/groutpackers.com\/ca\/wp-json\/wp\/v2\/product_cat?post=1691"},{"taxonomy":"product_tag","embeddable":true,"href":"https:\/\/groutpackers.com\/ca\/wp-json\/wp\/v2\/product_tag?post=1691"}],"curies":[{"name":"wp","href":"https:\/\/api.w.org\/{rel}","templated":true}]}}