{"id":1693,"date":"2024-04-29T06:09:37","date_gmt":"2024-04-29T06:09:37","guid":{"rendered":"http:\/\/groutpackers.com\/?post_type=product&#038;p=1693"},"modified":"2025-03-24T03:31:04","modified_gmt":"2025-03-24T03:31:04","slug":"injection-lances","status":"publish","type":"product","link":"https:\/\/groutpackers.com\/ca\/manufacturer\/injection-lances\/","title":{"rendered":"Llances d&#039;injecci\u00f3"},"content":{"rendered":"<p>Les llances d&#039;injecci\u00f3, tamb\u00e9 conegudes com a llances d&#039;injecci\u00f3 del s\u00f2l o llances d&#039;estabilitzaci\u00f3 del s\u00f2l, s\u00f3n eines especialitzades utilitzades per a la injecci\u00f3 de materials estabilitzadors al s\u00f2l o al s\u00f2l per millorar les seves propietats d&#039;enginyeria.<\/p>\n<p>Les caracter\u00edstiques i aplicacions clau de les llances de s\u00f2l inclouen:<\/p>\n<p><strong>1. Finalitat:<\/strong><br \/>\n\u2013 Les llances de terra estan dissenyades espec\u00edficament per a la injecci\u00f3 de lletada, purins a base de ciment, additius qu\u00edmics o altres materials estabilitzadors al s\u00f2l.<br \/>\n\u2013 L&#039;objectiu \u00e9s millorar la resist\u00e8ncia del s\u00f2l, reduir la permeabilitat, mitigar l&#039;assentament o abordar altres problemes geot\u00e8cnics mitjan\u00e7ant el proc\u00e9s d&#039;injecci\u00f3.<\/p>\n<p><strong>2. Construcci\u00f3:<\/strong><br \/>\n\u2013 Les llances de terra solen tenir un disseny llarg, esvelt i buit, que permet la injecci\u00f3 del material estabilitzador a trav\u00e9s del centre de la llan\u00e7a.<br \/>\n\u2013 La punta de la llan\u00e7a pot ser punxeguda o equipada amb caracter\u00edstiques especialitzades per facilitar la penetraci\u00f3 al s\u00f2l.<br \/>\n\u2013 Algunes llances de terra estan dissenyades amb puntes o accessoris intercanviables per adaptar-se a diferents condicions del s\u00f2l o materials d&#039;injecci\u00f3.<\/p>\n<p><strong>3. Proc\u00e9s d&#039;injecci\u00f3:<\/strong><br \/>\n\u2013 Les llances de terra s&#039;introdueixen a terra, ja sigui manualment o amb equips especialitzats, fins a la profunditat o punt d&#039;injecci\u00f3 desitjats.<br \/>\n\u2013 El material estabilitzant es bombeja o s&#039;injecta a trav\u00e9s de la llan\u00e7a, dispersant-lo al s\u00f2l circumdant.<br \/>\n\u2013 El proc\u00e9s d&#039;injecci\u00f3 es controla acuradament per garantir una distribuci\u00f3 uniforme i una estabilitzaci\u00f3 efica\u00e7 del s\u00f2l.<\/p>\n<p><strong>4. Aplicacions:<\/strong><br \/>\n\u2013 Projectes d&#039;estabilitzaci\u00f3 i millora de s\u00f2ls, com ara suport de fonamentaci\u00f3, estabilitzaci\u00f3 de talussos i rehabilitaci\u00f3 de s\u00f2ls.<br \/>\n\u2013 Rejuntat i segellat de buits de s\u00f2l o cavitats subterr\u00e0nies.<br \/>\n\u2013 Injecci\u00f3 d&#039;additius qu\u00edmics o lletades per a la remediaci\u00f3 de s\u00f2ls o tractament ambiental.<br \/>\n\u2013 Instal\u00b7laci\u00f3 de claus, ancoratges o altres sistemes de refor\u00e7 del s\u00f2l.<\/p>\n<p><strong>5. Equips especialitzats:<\/strong><br \/>\n\u2013 Les llances de terra s&#039;utilitzen sovint juntament amb equips d&#039;injecci\u00f3 especialitzats, com ara bombes de lletada, unitats de mescla i sistemes d&#039;injecci\u00f3 controlats per ordinador.<br \/>\n\u2013 Aix\u00f2 garanteix el lliurament i el seguiment prec\u00eds dels materials estabilitzadors durant el proc\u00e9s d&#039;injecci\u00f3.<\/p>\n<p>Les llances de s\u00f2l s\u00f3n una eina essencial en l&#039;enginyeria geot\u00e8cnica i la construcci\u00f3, que permeten la injecci\u00f3 dirigida i controlada de materials al s\u00f2l per millorar les propietats del s\u00f2l i abordar diversos reptes relacionats amb el s\u00f2l.<\/p>\n<table style=\"border-collapse: collapse; width: 1204px; height: 263px;\" border=\"0\" width=\"617\" cellspacing=\"0\" cellpadding=\"0\">\n<tbody>\n<tr style=\"height: 13.50pt;\">\n<td class=\"et2\" style=\"height: 13.5pt; width: 271.5pt; text-align: center;\" width=\"362\" height=\"18\">Imatge<\/td>\n<td class=\"et2\" style=\"width: 74.25pt;\" width=\"99\">Model<\/td>\n<td class=\"et2\" style=\"width: 60.00pt;\" width=\"80\">Di\u00e0metre<\/td>\n<td class=\"et2\" style=\"width: 57.00pt;\" width=\"76\">Llargada<\/td>\n<\/tr>\n<tr style=\"height: 13.00pt;\">\n<td class=\"et2\" style=\"height: 26.50pt;\" rowspan=\"2\" height=\"35\"><\/td>\n<td class=\"et2\">13x500 mm<\/td>\n<td class=\"et2\">13 mm<\/td>\n<td class=\"et2\">500 mm<\/td>\n<\/tr>\n<tr style=\"height: 13.50pt;\">\n<td class=\"et2\">13x1000 mm<\/td>\n<td class=\"et2\">13 mm<\/td>\n<td class=\"et2\">1000 mm<\/td>\n<\/tr>\n<tr style=\"height: 13.50pt;\">\n<td class=\"et2\" style=\"height: 27.00pt;\" rowspan=\"2\" height=\"36\"><span style=\"color: #333333;\">\u00a0<\/span><\/td>\n<td class=\"et2\">21x500 mm<\/td>\n<td class=\"et2\">21 mm<\/td>\n<td class=\"et2\">500 mm<\/td>\n<\/tr>\n<tr style=\"height: 13.50pt;\">\n<td class=\"et2\">21x1000 mm<\/td>\n<td class=\"et2\">21 mm<\/td>\n<td class=\"et2\">1000 mm<\/td>\n<\/tr>\n<\/tbody>\n<\/table>","protected":false},"excerpt":{"rendered":"<p>Llances d&#039;injecci\u00f3<br \/>\nHi ha disponibles llances de tres di\u00e0metres<br \/>\nLongitud: 500 mm i 1000 mm<br \/>\nDi\u00e0metre diferent: 13 mm \/ 18 mm \/ 21 mm<br \/>\nMOQ: 1000 peces<br \/>\nTermini d&#039;execuci\u00f3: dins de 10-15 dies<br \/>\nPagament: T\/T, L\/C A VISTA, PAYPAL, TARGETA DE CR\u00c8DIT.<\/p>","protected":false},"featured_media":2546,"template":"","meta":[],"product_brand":[],"product_cat":[40],"product_tag":[],"class_list":{"0":"post-1693","1":"product","2":"type-product","3":"status-publish","4":"has-post-thumbnail","6":"product_cat-steel-injeciton-packer","8":"first","9":"instock","10":"shipping-taxable","11":"product-type-simple"},"yoast_head":"<!-- This site is optimized with the Yoast SEO plugin v24.4 - https:\/\/yoast.com\/wordpress\/plugins\/seo\/ -->\n<title>Injection Lances -<\/title>\n<meta name=\"robots\" content=\"index, follow, max-snippet:-1, max-image-preview:large, max-video-preview:-1\" \/>\n<link rel=\"canonical\" href=\"https:\/\/groutpackers.com\/ca\/manufacturer\/injection-lances\/\" \/>\n<meta property=\"og:locale\" content=\"ca_ES\" \/>\n<meta property=\"og:type\" content=\"article\" \/>\n<meta property=\"og:title\" content=\"Injection Lances -\" \/>\n<meta property=\"og:description\" content=\"Injection lances Three diameter lances is available Length: 500mm and 1000mm Different diameter: 13mm \/ 18mm \/ 21mm MOQ:1000 Pieces Lead Time: Within 10-15 days Payment: T\/T, L\/C AT SIGHT, PAYPAL, CREDIT CARD.\" \/>\n<meta property=\"og:url\" content=\"https:\/\/groutpackers.com\/ca\/manufacturer\/injection-lances\/\" \/>\n<meta property=\"article:modified_time\" content=\"2025-03-24T03:31:04+00:00\" \/>\n<meta property=\"og:image\" content=\"https:\/\/groutpackers.com\/wp-content\/uploads\/2024\/05\/Injection-Lances-for-soil-stabilization.jpg\" \/>\n\t<meta property=\"og:image:width\" content=\"1000\" \/>\n\t<meta property=\"og:image:height\" content=\"1000\" \/>\n\t<meta property=\"og:image:type\" content=\"image\/jpeg\" \/>\n<meta name=\"twitter:card\" content=\"summary_large_image\" \/>\n<meta name=\"twitter:label1\" content=\"Temps estimat de lectura\" \/>\n\t<meta name=\"twitter:data1\" content=\"2 minuts\" \/>\n<script type=\"application\/ld+json\" class=\"yoast-schema-graph\">{\"@context\":\"https:\/\/schema.org\",\"@graph\":[{\"@type\":\"WebPage\",\"@id\":\"https:\/\/groutpackers.com\/manufacturer\/injection-lances\/\",\"url\":\"https:\/\/groutpackers.com\/manufacturer\/injection-lances\/\",\"name\":\"Injection Lances -\",\"isPartOf\":{\"@id\":\"https:\/\/groutpackers.com\/bs\/#website\"},\"primaryImageOfPage\":{\"@id\":\"https:\/\/groutpackers.com\/manufacturer\/injection-lances\/#primaryimage\"},\"image\":{\"@id\":\"https:\/\/groutpackers.com\/manufacturer\/injection-lances\/#primaryimage\"},\"thumbnailUrl\":\"https:\/\/groutpackers.com\/wp-content\/uploads\/2024\/05\/Injection-Lances-for-soil-stabilization.jpg\",\"datePublished\":\"2024-04-29T06:09:37+00:00\",\"dateModified\":\"2025-03-24T03:31:04+00:00\",\"breadcrumb\":{\"@id\":\"https:\/\/groutpackers.com\/manufacturer\/injection-lances\/#breadcrumb\"},\"inLanguage\":\"ca\",\"potentialAction\":[{\"@type\":\"ReadAction\",\"target\":[\"https:\/\/groutpackers.com\/manufacturer\/injection-lances\/\"]}]},{\"@type\":\"ImageObject\",\"inLanguage\":\"ca\",\"@id\":\"https:\/\/groutpackers.com\/manufacturer\/injection-lances\/#primaryimage\",\"url\":\"https:\/\/groutpackers.com\/wp-content\/uploads\/2024\/05\/Injection-Lances-for-soil-stabilization.jpg\",\"contentUrl\":\"https:\/\/groutpackers.com\/wp-content\/uploads\/2024\/05\/Injection-Lances-for-soil-stabilization.jpg\",\"width\":1000,\"height\":1000,\"caption\":\"Injection Lances for soil stabilization\"},{\"@type\":\"BreadcrumbList\",\"@id\":\"https:\/\/groutpackers.com\/manufacturer\/injection-lances\/#breadcrumb\",\"itemListElement\":[{\"@type\":\"ListItem\",\"position\":1,\"name\":\"Home\",\"item\":\"https:\/\/groutpackers.com\/\"},{\"@type\":\"ListItem\",\"position\":2,\"name\":\"Produk\",\"item\":\"https:\/\/groutpackers.com\/id\/shop\/\"},{\"@type\":\"ListItem\",\"position\":3,\"name\":\"Injection Lances\"}]},{\"@type\":\"WebSite\",\"@id\":\"https:\/\/groutpackers.com\/bs\/#website\",\"url\":\"https:\/\/groutpackers.com\/bs\/\",\"name\":\"\",\"description\":\"\",\"potentialAction\":[{\"@type\":\"SearchAction\",\"target\":{\"@type\":\"EntryPoint\",\"urlTemplate\":\"https:\/\/groutpackers.com\/bs\/?s={search_term_string}\"},\"query-input\":{\"@type\":\"PropertyValueSpecification\",\"valueRequired\":true,\"valueName\":\"search_term_string\"}}],\"inLanguage\":\"ca\"}]}<\/script>\n<!-- \/ Yoast SEO plugin. -->","yoast_head_json":{"title":"Llances d&#039;injecci\u00f3 -","robots":{"index":"index","follow":"follow","max-snippet":"max-snippet:-1","max-image-preview":"max-image-preview:large","max-video-preview":"max-video-preview:-1"},"canonical":"https:\/\/groutpackers.com\/ca\/manufacturer\/injection-lances\/","og_locale":"ca_ES","og_type":"article","og_title":"Injection Lances -","og_description":"Injection lances Three diameter lances is available Length: 500mm and 1000mm Different diameter: 13mm \/ 18mm \/ 21mm MOQ:1000 Pieces Lead Time: Within 10-15 days Payment: T\/T, L\/C AT SIGHT, PAYPAL, CREDIT CARD.","og_url":"https:\/\/groutpackers.com\/ca\/manufacturer\/injection-lances\/","article_modified_time":"2025-03-24T03:31:04+00:00","og_image":[{"width":1000,"height":1000,"url":"https:\/\/groutpackers.com\/wp-content\/uploads\/2024\/05\/Injection-Lances-for-soil-stabilization.jpg","type":"image\/jpeg"}],"twitter_card":"summary_large_image","twitter_misc":{"Temps estimat de lectura":"2 minuts"},"schema":{"@context":"https:\/\/schema.org","@graph":[{"@type":"WebPage","@id":"https:\/\/groutpackers.com\/manufacturer\/injection-lances\/","url":"https:\/\/groutpackers.com\/manufacturer\/injection-lances\/","name":"Llances d&#039;injecci\u00f3 -","isPartOf":{"@id":"https:\/\/groutpackers.com\/bs\/#website"},"primaryImageOfPage":{"@id":"https:\/\/groutpackers.com\/manufacturer\/injection-lances\/#primaryimage"},"image":{"@id":"https:\/\/groutpackers.com\/manufacturer\/injection-lances\/#primaryimage"},"thumbnailUrl":"https:\/\/groutpackers.com\/wp-content\/uploads\/2024\/05\/Injection-Lances-for-soil-stabilization.jpg","datePublished":"2024-04-29T06:09:37+00:00","dateModified":"2025-03-24T03:31:04+00:00","breadcrumb":{"@id":"https:\/\/groutpackers.com\/manufacturer\/injection-lances\/#breadcrumb"},"inLanguage":"ca","potentialAction":[{"@type":"ReadAction","target":["https:\/\/groutpackers.com\/manufacturer\/injection-lances\/"]}]},{"@type":"ImageObject","inLanguage":"ca","@id":"https:\/\/groutpackers.com\/manufacturer\/injection-lances\/#primaryimage","url":"https:\/\/groutpackers.com\/wp-content\/uploads\/2024\/05\/Injection-Lances-for-soil-stabilization.jpg","contentUrl":"https:\/\/groutpackers.com\/wp-content\/uploads\/2024\/05\/Injection-Lances-for-soil-stabilization.jpg","width":1000,"height":1000,"caption":"Injection Lances for soil stabilization"},{"@type":"BreadcrumbList","@id":"https:\/\/groutpackers.com\/manufacturer\/injection-lances\/#breadcrumb","itemListElement":[{"@type":"ListItem","position":1,"name":"Home","item":"https:\/\/groutpackers.com\/"},{"@type":"ListItem","position":2,"name":"Produk","item":"https:\/\/groutpackers.com\/id\/shop\/"},{"@type":"ListItem","position":3,"name":"Injection Lances"}]},{"@type":"WebSite","@id":"https:\/\/groutpackers.com\/bs\/#website","url":"https:\/\/groutpackers.com\/bs\/","name":"","description":"","potentialAction":[{"@type":"SearchAction","target":{"@type":"EntryPoint","urlTemplate":"https:\/\/groutpackers.com\/bs\/?s={search_term_string}"},"query-input":{"@type":"PropertyValueSpecification","valueRequired":true,"valueName":"search_term_string"}}],"inLanguage":"ca"}]}},"_links":{"self":[{"href":"https:\/\/groutpackers.com\/ca\/wp-json\/wp\/v2\/product\/1693","targetHints":{"allow":["GET"]}}],"collection":[{"href":"https:\/\/groutpackers.com\/ca\/wp-json\/wp\/v2\/product"}],"about":[{"href":"https:\/\/groutpackers.com\/ca\/wp-json\/wp\/v2\/types\/product"}],"wp:featuredmedia":[{"embeddable":true,"href":"https:\/\/groutpackers.com\/ca\/wp-json\/wp\/v2\/media\/2546"}],"wp:attachment":[{"href":"https:\/\/groutpackers.com\/ca\/wp-json\/wp\/v2\/media?parent=1693"}],"wp:term":[{"taxonomy":"product_brand","embeddable":true,"href":"https:\/\/groutpackers.com\/ca\/wp-json\/wp\/v2\/product_brand?post=1693"},{"taxonomy":"product_cat","embeddable":true,"href":"https:\/\/groutpackers.com\/ca\/wp-json\/wp\/v2\/product_cat?post=1693"},{"taxonomy":"product_tag","embeddable":true,"href":"https:\/\/groutpackers.com\/ca\/wp-json\/wp\/v2\/product_tag?post=1693"}],"curies":[{"name":"wp","href":"https:\/\/api.w.org\/{rel}","templated":true}]}}