{"id":589,"date":"2023-03-13T09:28:14","date_gmt":"2023-03-13T09:28:14","guid":{"rendered":"http:\/\/groutpackers.com\/?page_id=589"},"modified":"2025-06-26T02:26:23","modified_gmt":"2025-06-26T02:26:23","slug":"grouting-machine-accessories","status":"publish","type":"page","link":"https:\/\/groutpackers.com\/cs\/grouting-machine-accessories\/","title":{"rendered":"P\u0159\u00edslu\u0161enstv\u00ed sp\u00e1rovac\u00edch stroj\u016f"},"content":{"rendered":"<section class=\"section\" id=\"section_507089028\">\n\t\t<div class=\"bg section-bg fill bg-fill  bg-loaded\" >\n\n\t\t\t\n\t\t\t\n\t\t\t\n\n\t\t<\/div>\n\n\t\t\n\n\t\t<div class=\"section-content relative\">\n\t\t\t\n\t<div id=\"text-1716788509\" class=\"text\">\n\t\t\n<h2 style=\"text-align: center;\"><strong>Kategorie p\u0159\u00edslu\u0161enstv\u00ed pro sp\u00e1rovac\u00ed stroje<\/strong><\/h2>\n\t\t\n<style>\n#text-1716788509 {\n  text-align: center;\n}\n<\/style>\n\t<\/div>\n\t\n\t<div id=\"gap-1188080494\" class=\"gap-element clearfix\" style=\"display:block; height:auto;\">\n\t\t\n<style>\n#gap-1188080494 {\n  padding-top: 30px;\n}\n<\/style>\n\t<\/div>\n\t\n<div class=\"row align-equal\"  id=\"row-1441023216\">\n\n\t<div id=\"col-717150274\" class=\"col medium-4 small-12 large-4\"  >\n\t\t\t\t<div class=\"col-inner box-shadow-1\"  >\n\t\t\t\n\t\t\t\n\t<div class=\"box has-hover   has-hover box-text-bottom\" >\n\n\t\t<div class=\"box-image\" >\n\t\t\t\t\t\t<div class=\"image-zoom\" >\n\t\t\t\t<img loading=\"lazy\" decoding=\"async\" width=\"1000\" height=\"1000\" src=\"https:\/\/groutpackers.com\/wp-content\/uploads\/2024\/05\/Sliding-coupler.jpg\" class=\"attachment- size-\" alt=\"Posuvn\u00e1 spojka\" srcset=\"https:\/\/groutpackers.com\/wp-content\/uploads\/2024\/05\/Sliding-coupler.jpg 1000w, https:\/\/groutpackers.com\/wp-content\/uploads\/2024\/05\/Sliding-coupler-300x300.jpg 300w, https:\/\/groutpackers.com\/wp-content\/uploads\/2024\/05\/Sliding-coupler-150x150.jpg 150w, https:\/\/groutpackers.com\/wp-content\/uploads\/2024\/05\/Sliding-coupler-768x768.jpg 768w, https:\/\/groutpackers.com\/wp-content\/uploads\/2024\/05\/Sliding-coupler-600x600.jpg 600w, https:\/\/groutpackers.com\/wp-content\/uploads\/2024\/05\/Sliding-coupler-100x100.jpg 100w\" sizes=\"auto, (max-width: 1000px) 100vw, 1000px\" \/>\t\t\t\t\t\t\t\t\t\t\t<\/div>\n\t\t\t\t\t<\/div>\n\n\t\t<div class=\"box-text text-center\" >\n\t\t\t<div class=\"box-text-inner\">\n\t\t\t\t\n<h4>Knofl\u00edkov\u00e1 hlavice \/ Posuvn\u00e1 hlavice<\/h4>\n<p>K dispozici jsou vysokotlak\u00e9, zinkov\u00e9 nebo hlin\u00edkov\u00e9 spojky. Pr\u016fm\u011br 16mm.\u00a0<\/p>\n<a href=\"\/cs\/contact-us\/\" class=\"button primary is-outline\"  style=\"border-radius:99px;\">\n    <span>Z\u00edskejte zdarma cenovou nab\u00eddku<\/span>\n  <\/a>\n\n\t\t\t<\/div>\n\t\t<\/div>\n\t<\/div>\n\t\n\t\t<\/div>\n\t\t\t\t\n<style>\n#col-717150274 > .col-inner {\n  border-radius: 8px;\n}\n<\/style>\n\t<\/div>\n\n\t\n\n\t<div id=\"col-1748823975\" class=\"col medium-4 small-12 large-4\"  >\n\t\t\t\t<div class=\"col-inner box-shadow-1\"  >\n\t\t\t\n\t\t\t\n\t<div class=\"box has-hover   has-hover box-text-bottom\" >\n\n\t\t<div class=\"box-image\" >\n\t\t\t\t\t\t<div class=\"image-zoom\" >\n\t\t\t\t<img loading=\"lazy\" decoding=\"async\" width=\"1000\" height=\"1000\" src=\"https:\/\/groutpackers.com\/wp-content\/uploads\/2024\/06\/Gold-button-head-coupler.jpg\" class=\"attachment- size-\" alt=\"Zlat\u00e1 knofl\u00edkov\u00e1 hlavov\u00e1 spojka\" srcset=\"https:\/\/groutpackers.com\/wp-content\/uploads\/2024\/06\/Gold-button-head-coupler.jpg 1000w, https:\/\/groutpackers.com\/wp-content\/uploads\/2024\/06\/Gold-button-head-coupler-300x300.jpg 300w, https:\/\/groutpackers.com\/wp-content\/uploads\/2024\/06\/Gold-button-head-coupler-150x150.jpg 150w, https:\/\/groutpackers.com\/wp-content\/uploads\/2024\/06\/Gold-button-head-coupler-768x768.jpg 768w, https:\/\/groutpackers.com\/wp-content\/uploads\/2024\/06\/Gold-button-head-coupler-600x600.jpg 600w, https:\/\/groutpackers.com\/wp-content\/uploads\/2024\/06\/Gold-button-head-coupler-100x100.jpg 100w\" sizes=\"auto, (max-width: 1000px) 100vw, 1000px\" \/>\t\t\t\t\t\t\t\t\t\t\t<\/div>\n\t\t\t\t\t<\/div>\n\n\t\t<div class=\"box-text text-center\" >\n\t\t\t<div class=\"box-text-inner\">\n\t\t\t\t\n<h4>Spojka s plochou hlavou<\/h4>\n<p>N\u00edzk\u00fd tlak, pou\u017e\u00edv\u00e1 se pro vst\u0159ikov\u00e1n\u00ed materi\u00e1lu s vysokou hustotou. Mosazn\u00e1 spojka.<\/p>\n<a href=\"\/cs\/contact-us\/\" class=\"button primary is-outline\"  style=\"border-radius:99px;\">\n    <span>Z\u00edskejte zdarma cenovou nab\u00eddku<\/span>\n  <\/a>\n\n\t\t\t<\/div>\n\t\t<\/div>\n\t<\/div>\n\t\n\t\t<\/div>\n\t\t\t\t\n<style>\n#col-1748823975 > .col-inner {\n  border-radius: 8px;\n}\n<\/style>\n\t<\/div>\n\n\t\n\n\t<div id=\"col-1808377859\" class=\"col medium-4 small-12 large-4\"  >\n\t\t\t\t<div class=\"col-inner box-shadow-1\"  >\n\t\t\t\n\t\t\t\n\t<div class=\"box has-hover   has-hover box-text-bottom\" >\n\n\t\t<div class=\"box-image\" >\n\t\t\t\t\t\t<div class=\"image-zoom\" >\n\t\t\t\t<img loading=\"lazy\" decoding=\"async\" width=\"1000\" height=\"1000\" src=\"https:\/\/groutpackers.com\/wp-content\/uploads\/2024\/06\/Steel-Button-head-coupler.jpg\" class=\"attachment- size-\" alt=\"Ocelov\u00e1 spojka s knofl\u00edkovou hlavou\" srcset=\"https:\/\/groutpackers.com\/wp-content\/uploads\/2024\/06\/Steel-Button-head-coupler.jpg 1000w, https:\/\/groutpackers.com\/wp-content\/uploads\/2024\/06\/Steel-Button-head-coupler-300x300.jpg 300w, https:\/\/groutpackers.com\/wp-content\/uploads\/2024\/06\/Steel-Button-head-coupler-150x150.jpg 150w, https:\/\/groutpackers.com\/wp-content\/uploads\/2024\/06\/Steel-Button-head-coupler-768x768.jpg 768w, https:\/\/groutpackers.com\/wp-content\/uploads\/2024\/06\/Steel-Button-head-coupler-600x600.jpg 600w, https:\/\/groutpackers.com\/wp-content\/uploads\/2024\/06\/Steel-Button-head-coupler-100x100.jpg 100w\" sizes=\"auto, (max-width: 1000px) 100vw, 1000px\" \/>\t\t\t\t\t\t\t\t\t\t\t<\/div>\n\t\t\t\t\t<\/div>\n\n\t\t<div class=\"box-text text-center\" >\n\t\t\t<div class=\"box-text-inner\">\n\t\t\t\t\n<h4>Ocelov\u00e1 spojka s knofl\u00edkovou hlavou<\/h4>\n<p>Ocelov\u00e1 spojka, n\u00edzkotlak\u00e1, pou\u017e\u00edvan\u00e1 pro vst\u0159ikov\u00e1n\u00ed materi\u00e1l\u016f s vysokou hustotou.<\/p>\n<a href=\"\/cs\/contact-us\/\" class=\"button primary is-outline\"  style=\"border-radius:99px;\">\n    <span>Z\u00edskejte zdarma cenovou nab\u00eddku<\/span>\n  <\/a>\n\n\t\t\t<\/div>\n\t\t<\/div>\n\t<\/div>\n\t\n\t\t<\/div>\n\t\t\t\t\n<style>\n#col-1808377859 > .col-inner {\n  border-radius: 8px;\n}\n<\/style>\n\t<\/div>\n\n\t\n<\/div>\n<div class=\"row align-equal\"  id=\"row-2139156211\">\n\n\t<div id=\"col-58398843\" class=\"col medium-4 small-12 large-4\"  >\n\t\t\t\t<div class=\"col-inner box-shadow-1\"  >\n\t\t\t\n\t\t\t\n\t<div class=\"box has-hover   has-hover box-text-bottom\" >\n\n\t\t<div class=\"box-image\" >\n\t\t\t\t\t\t<div class=\"image-zoom\" >\n\t\t\t\t<img loading=\"lazy\" decoding=\"async\" width=\"1000\" height=\"1000\" src=\"https:\/\/groutpackers.com\/wp-content\/uploads\/2024\/06\/Silver-Grease-coupler.jpg\" class=\"attachment- size-\" alt=\"St\u0159\u00edbrn\u00e1 mazac\u00ed spojka\" srcset=\"https:\/\/groutpackers.com\/wp-content\/uploads\/2024\/06\/Silver-Grease-coupler.jpg 1000w, https:\/\/groutpackers.com\/wp-content\/uploads\/2024\/06\/Silver-Grease-coupler-300x300.jpg 300w, https:\/\/groutpackers.com\/wp-content\/uploads\/2024\/06\/Silver-Grease-coupler-150x150.jpg 150w, https:\/\/groutpackers.com\/wp-content\/uploads\/2024\/06\/Silver-Grease-coupler-768x768.jpg 768w, https:\/\/groutpackers.com\/wp-content\/uploads\/2024\/06\/Silver-Grease-coupler-600x600.jpg 600w, https:\/\/groutpackers.com\/wp-content\/uploads\/2024\/06\/Silver-Grease-coupler-100x100.jpg 100w\" sizes=\"auto, (max-width: 1000px) 100vw, 1000px\" \/>\t\t\t\t\t\t\t\t\t\t\t<\/div>\n\t\t\t\t\t<\/div>\n\n\t\t<div class=\"box-text text-center\" >\n\t\t\t<div class=\"box-text-inner\">\n\t\t\t\t\n<h4>St\u0159\u00edbrn\u00e1 mazac\u00ed spojka<\/h4>\n<p>Pou\u017e\u00edv\u00e1 se pro p\u0159ipojen\u00ed ku\u017eelov\u00e9 hlavy \/ mazac\u00ed hlavy inejection pakry.<\/p>\n<a href=\"\/cs\/contact-us\/\" class=\"button primary is-outline\"  style=\"border-radius:99px;\">\n    <span>Z\u00edskejte zdarma cenovou nab\u00eddku<\/span>\n  <\/a>\n\n\t\t\t<\/div>\n\t\t<\/div>\n\t<\/div>\n\t\n\t\t<\/div>\n\t\t\t\t\n<style>\n#col-58398843 > .col-inner {\n  border-radius: 8px;\n}\n<\/style>\n\t<\/div>\n\n\t\n\n\t<div id=\"col-1624467861\" class=\"col medium-4 small-12 large-4\"  >\n\t\t\t\t<div class=\"col-inner box-shadow-1\"  >\n\t\t\t\n\t\t\t\n\t<div class=\"box has-hover   has-hover box-text-bottom\" >\n\n\t\t<div class=\"box-image\" >\n\t\t\t\t\t\t<div class=\"image-zoom\" >\n\t\t\t\t<img loading=\"lazy\" decoding=\"async\" width=\"1000\" height=\"1000\" src=\"https:\/\/groutpackers.com\/wp-content\/uploads\/2024\/06\/Gold-grease-coupler.jpg\" class=\"attachment- size-\" alt=\"Zlat\u00e1 spojka maziva\" srcset=\"https:\/\/groutpackers.com\/wp-content\/uploads\/2024\/06\/Gold-grease-coupler.jpg 1000w, https:\/\/groutpackers.com\/wp-content\/uploads\/2024\/06\/Gold-grease-coupler-300x300.jpg 300w, https:\/\/groutpackers.com\/wp-content\/uploads\/2024\/06\/Gold-grease-coupler-150x150.jpg 150w, https:\/\/groutpackers.com\/wp-content\/uploads\/2024\/06\/Gold-grease-coupler-768x768.jpg 768w, https:\/\/groutpackers.com\/wp-content\/uploads\/2024\/06\/Gold-grease-coupler-600x600.jpg 600w, https:\/\/groutpackers.com\/wp-content\/uploads\/2024\/06\/Gold-grease-coupler-100x100.jpg 100w\" sizes=\"auto, (max-width: 1000px) 100vw, 1000px\" \/>\t\t\t\t\t\t\t\t\t\t\t<\/div>\n\t\t\t\t\t<\/div>\n\n\t\t<div class=\"box-text text-center\" >\n\t\t\t<div class=\"box-text-inner\">\n\t\t\t\t\n<h4>Zlat\u00e1 mazac\u00ed spojka<\/h4>\n<p>4\u010delis\u0165ov\u00e1 mazac\u00ed spojka pro p\u0159ipojen\u00ed injekt\u00e1\u017en\u00edho pakru s kulatou vsuvkou.<\/p>\n<a href=\"\/cs\/contact-us\/\" class=\"button primary is-outline\"  style=\"border-radius:99px;\">\n    <span>Z\u00edskejte zdarma cenovou nab\u00eddku<\/span>\n  <\/a>\n\n\t\t\t<\/div>\n\t\t<\/div>\n\t<\/div>\n\t\n\t\t<\/div>\n\t\t\t\t\n<style>\n#col-1624467861 > .col-inner {\n  border-radius: 8px;\n}\n<\/style>\n\t<\/div>\n\n\t\n\n\t<div id=\"col-1547918380\" class=\"col medium-4 small-12 large-4\"  >\n\t\t\t\t<div class=\"col-inner box-shadow-1\"  >\n\t\t\t\n\t\t\t\n\t<div class=\"box has-hover   has-hover box-text-bottom\" >\n\n\t\t<div class=\"box-image\" >\n\t\t\t\t\t\t<div class=\"image-zoom\" >\n\t\t\t\t<img loading=\"lazy\" decoding=\"async\" width=\"1000\" height=\"1000\" src=\"https:\/\/groutpackers.com\/wp-content\/uploads\/2024\/06\/4-type-flat-head-button.jpg\" class=\"attachment- size-\" alt=\"R\u016fzn\u00e9 tla\u010d\u00edtkov\u00e9 hlavice sp\u0159\u00e1hla\" srcset=\"https:\/\/groutpackers.com\/wp-content\/uploads\/2024\/06\/4-type-flat-head-button.jpg 1000w, https:\/\/groutpackers.com\/wp-content\/uploads\/2024\/06\/4-type-flat-head-button-300x300.jpg 300w, https:\/\/groutpackers.com\/wp-content\/uploads\/2024\/06\/4-type-flat-head-button-150x150.jpg 150w, https:\/\/groutpackers.com\/wp-content\/uploads\/2024\/06\/4-type-flat-head-button-768x768.jpg 768w, https:\/\/groutpackers.com\/wp-content\/uploads\/2024\/06\/4-type-flat-head-button-600x600.jpg 600w, https:\/\/groutpackers.com\/wp-content\/uploads\/2024\/06\/4-type-flat-head-button-100x100.jpg 100w\" sizes=\"auto, (max-width: 1000px) 100vw, 1000px\" \/>\t\t\t\t\t\t\t\t\t\t\t<\/div>\n\t\t\t\t\t<\/div>\n\n\t\t<div class=\"box-text text-center\" >\n\t\t\t<div class=\"box-text-inner\">\n\t\t\t\t\n<h4>Knofl\u00edkov\u00e1 hlavice bradavky<\/h4>\n<p>M6 M8 M10 M13 Ploch\u00e1 vsuvka odpov\u00edd\u00e1 va\u0161im r\u016fzn\u00fdm po\u017eadavk\u016fm na p\u011bchy.<\/p>\n<a href=\"\/cs\/contact-us\/\" class=\"button primary is-outline\"  style=\"border-radius:99px;\">\n    <span>Z\u00edskejte zdarma cenovou nab\u00eddku<\/span>\n  <\/a>\n\n\t\t\t<\/div>\n\t\t<\/div>\n\t<\/div>\n\t\n\t\t<\/div>\n\t\t\t\t\n<style>\n#col-1547918380 > .col-inner {\n  border-radius: 8px;\n}\n<\/style>\n\t<\/div>\n\n\t\n<\/div>\n<div class=\"row align-equal\"  id=\"row-1736991417\">\n\n\t<div id=\"col-1274710092\" class=\"col medium-4 small-12 large-4\"  >\n\t\t\t\t<div class=\"col-inner box-shadow-1\"  >\n\t\t\t\n\t\t\t\n\t<div class=\"box has-hover   has-hover box-text-bottom\" >\n\n\t\t<div class=\"box-image\" >\n\t\t\t\t\t\t<div class=\"image-zoom\" >\n\t\t\t\t<img loading=\"lazy\" decoding=\"async\" width=\"1000\" height=\"1000\" src=\"https:\/\/groutpackers.com\/wp-content\/uploads\/2024\/06\/plastic-cup.jpg\" class=\"attachment- size-\" alt=\"Hopper\" srcset=\"https:\/\/groutpackers.com\/wp-content\/uploads\/2024\/06\/plastic-cup.jpg 1000w, https:\/\/groutpackers.com\/wp-content\/uploads\/2024\/06\/plastic-cup-300x300.jpg 300w, https:\/\/groutpackers.com\/wp-content\/uploads\/2024\/06\/plastic-cup-150x150.jpg 150w, https:\/\/groutpackers.com\/wp-content\/uploads\/2024\/06\/plastic-cup-768x768.jpg 768w, https:\/\/groutpackers.com\/wp-content\/uploads\/2024\/06\/plastic-cup-600x600.jpg 600w, https:\/\/groutpackers.com\/wp-content\/uploads\/2024\/06\/plastic-cup-100x100.jpg 100w\" sizes=\"auto, (max-width: 1000px) 100vw, 1000px\" \/>\t\t\t\t\t\t\t\t\t\t\t<\/div>\n\t\t\t\t\t<\/div>\n\n\t\t<div class=\"box-text text-center\" >\n\t\t\t<div class=\"box-text-inner\">\n\t\t\t\t\n<h4>Hopper<\/h4>\n<p>P\u0159\u00edslu\u0161enstv\u00ed vst\u0159ikovac\u00edch stroj\u016f<\/p>\n<a href=\"\/cs\/contact-us\/\" class=\"button primary is-outline\"  style=\"border-radius:99px;\">\n    <span>Z\u00edskejte zdarma cenovou nab\u00eddku<\/span>\n  <\/a>\n\n\t\t\t<\/div>\n\t\t<\/div>\n\t<\/div>\n\t\n\t\t<\/div>\n\t\t\t\t\n<style>\n#col-1274710092 > .col-inner {\n  border-radius: 8px;\n}\n<\/style>\n\t<\/div>\n\n\t\n\n\t<div id=\"col-441121782\" class=\"col medium-4 small-12 large-4\"  >\n\t\t\t\t<div class=\"col-inner box-shadow-1\"  >\n\t\t\t\n\t\t\t\n\t<div class=\"box has-hover   has-hover box-text-bottom\" >\n\n\t\t<div class=\"box-image\" >\n\t\t\t\t\t\t<div class=\"image-zoom\" >\n\t\t\t\t<img loading=\"lazy\" decoding=\"async\" width=\"1000\" height=\"1000\" src=\"https:\/\/groutpackers.com\/wp-content\/uploads\/2024\/05\/valve-for-acrylic-pump-2.jpg\" class=\"attachment- size-\" alt=\"ventil pro akrylov\u00e9 \u010derpadlo (2)\" srcset=\"https:\/\/groutpackers.com\/wp-content\/uploads\/2024\/05\/valve-for-acrylic-pump-2.jpg 1000w, https:\/\/groutpackers.com\/wp-content\/uploads\/2024\/05\/valve-for-acrylic-pump-2-300x300.jpg 300w, https:\/\/groutpackers.com\/wp-content\/uploads\/2024\/05\/valve-for-acrylic-pump-2-150x150.jpg 150w, https:\/\/groutpackers.com\/wp-content\/uploads\/2024\/05\/valve-for-acrylic-pump-2-768x768.jpg 768w, https:\/\/groutpackers.com\/wp-content\/uploads\/2024\/05\/valve-for-acrylic-pump-2-600x600.jpg 600w, https:\/\/groutpackers.com\/wp-content\/uploads\/2024\/05\/valve-for-acrylic-pump-2-100x100.jpg 100w\" sizes=\"auto, (max-width: 1000px) 100vw, 1000px\" \/>\t\t\t\t\t\t\t\t\t\t\t<\/div>\n\t\t\t\t\t<\/div>\n\n\t\t<div class=\"box-text text-center\" >\n\t\t\t<div class=\"box-text-inner\">\n\t\t\t\t\n<h4>P\u00edstov\u00e9 \u010derpadlo<\/h4>\n<p>P\u0159\u00edslu\u0161enstv\u00ed vst\u0159ikovac\u00ed pumpy<\/p>\n<a href=\"\/cs\/contact-us\/\" class=\"button primary is-outline\"  style=\"border-radius:99px;\">\n    <span>Z\u00edskejte zdarma cenovou nab\u00eddku<\/span>\n  <\/a>\n\n\t\t\t<\/div>\n\t\t<\/div>\n\t<\/div>\n\t\n\t\t<\/div>\n\t\t\t\t\n<style>\n#col-441121782 > .col-inner {\n  border-radius: 8px;\n}\n<\/style>\n\t<\/div>\n\n\t\n\n\t<div id=\"col-1412486973\" class=\"col medium-4 small-12 large-4\"  >\n\t\t\t\t<div class=\"col-inner box-shadow-1\"  >\n\t\t\t\n\t\t\t\n\t<div class=\"box has-hover   has-hover box-text-bottom\" >\n\n\t\t<div class=\"box-image\" >\n\t\t\t\t\t\t<div class=\"image-zoom\" >\n\t\t\t\t<img loading=\"lazy\" decoding=\"async\" width=\"1000\" height=\"1000\" src=\"https:\/\/groutpackers.com\/wp-content\/uploads\/2024\/05\/High-Pressure-Hose-1.jpg\" class=\"attachment- size-\" alt=\"Vysokotlak\u00e1 hadice\" srcset=\"https:\/\/groutpackers.com\/wp-content\/uploads\/2024\/05\/High-Pressure-Hose-1.jpg 1000w, https:\/\/groutpackers.com\/wp-content\/uploads\/2024\/05\/High-Pressure-Hose-1-300x300.jpg 300w, https:\/\/groutpackers.com\/wp-content\/uploads\/2024\/05\/High-Pressure-Hose-1-150x150.jpg 150w, https:\/\/groutpackers.com\/wp-content\/uploads\/2024\/05\/High-Pressure-Hose-1-768x768.jpg 768w, https:\/\/groutpackers.com\/wp-content\/uploads\/2024\/05\/High-Pressure-Hose-1-600x600.jpg 600w, https:\/\/groutpackers.com\/wp-content\/uploads\/2024\/05\/High-Pressure-Hose-1-100x100.jpg 100w\" sizes=\"auto, (max-width: 1000px) 100vw, 1000px\" \/>\t\t\t\t\t\t\t\t\t\t\t<\/div>\n\t\t\t\t\t<\/div>\n\n\t\t<div class=\"box-text text-center\" >\n\t\t\t<div class=\"box-text-inner\">\n\t\t\t\t\n<h4>Vysokotlak\u00e1 hadice<\/h4>\n<p>P\u0159\u00edslu\u0161enstv\u00ed k \u010derpadl\u016fm sp\u00e1rovac\u00ed hmoty<\/p>\n<a href=\"\/cs\/contact-us\/\" class=\"button primary is-outline\"  style=\"border-radius:99px;\">\n    <span>Z\u00edskejte zdarma cenovou nab\u00eddku<\/span>\n  <\/a>\n\n\t\t\t<\/div>\n\t\t<\/div>\n\t<\/div>\n\t\n\t\t<\/div>\n\t\t\t\t\n<style>\n#col-1412486973 > .col-inner {\n  border-radius: 8px;\n}\n<\/style>\n\t<\/div>\n\n\t\n<\/div>\n\t\t<\/div>\n\n\t\t\n<style>\n#section_507089028 {\n  padding-top: 40px;\n  padding-bottom: 40px;\n}\n<\/style>\n\t<\/section>","protected":false},"excerpt":{"rendered":"","protected":false},"author":1,"featured_media":0,"parent":0,"menu_order":0,"comment_status":"closed","ping_status":"closed","template":"page-blank.php","meta":{"footnotes":""},"class_list":["post-589","page","type-page","status-publish","hentry"],"yoast_head":"<!-- This site is optimized with the Yoast SEO plugin v24.4 - https:\/\/yoast.com\/wordpress\/plugins\/seo\/ -->\n<title>Grouting Machine Accessories for Sale | Wholesale Factory Direct<\/title>\n<meta name=\"description\" content=\"Explore our high-quality grouting machine accessories designed for professionals in the construction industry. We offer a wide range of durable and reliable accessories to enhance the performance of your grouting machines.\" \/>\n<meta name=\"robots\" content=\"index, follow, max-snippet:-1, max-image-preview:large, max-video-preview:-1\" \/>\n<link rel=\"canonical\" href=\"https:\/\/groutpackers.com\/cs\/grouting-machine-accessories\/\" \/>\n<meta property=\"og:locale\" content=\"cs_CZ\" \/>\n<meta property=\"og:type\" content=\"article\" \/>\n<meta property=\"og:title\" content=\"Grouting Machine Accessories for Sale | Wholesale Factory Direct\" \/>\n<meta property=\"og:description\" content=\"Explore our high-quality grouting machine accessories designed for professionals in the construction industry. We offer a wide range of durable and reliable accessories to enhance the performance of your grouting machines.\" \/>\n<meta property=\"og:url\" content=\"https:\/\/groutpackers.com\/cs\/grouting-machine-accessories\/\" \/>\n<meta property=\"article:modified_time\" content=\"2025-06-26T02:26:23+00:00\" \/>\n<meta name=\"twitter:card\" content=\"summary_large_image\" \/>\n<meta name=\"twitter:label1\" content=\"Odhadovan\u00e1 doba \u010dten\u00ed\" \/>\n\t<meta name=\"twitter:data1\" content=\"1 minuta\" \/>\n<script type=\"application\/ld+json\" class=\"yoast-schema-graph\">{\"@context\":\"https:\/\/schema.org\",\"@graph\":[{\"@type\":\"WebPage\",\"@id\":\"https:\/\/groutpackers.com\/grouting-machine-accessories\/\",\"url\":\"https:\/\/groutpackers.com\/grouting-machine-accessories\/\",\"name\":\"Grouting Machine Accessories for Sale | Wholesale Factory Direct\",\"isPartOf\":{\"@id\":\"https:\/\/groutpackers.com\/bs\/#website\"},\"datePublished\":\"2023-03-13T09:28:14+00:00\",\"dateModified\":\"2025-06-26T02:26:23+00:00\",\"description\":\"Explore our high-quality grouting machine accessories designed for professionals in the construction industry. We offer a wide range of durable and reliable accessories to enhance the performance of your grouting machines.\",\"breadcrumb\":{\"@id\":\"https:\/\/groutpackers.com\/grouting-machine-accessories\/#breadcrumb\"},\"inLanguage\":\"cs\",\"potentialAction\":[{\"@type\":\"ReadAction\",\"target\":[\"https:\/\/groutpackers.com\/grouting-machine-accessories\/\"]}]},{\"@type\":\"BreadcrumbList\",\"@id\":\"https:\/\/groutpackers.com\/grouting-machine-accessories\/#breadcrumb\",\"itemListElement\":[{\"@type\":\"ListItem\",\"position\":1,\"name\":\"Home\",\"item\":\"https:\/\/groutpackers.com\/\"},{\"@type\":\"ListItem\",\"position\":2,\"name\":\"Grouting Machine Accessories\"}]},{\"@type\":\"WebSite\",\"@id\":\"https:\/\/groutpackers.com\/bs\/#website\",\"url\":\"https:\/\/groutpackers.com\/bs\/\",\"name\":\"\",\"description\":\"\",\"potentialAction\":[{\"@type\":\"SearchAction\",\"target\":{\"@type\":\"EntryPoint\",\"urlTemplate\":\"https:\/\/groutpackers.com\/bs\/?s={search_term_string}\"},\"query-input\":{\"@type\":\"PropertyValueSpecification\",\"valueRequired\":true,\"valueName\":\"search_term_string\"}}],\"inLanguage\":\"cs\"}]}<\/script>\n<!-- \/ Yoast SEO plugin. -->","yoast_head_json":{"title":"P\u0159\u00edslu\u0161enstv\u00ed sp\u00e1rovac\u00edch stroj\u016f na prodej | Velkoobchod p\u0159\u00edmo z tov\u00e1rny","description":"Prozkoumejte na\u0161e vysoce kvalitn\u00ed p\u0159\u00edslu\u0161enstv\u00ed pro sp\u00e1rovac\u00ed stroje ur\u010den\u00e9 pro profesion\u00e1ly ve stavebnictv\u00ed. Nab\u00edz\u00edme \u0161irokou \u0161k\u00e1lu odoln\u00e9ho a spolehliv\u00e9ho p\u0159\u00edslu\u0161enstv\u00ed pro zv\u00fd\u0161en\u00ed v\u00fdkonu va\u0161ich injekt\u00e1\u017en\u00edch stroj\u016f.","robots":{"index":"index","follow":"follow","max-snippet":"max-snippet:-1","max-image-preview":"max-image-preview:large","max-video-preview":"max-video-preview:-1"},"canonical":"https:\/\/groutpackers.com\/cs\/grouting-machine-accessories\/","og_locale":"cs_CZ","og_type":"article","og_title":"Grouting Machine Accessories for Sale | Wholesale Factory Direct","og_description":"Explore our high-quality grouting machine accessories designed for professionals in the construction industry. We offer a wide range of durable and reliable accessories to enhance the performance of your grouting machines.","og_url":"https:\/\/groutpackers.com\/cs\/grouting-machine-accessories\/","article_modified_time":"2025-06-26T02:26:23+00:00","twitter_card":"summary_large_image","twitter_misc":{"Odhadovan\u00e1 doba \u010dten\u00ed":"1 minuta"},"schema":{"@context":"https:\/\/schema.org","@graph":[{"@type":"WebPage","@id":"https:\/\/groutpackers.com\/grouting-machine-accessories\/","url":"https:\/\/groutpackers.com\/grouting-machine-accessories\/","name":"P\u0159\u00edslu\u0161enstv\u00ed sp\u00e1rovac\u00edch stroj\u016f na prodej | Velkoobchod p\u0159\u00edmo z tov\u00e1rny","isPartOf":{"@id":"https:\/\/groutpackers.com\/bs\/#website"},"datePublished":"2023-03-13T09:28:14+00:00","dateModified":"2025-06-26T02:26:23+00:00","description":"Prozkoumejte na\u0161e vysoce kvalitn\u00ed p\u0159\u00edslu\u0161enstv\u00ed pro sp\u00e1rovac\u00ed stroje ur\u010den\u00e9 pro profesion\u00e1ly ve stavebnictv\u00ed. Nab\u00edz\u00edme \u0161irokou \u0161k\u00e1lu odoln\u00e9ho a spolehliv\u00e9ho p\u0159\u00edslu\u0161enstv\u00ed pro zv\u00fd\u0161en\u00ed v\u00fdkonu va\u0161ich injekt\u00e1\u017en\u00edch stroj\u016f.","breadcrumb":{"@id":"https:\/\/groutpackers.com\/grouting-machine-accessories\/#breadcrumb"},"inLanguage":"cs","potentialAction":[{"@type":"ReadAction","target":["https:\/\/groutpackers.com\/grouting-machine-accessories\/"]}]},{"@type":"BreadcrumbList","@id":"https:\/\/groutpackers.com\/grouting-machine-accessories\/#breadcrumb","itemListElement":[{"@type":"ListItem","position":1,"name":"Home","item":"https:\/\/groutpackers.com\/"},{"@type":"ListItem","position":2,"name":"Grouting Machine Accessories"}]},{"@type":"WebSite","@id":"https:\/\/groutpackers.com\/bs\/#website","url":"https:\/\/groutpackers.com\/bs\/","name":"","description":"","potentialAction":[{"@type":"SearchAction","target":{"@type":"EntryPoint","urlTemplate":"https:\/\/groutpackers.com\/bs\/?s={search_term_string}"},"query-input":{"@type":"PropertyValueSpecification","valueRequired":true,"valueName":"search_term_string"}}],"inLanguage":"cs"}]}},"_links":{"self":[{"href":"https:\/\/groutpackers.com\/cs\/wp-json\/wp\/v2\/pages\/589","targetHints":{"allow":["GET"]}}],"collection":[{"href":"https:\/\/groutpackers.com\/cs\/wp-json\/wp\/v2\/pages"}],"about":[{"href":"https:\/\/groutpackers.com\/cs\/wp-json\/wp\/v2\/types\/page"}],"author":[{"embeddable":true,"href":"https:\/\/groutpackers.com\/cs\/wp-json\/wp\/v2\/users\/1"}],"replies":[{"embeddable":true,"href":"https:\/\/groutpackers.com\/cs\/wp-json\/wp\/v2\/comments?post=589"}],"version-history":[{"count":26,"href":"https:\/\/groutpackers.com\/cs\/wp-json\/wp\/v2\/pages\/589\/revisions"}],"predecessor-version":[{"id":3505,"href":"https:\/\/groutpackers.com\/cs\/wp-json\/wp\/v2\/pages\/589\/revisions\/3505"}],"wp:attachment":[{"href":"https:\/\/groutpackers.com\/cs\/wp-json\/wp\/v2\/media?parent=589"}],"curies":[{"name":"wp","href":"https:\/\/api.w.org\/{rel}","templated":true}]}}