{"id":25,"date":"2023-03-05T10:39:43","date_gmt":"2023-03-05T10:39:43","guid":{"rendered":"http:\/\/groutpackers.com\/?page_id=25"},"modified":"2024-07-10T02:49:31","modified_gmt":"2024-07-10T02:49:31","slug":"about","status":"publish","type":"page","link":"https:\/\/groutpackers.com\/da\/about\/","title":{"rendered":"Om"},"content":{"rendered":"<section class=\"section\" id=\"section_1641431328\">\n\t\t<div class=\"bg section-bg fill bg-fill  bg-loaded\" >\n\n\t\t\t\n\t\t\t\n\t\t\t\n\n\t\t<\/div>\n\n\t\t\n\n\t\t<div class=\"section-content relative\">\n\t\t\t\n<div class=\"row align-equal\"  id=\"row-1008620838\">\n\n\t<div id=\"col-482424236\" class=\"col medium-12 small-12 large-6 medium-col-first\"  >\n\t\t\t\t<div class=\"col-inner\"  >\n\t\t\t\n\t\t\t\n\t<div id=\"gap-186715860\" class=\"gap-element clearfix\" style=\"display:block; height:auto;\">\n\t\t\n<style>\n#gap-186715860 {\n  padding-top: 5px;\n}\n<\/style>\n\t<\/div>\n\t\n\t<div id=\"text-1422328289\" class=\"text\">\n\t\t\n<h2>VIRKSOMHED INFO<\/h2>\n\t\t\n<style>\n#text-1422328289 {\n  font-size: 1rem;\n}\n@media (min-width:550px) {\n  #text-1422328289 {\n    font-size: 1rem;\n  }\n}\n@media (min-width:850px) {\n  #text-1422328289 {\n    font-size: 1.4rem;\n  }\n}\n<\/style>\n\t<\/div>\n\t\n<div class=\"is-divider divider clearfix\" style=\"max-width:50px;height:4px;background-color:rgba(224, 236, 250, 0.953);\"><\/div>\n\t<div id=\"gap-627466495\" class=\"gap-element clearfix hide-for-small\" style=\"display:block; height:auto;\">\n\t\t\n<style>\n#gap-627466495 {\n  padding-top: 20px;\n}\n<\/style>\n\t<\/div>\n\t\n<p>Groutpackers er Kinas f\u00f8rende producent af <a href=\"http:\/\/groutpackers.com\/da\/injection-packer\/\">injektionspakkere<\/a> og <a href=\"http:\/\/groutpackers.com\/da\/injection-grouting-machine\/\">fugepumper<\/a>, de er designet til byggeri indgivet. Et strtict QC team er altid p\u00e5 plads for at sikre hver <a href=\"http:\/\/groutpackers.com\/da\/injection-packer\/\">injektionspakker<\/a> og <a href=\"http:\/\/groutpackers.com\/da\/injection-grouting-machine\/\">indspr\u00f8jtningspumper<\/a> til den h\u00f8jeste standard er vores team altid her for at yde den bedst mulige service for dig.<\/p>\n<p>Vi har best\u00e5et ISO 9001, vi forbedrer os l\u00f8bende for at holde trit med den internationale standard, vi er overbevist om, at vores succes afh\u00e6nger af at s\u00e6tte dine fordele f\u00f8rst og skabe v\u00e6rdi for globale kunder med den st\u00f8rste professionalisme og effektivitet.<\/p>\n\t<div id=\"gap-1764203192\" class=\"gap-element clearfix\" style=\"display:block; height:auto;\">\n\t\t\n<style>\n#gap-1764203192 {\n  padding-top: 30px;\n}\n<\/style>\n\t<\/div>\n\t\n<a href=\"\/da\/contact\/\" class=\"button primary lowercase\"  style=\"border-radius:99px;\">\n    <span>Kontakt os<\/span>\n  <\/a>\n\n\t\t<\/div>\n\t\t\t\t\n<style>\n#col-482424236 > .col-inner {\n  padding: 0px 0px 0px 0px;\n}\n@media (min-width:550px) {\n  #col-482424236 > .col-inner {\n    padding: 0px 0px 0px 0px;\n  }\n}\n@media (min-width:850px) {\n  #col-482424236 > .col-inner {\n    padding: 0px 20px 0px 0px;\n  }\n}\n<\/style>\n\t<\/div>\n\n\t\n\n\t<div id=\"col-753800772\" class=\"col medium-12 small-12 large-6\"  >\n\t\t\t\t<div class=\"col-inner\"  >\n\t\t\t\n\t\t\t\n\t<div class=\"img has-hover x md-x lg-x y md-y lg-y\" id=\"image_1248093050\">\n\t\t\t\t\t\t\t\t<div class=\"img-inner image-cover box-shadow-1 box-shadow-5-hover dark\" style=\"padding-top:70%;\">\n\t\t\t<img loading=\"lazy\" decoding=\"async\" width=\"2560\" height=\"1181\" src=\"https:\/\/groutpackers.com\/wp-content\/uploads\/2024\/04\/work-shop-scaled.jpg\" class=\"attachment-original size-original\" alt=\"v\u00e6rksted\" srcset=\"https:\/\/groutpackers.com\/wp-content\/uploads\/2024\/04\/work-shop-scaled.jpg 2560w, https:\/\/groutpackers.com\/wp-content\/uploads\/2024\/04\/work-shop-300x138.jpg 300w, https:\/\/groutpackers.com\/wp-content\/uploads\/2024\/04\/work-shop-1024x473.jpg 1024w, https:\/\/groutpackers.com\/wp-content\/uploads\/2024\/04\/work-shop-768x354.jpg 768w, https:\/\/groutpackers.com\/wp-content\/uploads\/2024\/04\/work-shop-1536x709.jpg 1536w, https:\/\/groutpackers.com\/wp-content\/uploads\/2024\/04\/work-shop-2048x945.jpg 2048w, https:\/\/groutpackers.com\/wp-content\/uploads\/2024\/04\/work-shop-600x277.jpg 600w\" sizes=\"auto, (max-width: 2560px) 100vw, 2560px\" \/>\t\t\t\t\t\t\n\t\t\t\t\t<\/div>\n\t\t\t\t\t\t\t\t\n<style>\n#image_1248093050 {\n  width: 100%;\n}\n<\/style>\n\t<\/div>\n\t\n\t\t<\/div>\n\t\t\t\t\n<style>\n#col-753800772 > .col-inner {\n  padding: 0px 0px 0px 0px;\n  border-radius: 8px;\n}\n@media (min-width:550px) {\n  #col-753800772 > .col-inner {\n    padding: 0px 0px 0px 0px;\n  }\n}\n@media (min-width:850px) {\n  #col-753800772 > .col-inner {\n    padding: 0px 0px 0px 20px;\n  }\n}\n<\/style>\n\t<\/div>\n\n\t\n<\/div>\n\t\t<\/div>\n\n\t\t\n<style>\n#section_1641431328 {\n  padding-top: 30px;\n  padding-bottom: 30px;\n}\n@media (min-width:550px) {\n  #section_1641431328 {\n    padding-top: 30px;\n    padding-bottom: 30px;\n  }\n}\n@media (min-width:850px) {\n  #section_1641431328 {\n    padding-top: 80px;\n    padding-bottom: 80px;\n  }\n}\n<\/style>\n\t<\/section>\n\t\n\n\n\t<section class=\"section\" id=\"section_1505693802\">\n\t\t<div class=\"bg section-bg fill bg-fill  bg-loaded\" >\n\n\t\t\t\n\t\t\t\n\t\t\t\n\n\t\t<\/div>\n\n\t\t\n\n\t\t<div class=\"section-content relative\">\n\t\t\t\n\t<div id=\"gap-1871405763\" class=\"gap-element clearfix\" style=\"display:block; height:auto;\">\n\t\t\n<style>\n#gap-1871405763 {\n  padding-top: 30px;\n}\n<\/style>\n\t<\/div>\n\t\n<div class=\"row align-center\"  id=\"row-1155770247\">\n\n\t<div id=\"col-16336625\" class=\"col medium-10 small-12 large-10\"  >\n\t\t\t\t<div class=\"col-inner\"  >\n\t\t\t\n\t\t\t\n\t<div id=\"text-2830587190\" class=\"text\">\n\t\t\n<h2><span style=\"color: #808080;\">STABIL KVALITET OG HURTIG LEVERING<\/span><\/h2>\n\t\t\n<style>\n#text-2830587190 {\n  font-size: 1.35rem;\n  text-align: center;\n  color: rgb(255,255,255);\n}\n#text-2830587190 > * {\n  color: rgb(255,255,255);\n}\n<\/style>\n\t<\/div>\n\t\n<div class=\"text-center\"><div class=\"is-divider divider clearfix\" style=\"background-color:rgb(255, 255, 255);\"><\/div><\/div>\n\t\t<\/div>\n\t\t\t\t\n<style>\n#col-16336625 > .col-inner {\n  margin: 0px 0px -20px 0px;\n}\n<\/style>\n\t<\/div>\n\n\t\n<\/div>\n<div class=\"row\"  id=\"row-158009486\">\n\n\t<div id=\"col-1638275386\" class=\"col small-12 large-12\"  >\n\t\t\t\t<div class=\"col-inner text-center\"  >\n\t\t\t\n\t\t\t\n<a href=\"\/da\/shop\/\" class=\"button white\"  style=\"border-radius:99px;\">\n    <span>F\u00e5 flere oplysninger<\/span>\n  <\/a>\n\n\t\t<\/div>\n\t\t\t\t\n<style>\n#col-1638275386 > .col-inner {\n  margin: 0px 0px -20px 0px;\n}\n<\/style>\n\t<\/div>\n\n\t\n<\/div>\n\t\t<\/div>\n\n\t\t\n<style>\n#section_1505693802 {\n  padding-top: 30px;\n  padding-bottom: 30px;\n  background-color: rgba(224, 236, 250, 0.953);\n}\n<\/style>\n\t<\/section>\n\t\n\t<section class=\"section\" id=\"section_1420707269\">\n\t\t<div class=\"bg section-bg fill bg-fill  bg-loaded\" >\n\n\t\t\t\n\t\t\t\n\t\t\t\n\n\t\t<\/div>\n\n\t\t\n\n\t\t<div class=\"section-content relative\">\n\t\t\t\n<div class=\"row\"  id=\"row-952519031\">\n\n\t<div id=\"col-907837186\" class=\"col small-12 large-12\"  >\n\t\t\t\t<div class=\"col-inner\"  >\n\t\t\t\n\t\t\t\n\t<div id=\"gap-1758411693\" class=\"gap-element clearfix hide-for-medium\" style=\"display:block; height:auto;\">\n\t\t\n<style>\n#gap-1758411693 {\n  padding-top: 30px;\n}\n<\/style>\n\t<\/div>\n\t\n\t\t<\/div>\n\t\t\t\t\n<style>\n#col-907837186 > .col-inner {\n  margin: 0px 0px -20px 0px;\n}\n<\/style>\n\t<\/div>\n\n\t\n<\/div>\n\t<div id=\"text-1824400542\" class=\"text\">\n\t\t\n<h2 style=\"text-align: center;\">\u00a0 \u00a0 \u00a0 \u00a0 \u00a0 \u00a0 \u00a0 \u00a0 \u00a0 \u00a0 \u00a0 \u00a0 \u00a0 \u00a0 \u00a0 \u00a0 \u00a0 \u00a0 \u00a0 \u00a0 \u00a0 \u00a0 \u00a0 \u00a0 \u00a0 \u00a0 \u00a0 \u00a0 \u00a0 \u00a0 \u00a0 \u00a0 \u00a0 \u00a0 VORES PRODUKT<\/h2>\n\t\t\n<style>\n#text-1824400542 {\n  font-size: 1rem;\n  text-align: right;\n}\n@media (min-width:550px) {\n  #text-1824400542 {\n    font-size: 1rem;\n  }\n}\n@media (min-width:850px) {\n  #text-1824400542 {\n    font-size: 1.3rem;\n  }\n}\n<\/style>\n\t<\/div>\n\t\n<div class=\"row align-equal\" style=\"max-width:1400px\" id=\"row-1454117163\">\n\n\t<div id=\"col-207221283\" class=\"col medium-12 small-12 large-6\"  >\n\t\t\t\t<div class=\"col-inner\"  >\n\t\t\t\n\t\t\t\n\t<div class=\"img has-hover x md-x lg-x y md-y lg-y\" id=\"image_1240615846\">\n\t\t\t\t\t\t\t\t<div class=\"img-inner box-shadow-1 box-shadow-5-hover dark\" >\n\t\t\t\t\t\t\t\t\t\n\t\t\t\t\t<\/div>\n\t\t\t\t\t\t\t\t\n<style>\n#image_1240615846 {\n  width: 100%;\n}\n@media (min-width:550px) {\n  #image_1240615846 {\n    width: 100%;\n  }\n}\n<\/style>\n\t<\/div>\n\t\n\t<div class=\"img has-hover x md-x lg-x y md-y lg-y\" id=\"image_1729682310\">\n\t\t\t\t\t\t\t\t<div class=\"img-inner dark\" >\n\t\t\t<img loading=\"lazy\" decoding=\"async\" width=\"1020\" height=\"1020\" src=\"https:\/\/groutpackers.com\/wp-content\/uploads\/2024\/05\/Grout-pump-and-injection-packer-1024x1024.jpg\" class=\"attachment-large size-large\" alt=\"Fugepumpe og injektionspakker\" srcset=\"https:\/\/groutpackers.com\/wp-content\/uploads\/2024\/05\/Grout-pump-and-injection-packer-1024x1024.jpg 1024w, https:\/\/groutpackers.com\/wp-content\/uploads\/2024\/05\/Grout-pump-and-injection-packer-300x300.jpg 300w, https:\/\/groutpackers.com\/wp-content\/uploads\/2024\/05\/Grout-pump-and-injection-packer-150x150.jpg 150w, https:\/\/groutpackers.com\/wp-content\/uploads\/2024\/05\/Grout-pump-and-injection-packer-768x768.jpg 768w, https:\/\/groutpackers.com\/wp-content\/uploads\/2024\/05\/Grout-pump-and-injection-packer-600x600.jpg 600w, https:\/\/groutpackers.com\/wp-content\/uploads\/2024\/05\/Grout-pump-and-injection-packer-100x100.jpg 100w, https:\/\/groutpackers.com\/wp-content\/uploads\/2024\/05\/Grout-pump-and-injection-packer.jpg 1200w\" sizes=\"auto, (max-width: 1020px) 100vw, 1020px\" \/>\t\t\t\t\t\t\n\t\t\t\t\t<\/div>\n\t\t\t\t\t\t\t\t\n<style>\n#image_1729682310 {\n  width: 100%;\n}\n<\/style>\n\t<\/div>\n\t\n\t\t<\/div>\n\t\t\t\t\n<style>\n#col-207221283 > .col-inner {\n  padding: 0px 0px 0px 0px;\n}\n@media (min-width:550px) {\n  #col-207221283 > .col-inner {\n    padding: 0px 0px 0px 0px;\n  }\n}\n@media (min-width:850px) {\n  #col-207221283 > .col-inner {\n    padding: 0px 30px 0px 0px;\n  }\n}\n<\/style>\n\t<\/div>\n\n\t\n\n\t<div id=\"col-2017048374\" class=\"col medium-12 small-12 large-6 medium-col-first\"  >\n\t\t\t\t<div class=\"col-inner\"  >\n\t\t\t\n\t\t\t\n<div class=\"is-divider divider clearfix\" style=\"max-width:50px;height:4px;background-color:rgba(224, 236, 250, 0.953);\"><\/div>\n\t<div class=\"img has-hover x md-x lg-x y md-y lg-y\" id=\"image_1064623784\">\n\t\t\t\t\t\t\t\t<div class=\"img-inner image-cover dark\" style=\"padding-top:50%;\">\n\t\t\t<img loading=\"lazy\" decoding=\"async\" width=\"1000\" height=\"1000\" src=\"https:\/\/groutpackers.com\/wp-content\/uploads\/2024\/05\/Sliding-coupler.jpg\" class=\"attachment-large size-large\" alt=\"Glidekobling\" srcset=\"https:\/\/groutpackers.com\/wp-content\/uploads\/2024\/05\/Sliding-coupler.jpg 1000w, https:\/\/groutpackers.com\/wp-content\/uploads\/2024\/05\/Sliding-coupler-300x300.jpg 300w, https:\/\/groutpackers.com\/wp-content\/uploads\/2024\/05\/Sliding-coupler-150x150.jpg 150w, https:\/\/groutpackers.com\/wp-content\/uploads\/2024\/05\/Sliding-coupler-768x768.jpg 768w, https:\/\/groutpackers.com\/wp-content\/uploads\/2024\/05\/Sliding-coupler-600x600.jpg 600w, https:\/\/groutpackers.com\/wp-content\/uploads\/2024\/05\/Sliding-coupler-100x100.jpg 100w\" sizes=\"auto, (max-width: 1000px) 100vw, 1000px\" \/>\t\t\t\t\t\t\n\t\t\t\t\t<\/div>\n\t\t\t\t\t\t\t\t\n<style>\n#image_1064623784 {\n  width: 100%;\n}\n<\/style>\n\t<\/div>\n\t\n<h3>Drive din succes med<br \/>vores <a href=\"http:\/\/groutpackers.com\/da\/injection-packer\/\">injektionspakker<\/a> og <a href=\"http:\/\/groutpackers.com\/da\/injection-grouting-machine\/\">fugepumpe<\/a><\/h3>\n<p>Vores injektionspakkere og fugepumpe er bygget ud af sikkerhedsgarantier. Kunders projekt kunne undg\u00e5 nogle skjulte risici. Stabile og p\u00e5lidelige pakkere og pumper er den mest vitale st\u00f8tte til dine igangv\u00e6rende projekter. Det kan spare din tid og omkostninger. Vi er en betroet leverand\u00f8r og har et QC-system for at sikre kvaliteten.\u00a0<\/p>\n<p>Vores produkt er best\u00e5et lSO 9001, CE-certificeringer. Det kan hj\u00e6lpe dig med nemt at udforske Euroapen-markedet.<\/p>\n\t<div id=\"gap-740969356\" class=\"gap-element clearfix\" style=\"display:block; height:auto;\">\n\t\t\n<style>\n#gap-740969356 {\n  padding-top: 30px;\n}\n<\/style>\n\t<\/div>\n\t\n<a href=\"\/da\/contact\/\" class=\"button primary lowercase\"  style=\"border-radius:99px;\">\n    <span>Kontakt os<\/span>\n  <\/a>\n\n\t\t<\/div>\n\t\t\t\t\n<style>\n#col-2017048374 > .col-inner {\n  padding: 0px 0px 0px 0px;\n}\n@media (min-width:550px) {\n  #col-2017048374 > .col-inner {\n    padding: 0px 0px 0px 0px;\n  }\n}\n@media (min-width:850px) {\n  #col-2017048374 > .col-inner {\n    padding: 0px 90px 0px 30px;\n  }\n}\n<\/style>\n\t<\/div>\n\n\t\n<\/div>\n<div class=\"row align-middle align-center\"  id=\"row-1950432249\">\n\n\t<div id=\"col-1824050685\" class=\"col medium-6 small-12 large-6\"  >\n\t\t\t\t<div class=\"col-inner\"  >\n\t\t\t\n\t\t\t\n\t<div id=\"gap-1915927038\" class=\"gap-element clearfix\" style=\"display:block; height:auto;\">\n\t\t\n<style>\n#gap-1915927038 {\n  padding-top: 0px;\n}\n<\/style>\n\t<\/div>\n\t\n\t\t<\/div>\n\t\t\t\t\t<\/div>\n\n\t\n<\/div>\n\t\t<\/div>\n\n\t\t\n<style>\n#section_1420707269 {\n  padding-top: 0px;\n  padding-bottom: 0px;\n}\n@media (min-width:550px) {\n  #section_1420707269 {\n    padding-top: 0px;\n    padding-bottom: 0px;\n  }\n}\n@media (min-width:850px) {\n  #section_1420707269 {\n    padding-top: 50px;\n    padding-bottom: 50px;\n  }\n}\n<\/style>\n\t<\/section>","protected":false},"excerpt":{"rendered":"","protected":false},"author":1,"featured_media":0,"parent":0,"menu_order":0,"comment_status":"closed","ping_status":"closed","template":"page-blank.php","meta":{"footnotes":""},"class_list":["post-25","page","type-page","status-publish","hentry"],"yoast_head":"<!-- This site is optimized with the Yoast SEO plugin v24.4 - https:\/\/yoast.com\/wordpress\/plugins\/seo\/ -->\n<title>About Us | Injection Packers Suppliers<\/title>\n<meta name=\"description\" content=\"Injection Packers Suppliers From China. We can customize injection packers for client as per your requirements\" \/>\n<meta name=\"robots\" content=\"index, follow, max-snippet:-1, max-image-preview:large, max-video-preview:-1\" \/>\n<link rel=\"canonical\" href=\"https:\/\/groutpackers.com\/da\/about\/\" \/>\n<meta property=\"og:locale\" content=\"da_DK\" \/>\n<meta property=\"og:type\" content=\"article\" \/>\n<meta property=\"og:title\" content=\"About Us | Injection Packers Suppliers\" \/>\n<meta property=\"og:description\" content=\"Injection Packers Suppliers From China. We can customize injection packers for client as per your requirements\" \/>\n<meta property=\"og:url\" content=\"https:\/\/groutpackers.com\/da\/about\/\" \/>\n<meta property=\"article:modified_time\" content=\"2024-07-10T02:49:31+00:00\" \/>\n<meta name=\"twitter:card\" content=\"summary_large_image\" \/>\n<meta name=\"twitter:label1\" content=\"Estimeret l\u00e6setid\" \/>\n\t<meta name=\"twitter:data1\" content=\"4 minutter\" \/>\n<script type=\"application\/ld+json\" class=\"yoast-schema-graph\">{\"@context\":\"https:\/\/schema.org\",\"@graph\":[{\"@type\":\"WebPage\",\"@id\":\"https:\/\/groutpackers.com\/ceb\/about\/\",\"url\":\"https:\/\/groutpackers.com\/ceb\/about\/\",\"name\":\"About Us | Injection Packers Suppliers\",\"isPartOf\":{\"@id\":\"https:\/\/groutpackers.com\/bs\/#website\"},\"datePublished\":\"2023-03-05T10:39:43+00:00\",\"dateModified\":\"2024-07-10T02:49:31+00:00\",\"description\":\"Injection Packers Suppliers From China. We can customize injection packers for client as per your requirements\",\"breadcrumb\":{\"@id\":\"https:\/\/groutpackers.com\/ceb\/about\/#breadcrumb\"},\"inLanguage\":\"da-DK\",\"potentialAction\":[{\"@type\":\"ReadAction\",\"target\":[\"https:\/\/groutpackers.com\/ceb\/about\/\"]}]},{\"@type\":\"BreadcrumbList\",\"@id\":\"https:\/\/groutpackers.com\/ceb\/about\/#breadcrumb\",\"itemListElement\":[{\"@type\":\"ListItem\",\"position\":1,\"name\":\"Home\",\"item\":\"https:\/\/groutpackers.com\/\"},{\"@type\":\"ListItem\",\"position\":2,\"name\":\"About\"}]},{\"@type\":\"WebSite\",\"@id\":\"https:\/\/groutpackers.com\/bs\/#website\",\"url\":\"https:\/\/groutpackers.com\/bs\/\",\"name\":\"\",\"description\":\"\",\"potentialAction\":[{\"@type\":\"SearchAction\",\"target\":{\"@type\":\"EntryPoint\",\"urlTemplate\":\"https:\/\/groutpackers.com\/bs\/?s={search_term_string}\"},\"query-input\":{\"@type\":\"PropertyValueSpecification\",\"valueRequired\":true,\"valueName\":\"search_term_string\"}}],\"inLanguage\":\"da-DK\"}]}<\/script>\n<!-- \/ Yoast SEO plugin. -->","yoast_head_json":{"title":"Om os | Injection Packers Leverand\u00f8rer","description":"Injection Packers Leverand\u00f8rer fra Kina. Vi kan tilpasse injektionspakkere til kunden efter dine krav","robots":{"index":"index","follow":"follow","max-snippet":"max-snippet:-1","max-image-preview":"max-image-preview:large","max-video-preview":"max-video-preview:-1"},"canonical":"https:\/\/groutpackers.com\/da\/about\/","og_locale":"da_DK","og_type":"article","og_title":"About Us | Injection Packers Suppliers","og_description":"Injection Packers Suppliers From China. We can customize injection packers for client as per your requirements","og_url":"https:\/\/groutpackers.com\/da\/about\/","article_modified_time":"2024-07-10T02:49:31+00:00","twitter_card":"summary_large_image","twitter_misc":{"Estimeret l\u00e6setid":"4 minutter"},"schema":{"@context":"https:\/\/schema.org","@graph":[{"@type":"WebPage","@id":"https:\/\/groutpackers.com\/ceb\/about\/","url":"https:\/\/groutpackers.com\/ceb\/about\/","name":"Om os | Injection Packers Leverand\u00f8rer","isPartOf":{"@id":"https:\/\/groutpackers.com\/bs\/#website"},"datePublished":"2023-03-05T10:39:43+00:00","dateModified":"2024-07-10T02:49:31+00:00","description":"Injection Packers Leverand\u00f8rer fra Kina. Vi kan tilpasse injektionspakkere til kunden efter dine krav","breadcrumb":{"@id":"https:\/\/groutpackers.com\/ceb\/about\/#breadcrumb"},"inLanguage":"da-DK","potentialAction":[{"@type":"ReadAction","target":["https:\/\/groutpackers.com\/ceb\/about\/"]}]},{"@type":"BreadcrumbList","@id":"https:\/\/groutpackers.com\/ceb\/about\/#breadcrumb","itemListElement":[{"@type":"ListItem","position":1,"name":"Home","item":"https:\/\/groutpackers.com\/"},{"@type":"ListItem","position":2,"name":"About"}]},{"@type":"WebSite","@id":"https:\/\/groutpackers.com\/bs\/#website","url":"https:\/\/groutpackers.com\/bs\/","name":"","description":"","potentialAction":[{"@type":"SearchAction","target":{"@type":"EntryPoint","urlTemplate":"https:\/\/groutpackers.com\/bs\/?s={search_term_string}"},"query-input":{"@type":"PropertyValueSpecification","valueRequired":true,"valueName":"search_term_string"}}],"inLanguage":"da-DK"}]}},"_links":{"self":[{"href":"https:\/\/groutpackers.com\/da\/wp-json\/wp\/v2\/pages\/25","targetHints":{"allow":["GET"]}}],"collection":[{"href":"https:\/\/groutpackers.com\/da\/wp-json\/wp\/v2\/pages"}],"about":[{"href":"https:\/\/groutpackers.com\/da\/wp-json\/wp\/v2\/types\/page"}],"author":[{"embeddable":true,"href":"https:\/\/groutpackers.com\/da\/wp-json\/wp\/v2\/users\/1"}],"replies":[{"embeddable":true,"href":"https:\/\/groutpackers.com\/da\/wp-json\/wp\/v2\/comments?post=25"}],"version-history":[{"count":31,"href":"https:\/\/groutpackers.com\/da\/wp-json\/wp\/v2\/pages\/25\/revisions"}],"predecessor-version":[{"id":3216,"href":"https:\/\/groutpackers.com\/da\/wp-json\/wp\/v2\/pages\/25\/revisions\/3216"}],"wp:attachment":[{"href":"https:\/\/groutpackers.com\/da\/wp-json\/wp\/v2\/media?parent=25"}],"curies":[{"name":"wp","href":"https:\/\/api.w.org\/{rel}","templated":true}]}}