{"id":589,"date":"2023-03-13T09:28:14","date_gmt":"2023-03-13T09:28:14","guid":{"rendered":"http:\/\/groutpackers.com\/?page_id=589"},"modified":"2025-06-26T02:26:23","modified_gmt":"2025-06-26T02:26:23","slug":"grouting-machine-accessories","status":"publish","type":"page","link":"https:\/\/groutpackers.com\/da\/grouting-machine-accessories\/","title":{"rendered":"Tilbeh\u00f8r til fugemaskine"},"content":{"rendered":"<section class=\"section\" id=\"section_268671991\">\n\t\t<div class=\"bg section-bg fill bg-fill  bg-loaded\" >\n\n\t\t\t\n\t\t\t\n\t\t\t\n\n\t\t<\/div>\n\n\t\t\n\n\t\t<div class=\"section-content relative\">\n\t\t\t\n\t<div id=\"text-2934608005\" class=\"text\">\n\t\t\n<h2 style=\"text-align: center;\"><strong>Kategori til fugemaskinetilbeh\u00f8r<\/strong><\/h2>\n\t\t\n<style>\n#text-2934608005 {\n  text-align: center;\n}\n<\/style>\n\t<\/div>\n\t\n\t<div id=\"gap-1730094054\" class=\"gap-element clearfix\" style=\"display:block; height:auto;\">\n\t\t\n<style>\n#gap-1730094054 {\n  padding-top: 30px;\n}\n<\/style>\n\t<\/div>\n\t\n<div class=\"row align-equal\"  id=\"row-1678161722\">\n\n\t<div id=\"col-110717781\" class=\"col medium-4 small-12 large-4\"  >\n\t\t\t\t<div class=\"col-inner box-shadow-1\"  >\n\t\t\t\n\t\t\t\n\t<div class=\"box has-hover   has-hover box-text-bottom\" >\n\n\t\t<div class=\"box-image\" >\n\t\t\t\t\t\t<div class=\"image-zoom\" >\n\t\t\t\t<img loading=\"lazy\" decoding=\"async\" width=\"1000\" height=\"1000\" src=\"https:\/\/groutpackers.com\/wp-content\/uploads\/2024\/05\/Sliding-coupler.jpg\" class=\"attachment- size-\" alt=\"Glidekobling\" srcset=\"https:\/\/groutpackers.com\/wp-content\/uploads\/2024\/05\/Sliding-coupler.jpg 1000w, https:\/\/groutpackers.com\/wp-content\/uploads\/2024\/05\/Sliding-coupler-300x300.jpg 300w, https:\/\/groutpackers.com\/wp-content\/uploads\/2024\/05\/Sliding-coupler-150x150.jpg 150w, https:\/\/groutpackers.com\/wp-content\/uploads\/2024\/05\/Sliding-coupler-768x768.jpg 768w, https:\/\/groutpackers.com\/wp-content\/uploads\/2024\/05\/Sliding-coupler-600x600.jpg 600w, https:\/\/groutpackers.com\/wp-content\/uploads\/2024\/05\/Sliding-coupler-100x100.jpg 100w\" sizes=\"auto, (max-width: 1000px) 100vw, 1000px\" \/>\t\t\t\t\t\t\t\t\t\t\t<\/div>\n\t\t\t\t\t<\/div>\n\n\t\t<div class=\"box-text text-center\" >\n\t\t\t<div class=\"box-text-inner\">\n\t\t\t\t\n<h4>Knaphoved \/ skydehovedkobling<\/h4>\n<p>H\u00f8jtryks-, zinklegering eller aluminiumskobling er begge tilg\u00e6ngelige. Diameter 16 mm.\u00a0<\/p>\n<a href=\"\/da\/contact-us\/\" class=\"button primary is-outline\"  style=\"border-radius:99px;\">\n    <span>F\u00e5 et gratis tilbud<\/span>\n  <\/a>\n\n\t\t\t<\/div>\n\t\t<\/div>\n\t<\/div>\n\t\n\t\t<\/div>\n\t\t\t\t\n<style>\n#col-110717781 > .col-inner {\n  border-radius: 8px;\n}\n<\/style>\n\t<\/div>\n\n\t\n\n\t<div id=\"col-362844808\" class=\"col medium-4 small-12 large-4\"  >\n\t\t\t\t<div class=\"col-inner box-shadow-1\"  >\n\t\t\t\n\t\t\t\n\t<div class=\"box has-hover   has-hover box-text-bottom\" >\n\n\t\t<div class=\"box-image\" >\n\t\t\t\t\t\t<div class=\"image-zoom\" >\n\t\t\t\t<img loading=\"lazy\" decoding=\"async\" width=\"1000\" height=\"1000\" src=\"https:\/\/groutpackers.com\/wp-content\/uploads\/2024\/06\/Gold-button-head-coupler.jpg\" class=\"attachment- size-\" alt=\"Hovedkobling med guldknap\" srcset=\"https:\/\/groutpackers.com\/wp-content\/uploads\/2024\/06\/Gold-button-head-coupler.jpg 1000w, https:\/\/groutpackers.com\/wp-content\/uploads\/2024\/06\/Gold-button-head-coupler-300x300.jpg 300w, https:\/\/groutpackers.com\/wp-content\/uploads\/2024\/06\/Gold-button-head-coupler-150x150.jpg 150w, https:\/\/groutpackers.com\/wp-content\/uploads\/2024\/06\/Gold-button-head-coupler-768x768.jpg 768w, https:\/\/groutpackers.com\/wp-content\/uploads\/2024\/06\/Gold-button-head-coupler-600x600.jpg 600w, https:\/\/groutpackers.com\/wp-content\/uploads\/2024\/06\/Gold-button-head-coupler-100x100.jpg 100w\" sizes=\"auto, (max-width: 1000px) 100vw, 1000px\" \/>\t\t\t\t\t\t\t\t\t\t\t<\/div>\n\t\t\t\t\t<\/div>\n\n\t\t<div class=\"box-text text-center\" >\n\t\t\t<div class=\"box-text-inner\">\n\t\t\t\t\n<h4>Flad hovedkobling<\/h4>\n<p>Lavt tryk, bruges til at indspr\u00f8jte materiale med h\u00f8j densitet. Kobling af messing.<\/p>\n<a href=\"\/da\/contact-us\/\" class=\"button primary is-outline\"  style=\"border-radius:99px;\">\n    <span>F\u00e5 et gratis tilbud<\/span>\n  <\/a>\n\n\t\t\t<\/div>\n\t\t<\/div>\n\t<\/div>\n\t\n\t\t<\/div>\n\t\t\t\t\n<style>\n#col-362844808 > .col-inner {\n  border-radius: 8px;\n}\n<\/style>\n\t<\/div>\n\n\t\n\n\t<div id=\"col-111758429\" class=\"col medium-4 small-12 large-4\"  >\n\t\t\t\t<div class=\"col-inner box-shadow-1\"  >\n\t\t\t\n\t\t\t\n\t<div class=\"box has-hover   has-hover box-text-bottom\" >\n\n\t\t<div class=\"box-image\" >\n\t\t\t\t\t\t<div class=\"image-zoom\" >\n\t\t\t\t<img loading=\"lazy\" decoding=\"async\" width=\"1000\" height=\"1000\" src=\"https:\/\/groutpackers.com\/wp-content\/uploads\/2024\/06\/Steel-Button-head-coupler.jpg\" class=\"attachment- size-\" alt=\"St\u00e5lknap hovedkobling\" srcset=\"https:\/\/groutpackers.com\/wp-content\/uploads\/2024\/06\/Steel-Button-head-coupler.jpg 1000w, https:\/\/groutpackers.com\/wp-content\/uploads\/2024\/06\/Steel-Button-head-coupler-300x300.jpg 300w, https:\/\/groutpackers.com\/wp-content\/uploads\/2024\/06\/Steel-Button-head-coupler-150x150.jpg 150w, https:\/\/groutpackers.com\/wp-content\/uploads\/2024\/06\/Steel-Button-head-coupler-768x768.jpg 768w, https:\/\/groutpackers.com\/wp-content\/uploads\/2024\/06\/Steel-Button-head-coupler-600x600.jpg 600w, https:\/\/groutpackers.com\/wp-content\/uploads\/2024\/06\/Steel-Button-head-coupler-100x100.jpg 100w\" sizes=\"auto, (max-width: 1000px) 100vw, 1000px\" \/>\t\t\t\t\t\t\t\t\t\t\t<\/div>\n\t\t\t\t\t<\/div>\n\n\t\t<div class=\"box-text text-center\" >\n\t\t\t<div class=\"box-text-inner\">\n\t\t\t\t\n<h4>Knaphovedkobling i st\u00e5l<\/h4>\n<p>St\u00e5lkobling, lavtryk, brugt til indspr\u00f8jtning af materialer med h\u00f8j densitet.<\/p>\n<a href=\"\/da\/contact-us\/\" class=\"button primary is-outline\"  style=\"border-radius:99px;\">\n    <span>F\u00e5 et gratis tilbud<\/span>\n  <\/a>\n\n\t\t\t<\/div>\n\t\t<\/div>\n\t<\/div>\n\t\n\t\t<\/div>\n\t\t\t\t\n<style>\n#col-111758429 > .col-inner {\n  border-radius: 8px;\n}\n<\/style>\n\t<\/div>\n\n\t\n<\/div>\n<div class=\"row align-equal\"  id=\"row-1372055012\">\n\n\t<div id=\"col-25332078\" class=\"col medium-4 small-12 large-4\"  >\n\t\t\t\t<div class=\"col-inner box-shadow-1\"  >\n\t\t\t\n\t\t\t\n\t<div class=\"box has-hover   has-hover box-text-bottom\" >\n\n\t\t<div class=\"box-image\" >\n\t\t\t\t\t\t<div class=\"image-zoom\" >\n\t\t\t\t<img loading=\"lazy\" decoding=\"async\" width=\"1000\" height=\"1000\" src=\"https:\/\/groutpackers.com\/wp-content\/uploads\/2024\/06\/Silver-Grease-coupler.jpg\" class=\"attachment- size-\" alt=\"S\u00f8lvfedtkobling\" srcset=\"https:\/\/groutpackers.com\/wp-content\/uploads\/2024\/06\/Silver-Grease-coupler.jpg 1000w, https:\/\/groutpackers.com\/wp-content\/uploads\/2024\/06\/Silver-Grease-coupler-300x300.jpg 300w, https:\/\/groutpackers.com\/wp-content\/uploads\/2024\/06\/Silver-Grease-coupler-150x150.jpg 150w, https:\/\/groutpackers.com\/wp-content\/uploads\/2024\/06\/Silver-Grease-coupler-768x768.jpg 768w, https:\/\/groutpackers.com\/wp-content\/uploads\/2024\/06\/Silver-Grease-coupler-600x600.jpg 600w, https:\/\/groutpackers.com\/wp-content\/uploads\/2024\/06\/Silver-Grease-coupler-100x100.jpg 100w\" sizes=\"auto, (max-width: 1000px) 100vw, 1000px\" \/>\t\t\t\t\t\t\t\t\t\t\t<\/div>\n\t\t\t\t\t<\/div>\n\n\t\t<div class=\"box-text text-center\" >\n\t\t\t<div class=\"box-text-inner\">\n\t\t\t\t\n<h4>S\u00f8lv fedtkobling<\/h4>\n<p>Den bruges til at forbinde keglehoved\/fedthovedindspr\u00f8jtningspakkere.<\/p>\n<a href=\"\/da\/contact-us\/\" class=\"button primary is-outline\"  style=\"border-radius:99px;\">\n    <span>F\u00e5 et gratis tilbud<\/span>\n  <\/a>\n\n\t\t\t<\/div>\n\t\t<\/div>\n\t<\/div>\n\t\n\t\t<\/div>\n\t\t\t\t\n<style>\n#col-25332078 > .col-inner {\n  border-radius: 8px;\n}\n<\/style>\n\t<\/div>\n\n\t\n\n\t<div id=\"col-736590395\" class=\"col medium-4 small-12 large-4\"  >\n\t\t\t\t<div class=\"col-inner box-shadow-1\"  >\n\t\t\t\n\t\t\t\n\t<div class=\"box has-hover   has-hover box-text-bottom\" >\n\n\t\t<div class=\"box-image\" >\n\t\t\t\t\t\t<div class=\"image-zoom\" >\n\t\t\t\t<img loading=\"lazy\" decoding=\"async\" width=\"1000\" height=\"1000\" src=\"https:\/\/groutpackers.com\/wp-content\/uploads\/2024\/06\/Gold-grease-coupler.jpg\" class=\"attachment- size-\" alt=\"Guld fedtkobling\" srcset=\"https:\/\/groutpackers.com\/wp-content\/uploads\/2024\/06\/Gold-grease-coupler.jpg 1000w, https:\/\/groutpackers.com\/wp-content\/uploads\/2024\/06\/Gold-grease-coupler-300x300.jpg 300w, https:\/\/groutpackers.com\/wp-content\/uploads\/2024\/06\/Gold-grease-coupler-150x150.jpg 150w, https:\/\/groutpackers.com\/wp-content\/uploads\/2024\/06\/Gold-grease-coupler-768x768.jpg 768w, https:\/\/groutpackers.com\/wp-content\/uploads\/2024\/06\/Gold-grease-coupler-600x600.jpg 600w, https:\/\/groutpackers.com\/wp-content\/uploads\/2024\/06\/Gold-grease-coupler-100x100.jpg 100w\" sizes=\"auto, (max-width: 1000px) 100vw, 1000px\" \/>\t\t\t\t\t\t\t\t\t\t\t<\/div>\n\t\t\t\t\t<\/div>\n\n\t\t<div class=\"box-text text-center\" >\n\t\t\t<div class=\"box-text-inner\">\n\t\t\t\t\n<h4>Guld fedtkobling<\/h4>\n<p>Fedtkobling med 4 k\u00e6ber til tilslutning af fugepakning med rund nippel.<\/p>\n<a href=\"\/da\/contact-us\/\" class=\"button primary is-outline\"  style=\"border-radius:99px;\">\n    <span>F\u00e5 et gratis tilbud<\/span>\n  <\/a>\n\n\t\t\t<\/div>\n\t\t<\/div>\n\t<\/div>\n\t\n\t\t<\/div>\n\t\t\t\t\n<style>\n#col-736590395 > .col-inner {\n  border-radius: 8px;\n}\n<\/style>\n\t<\/div>\n\n\t\n\n\t<div id=\"col-2052415944\" class=\"col medium-4 small-12 large-4\"  >\n\t\t\t\t<div class=\"col-inner box-shadow-1\"  >\n\t\t\t\n\t\t\t\n\t<div class=\"box has-hover   has-hover box-text-bottom\" >\n\n\t\t<div class=\"box-image\" >\n\t\t\t\t\t\t<div class=\"image-zoom\" >\n\t\t\t\t<img loading=\"lazy\" decoding=\"async\" width=\"1000\" height=\"1000\" src=\"https:\/\/groutpackers.com\/wp-content\/uploads\/2024\/06\/4-type-flat-head-button.jpg\" class=\"attachment- size-\" alt=\"Forskellig knaphovedkobling\" srcset=\"https:\/\/groutpackers.com\/wp-content\/uploads\/2024\/06\/4-type-flat-head-button.jpg 1000w, https:\/\/groutpackers.com\/wp-content\/uploads\/2024\/06\/4-type-flat-head-button-300x300.jpg 300w, https:\/\/groutpackers.com\/wp-content\/uploads\/2024\/06\/4-type-flat-head-button-150x150.jpg 150w, https:\/\/groutpackers.com\/wp-content\/uploads\/2024\/06\/4-type-flat-head-button-768x768.jpg 768w, https:\/\/groutpackers.com\/wp-content\/uploads\/2024\/06\/4-type-flat-head-button-600x600.jpg 600w, https:\/\/groutpackers.com\/wp-content\/uploads\/2024\/06\/4-type-flat-head-button-100x100.jpg 100w\" sizes=\"auto, (max-width: 1000px) 100vw, 1000px\" \/>\t\t\t\t\t\t\t\t\t\t\t<\/div>\n\t\t\t\t\t<\/div>\n\n\t\t<div class=\"box-text text-center\" >\n\t\t\t<div class=\"box-text-inner\">\n\t\t\t\t\n<h4>Knaphoved Nippel<\/h4>\n<p>M6 M8 M10 M13 Nippel med fladt hoved matcher dine forskellige krav til pakkerne.<\/p>\n<a href=\"\/da\/contact-us\/\" class=\"button primary is-outline\"  style=\"border-radius:99px;\">\n    <span>F\u00e5 et gratis tilbud<\/span>\n  <\/a>\n\n\t\t\t<\/div>\n\t\t<\/div>\n\t<\/div>\n\t\n\t\t<\/div>\n\t\t\t\t\n<style>\n#col-2052415944 > .col-inner {\n  border-radius: 8px;\n}\n<\/style>\n\t<\/div>\n\n\t\n<\/div>\n<div class=\"row align-equal\"  id=\"row-342217147\">\n\n\t<div id=\"col-153671484\" class=\"col medium-4 small-12 large-4\"  >\n\t\t\t\t<div class=\"col-inner box-shadow-1\"  >\n\t\t\t\n\t\t\t\n\t<div class=\"box has-hover   has-hover box-text-bottom\" >\n\n\t\t<div class=\"box-image\" >\n\t\t\t\t\t\t<div class=\"image-zoom\" >\n\t\t\t\t<img loading=\"lazy\" decoding=\"async\" width=\"1000\" height=\"1000\" src=\"https:\/\/groutpackers.com\/wp-content\/uploads\/2024\/06\/plastic-cup.jpg\" class=\"attachment- size-\" alt=\"Hopper\" srcset=\"https:\/\/groutpackers.com\/wp-content\/uploads\/2024\/06\/plastic-cup.jpg 1000w, https:\/\/groutpackers.com\/wp-content\/uploads\/2024\/06\/plastic-cup-300x300.jpg 300w, https:\/\/groutpackers.com\/wp-content\/uploads\/2024\/06\/plastic-cup-150x150.jpg 150w, https:\/\/groutpackers.com\/wp-content\/uploads\/2024\/06\/plastic-cup-768x768.jpg 768w, https:\/\/groutpackers.com\/wp-content\/uploads\/2024\/06\/plastic-cup-600x600.jpg 600w, https:\/\/groutpackers.com\/wp-content\/uploads\/2024\/06\/plastic-cup-100x100.jpg 100w\" sizes=\"auto, (max-width: 1000px) 100vw, 1000px\" \/>\t\t\t\t\t\t\t\t\t\t\t<\/div>\n\t\t\t\t\t<\/div>\n\n\t\t<div class=\"box-text text-center\" >\n\t\t\t<div class=\"box-text-inner\">\n\t\t\t\t\n<h4>Hopper<\/h4>\n<p>Tilbeh\u00f8r til injektionsfugemaskine<\/p>\n<a href=\"\/da\/contact-us\/\" class=\"button primary is-outline\"  style=\"border-radius:99px;\">\n    <span>F\u00e5 et gratis tilbud<\/span>\n  <\/a>\n\n\t\t\t<\/div>\n\t\t<\/div>\n\t<\/div>\n\t\n\t\t<\/div>\n\t\t\t\t\n<style>\n#col-153671484 > .col-inner {\n  border-radius: 8px;\n}\n<\/style>\n\t<\/div>\n\n\t\n\n\t<div id=\"col-235107719\" class=\"col medium-4 small-12 large-4\"  >\n\t\t\t\t<div class=\"col-inner box-shadow-1\"  >\n\t\t\t\n\t\t\t\n\t<div class=\"box has-hover   has-hover box-text-bottom\" >\n\n\t\t<div class=\"box-image\" >\n\t\t\t\t\t\t<div class=\"image-zoom\" >\n\t\t\t\t<img loading=\"lazy\" decoding=\"async\" width=\"1000\" height=\"1000\" src=\"https:\/\/groutpackers.com\/wp-content\/uploads\/2024\/05\/valve-for-acrylic-pump-2.jpg\" class=\"attachment- size-\" alt=\"ventil til akrylpumpe (2)\" srcset=\"https:\/\/groutpackers.com\/wp-content\/uploads\/2024\/05\/valve-for-acrylic-pump-2.jpg 1000w, https:\/\/groutpackers.com\/wp-content\/uploads\/2024\/05\/valve-for-acrylic-pump-2-300x300.jpg 300w, https:\/\/groutpackers.com\/wp-content\/uploads\/2024\/05\/valve-for-acrylic-pump-2-150x150.jpg 150w, https:\/\/groutpackers.com\/wp-content\/uploads\/2024\/05\/valve-for-acrylic-pump-2-768x768.jpg 768w, https:\/\/groutpackers.com\/wp-content\/uploads\/2024\/05\/valve-for-acrylic-pump-2-600x600.jpg 600w, https:\/\/groutpackers.com\/wp-content\/uploads\/2024\/05\/valve-for-acrylic-pump-2-100x100.jpg 100w\" sizes=\"auto, (max-width: 1000px) 100vw, 1000px\" \/>\t\t\t\t\t\t\t\t\t\t\t<\/div>\n\t\t\t\t\t<\/div>\n\n\t\t<div class=\"box-text text-center\" >\n\t\t\t<div class=\"box-text-inner\">\n\t\t\t\t\n<h4>Stempel pumpe<\/h4>\n<p>Indspr\u00f8jtningspumpe tilbeh\u00f8r<\/p>\n<a href=\"\/da\/contact-us\/\" class=\"button primary is-outline\"  style=\"border-radius:99px;\">\n    <span>F\u00e5 et gratis tilbud<\/span>\n  <\/a>\n\n\t\t\t<\/div>\n\t\t<\/div>\n\t<\/div>\n\t\n\t\t<\/div>\n\t\t\t\t\n<style>\n#col-235107719 > .col-inner {\n  border-radius: 8px;\n}\n<\/style>\n\t<\/div>\n\n\t\n\n\t<div id=\"col-1673190478\" class=\"col medium-4 small-12 large-4\"  >\n\t\t\t\t<div class=\"col-inner box-shadow-1\"  >\n\t\t\t\n\t\t\t\n\t<div class=\"box has-hover   has-hover box-text-bottom\" >\n\n\t\t<div class=\"box-image\" >\n\t\t\t\t\t\t<div class=\"image-zoom\" >\n\t\t\t\t<img loading=\"lazy\" decoding=\"async\" width=\"1000\" height=\"1000\" src=\"https:\/\/groutpackers.com\/wp-content\/uploads\/2024\/05\/High-Pressure-Hose-1.jpg\" class=\"attachment- size-\" alt=\"H\u00f8jtryksslange\" srcset=\"https:\/\/groutpackers.com\/wp-content\/uploads\/2024\/05\/High-Pressure-Hose-1.jpg 1000w, https:\/\/groutpackers.com\/wp-content\/uploads\/2024\/05\/High-Pressure-Hose-1-300x300.jpg 300w, https:\/\/groutpackers.com\/wp-content\/uploads\/2024\/05\/High-Pressure-Hose-1-150x150.jpg 150w, https:\/\/groutpackers.com\/wp-content\/uploads\/2024\/05\/High-Pressure-Hose-1-768x768.jpg 768w, https:\/\/groutpackers.com\/wp-content\/uploads\/2024\/05\/High-Pressure-Hose-1-600x600.jpg 600w, https:\/\/groutpackers.com\/wp-content\/uploads\/2024\/05\/High-Pressure-Hose-1-100x100.jpg 100w\" sizes=\"auto, (max-width: 1000px) 100vw, 1000px\" \/>\t\t\t\t\t\t\t\t\t\t\t<\/div>\n\t\t\t\t\t<\/div>\n\n\t\t<div class=\"box-text text-center\" >\n\t\t\t<div class=\"box-text-inner\">\n\t\t\t\t\n<h4>H\u00f8jtryksslange<\/h4>\n<p>Fugepumper tilbeh\u00f8r<\/p>\n<a href=\"\/da\/contact-us\/\" class=\"button primary is-outline\"  style=\"border-radius:99px;\">\n    <span>F\u00e5 et gratis tilbud<\/span>\n  <\/a>\n\n\t\t\t<\/div>\n\t\t<\/div>\n\t<\/div>\n\t\n\t\t<\/div>\n\t\t\t\t\n<style>\n#col-1673190478 > .col-inner {\n  border-radius: 8px;\n}\n<\/style>\n\t<\/div>\n\n\t\n<\/div>\n\t\t<\/div>\n\n\t\t\n<style>\n#section_268671991 {\n  padding-top: 40px;\n  padding-bottom: 40px;\n}\n<\/style>\n\t<\/section>","protected":false},"excerpt":{"rendered":"","protected":false},"author":1,"featured_media":0,"parent":0,"menu_order":0,"comment_status":"closed","ping_status":"closed","template":"page-blank.php","meta":{"footnotes":""},"class_list":["post-589","page","type-page","status-publish","hentry"],"yoast_head":"<!-- This site is optimized with the Yoast SEO plugin v24.4 - https:\/\/yoast.com\/wordpress\/plugins\/seo\/ -->\n<title>Grouting Machine Accessories for Sale | Wholesale Factory Direct<\/title>\n<meta name=\"description\" content=\"Explore our high-quality grouting machine accessories designed for professionals in the construction industry. We offer a wide range of durable and reliable accessories to enhance the performance of your grouting machines.\" \/>\n<meta name=\"robots\" content=\"index, follow, max-snippet:-1, max-image-preview:large, max-video-preview:-1\" \/>\n<link rel=\"canonical\" href=\"https:\/\/groutpackers.com\/da\/grouting-machine-accessories\/\" \/>\n<meta property=\"og:locale\" content=\"da_DK\" \/>\n<meta property=\"og:type\" content=\"article\" \/>\n<meta property=\"og:title\" content=\"Grouting Machine Accessories for Sale | Wholesale Factory Direct\" \/>\n<meta property=\"og:description\" content=\"Explore our high-quality grouting machine accessories designed for professionals in the construction industry. We offer a wide range of durable and reliable accessories to enhance the performance of your grouting machines.\" \/>\n<meta property=\"og:url\" content=\"https:\/\/groutpackers.com\/da\/grouting-machine-accessories\/\" \/>\n<meta property=\"article:modified_time\" content=\"2025-06-26T02:26:23+00:00\" \/>\n<meta name=\"twitter:card\" content=\"summary_large_image\" \/>\n<meta name=\"twitter:label1\" content=\"Estimeret l\u00e6setid\" \/>\n\t<meta name=\"twitter:data1\" content=\"1 minut\" \/>\n<script type=\"application\/ld+json\" class=\"yoast-schema-graph\">{\"@context\":\"https:\/\/schema.org\",\"@graph\":[{\"@type\":\"WebPage\",\"@id\":\"https:\/\/groutpackers.com\/grouting-machine-accessories\/\",\"url\":\"https:\/\/groutpackers.com\/grouting-machine-accessories\/\",\"name\":\"Grouting Machine Accessories for Sale | Wholesale Factory Direct\",\"isPartOf\":{\"@id\":\"https:\/\/groutpackers.com\/bs\/#website\"},\"datePublished\":\"2023-03-13T09:28:14+00:00\",\"dateModified\":\"2025-06-26T02:26:23+00:00\",\"description\":\"Explore our high-quality grouting machine accessories designed for professionals in the construction industry. We offer a wide range of durable and reliable accessories to enhance the performance of your grouting machines.\",\"breadcrumb\":{\"@id\":\"https:\/\/groutpackers.com\/grouting-machine-accessories\/#breadcrumb\"},\"inLanguage\":\"da-DK\",\"potentialAction\":[{\"@type\":\"ReadAction\",\"target\":[\"https:\/\/groutpackers.com\/grouting-machine-accessories\/\"]}]},{\"@type\":\"BreadcrumbList\",\"@id\":\"https:\/\/groutpackers.com\/grouting-machine-accessories\/#breadcrumb\",\"itemListElement\":[{\"@type\":\"ListItem\",\"position\":1,\"name\":\"Home\",\"item\":\"https:\/\/groutpackers.com\/\"},{\"@type\":\"ListItem\",\"position\":2,\"name\":\"Grouting Machine Accessories\"}]},{\"@type\":\"WebSite\",\"@id\":\"https:\/\/groutpackers.com\/bs\/#website\",\"url\":\"https:\/\/groutpackers.com\/bs\/\",\"name\":\"\",\"description\":\"\",\"potentialAction\":[{\"@type\":\"SearchAction\",\"target\":{\"@type\":\"EntryPoint\",\"urlTemplate\":\"https:\/\/groutpackers.com\/bs\/?s={search_term_string}\"},\"query-input\":{\"@type\":\"PropertyValueSpecification\",\"valueRequired\":true,\"valueName\":\"search_term_string\"}}],\"inLanguage\":\"da-DK\"}]}<\/script>\n<!-- \/ Yoast SEO plugin. -->","yoast_head_json":{"title":"Fugemaskine tilbeh\u00f8r til salg | Engros fabrik direkte","description":"Udforsk vores h\u00f8jkvalitets fugemaskinetilbeh\u00f8r designet til fagfolk i byggebranchen. Vi tilbyder en bred vifte af holdbart og p\u00e5lideligt tilbeh\u00f8r til at forbedre ydeevnen af dine fugemaskiner.","robots":{"index":"index","follow":"follow","max-snippet":"max-snippet:-1","max-image-preview":"max-image-preview:large","max-video-preview":"max-video-preview:-1"},"canonical":"https:\/\/groutpackers.com\/da\/grouting-machine-accessories\/","og_locale":"da_DK","og_type":"article","og_title":"Grouting Machine Accessories for Sale | Wholesale Factory Direct","og_description":"Explore our high-quality grouting machine accessories designed for professionals in the construction industry. We offer a wide range of durable and reliable accessories to enhance the performance of your grouting machines.","og_url":"https:\/\/groutpackers.com\/da\/grouting-machine-accessories\/","article_modified_time":"2025-06-26T02:26:23+00:00","twitter_card":"summary_large_image","twitter_misc":{"Estimeret l\u00e6setid":"1 minut"},"schema":{"@context":"https:\/\/schema.org","@graph":[{"@type":"WebPage","@id":"https:\/\/groutpackers.com\/grouting-machine-accessories\/","url":"https:\/\/groutpackers.com\/grouting-machine-accessories\/","name":"Fugemaskine tilbeh\u00f8r til salg | Engros fabrik direkte","isPartOf":{"@id":"https:\/\/groutpackers.com\/bs\/#website"},"datePublished":"2023-03-13T09:28:14+00:00","dateModified":"2025-06-26T02:26:23+00:00","description":"Udforsk vores h\u00f8jkvalitets fugemaskinetilbeh\u00f8r designet til fagfolk i byggebranchen. Vi tilbyder en bred vifte af holdbart og p\u00e5lideligt tilbeh\u00f8r til at forbedre ydeevnen af dine fugemaskiner.","breadcrumb":{"@id":"https:\/\/groutpackers.com\/grouting-machine-accessories\/#breadcrumb"},"inLanguage":"da-DK","potentialAction":[{"@type":"ReadAction","target":["https:\/\/groutpackers.com\/grouting-machine-accessories\/"]}]},{"@type":"BreadcrumbList","@id":"https:\/\/groutpackers.com\/grouting-machine-accessories\/#breadcrumb","itemListElement":[{"@type":"ListItem","position":1,"name":"Home","item":"https:\/\/groutpackers.com\/"},{"@type":"ListItem","position":2,"name":"Grouting Machine Accessories"}]},{"@type":"WebSite","@id":"https:\/\/groutpackers.com\/bs\/#website","url":"https:\/\/groutpackers.com\/bs\/","name":"","description":"","potentialAction":[{"@type":"SearchAction","target":{"@type":"EntryPoint","urlTemplate":"https:\/\/groutpackers.com\/bs\/?s={search_term_string}"},"query-input":{"@type":"PropertyValueSpecification","valueRequired":true,"valueName":"search_term_string"}}],"inLanguage":"da-DK"}]}},"_links":{"self":[{"href":"https:\/\/groutpackers.com\/da\/wp-json\/wp\/v2\/pages\/589","targetHints":{"allow":["GET"]}}],"collection":[{"href":"https:\/\/groutpackers.com\/da\/wp-json\/wp\/v2\/pages"}],"about":[{"href":"https:\/\/groutpackers.com\/da\/wp-json\/wp\/v2\/types\/page"}],"author":[{"embeddable":true,"href":"https:\/\/groutpackers.com\/da\/wp-json\/wp\/v2\/users\/1"}],"replies":[{"embeddable":true,"href":"https:\/\/groutpackers.com\/da\/wp-json\/wp\/v2\/comments?post=589"}],"version-history":[{"count":26,"href":"https:\/\/groutpackers.com\/da\/wp-json\/wp\/v2\/pages\/589\/revisions"}],"predecessor-version":[{"id":3505,"href":"https:\/\/groutpackers.com\/da\/wp-json\/wp\/v2\/pages\/589\/revisions\/3505"}],"wp:attachment":[{"href":"https:\/\/groutpackers.com\/da\/wp-json\/wp\/v2\/media?parent=589"}],"curies":[{"name":"wp","href":"https:\/\/api.w.org\/{rel}","templated":true}]}}