{"id":25,"date":"2023-03-05T10:39:43","date_gmt":"2023-03-05T10:39:43","guid":{"rendered":"http:\/\/groutpackers.com\/?page_id=25"},"modified":"2024-07-10T02:49:31","modified_gmt":"2024-07-10T02:49:31","slug":"about","status":"publish","type":"page","link":"https:\/\/groutpackers.com\/de\/about\/","title":{"rendered":"Um"},"content":{"rendered":"<section class=\"section\" id=\"section_414614551\">\n\t\t<div class=\"bg section-bg fill bg-fill  bg-loaded\" >\n\n\t\t\t\n\t\t\t\n\t\t\t\n\n\t\t<\/div>\n\n\t\t\n\n\t\t<div class=\"section-content relative\">\n\t\t\t\n<div class=\"row align-equal\"  id=\"row-1235318681\">\n\n\t<div id=\"col-1362466529\" class=\"col medium-12 small-12 large-6 medium-col-first\"  >\n\t\t\t\t<div class=\"col-inner\"  >\n\t\t\t\n\t\t\t\n\t<div id=\"gap-562716999\" class=\"gap-element clearfix\" style=\"display:block; height:auto;\">\n\t\t\n<style>\n#gap-562716999 {\n  padding-top: 5px;\n}\n<\/style>\n\t<\/div>\n\t\n\t<div id=\"text-211719819\" class=\"text\">\n\t\t\n<h2>FIRMENINFO<\/h2>\n\t\t\n<style>\n#text-211719819 {\n  font-size: 1rem;\n}\n@media (min-width:550px) {\n  #text-211719819 {\n    font-size: 1rem;\n  }\n}\n@media (min-width:850px) {\n  #text-211719819 {\n    font-size: 1.4rem;\n  }\n}\n<\/style>\n\t<\/div>\n\t\n<div class=\"is-divider divider clearfix\" style=\"max-width:50px;height:4px;background-color:rgba(224, 236, 250, 0.953);\"><\/div>\n\t<div id=\"gap-77186684\" class=\"gap-element clearfix hide-for-small\" style=\"display:block; height:auto;\">\n\t\t\n<style>\n#gap-77186684 {\n  padding-top: 20px;\n}\n<\/style>\n\t<\/div>\n\t\n<p>Groutpackers ist Chinas f\u00fchrender Hersteller von <a href=\"http:\/\/groutpackers.com\/de\/injection-packer\/\">Injektionspacker<\/a> Und <a href=\"http:\/\/groutpackers.com\/de\/injection-grouting-machine\/\">Injektionspumpen<\/a>, sie sind f\u00fcr den Baubereich konzipiert. Ein strenges QC-Team ist immer vor Ort, um sicherzustellen, dass jeder <a href=\"http:\/\/groutpackers.com\/de\/injection-packer\/\">Injektionspacker<\/a> Und <a href=\"http:\/\/groutpackers.com\/de\/injection-grouting-machine\/\">Einspritzpumpen<\/a> Unser Team ist auf h\u00f6chstem Niveau und steht Ihnen jederzeit mit dem bestm\u00f6glichen Service zur Seite.<\/p>\n<p>Wir verf\u00fcgen \u00fcber die ISO 9001-Zertifizierung und verbessern uns kontinuierlich, um mit dem internationalen Standard Schritt zu halten. Wir sind davon \u00fcberzeugt, dass unser Erfolg davon abh\u00e4ngt, Ihren Nutzen in den Vordergrund zu stellen und mit h\u00f6chster Professionalit\u00e4t und Effizienz Werte f\u00fcr unsere Kunden weltweit zu schaffen.<\/p>\n\t<div id=\"gap-1780398848\" class=\"gap-element clearfix\" style=\"display:block; height:auto;\">\n\t\t\n<style>\n#gap-1780398848 {\n  padding-top: 30px;\n}\n<\/style>\n\t<\/div>\n\t\n<a href=\"\/de\/contact\/\" class=\"button primary lowercase\"  style=\"border-radius:99px;\">\n    <span>Kontaktiere uns<\/span>\n  <\/a>\n\n\t\t<\/div>\n\t\t\t\t\n<style>\n#col-1362466529 > .col-inner {\n  padding: 0px 0px 0px 0px;\n}\n@media (min-width:550px) {\n  #col-1362466529 > .col-inner {\n    padding: 0px 0px 0px 0px;\n  }\n}\n@media (min-width:850px) {\n  #col-1362466529 > .col-inner {\n    padding: 0px 20px 0px 0px;\n  }\n}\n<\/style>\n\t<\/div>\n\n\t\n\n\t<div id=\"col-938315745\" class=\"col medium-12 small-12 large-6\"  >\n\t\t\t\t<div class=\"col-inner\"  >\n\t\t\t\n\t\t\t\n\t<div class=\"img has-hover x md-x lg-x y md-y lg-y\" id=\"image_698807042\">\n\t\t\t\t\t\t\t\t<div class=\"img-inner image-cover box-shadow-1 box-shadow-5-hover dark\" style=\"padding-top:70%;\">\n\t\t\t<img loading=\"lazy\" decoding=\"async\" width=\"2560\" height=\"1181\" src=\"https:\/\/groutpackers.com\/wp-content\/uploads\/2024\/04\/work-shop-scaled.jpg\" class=\"attachment-original size-original\" alt=\"Werkstatt\" srcset=\"https:\/\/groutpackers.com\/wp-content\/uploads\/2024\/04\/work-shop-scaled.jpg 2560w, https:\/\/groutpackers.com\/wp-content\/uploads\/2024\/04\/work-shop-300x138.jpg 300w, https:\/\/groutpackers.com\/wp-content\/uploads\/2024\/04\/work-shop-1024x473.jpg 1024w, https:\/\/groutpackers.com\/wp-content\/uploads\/2024\/04\/work-shop-768x354.jpg 768w, https:\/\/groutpackers.com\/wp-content\/uploads\/2024\/04\/work-shop-1536x709.jpg 1536w, https:\/\/groutpackers.com\/wp-content\/uploads\/2024\/04\/work-shop-2048x945.jpg 2048w, https:\/\/groutpackers.com\/wp-content\/uploads\/2024\/04\/work-shop-600x277.jpg 600w\" sizes=\"auto, (max-width: 2560px) 100vw, 2560px\" \/>\t\t\t\t\t\t\n\t\t\t\t\t<\/div>\n\t\t\t\t\t\t\t\t\n<style>\n#image_698807042 {\n  width: 100%;\n}\n<\/style>\n\t<\/div>\n\t\n\t\t<\/div>\n\t\t\t\t\n<style>\n#col-938315745 > .col-inner {\n  padding: 0px 0px 0px 0px;\n  border-radius: 8px;\n}\n@media (min-width:550px) {\n  #col-938315745 > .col-inner {\n    padding: 0px 0px 0px 0px;\n  }\n}\n@media (min-width:850px) {\n  #col-938315745 > .col-inner {\n    padding: 0px 0px 0px 20px;\n  }\n}\n<\/style>\n\t<\/div>\n\n\t\n<\/div>\n\t\t<\/div>\n\n\t\t\n<style>\n#section_414614551 {\n  padding-top: 30px;\n  padding-bottom: 30px;\n}\n@media (min-width:550px) {\n  #section_414614551 {\n    padding-top: 30px;\n    padding-bottom: 30px;\n  }\n}\n@media (min-width:850px) {\n  #section_414614551 {\n    padding-top: 80px;\n    padding-bottom: 80px;\n  }\n}\n<\/style>\n\t<\/section>\n\t\n\n\n\t<section class=\"section\" id=\"section_866741055\">\n\t\t<div class=\"bg section-bg fill bg-fill  bg-loaded\" >\n\n\t\t\t\n\t\t\t\n\t\t\t\n\n\t\t<\/div>\n\n\t\t\n\n\t\t<div class=\"section-content relative\">\n\t\t\t\n\t<div id=\"gap-1559094961\" class=\"gap-element clearfix\" style=\"display:block; height:auto;\">\n\t\t\n<style>\n#gap-1559094961 {\n  padding-top: 30px;\n}\n<\/style>\n\t<\/div>\n\t\n<div class=\"row align-center\"  id=\"row-890216861\">\n\n\t<div id=\"col-1747728272\" class=\"col medium-10 small-12 large-10\"  >\n\t\t\t\t<div class=\"col-inner\"  >\n\t\t\t\n\t\t\t\n\t<div id=\"text-940095565\" class=\"text\">\n\t\t\n<h2><span style=\"color: #808080;\">STABILE QUALIT\u00c4T UND SCHNELLE LIEFERUNG<\/span><\/h2>\n\t\t\n<style>\n#text-940095565 {\n  font-size: 1.35rem;\n  text-align: center;\n  color: rgb(255,255,255);\n}\n#text-940095565 > * {\n  color: rgb(255,255,255);\n}\n<\/style>\n\t<\/div>\n\t\n<div class=\"text-center\"><div class=\"is-divider divider clearfix\" style=\"background-color:rgb(255, 255, 255);\"><\/div><\/div>\n\t\t<\/div>\n\t\t\t\t\n<style>\n#col-1747728272 > .col-inner {\n  margin: 0px 0px -20px 0px;\n}\n<\/style>\n\t<\/div>\n\n\t\n<\/div>\n<div class=\"row\"  id=\"row-1140758248\">\n\n\t<div id=\"col-627728332\" class=\"col small-12 large-12\"  >\n\t\t\t\t<div class=\"col-inner text-center\"  >\n\t\t\t\n\t\t\t\n<a href=\"\/de\/shop\/\" class=\"button white\"  style=\"border-radius:99px;\">\n    <span>Erfahren Sie mehr<\/span>\n  <\/a>\n\n\t\t<\/div>\n\t\t\t\t\n<style>\n#col-627728332 > .col-inner {\n  margin: 0px 0px -20px 0px;\n}\n<\/style>\n\t<\/div>\n\n\t\n<\/div>\n\t\t<\/div>\n\n\t\t\n<style>\n#section_866741055 {\n  padding-top: 30px;\n  padding-bottom: 30px;\n  background-color: rgba(224, 236, 250, 0.953);\n}\n<\/style>\n\t<\/section>\n\t\n\t<section class=\"section\" id=\"section_527760011\">\n\t\t<div class=\"bg section-bg fill bg-fill  bg-loaded\" >\n\n\t\t\t\n\t\t\t\n\t\t\t\n\n\t\t<\/div>\n\n\t\t\n\n\t\t<div class=\"section-content relative\">\n\t\t\t\n<div class=\"row\"  id=\"row-679029040\">\n\n\t<div id=\"col-511910400\" class=\"col small-12 large-12\"  >\n\t\t\t\t<div class=\"col-inner\"  >\n\t\t\t\n\t\t\t\n\t<div id=\"gap-760970308\" class=\"gap-element clearfix hide-for-medium\" style=\"display:block; height:auto;\">\n\t\t\n<style>\n#gap-760970308 {\n  padding-top: 30px;\n}\n<\/style>\n\t<\/div>\n\t\n\t\t<\/div>\n\t\t\t\t\n<style>\n#col-511910400 > .col-inner {\n  margin: 0px 0px -20px 0px;\n}\n<\/style>\n\t<\/div>\n\n\t\n<\/div>\n\t<div id=\"text-1468084351\" class=\"text\">\n\t\t\n<h2 style=\"text-align: center;\">\u00a0 \u00a0 \u00a0 \u00a0 \u00a0 \u00a0 \u00a0 \u00a0 \u00a0 \u00a0 \u00a0 \u00a0 \u00a0 \u00a0 \u00a0 \u00a0 \u00a0 \u00a0 \u00a0 \u00a0 \u00a0 \u00a0 \u00a0 \u00a0 \u00a0 \u00a0 \u00a0 \u00a0 \u00a0 \u00a0 \u00a0 \u00a0 \u00a0 \u00a0 UNSER PRODUKT<\/h2>\n\t\t\n<style>\n#text-1468084351 {\n  font-size: 1rem;\n  text-align: right;\n}\n@media (min-width:550px) {\n  #text-1468084351 {\n    font-size: 1rem;\n  }\n}\n@media (min-width:850px) {\n  #text-1468084351 {\n    font-size: 1.3rem;\n  }\n}\n<\/style>\n\t<\/div>\n\t\n<div class=\"row align-equal\" style=\"max-width:1400px\" id=\"row-87765793\">\n\n\t<div id=\"col-526241827\" class=\"col medium-12 small-12 large-6\"  >\n\t\t\t\t<div class=\"col-inner\"  >\n\t\t\t\n\t\t\t\n\t<div class=\"img has-hover x md-x lg-x y md-y lg-y\" id=\"image_1224202943\">\n\t\t\t\t\t\t\t\t<div class=\"img-inner box-shadow-1 box-shadow-5-hover dark\" >\n\t\t\t\t\t\t\t\t\t\n\t\t\t\t\t<\/div>\n\t\t\t\t\t\t\t\t\n<style>\n#image_1224202943 {\n  width: 100%;\n}\n@media (min-width:550px) {\n  #image_1224202943 {\n    width: 100%;\n  }\n}\n<\/style>\n\t<\/div>\n\t\n\t<div class=\"img has-hover x md-x lg-x y md-y lg-y\" id=\"image_1026140451\">\n\t\t\t\t\t\t\t\t<div class=\"img-inner dark\" >\n\t\t\t<img loading=\"lazy\" decoding=\"async\" width=\"1020\" height=\"1020\" src=\"https:\/\/groutpackers.com\/wp-content\/uploads\/2024\/05\/Grout-pump-and-injection-packer-1024x1024.jpg\" class=\"attachment-large size-large\" alt=\"M\u00f6rtelpumpe und Injektionspacker\" srcset=\"https:\/\/groutpackers.com\/wp-content\/uploads\/2024\/05\/Grout-pump-and-injection-packer-1024x1024.jpg 1024w, https:\/\/groutpackers.com\/wp-content\/uploads\/2024\/05\/Grout-pump-and-injection-packer-300x300.jpg 300w, https:\/\/groutpackers.com\/wp-content\/uploads\/2024\/05\/Grout-pump-and-injection-packer-150x150.jpg 150w, https:\/\/groutpackers.com\/wp-content\/uploads\/2024\/05\/Grout-pump-and-injection-packer-768x768.jpg 768w, https:\/\/groutpackers.com\/wp-content\/uploads\/2024\/05\/Grout-pump-and-injection-packer-600x600.jpg 600w, https:\/\/groutpackers.com\/wp-content\/uploads\/2024\/05\/Grout-pump-and-injection-packer-100x100.jpg 100w, https:\/\/groutpackers.com\/wp-content\/uploads\/2024\/05\/Grout-pump-and-injection-packer.jpg 1200w\" sizes=\"auto, (max-width: 1020px) 100vw, 1020px\" \/>\t\t\t\t\t\t\n\t\t\t\t\t<\/div>\n\t\t\t\t\t\t\t\t\n<style>\n#image_1026140451 {\n  width: 100%;\n}\n<\/style>\n\t<\/div>\n\t\n\t\t<\/div>\n\t\t\t\t\n<style>\n#col-526241827 > .col-inner {\n  padding: 0px 0px 0px 0px;\n}\n@media (min-width:550px) {\n  #col-526241827 > .col-inner {\n    padding: 0px 0px 0px 0px;\n  }\n}\n@media (min-width:850px) {\n  #col-526241827 > .col-inner {\n    padding: 0px 30px 0px 0px;\n  }\n}\n<\/style>\n\t<\/div>\n\n\t\n\n\t<div id=\"col-438972972\" class=\"col medium-12 small-12 large-6 medium-col-first\"  >\n\t\t\t\t<div class=\"col-inner\"  >\n\t\t\t\n\t\t\t\n<div class=\"is-divider divider clearfix\" style=\"max-width:50px;height:4px;background-color:rgba(224, 236, 250, 0.953);\"><\/div>\n\t<div class=\"img has-hover x md-x lg-x y md-y lg-y\" id=\"image_659116568\">\n\t\t\t\t\t\t\t\t<div class=\"img-inner image-cover dark\" style=\"padding-top:50%;\">\n\t\t\t<img loading=\"lazy\" decoding=\"async\" width=\"1000\" height=\"1000\" src=\"https:\/\/groutpackers.com\/wp-content\/uploads\/2024\/05\/Sliding-coupler.jpg\" class=\"attachment-large size-large\" alt=\"Schiebekupplung\" srcset=\"https:\/\/groutpackers.com\/wp-content\/uploads\/2024\/05\/Sliding-coupler.jpg 1000w, https:\/\/groutpackers.com\/wp-content\/uploads\/2024\/05\/Sliding-coupler-300x300.jpg 300w, https:\/\/groutpackers.com\/wp-content\/uploads\/2024\/05\/Sliding-coupler-150x150.jpg 150w, https:\/\/groutpackers.com\/wp-content\/uploads\/2024\/05\/Sliding-coupler-768x768.jpg 768w, https:\/\/groutpackers.com\/wp-content\/uploads\/2024\/05\/Sliding-coupler-600x600.jpg 600w, https:\/\/groutpackers.com\/wp-content\/uploads\/2024\/05\/Sliding-coupler-100x100.jpg 100w\" sizes=\"auto, (max-width: 1000px) 100vw, 1000px\" \/>\t\t\t\t\t\t\n\t\t\t\t\t<\/div>\n\t\t\t\t\t\t\t\t\n<style>\n#image_659116568 {\n  width: 100%;\n}\n<\/style>\n\t<\/div>\n\t\n<h3>Steigern Sie Ihren Erfolg mit<br \/>unser <a href=\"http:\/\/groutpackers.com\/de\/injection-packer\/\">Injektionspacker<\/a> Und <a href=\"http:\/\/groutpackers.com\/de\/injection-grouting-machine\/\">Injektionspumpe<\/a><\/h3>\n<p>Unsere Injektionspacker und Injektionspumpen sind mit Sicherheitsgarantien ausgestattet. Kundenprojekte k\u00f6nnen einige versteckte Risiken vermeiden. Stabile und zuverl\u00e4ssige Packer und Pumpen sind die wichtigste Unterst\u00fctzung f\u00fcr Ihre laufenden Projekte. Sie k\u00f6nnen Ihnen Zeit und Kosten sparen. Wir sind ein vertrauensw\u00fcrdiger Lieferant und verf\u00fcgen \u00fcber ein QC-System, um die Qualit\u00e4t sicherzustellen.\u00a0<\/p>\n<p>Unser Produkt ist nach ISO 9001 und CE zertifiziert. Damit k\u00f6nnen Sie den europ\u00e4ischen Markt ganz einfach erkunden.<\/p>\n\t<div id=\"gap-1309515094\" class=\"gap-element clearfix\" style=\"display:block; height:auto;\">\n\t\t\n<style>\n#gap-1309515094 {\n  padding-top: 30px;\n}\n<\/style>\n\t<\/div>\n\t\n<a href=\"\/de\/contact\/\" class=\"button primary lowercase\"  style=\"border-radius:99px;\">\n    <span>Kontaktiere uns<\/span>\n  <\/a>\n\n\t\t<\/div>\n\t\t\t\t\n<style>\n#col-438972972 > .col-inner {\n  padding: 0px 0px 0px 0px;\n}\n@media (min-width:550px) {\n  #col-438972972 > .col-inner {\n    padding: 0px 0px 0px 0px;\n  }\n}\n@media (min-width:850px) {\n  #col-438972972 > .col-inner {\n    padding: 0px 90px 0px 30px;\n  }\n}\n<\/style>\n\t<\/div>\n\n\t\n<\/div>\n<div class=\"row align-middle align-center\"  id=\"row-1493314034\">\n\n\t<div id=\"col-1983137346\" class=\"col medium-6 small-12 large-6\"  >\n\t\t\t\t<div class=\"col-inner\"  >\n\t\t\t\n\t\t\t\n\t<div id=\"gap-1651541593\" class=\"gap-element clearfix\" style=\"display:block; height:auto;\">\n\t\t\n<style>\n#gap-1651541593 {\n  padding-top: 0px;\n}\n<\/style>\n\t<\/div>\n\t\n\t\t<\/div>\n\t\t\t\t\t<\/div>\n\n\t\n<\/div>\n\t\t<\/div>\n\n\t\t\n<style>\n#section_527760011 {\n  padding-top: 0px;\n  padding-bottom: 0px;\n}\n@media (min-width:550px) {\n  #section_527760011 {\n    padding-top: 0px;\n    padding-bottom: 0px;\n  }\n}\n@media (min-width:850px) {\n  #section_527760011 {\n    padding-top: 50px;\n    padding-bottom: 50px;\n  }\n}\n<\/style>\n\t<\/section>","protected":false},"excerpt":{"rendered":"","protected":false},"author":1,"featured_media":0,"parent":0,"menu_order":0,"comment_status":"closed","ping_status":"closed","template":"page-blank.php","meta":{"footnotes":""},"class_list":["post-25","page","type-page","status-publish","hentry"],"yoast_head":"<!-- This site is optimized with the Yoast SEO plugin v24.4 - https:\/\/yoast.com\/wordpress\/plugins\/seo\/ -->\n<title>About Us | Injection Packers Suppliers<\/title>\n<meta name=\"description\" content=\"Injection Packers Suppliers From China. We can customize injection packers for client as per your requirements\" \/>\n<meta name=\"robots\" content=\"index, follow, max-snippet:-1, max-image-preview:large, max-video-preview:-1\" \/>\n<link rel=\"canonical\" href=\"https:\/\/groutpackers.com\/de\/about\/\" \/>\n<meta property=\"og:locale\" content=\"de_DE\" \/>\n<meta property=\"og:type\" content=\"article\" \/>\n<meta property=\"og:title\" content=\"About Us | Injection Packers Suppliers\" \/>\n<meta property=\"og:description\" content=\"Injection Packers Suppliers From China. We can customize injection packers for client as per your requirements\" \/>\n<meta property=\"og:url\" content=\"https:\/\/groutpackers.com\/de\/about\/\" \/>\n<meta property=\"article:modified_time\" content=\"2024-07-10T02:49:31+00:00\" \/>\n<meta name=\"twitter:card\" content=\"summary_large_image\" \/>\n<meta name=\"twitter:label1\" content=\"Gesch\u00e4tzte Lesezeit\" \/>\n\t<meta name=\"twitter:data1\" content=\"4\u00a0Minuten\" \/>\n<script type=\"application\/ld+json\" class=\"yoast-schema-graph\">{\"@context\":\"https:\/\/schema.org\",\"@graph\":[{\"@type\":\"WebPage\",\"@id\":\"https:\/\/groutpackers.com\/ceb\/about\/\",\"url\":\"https:\/\/groutpackers.com\/ceb\/about\/\",\"name\":\"About Us | Injection Packers Suppliers\",\"isPartOf\":{\"@id\":\"https:\/\/groutpackers.com\/bs\/#website\"},\"datePublished\":\"2023-03-05T10:39:43+00:00\",\"dateModified\":\"2024-07-10T02:49:31+00:00\",\"description\":\"Injection Packers Suppliers From China. We can customize injection packers for client as per your requirements\",\"breadcrumb\":{\"@id\":\"https:\/\/groutpackers.com\/ceb\/about\/#breadcrumb\"},\"inLanguage\":\"de\",\"potentialAction\":[{\"@type\":\"ReadAction\",\"target\":[\"https:\/\/groutpackers.com\/ceb\/about\/\"]}]},{\"@type\":\"BreadcrumbList\",\"@id\":\"https:\/\/groutpackers.com\/ceb\/about\/#breadcrumb\",\"itemListElement\":[{\"@type\":\"ListItem\",\"position\":1,\"name\":\"Home\",\"item\":\"https:\/\/groutpackers.com\/\"},{\"@type\":\"ListItem\",\"position\":2,\"name\":\"About\"}]},{\"@type\":\"WebSite\",\"@id\":\"https:\/\/groutpackers.com\/bs\/#website\",\"url\":\"https:\/\/groutpackers.com\/bs\/\",\"name\":\"\",\"description\":\"\",\"potentialAction\":[{\"@type\":\"SearchAction\",\"target\":{\"@type\":\"EntryPoint\",\"urlTemplate\":\"https:\/\/groutpackers.com\/bs\/?s={search_term_string}\"},\"query-input\":{\"@type\":\"PropertyValueSpecification\",\"valueRequired\":true,\"valueName\":\"search_term_string\"}}],\"inLanguage\":\"de\"}]}<\/script>\n<!-- \/ Yoast SEO plugin. -->","yoast_head_json":{"title":"\u00dcber uns | Lieferanten von Injektionspackern","description":"Lieferanten von Injektionspackern aus China. Wir k\u00f6nnen Injektionspacker f\u00fcr Kunden nach Ihren Anforderungen anpassen","robots":{"index":"index","follow":"follow","max-snippet":"max-snippet:-1","max-image-preview":"max-image-preview:large","max-video-preview":"max-video-preview:-1"},"canonical":"https:\/\/groutpackers.com\/de\/about\/","og_locale":"de_DE","og_type":"article","og_title":"About Us | Injection Packers Suppliers","og_description":"Injection Packers Suppliers From China. We can customize injection packers for client as per your requirements","og_url":"https:\/\/groutpackers.com\/de\/about\/","article_modified_time":"2024-07-10T02:49:31+00:00","twitter_card":"summary_large_image","twitter_misc":{"Gesch\u00e4tzte Lesezeit":"4\u00a0Minuten"},"schema":{"@context":"https:\/\/schema.org","@graph":[{"@type":"WebPage","@id":"https:\/\/groutpackers.com\/ceb\/about\/","url":"https:\/\/groutpackers.com\/ceb\/about\/","name":"\u00dcber uns | Lieferanten von Injektionspackern","isPartOf":{"@id":"https:\/\/groutpackers.com\/bs\/#website"},"datePublished":"2023-03-05T10:39:43+00:00","dateModified":"2024-07-10T02:49:31+00:00","description":"Lieferanten von Injektionspackern aus China. Wir k\u00f6nnen Injektionspacker f\u00fcr Kunden nach Ihren Anforderungen anpassen","breadcrumb":{"@id":"https:\/\/groutpackers.com\/ceb\/about\/#breadcrumb"},"inLanguage":"de","potentialAction":[{"@type":"ReadAction","target":["https:\/\/groutpackers.com\/ceb\/about\/"]}]},{"@type":"BreadcrumbList","@id":"https:\/\/groutpackers.com\/ceb\/about\/#breadcrumb","itemListElement":[{"@type":"ListItem","position":1,"name":"Home","item":"https:\/\/groutpackers.com\/"},{"@type":"ListItem","position":2,"name":"About"}]},{"@type":"WebSite","@id":"https:\/\/groutpackers.com\/bs\/#website","url":"https:\/\/groutpackers.com\/bs\/","name":"","description":"","potentialAction":[{"@type":"SearchAction","target":{"@type":"EntryPoint","urlTemplate":"https:\/\/groutpackers.com\/bs\/?s={search_term_string}"},"query-input":{"@type":"PropertyValueSpecification","valueRequired":true,"valueName":"search_term_string"}}],"inLanguage":"de"}]}},"_links":{"self":[{"href":"https:\/\/groutpackers.com\/de\/wp-json\/wp\/v2\/pages\/25","targetHints":{"allow":["GET"]}}],"collection":[{"href":"https:\/\/groutpackers.com\/de\/wp-json\/wp\/v2\/pages"}],"about":[{"href":"https:\/\/groutpackers.com\/de\/wp-json\/wp\/v2\/types\/page"}],"author":[{"embeddable":true,"href":"https:\/\/groutpackers.com\/de\/wp-json\/wp\/v2\/users\/1"}],"replies":[{"embeddable":true,"href":"https:\/\/groutpackers.com\/de\/wp-json\/wp\/v2\/comments?post=25"}],"version-history":[{"count":31,"href":"https:\/\/groutpackers.com\/de\/wp-json\/wp\/v2\/pages\/25\/revisions"}],"predecessor-version":[{"id":3216,"href":"https:\/\/groutpackers.com\/de\/wp-json\/wp\/v2\/pages\/25\/revisions\/3216"}],"wp:attachment":[{"href":"https:\/\/groutpackers.com\/de\/wp-json\/wp\/v2\/media?parent=25"}],"curies":[{"name":"wp","href":"https:\/\/api.w.org\/{rel}","templated":true}]}}