{"id":589,"date":"2023-03-13T09:28:14","date_gmt":"2023-03-13T09:28:14","guid":{"rendered":"http:\/\/groutpackers.com\/?page_id=589"},"modified":"2025-06-26T02:26:23","modified_gmt":"2025-06-26T02:26:23","slug":"grouting-machine-accessories","status":"publish","type":"page","link":"https:\/\/groutpackers.com\/de\/grouting-machine-accessories\/","title":{"rendered":"Fugenmaschinenzubeh\u00f6r"},"content":{"rendered":"<section class=\"section\" id=\"section_1034772241\">\n\t\t<div class=\"bg section-bg fill bg-fill  bg-loaded\" >\n\n\t\t\t\n\t\t\t\n\t\t\t\n\n\t\t<\/div>\n\n\t\t\n\n\t\t<div class=\"section-content relative\">\n\t\t\t\n\t<div id=\"text-2713624409\" class=\"text\">\n\t\t\n<h2 style=\"text-align: center;\"><strong>Fugenmaschinen Zubeh\u00f6r Kategorie<\/strong><\/h2>\n\t\t\n<style>\n#text-2713624409 {\n  text-align: center;\n}\n<\/style>\n\t<\/div>\n\t\n\t<div id=\"gap-1168389411\" class=\"gap-element clearfix\" style=\"display:block; height:auto;\">\n\t\t\n<style>\n#gap-1168389411 {\n  padding-top: 30px;\n}\n<\/style>\n\t<\/div>\n\t\n<div class=\"row align-equal\"  id=\"row-1709540390\">\n\n\t<div id=\"col-1916814406\" class=\"col medium-4 small-12 large-4\"  >\n\t\t\t\t<div class=\"col-inner box-shadow-1\"  >\n\t\t\t\n\t\t\t\n\t<div class=\"box has-hover   has-hover box-text-bottom\" >\n\n\t\t<div class=\"box-image\" >\n\t\t\t\t\t\t<div class=\"image-zoom\" >\n\t\t\t\t<img loading=\"lazy\" decoding=\"async\" width=\"1000\" height=\"1000\" src=\"https:\/\/groutpackers.com\/wp-content\/uploads\/2024\/05\/Sliding-coupler.jpg\" class=\"attachment- size-\" alt=\"Schiebekupplung\" srcset=\"https:\/\/groutpackers.com\/wp-content\/uploads\/2024\/05\/Sliding-coupler.jpg 1000w, https:\/\/groutpackers.com\/wp-content\/uploads\/2024\/05\/Sliding-coupler-300x300.jpg 300w, https:\/\/groutpackers.com\/wp-content\/uploads\/2024\/05\/Sliding-coupler-150x150.jpg 150w, https:\/\/groutpackers.com\/wp-content\/uploads\/2024\/05\/Sliding-coupler-768x768.jpg 768w, https:\/\/groutpackers.com\/wp-content\/uploads\/2024\/05\/Sliding-coupler-600x600.jpg 600w, https:\/\/groutpackers.com\/wp-content\/uploads\/2024\/05\/Sliding-coupler-100x100.jpg 100w\" sizes=\"auto, (max-width: 1000px) 100vw, 1000px\" \/>\t\t\t\t\t\t\t\t\t\t\t<\/div>\n\t\t\t\t\t<\/div>\n\n\t\t<div class=\"box-text text-center\" >\n\t\t\t<div class=\"box-text-inner\">\n\t\t\t\t\n<h4>Halbrundkopf-\/Gleitkopfkupplung<\/h4>\n<p>Hochdruck-, Zinklegierungs- oder Aluminiumkupplung beide verf\u00fcgbar. Durchmesser 16 mm.\u00a0<\/p>\n<a href=\"\/de\/contact-us\/\" class=\"button primary is-outline\"  style=\"border-radius:99px;\">\n    <span>Erhalten ein kostenloses Angebot<\/span>\n  <\/a>\n\n\t\t\t<\/div>\n\t\t<\/div>\n\t<\/div>\n\t\n\t\t<\/div>\n\t\t\t\t\n<style>\n#col-1916814406 > .col-inner {\n  border-radius: 8px;\n}\n<\/style>\n\t<\/div>\n\n\t\n\n\t<div id=\"col-893327084\" class=\"col medium-4 small-12 large-4\"  >\n\t\t\t\t<div class=\"col-inner box-shadow-1\"  >\n\t\t\t\n\t\t\t\n\t<div class=\"box has-hover   has-hover box-text-bottom\" >\n\n\t\t<div class=\"box-image\" >\n\t\t\t\t\t\t<div class=\"image-zoom\" >\n\t\t\t\t<img loading=\"lazy\" decoding=\"async\" width=\"1000\" height=\"1000\" src=\"https:\/\/groutpackers.com\/wp-content\/uploads\/2024\/06\/Gold-button-head-coupler.jpg\" class=\"attachment- size-\" alt=\"Goldfarbener Knopfkopf-Koppler\" srcset=\"https:\/\/groutpackers.com\/wp-content\/uploads\/2024\/06\/Gold-button-head-coupler.jpg 1000w, https:\/\/groutpackers.com\/wp-content\/uploads\/2024\/06\/Gold-button-head-coupler-300x300.jpg 300w, https:\/\/groutpackers.com\/wp-content\/uploads\/2024\/06\/Gold-button-head-coupler-150x150.jpg 150w, https:\/\/groutpackers.com\/wp-content\/uploads\/2024\/06\/Gold-button-head-coupler-768x768.jpg 768w, https:\/\/groutpackers.com\/wp-content\/uploads\/2024\/06\/Gold-button-head-coupler-600x600.jpg 600w, https:\/\/groutpackers.com\/wp-content\/uploads\/2024\/06\/Gold-button-head-coupler-100x100.jpg 100w\" sizes=\"auto, (max-width: 1000px) 100vw, 1000px\" \/>\t\t\t\t\t\t\t\t\t\t\t<\/div>\n\t\t\t\t\t<\/div>\n\n\t\t<div class=\"box-text text-center\" >\n\t\t\t<div class=\"box-text-inner\">\n\t\t\t\t\n<h4>Flachkopfkupplung<\/h4>\n<p>Niedriger Druck, wird zum Einspritzen von hochdichtem Material verwendet. Messingkupplung.<\/p>\n<a href=\"\/de\/contact-us\/\" class=\"button primary is-outline\"  style=\"border-radius:99px;\">\n    <span>Erhalten ein kostenloses Angebot<\/span>\n  <\/a>\n\n\t\t\t<\/div>\n\t\t<\/div>\n\t<\/div>\n\t\n\t\t<\/div>\n\t\t\t\t\n<style>\n#col-893327084 > .col-inner {\n  border-radius: 8px;\n}\n<\/style>\n\t<\/div>\n\n\t\n\n\t<div id=\"col-1620739959\" class=\"col medium-4 small-12 large-4\"  >\n\t\t\t\t<div class=\"col-inner box-shadow-1\"  >\n\t\t\t\n\t\t\t\n\t<div class=\"box has-hover   has-hover box-text-bottom\" >\n\n\t\t<div class=\"box-image\" >\n\t\t\t\t\t\t<div class=\"image-zoom\" >\n\t\t\t\t<img loading=\"lazy\" decoding=\"async\" width=\"1000\" height=\"1000\" src=\"https:\/\/groutpackers.com\/wp-content\/uploads\/2024\/06\/Steel-Button-head-coupler.jpg\" class=\"attachment- size-\" alt=\"Stahl-Halbrundkopfkupplung\" srcset=\"https:\/\/groutpackers.com\/wp-content\/uploads\/2024\/06\/Steel-Button-head-coupler.jpg 1000w, https:\/\/groutpackers.com\/wp-content\/uploads\/2024\/06\/Steel-Button-head-coupler-300x300.jpg 300w, https:\/\/groutpackers.com\/wp-content\/uploads\/2024\/06\/Steel-Button-head-coupler-150x150.jpg 150w, https:\/\/groutpackers.com\/wp-content\/uploads\/2024\/06\/Steel-Button-head-coupler-768x768.jpg 768w, https:\/\/groutpackers.com\/wp-content\/uploads\/2024\/06\/Steel-Button-head-coupler-600x600.jpg 600w, https:\/\/groutpackers.com\/wp-content\/uploads\/2024\/06\/Steel-Button-head-coupler-100x100.jpg 100w\" sizes=\"auto, (max-width: 1000px) 100vw, 1000px\" \/>\t\t\t\t\t\t\t\t\t\t\t<\/div>\n\t\t\t\t\t<\/div>\n\n\t\t<div class=\"box-text text-center\" >\n\t\t\t<div class=\"box-text-inner\">\n\t\t\t\t\n<h4>Stahl-Halbrundkopfkupplung<\/h4>\n<p>Stahlmuffe f\u00fcr niedrigen Druck, zum Einspritzen von Materialien mit hoher Dichte.<\/p>\n<a href=\"\/de\/contact-us\/\" class=\"button primary is-outline\"  style=\"border-radius:99px;\">\n    <span>Erhalten ein kostenloses Angebot<\/span>\n  <\/a>\n\n\t\t\t<\/div>\n\t\t<\/div>\n\t<\/div>\n\t\n\t\t<\/div>\n\t\t\t\t\n<style>\n#col-1620739959 > .col-inner {\n  border-radius: 8px;\n}\n<\/style>\n\t<\/div>\n\n\t\n<\/div>\n<div class=\"row align-equal\"  id=\"row-896442686\">\n\n\t<div id=\"col-80642346\" class=\"col medium-4 small-12 large-4\"  >\n\t\t\t\t<div class=\"col-inner box-shadow-1\"  >\n\t\t\t\n\t\t\t\n\t<div class=\"box has-hover   has-hover box-text-bottom\" >\n\n\t\t<div class=\"box-image\" >\n\t\t\t\t\t\t<div class=\"image-zoom\" >\n\t\t\t\t<img loading=\"lazy\" decoding=\"async\" width=\"1000\" height=\"1000\" src=\"https:\/\/groutpackers.com\/wp-content\/uploads\/2024\/06\/Silver-Grease-coupler.jpg\" class=\"attachment- size-\" alt=\"Silberne Fettkupplung\" srcset=\"https:\/\/groutpackers.com\/wp-content\/uploads\/2024\/06\/Silver-Grease-coupler.jpg 1000w, https:\/\/groutpackers.com\/wp-content\/uploads\/2024\/06\/Silver-Grease-coupler-300x300.jpg 300w, https:\/\/groutpackers.com\/wp-content\/uploads\/2024\/06\/Silver-Grease-coupler-150x150.jpg 150w, https:\/\/groutpackers.com\/wp-content\/uploads\/2024\/06\/Silver-Grease-coupler-768x768.jpg 768w, https:\/\/groutpackers.com\/wp-content\/uploads\/2024\/06\/Silver-Grease-coupler-600x600.jpg 600w, https:\/\/groutpackers.com\/wp-content\/uploads\/2024\/06\/Silver-Grease-coupler-100x100.jpg 100w\" sizes=\"auto, (max-width: 1000px) 100vw, 1000px\" \/>\t\t\t\t\t\t\t\t\t\t\t<\/div>\n\t\t\t\t\t<\/div>\n\n\t\t<div class=\"box-text text-center\" >\n\t\t\t<div class=\"box-text-inner\">\n\t\t\t\t\n<h4>Silberner Fettverbinder<\/h4>\n<p>Es wird zum Verbinden von Injektionspackern mit Kegelkopf\/Fettkopf verwendet.<\/p>\n<a href=\"\/de\/contact-us\/\" class=\"button primary is-outline\"  style=\"border-radius:99px;\">\n    <span>Erhalten ein kostenloses Angebot<\/span>\n  <\/a>\n\n\t\t\t<\/div>\n\t\t<\/div>\n\t<\/div>\n\t\n\t\t<\/div>\n\t\t\t\t\n<style>\n#col-80642346 > .col-inner {\n  border-radius: 8px;\n}\n<\/style>\n\t<\/div>\n\n\t\n\n\t<div id=\"col-1156982992\" class=\"col medium-4 small-12 large-4\"  >\n\t\t\t\t<div class=\"col-inner box-shadow-1\"  >\n\t\t\t\n\t\t\t\n\t<div class=\"box has-hover   has-hover box-text-bottom\" >\n\n\t\t<div class=\"box-image\" >\n\t\t\t\t\t\t<div class=\"image-zoom\" >\n\t\t\t\t<img loading=\"lazy\" decoding=\"async\" width=\"1000\" height=\"1000\" src=\"https:\/\/groutpackers.com\/wp-content\/uploads\/2024\/06\/Gold-grease-coupler.jpg\" class=\"attachment- size-\" alt=\"Goldfettkupplung\" srcset=\"https:\/\/groutpackers.com\/wp-content\/uploads\/2024\/06\/Gold-grease-coupler.jpg 1000w, https:\/\/groutpackers.com\/wp-content\/uploads\/2024\/06\/Gold-grease-coupler-300x300.jpg 300w, https:\/\/groutpackers.com\/wp-content\/uploads\/2024\/06\/Gold-grease-coupler-150x150.jpg 150w, https:\/\/groutpackers.com\/wp-content\/uploads\/2024\/06\/Gold-grease-coupler-768x768.jpg 768w, https:\/\/groutpackers.com\/wp-content\/uploads\/2024\/06\/Gold-grease-coupler-600x600.jpg 600w, https:\/\/groutpackers.com\/wp-content\/uploads\/2024\/06\/Gold-grease-coupler-100x100.jpg 100w\" sizes=\"auto, (max-width: 1000px) 100vw, 1000px\" \/>\t\t\t\t\t\t\t\t\t\t\t<\/div>\n\t\t\t\t\t<\/div>\n\n\t\t<div class=\"box-text text-center\" >\n\t\t\t<div class=\"box-text-inner\">\n\t\t\t\t\n<h4>Goldfett-Koppler<\/h4>\n<p>4-Backen-Fettkupplung zum Anschluss von Rundnippel-Verpresspackern.<\/p>\n<a href=\"\/de\/contact-us\/\" class=\"button primary is-outline\"  style=\"border-radius:99px;\">\n    <span>Erhalten ein kostenloses Angebot<\/span>\n  <\/a>\n\n\t\t\t<\/div>\n\t\t<\/div>\n\t<\/div>\n\t\n\t\t<\/div>\n\t\t\t\t\n<style>\n#col-1156982992 > .col-inner {\n  border-radius: 8px;\n}\n<\/style>\n\t<\/div>\n\n\t\n\n\t<div id=\"col-1736537278\" class=\"col medium-4 small-12 large-4\"  >\n\t\t\t\t<div class=\"col-inner box-shadow-1\"  >\n\t\t\t\n\t\t\t\n\t<div class=\"box has-hover   has-hover box-text-bottom\" >\n\n\t\t<div class=\"box-image\" >\n\t\t\t\t\t\t<div class=\"image-zoom\" >\n\t\t\t\t<img loading=\"lazy\" decoding=\"async\" width=\"1000\" height=\"1000\" src=\"https:\/\/groutpackers.com\/wp-content\/uploads\/2024\/06\/4-type-flat-head-button.jpg\" class=\"attachment- size-\" alt=\"Verschiedene Knopfkopfkupplungen\" srcset=\"https:\/\/groutpackers.com\/wp-content\/uploads\/2024\/06\/4-type-flat-head-button.jpg 1000w, https:\/\/groutpackers.com\/wp-content\/uploads\/2024\/06\/4-type-flat-head-button-300x300.jpg 300w, https:\/\/groutpackers.com\/wp-content\/uploads\/2024\/06\/4-type-flat-head-button-150x150.jpg 150w, https:\/\/groutpackers.com\/wp-content\/uploads\/2024\/06\/4-type-flat-head-button-768x768.jpg 768w, https:\/\/groutpackers.com\/wp-content\/uploads\/2024\/06\/4-type-flat-head-button-600x600.jpg 600w, https:\/\/groutpackers.com\/wp-content\/uploads\/2024\/06\/4-type-flat-head-button-100x100.jpg 100w\" sizes=\"auto, (max-width: 1000px) 100vw, 1000px\" \/>\t\t\t\t\t\t\t\t\t\t\t<\/div>\n\t\t\t\t\t<\/div>\n\n\t\t<div class=\"box-text text-center\" >\n\t\t\t<div class=\"box-text-inner\">\n\t\t\t\t\n<h4>Halbrundnippel<\/h4>\n<p>M6 M8 M10 M13 Flachkopfnippel entsprechen Ihren unterschiedlichen Anforderungen an die Packer.<\/p>\n<a href=\"\/de\/contact-us\/\" class=\"button primary is-outline\"  style=\"border-radius:99px;\">\n    <span>Erhalten ein kostenloses Angebot<\/span>\n  <\/a>\n\n\t\t\t<\/div>\n\t\t<\/div>\n\t<\/div>\n\t\n\t\t<\/div>\n\t\t\t\t\n<style>\n#col-1736537278 > .col-inner {\n  border-radius: 8px;\n}\n<\/style>\n\t<\/div>\n\n\t\n<\/div>\n<div class=\"row align-equal\"  id=\"row-1111590303\">\n\n\t<div id=\"col-1329164343\" class=\"col medium-4 small-12 large-4\"  >\n\t\t\t\t<div class=\"col-inner box-shadow-1\"  >\n\t\t\t\n\t\t\t\n\t<div class=\"box has-hover   has-hover box-text-bottom\" >\n\n\t\t<div class=\"box-image\" >\n\t\t\t\t\t\t<div class=\"image-zoom\" >\n\t\t\t\t<img loading=\"lazy\" decoding=\"async\" width=\"1000\" height=\"1000\" src=\"https:\/\/groutpackers.com\/wp-content\/uploads\/2024\/06\/plastic-cup.jpg\" class=\"attachment- size-\" alt=\"Trichter\" srcset=\"https:\/\/groutpackers.com\/wp-content\/uploads\/2024\/06\/plastic-cup.jpg 1000w, https:\/\/groutpackers.com\/wp-content\/uploads\/2024\/06\/plastic-cup-300x300.jpg 300w, https:\/\/groutpackers.com\/wp-content\/uploads\/2024\/06\/plastic-cup-150x150.jpg 150w, https:\/\/groutpackers.com\/wp-content\/uploads\/2024\/06\/plastic-cup-768x768.jpg 768w, https:\/\/groutpackers.com\/wp-content\/uploads\/2024\/06\/plastic-cup-600x600.jpg 600w, https:\/\/groutpackers.com\/wp-content\/uploads\/2024\/06\/plastic-cup-100x100.jpg 100w\" sizes=\"auto, (max-width: 1000px) 100vw, 1000px\" \/>\t\t\t\t\t\t\t\t\t\t\t<\/div>\n\t\t\t\t\t<\/div>\n\n\t\t<div class=\"box-text text-center\" >\n\t\t\t<div class=\"box-text-inner\">\n\t\t\t\t\n<h4>Trichter<\/h4>\n<p>Zubeh\u00f6r f\u00fcr Injektionsmaschinen<\/p>\n<a href=\"\/de\/contact-us\/\" class=\"button primary is-outline\"  style=\"border-radius:99px;\">\n    <span>Erhalten ein kostenloses Angebot<\/span>\n  <\/a>\n\n\t\t\t<\/div>\n\t\t<\/div>\n\t<\/div>\n\t\n\t\t<\/div>\n\t\t\t\t\n<style>\n#col-1329164343 > .col-inner {\n  border-radius: 8px;\n}\n<\/style>\n\t<\/div>\n\n\t\n\n\t<div id=\"col-1861017786\" class=\"col medium-4 small-12 large-4\"  >\n\t\t\t\t<div class=\"col-inner box-shadow-1\"  >\n\t\t\t\n\t\t\t\n\t<div class=\"box has-hover   has-hover box-text-bottom\" >\n\n\t\t<div class=\"box-image\" >\n\t\t\t\t\t\t<div class=\"image-zoom\" >\n\t\t\t\t<img loading=\"lazy\" decoding=\"async\" width=\"1000\" height=\"1000\" src=\"https:\/\/groutpackers.com\/wp-content\/uploads\/2024\/05\/valve-for-acrylic-pump-2.jpg\" class=\"attachment- size-\" alt=\"Ventil f\u00fcr Acrylpumpe (2)\" srcset=\"https:\/\/groutpackers.com\/wp-content\/uploads\/2024\/05\/valve-for-acrylic-pump-2.jpg 1000w, https:\/\/groutpackers.com\/wp-content\/uploads\/2024\/05\/valve-for-acrylic-pump-2-300x300.jpg 300w, https:\/\/groutpackers.com\/wp-content\/uploads\/2024\/05\/valve-for-acrylic-pump-2-150x150.jpg 150w, https:\/\/groutpackers.com\/wp-content\/uploads\/2024\/05\/valve-for-acrylic-pump-2-768x768.jpg 768w, https:\/\/groutpackers.com\/wp-content\/uploads\/2024\/05\/valve-for-acrylic-pump-2-600x600.jpg 600w, https:\/\/groutpackers.com\/wp-content\/uploads\/2024\/05\/valve-for-acrylic-pump-2-100x100.jpg 100w\" sizes=\"auto, (max-width: 1000px) 100vw, 1000px\" \/>\t\t\t\t\t\t\t\t\t\t\t<\/div>\n\t\t\t\t\t<\/div>\n\n\t\t<div class=\"box-text text-center\" >\n\t\t\t<div class=\"box-text-inner\">\n\t\t\t\t\n<h4>Kolbenpumpe<\/h4>\n<p>Einspritzpumpen-Zubeh\u00f6r<\/p>\n<a href=\"\/de\/contact-us\/\" class=\"button primary is-outline\"  style=\"border-radius:99px;\">\n    <span>Erhalten ein kostenloses Angebot<\/span>\n  <\/a>\n\n\t\t\t<\/div>\n\t\t<\/div>\n\t<\/div>\n\t\n\t\t<\/div>\n\t\t\t\t\n<style>\n#col-1861017786 > .col-inner {\n  border-radius: 8px;\n}\n<\/style>\n\t<\/div>\n\n\t\n\n\t<div id=\"col-429430960\" class=\"col medium-4 small-12 large-4\"  >\n\t\t\t\t<div class=\"col-inner box-shadow-1\"  >\n\t\t\t\n\t\t\t\n\t<div class=\"box has-hover   has-hover box-text-bottom\" >\n\n\t\t<div class=\"box-image\" >\n\t\t\t\t\t\t<div class=\"image-zoom\" >\n\t\t\t\t<img loading=\"lazy\" decoding=\"async\" width=\"1000\" height=\"1000\" src=\"https:\/\/groutpackers.com\/wp-content\/uploads\/2024\/05\/High-Pressure-Hose-1.jpg\" class=\"attachment- size-\" alt=\"Hochdruckschlauch\" srcset=\"https:\/\/groutpackers.com\/wp-content\/uploads\/2024\/05\/High-Pressure-Hose-1.jpg 1000w, https:\/\/groutpackers.com\/wp-content\/uploads\/2024\/05\/High-Pressure-Hose-1-300x300.jpg 300w, https:\/\/groutpackers.com\/wp-content\/uploads\/2024\/05\/High-Pressure-Hose-1-150x150.jpg 150w, https:\/\/groutpackers.com\/wp-content\/uploads\/2024\/05\/High-Pressure-Hose-1-768x768.jpg 768w, https:\/\/groutpackers.com\/wp-content\/uploads\/2024\/05\/High-Pressure-Hose-1-600x600.jpg 600w, https:\/\/groutpackers.com\/wp-content\/uploads\/2024\/05\/High-Pressure-Hose-1-100x100.jpg 100w\" sizes=\"auto, (max-width: 1000px) 100vw, 1000px\" \/>\t\t\t\t\t\t\t\t\t\t\t<\/div>\n\t\t\t\t\t<\/div>\n\n\t\t<div class=\"box-text text-center\" >\n\t\t\t<div class=\"box-text-inner\">\n\t\t\t\t\n<h4>Hochdruckschlauch<\/h4>\n<p>M\u00f6rtelpumpen Zubeh\u00f6r<\/p>\n<a href=\"\/de\/contact-us\/\" class=\"button primary is-outline\"  style=\"border-radius:99px;\">\n    <span>Erhalten ein kostenloses Angebot<\/span>\n  <\/a>\n\n\t\t\t<\/div>\n\t\t<\/div>\n\t<\/div>\n\t\n\t\t<\/div>\n\t\t\t\t\n<style>\n#col-429430960 > .col-inner {\n  border-radius: 8px;\n}\n<\/style>\n\t<\/div>\n\n\t\n<\/div>\n\t\t<\/div>\n\n\t\t\n<style>\n#section_1034772241 {\n  padding-top: 40px;\n  padding-bottom: 40px;\n}\n<\/style>\n\t<\/section>","protected":false},"excerpt":{"rendered":"","protected":false},"author":1,"featured_media":0,"parent":0,"menu_order":0,"comment_status":"closed","ping_status":"closed","template":"page-blank.php","meta":{"footnotes":""},"class_list":["post-589","page","type-page","status-publish","hentry"],"yoast_head":"<!-- This site is optimized with the Yoast SEO plugin v24.4 - https:\/\/yoast.com\/wordpress\/plugins\/seo\/ -->\n<title>Grouting Machine Accessories for Sale | Wholesale Factory Direct<\/title>\n<meta name=\"description\" content=\"Explore our high-quality grouting machine accessories designed for professionals in the construction industry. We offer a wide range of durable and reliable accessories to enhance the performance of your grouting machines.\" \/>\n<meta name=\"robots\" content=\"index, follow, max-snippet:-1, max-image-preview:large, max-video-preview:-1\" \/>\n<link rel=\"canonical\" href=\"https:\/\/groutpackers.com\/de\/grouting-machine-accessories\/\" \/>\n<meta property=\"og:locale\" content=\"de_DE\" \/>\n<meta property=\"og:type\" content=\"article\" \/>\n<meta property=\"og:title\" content=\"Grouting Machine Accessories for Sale | Wholesale Factory Direct\" \/>\n<meta property=\"og:description\" content=\"Explore our high-quality grouting machine accessories designed for professionals in the construction industry. We offer a wide range of durable and reliable accessories to enhance the performance of your grouting machines.\" \/>\n<meta property=\"og:url\" content=\"https:\/\/groutpackers.com\/de\/grouting-machine-accessories\/\" \/>\n<meta property=\"article:modified_time\" content=\"2025-06-26T02:26:23+00:00\" \/>\n<meta name=\"twitter:card\" content=\"summary_large_image\" \/>\n<meta name=\"twitter:label1\" content=\"Gesch\u00e4tzte Lesezeit\" \/>\n\t<meta name=\"twitter:data1\" content=\"1\u00a0Minute\" \/>\n<script type=\"application\/ld+json\" class=\"yoast-schema-graph\">{\"@context\":\"https:\/\/schema.org\",\"@graph\":[{\"@type\":\"WebPage\",\"@id\":\"https:\/\/groutpackers.com\/grouting-machine-accessories\/\",\"url\":\"https:\/\/groutpackers.com\/grouting-machine-accessories\/\",\"name\":\"Grouting Machine Accessories for Sale | Wholesale Factory Direct\",\"isPartOf\":{\"@id\":\"https:\/\/groutpackers.com\/bs\/#website\"},\"datePublished\":\"2023-03-13T09:28:14+00:00\",\"dateModified\":\"2025-06-26T02:26:23+00:00\",\"description\":\"Explore our high-quality grouting machine accessories designed for professionals in the construction industry. We offer a wide range of durable and reliable accessories to enhance the performance of your grouting machines.\",\"breadcrumb\":{\"@id\":\"https:\/\/groutpackers.com\/grouting-machine-accessories\/#breadcrumb\"},\"inLanguage\":\"de\",\"potentialAction\":[{\"@type\":\"ReadAction\",\"target\":[\"https:\/\/groutpackers.com\/grouting-machine-accessories\/\"]}]},{\"@type\":\"BreadcrumbList\",\"@id\":\"https:\/\/groutpackers.com\/grouting-machine-accessories\/#breadcrumb\",\"itemListElement\":[{\"@type\":\"ListItem\",\"position\":1,\"name\":\"Home\",\"item\":\"https:\/\/groutpackers.com\/\"},{\"@type\":\"ListItem\",\"position\":2,\"name\":\"Grouting Machine Accessories\"}]},{\"@type\":\"WebSite\",\"@id\":\"https:\/\/groutpackers.com\/bs\/#website\",\"url\":\"https:\/\/groutpackers.com\/bs\/\",\"name\":\"\",\"description\":\"\",\"potentialAction\":[{\"@type\":\"SearchAction\",\"target\":{\"@type\":\"EntryPoint\",\"urlTemplate\":\"https:\/\/groutpackers.com\/bs\/?s={search_term_string}\"},\"query-input\":{\"@type\":\"PropertyValueSpecification\",\"valueRequired\":true,\"valueName\":\"search_term_string\"}}],\"inLanguage\":\"de\"}]}<\/script>\n<!-- \/ Yoast SEO plugin. -->","yoast_head_json":{"title":"Fugenmaschinenzubeh\u00f6r zu verkaufen | Gro\u00dfhandel direkt ab Werk","description":"Entdecken Sie unser hochwertiges Fugenmaschinenzubeh\u00f6r, das f\u00fcr Profis in der Baubranche entwickelt wurde. Wir bieten eine gro\u00dfe Auswahl an langlebigem und zuverl\u00e4ssigem Zubeh\u00f6r, um die Leistung Ihrer Fugenmaschinen zu steigern.","robots":{"index":"index","follow":"follow","max-snippet":"max-snippet:-1","max-image-preview":"max-image-preview:large","max-video-preview":"max-video-preview:-1"},"canonical":"https:\/\/groutpackers.com\/de\/grouting-machine-accessories\/","og_locale":"de_DE","og_type":"article","og_title":"Grouting Machine Accessories for Sale | Wholesale Factory Direct","og_description":"Explore our high-quality grouting machine accessories designed for professionals in the construction industry. We offer a wide range of durable and reliable accessories to enhance the performance of your grouting machines.","og_url":"https:\/\/groutpackers.com\/de\/grouting-machine-accessories\/","article_modified_time":"2025-06-26T02:26:23+00:00","twitter_card":"summary_large_image","twitter_misc":{"Gesch\u00e4tzte Lesezeit":"1\u00a0Minute"},"schema":{"@context":"https:\/\/schema.org","@graph":[{"@type":"WebPage","@id":"https:\/\/groutpackers.com\/grouting-machine-accessories\/","url":"https:\/\/groutpackers.com\/grouting-machine-accessories\/","name":"Fugenmaschinenzubeh\u00f6r zu verkaufen | Gro\u00dfhandel direkt ab Werk","isPartOf":{"@id":"https:\/\/groutpackers.com\/bs\/#website"},"datePublished":"2023-03-13T09:28:14+00:00","dateModified":"2025-06-26T02:26:23+00:00","description":"Entdecken Sie unser hochwertiges Fugenmaschinenzubeh\u00f6r, das f\u00fcr Profis in der Baubranche entwickelt wurde. Wir bieten eine gro\u00dfe Auswahl an langlebigem und zuverl\u00e4ssigem Zubeh\u00f6r, um die Leistung Ihrer Fugenmaschinen zu steigern.","breadcrumb":{"@id":"https:\/\/groutpackers.com\/grouting-machine-accessories\/#breadcrumb"},"inLanguage":"de","potentialAction":[{"@type":"ReadAction","target":["https:\/\/groutpackers.com\/grouting-machine-accessories\/"]}]},{"@type":"BreadcrumbList","@id":"https:\/\/groutpackers.com\/grouting-machine-accessories\/#breadcrumb","itemListElement":[{"@type":"ListItem","position":1,"name":"Home","item":"https:\/\/groutpackers.com\/"},{"@type":"ListItem","position":2,"name":"Grouting Machine Accessories"}]},{"@type":"WebSite","@id":"https:\/\/groutpackers.com\/bs\/#website","url":"https:\/\/groutpackers.com\/bs\/","name":"","description":"","potentialAction":[{"@type":"SearchAction","target":{"@type":"EntryPoint","urlTemplate":"https:\/\/groutpackers.com\/bs\/?s={search_term_string}"},"query-input":{"@type":"PropertyValueSpecification","valueRequired":true,"valueName":"search_term_string"}}],"inLanguage":"de"}]}},"_links":{"self":[{"href":"https:\/\/groutpackers.com\/de\/wp-json\/wp\/v2\/pages\/589","targetHints":{"allow":["GET"]}}],"collection":[{"href":"https:\/\/groutpackers.com\/de\/wp-json\/wp\/v2\/pages"}],"about":[{"href":"https:\/\/groutpackers.com\/de\/wp-json\/wp\/v2\/types\/page"}],"author":[{"embeddable":true,"href":"https:\/\/groutpackers.com\/de\/wp-json\/wp\/v2\/users\/1"}],"replies":[{"embeddable":true,"href":"https:\/\/groutpackers.com\/de\/wp-json\/wp\/v2\/comments?post=589"}],"version-history":[{"count":26,"href":"https:\/\/groutpackers.com\/de\/wp-json\/wp\/v2\/pages\/589\/revisions"}],"predecessor-version":[{"id":3505,"href":"https:\/\/groutpackers.com\/de\/wp-json\/wp\/v2\/pages\/589\/revisions\/3505"}],"wp:attachment":[{"href":"https:\/\/groutpackers.com\/de\/wp-json\/wp\/v2\/media?parent=589"}],"curies":[{"name":"wp","href":"https:\/\/api.w.org\/{rel}","templated":true}]}}