{"id":1691,"date":"2024-04-29T06:05:01","date_gmt":"2024-04-29T06:05:01","guid":{"rendered":"http:\/\/groutpackers.com\/?post_type=product&#038;p=1691"},"modified":"2025-03-24T03:40:21","modified_gmt":"2025-03-24T03:40:21","slug":"grout-needle-packer","status":"publish","type":"product","link":"https:\/\/groutpackers.com\/eo\/manufacturer\/grout-needle-packer\/","title":{"rendered":"Grout Needle Packer"},"content":{"rendered":"<p>Injektaj pinglaj pakistoj, anka\u016d konataj kiel injektaj pinglaj pakistoj, estas speciala speco de injektaj pakiloj uzataj por diversaj betonaj riparaj kaj injektaj aplikoj. Jen kelkaj el la komunaj uzoj kaj aplikoj de grouting-pinglaj pakiloj:<\/p>\n<p><strong>1. Kraka Injekto:<\/strong><br \/>\u2013 Grouting-pinglaj pakiloj estas vaste uzataj por injekti groton a\u016d sigela\u0135ojn en fendojn en betonaj strukturoj, kiel muroj, plankoj a\u016d fundamentoj.<br \/>\u2013 La mallar\u011da profilo de la kudrila pakisto permesas \u011din enigi en mallar\u011dajn fendojn, ebligante la precizan liveron de la ripara materialo.<br \/>\u2013 \u0108i tio estas precipe utila por sigeli kaj stabiligi harliniajn fendojn a\u016d aliajn malgrandajn betonajn difektojn.<\/p>\n<p><strong>2. Plenigado de Malpleno kaj Kavo:<\/strong><br \/>- Inkrustigaj pinglaj pakiloj povas esti uzataj por plenigi malplenojn, kahelojn a\u016d aliajn malgrandajn kavojn ene de la betona strukturo.<br \/>- La injekta procezo per pinglaj pakiloj helpas certigi kompletan plenigon kaj penetron de la grumo en la celitajn areojn.<br \/>\u2013 \u0108i tiu apliko estas ofta en betonaj riparaj kaj plifortigaj projektoj, kie necesas restarigi la strukturan integrecon de la betono.<\/p>\n<p><strong>3. Stabiligo de Konkreta Slabo:<\/strong><br \/>\u2013 Nadlaj pakiloj estas uzataj por injekti groton a\u016d ekspansii\u011dantan \u015da\u016dmon en la grundon a\u016d subtera\u0135on sub betonaj slaboj, kiel tiuj trovitaj en plankoj a\u016d trotuaroj.<br \/>- \u0108i tiu procezo, konata kiel slaba \u015dokado a\u016d slabebenigo, helpas stabiligi kaj subteni la betonan slabon, traktante aferojn kiel setlejo, malplenoj a\u016d grunda erozio.<\/p>\n<p><strong>4. Konkreta Ankrado kaj Plifortikigo:<\/strong><br \/>\u2013 Inkrustigaj pinglaj pakiloj povas esti uzataj por injekti groton \u0109irka\u016d plifortikigaj stangoj a\u016d kubeloj, helpante sekurigi kaj ankri ilin ene de la betono.<br \/>\u2013 \u0108i tiu apliko estas ofta en betonaj riparaj, plifortigaj a\u016d renovigaj projektoj, kie necesas plia plifortigo.<\/p>\n<p><strong>5. Konkreta Sigelo kaj Akvorezisto:<\/strong><br \/>\u2013 Nadlaj pakiloj povas esti uzataj por injekti groton a\u016d sigela\u0135ojn en betonon por plenigi kaj sigeli surfacajn fendojn, porojn a\u016d aliajn difektojn.<br \/>\u2013 \u0108i tio helpas plibonigi la reziston de la betono kontra\u016d akva entrudo, vetera\u011dado kaj aliaj mediaj faktoroj.<\/p>\n<table style=\"border-collapse: collapse; width: 1075px; height: 254px;\" border=\"0\" width=\"616\" cellspacing=\"0\" cellpadding=\"0\">\n<tbody>\n<tr style=\"height: 13.50pt;\">\n<td class=\"et2\" style=\"height: 13.5pt; width: 270.75pt; text-align: center;\" width=\"361\" height=\"18\">Bildo<\/td>\n<td class=\"et2\" style=\"width: 74.25pt;\" width=\"99\">Modelo<\/td>\n<td class=\"et2\" style=\"width: 60.00pt;\" width=\"80\">Diametro<\/td>\n<td class=\"et2\" style=\"width: 57.00pt;\" width=\"76\">Longo<\/td>\n<\/tr>\n<tr style=\"height: 22.00pt;\">\n<td class=\"et2\" style=\"height: 22.00pt;\" height=\"29\"><img loading=\"lazy\" decoding=\"async\" class=\"alignnone size-medium wp-image-2737 aligncenter\" src=\"http:\/\/groutpackers.com\/wp-content\/uploads\/2024\/04\/Grout-needle-packer-300x150.jpg\" alt=\"Pakigilo de nadlo de kalika\u0135o\" width=\"300\" height=\"150\" srcset=\"https:\/\/groutpackers.com\/wp-content\/uploads\/2024\/04\/Grout-needle-packer-300x150.jpg 300w, https:\/\/groutpackers.com\/wp-content\/uploads\/2024\/04\/Grout-needle-packer-768x384.jpg 768w, https:\/\/groutpackers.com\/wp-content\/uploads\/2024\/04\/Grout-needle-packer-600x300.jpg 600w, https:\/\/groutpackers.com\/wp-content\/uploads\/2024\/04\/Grout-needle-packer.jpg 1000w\" sizes=\"auto, (max-width: 300px) 100vw, 300px\" \/><\/td>\n<td class=\"et2\">13x305mm<\/td>\n<td class=\"et2\">13mm<\/td>\n<td class=\"et2\">305 mm<\/td>\n<\/tr>\n<\/tbody>\n<\/table>\n<p>\u00a0<\/p>","protected":false},"excerpt":{"rendered":"<p>Grouting pinglaj pakistoj<\/p>\n<ul>\n<li>Butona kapo cico<br \/>\nDiametro de la \u015dafto: 13mm<\/li>\n<li>Longo de la \u015dafto: 305 mm<\/li>\n<li>Diametro de nadlo: 5 mm<\/li>\n<li>Longo de nadlo: 110 mm<\/li>\n<\/ul>\n<p>MOQ: 1000 Pecoj<br \/>\nAnta\u016dtempa Tempo: Ene de 15-20 tagoj<br \/>\nPago: T\/T, L\/C VIDE, PAYPAL, KREDITKARTO.<\/p>","protected":false},"featured_media":2544,"template":"","meta":[],"product_brand":[],"product_cat":[40],"product_tag":[],"class_list":{"0":"post-1691","1":"product","2":"type-product","3":"status-publish","4":"has-post-thumbnail","6":"product_cat-steel-injeciton-packer","8":"first","9":"instock","10":"shipping-taxable","11":"product-type-simple"},"yoast_head":"<!-- This site is optimized with the Yoast SEO plugin v24.4 - https:\/\/yoast.com\/wordpress\/plugins\/seo\/ -->\n<title>Grout Needle Packer -<\/title>\n<meta name=\"robots\" content=\"index, follow, max-snippet:-1, max-image-preview:large, max-video-preview:-1\" \/>\n<link rel=\"canonical\" href=\"https:\/\/groutpackers.com\/eo\/manufacturer\/grout-needle-packer\/\" \/>\n<meta property=\"og:locale\" content=\"eo_EO\" \/>\n<meta property=\"og:type\" content=\"article\" \/>\n<meta property=\"og:title\" content=\"Grout Needle Packer -\" \/>\n<meta property=\"og:description\" content=\"Grouting needle packers   Button head nipple Shaft diameter: 13mm  Shaft length: 305mm  Needle diameter:5mm  Needle length:110mm  MOQ:1000 Pieces Lead Time: Within 15-20 days Payment: T\/T, L\/C AT SIGHT, PAYPAL, CREDIT CARD.\" \/>\n<meta property=\"og:url\" content=\"https:\/\/groutpackers.com\/eo\/manufacturer\/grout-needle-packer\/\" \/>\n<meta property=\"article:modified_time\" content=\"2025-03-24T03:40:21+00:00\" \/>\n<meta property=\"og:image\" content=\"https:\/\/groutpackers.com\/wp-content\/uploads\/2024\/05\/Grouting-needle-packer-1.jpg\" \/>\n\t<meta property=\"og:image:width\" content=\"1000\" \/>\n\t<meta property=\"og:image:height\" content=\"1000\" \/>\n\t<meta property=\"og:image:type\" content=\"image\/jpeg\" \/>\n<meta name=\"twitter:card\" content=\"summary_large_image\" \/>\n<meta name=\"twitter:label1\" content=\"Est. reading time\" \/>\n\t<meta name=\"twitter:data1\" content=\"1 minuto\" \/>\n<script type=\"application\/ld+json\" class=\"yoast-schema-graph\">{\"@context\":\"https:\/\/schema.org\",\"@graph\":[{\"@type\":\"WebPage\",\"@id\":\"https:\/\/groutpackers.com\/manufacturer\/grout-needle-packer\/\",\"url\":\"https:\/\/groutpackers.com\/manufacturer\/grout-needle-packer\/\",\"name\":\"Grout Needle Packer -\",\"isPartOf\":{\"@id\":\"https:\/\/groutpackers.com\/bs\/#website\"},\"primaryImageOfPage\":{\"@id\":\"https:\/\/groutpackers.com\/manufacturer\/grout-needle-packer\/#primaryimage\"},\"image\":{\"@id\":\"https:\/\/groutpackers.com\/manufacturer\/grout-needle-packer\/#primaryimage\"},\"thumbnailUrl\":\"https:\/\/groutpackers.com\/wp-content\/uploads\/2024\/05\/Grouting-needle-packer-1.jpg\",\"datePublished\":\"2024-04-29T06:05:01+00:00\",\"dateModified\":\"2025-03-24T03:40:21+00:00\",\"breadcrumb\":{\"@id\":\"https:\/\/groutpackers.com\/manufacturer\/grout-needle-packer\/#breadcrumb\"},\"inLanguage\":\"eo\",\"potentialAction\":[{\"@type\":\"ReadAction\",\"target\":[\"https:\/\/groutpackers.com\/manufacturer\/grout-needle-packer\/\"]}]},{\"@type\":\"ImageObject\",\"inLanguage\":\"eo\",\"@id\":\"https:\/\/groutpackers.com\/manufacturer\/grout-needle-packer\/#primaryimage\",\"url\":\"https:\/\/groutpackers.com\/wp-content\/uploads\/2024\/05\/Grouting-needle-packer-1.jpg\",\"contentUrl\":\"https:\/\/groutpackers.com\/wp-content\/uploads\/2024\/05\/Grouting-needle-packer-1.jpg\",\"width\":1000,\"height\":1000,\"caption\":\"Grouting needle packer\"},{\"@type\":\"BreadcrumbList\",\"@id\":\"https:\/\/groutpackers.com\/manufacturer\/grout-needle-packer\/#breadcrumb\",\"itemListElement\":[{\"@type\":\"ListItem\",\"position\":1,\"name\":\"Home\",\"item\":\"https:\/\/groutpackers.com\/\"},{\"@type\":\"ListItem\",\"position\":2,\"name\":\"Produk\",\"item\":\"https:\/\/groutpackers.com\/id\/shop\/\"},{\"@type\":\"ListItem\",\"position\":3,\"name\":\"Grout Needle Packer\"}]},{\"@type\":\"WebSite\",\"@id\":\"https:\/\/groutpackers.com\/bs\/#website\",\"url\":\"https:\/\/groutpackers.com\/bs\/\",\"name\":\"\",\"description\":\"\",\"potentialAction\":[{\"@type\":\"SearchAction\",\"target\":{\"@type\":\"EntryPoint\",\"urlTemplate\":\"https:\/\/groutpackers.com\/bs\/?s={search_term_string}\"},\"query-input\":{\"@type\":\"PropertyValueSpecification\",\"valueRequired\":true,\"valueName\":\"search_term_string\"}}],\"inLanguage\":\"eo\"}]}<\/script>\n<!-- \/ Yoast SEO plugin. -->","yoast_head_json":{"title":"Pakilo de Gluta Nadlo -","robots":{"index":"index","follow":"follow","max-snippet":"max-snippet:-1","max-image-preview":"max-image-preview:large","max-video-preview":"max-video-preview:-1"},"canonical":"https:\/\/groutpackers.com\/eo\/manufacturer\/grout-needle-packer\/","og_locale":"eo_EO","og_type":"article","og_title":"Grout Needle Packer -","og_description":"Grouting needle packers   Button head nipple Shaft diameter: 13mm  Shaft length: 305mm  Needle diameter:5mm  Needle length:110mm  MOQ:1000 Pieces Lead Time: Within 15-20 days Payment: T\/T, L\/C AT SIGHT, PAYPAL, CREDIT CARD.","og_url":"https:\/\/groutpackers.com\/eo\/manufacturer\/grout-needle-packer\/","article_modified_time":"2025-03-24T03:40:21+00:00","og_image":[{"width":1000,"height":1000,"url":"https:\/\/groutpackers.com\/wp-content\/uploads\/2024\/05\/Grouting-needle-packer-1.jpg","type":"image\/jpeg"}],"twitter_card":"summary_large_image","twitter_misc":{"Est. reading time":"1 minuto"},"schema":{"@context":"https:\/\/schema.org","@graph":[{"@type":"WebPage","@id":"https:\/\/groutpackers.com\/manufacturer\/grout-needle-packer\/","url":"https:\/\/groutpackers.com\/manufacturer\/grout-needle-packer\/","name":"Pakilo de Gluta Nadlo -","isPartOf":{"@id":"https:\/\/groutpackers.com\/bs\/#website"},"primaryImageOfPage":{"@id":"https:\/\/groutpackers.com\/manufacturer\/grout-needle-packer\/#primaryimage"},"image":{"@id":"https:\/\/groutpackers.com\/manufacturer\/grout-needle-packer\/#primaryimage"},"thumbnailUrl":"https:\/\/groutpackers.com\/wp-content\/uploads\/2024\/05\/Grouting-needle-packer-1.jpg","datePublished":"2024-04-29T06:05:01+00:00","dateModified":"2025-03-24T03:40:21+00:00","breadcrumb":{"@id":"https:\/\/groutpackers.com\/manufacturer\/grout-needle-packer\/#breadcrumb"},"inLanguage":"eo","potentialAction":[{"@type":"ReadAction","target":["https:\/\/groutpackers.com\/manufacturer\/grout-needle-packer\/"]}]},{"@type":"ImageObject","inLanguage":"eo","@id":"https:\/\/groutpackers.com\/manufacturer\/grout-needle-packer\/#primaryimage","url":"https:\/\/groutpackers.com\/wp-content\/uploads\/2024\/05\/Grouting-needle-packer-1.jpg","contentUrl":"https:\/\/groutpackers.com\/wp-content\/uploads\/2024\/05\/Grouting-needle-packer-1.jpg","width":1000,"height":1000,"caption":"Grouting needle packer"},{"@type":"BreadcrumbList","@id":"https:\/\/groutpackers.com\/manufacturer\/grout-needle-packer\/#breadcrumb","itemListElement":[{"@type":"ListItem","position":1,"name":"Home","item":"https:\/\/groutpackers.com\/"},{"@type":"ListItem","position":2,"name":"Produk","item":"https:\/\/groutpackers.com\/id\/shop\/"},{"@type":"ListItem","position":3,"name":"Grout Needle Packer"}]},{"@type":"WebSite","@id":"https:\/\/groutpackers.com\/bs\/#website","url":"https:\/\/groutpackers.com\/bs\/","name":"","description":"","potentialAction":[{"@type":"SearchAction","target":{"@type":"EntryPoint","urlTemplate":"https:\/\/groutpackers.com\/bs\/?s={search_term_string}"},"query-input":{"@type":"PropertyValueSpecification","valueRequired":true,"valueName":"search_term_string"}}],"inLanguage":"eo"}]}},"_links":{"self":[{"href":"https:\/\/groutpackers.com\/eo\/wp-json\/wp\/v2\/product\/1691","targetHints":{"allow":["GET"]}}],"collection":[{"href":"https:\/\/groutpackers.com\/eo\/wp-json\/wp\/v2\/product"}],"about":[{"href":"https:\/\/groutpackers.com\/eo\/wp-json\/wp\/v2\/types\/product"}],"wp:featuredmedia":[{"embeddable":true,"href":"https:\/\/groutpackers.com\/eo\/wp-json\/wp\/v2\/media\/2544"}],"wp:attachment":[{"href":"https:\/\/groutpackers.com\/eo\/wp-json\/wp\/v2\/media?parent=1691"}],"wp:term":[{"taxonomy":"product_brand","embeddable":true,"href":"https:\/\/groutpackers.com\/eo\/wp-json\/wp\/v2\/product_brand?post=1691"},{"taxonomy":"product_cat","embeddable":true,"href":"https:\/\/groutpackers.com\/eo\/wp-json\/wp\/v2\/product_cat?post=1691"},{"taxonomy":"product_tag","embeddable":true,"href":"https:\/\/groutpackers.com\/eo\/wp-json\/wp\/v2\/product_tag?post=1691"}],"curies":[{"name":"wp","href":"https:\/\/api.w.org\/{rel}","templated":true}]}}