{"id":589,"date":"2023-03-13T09:28:14","date_gmt":"2023-03-13T09:28:14","guid":{"rendered":"http:\/\/groutpackers.com\/?page_id=589"},"modified":"2025-06-26T02:26:23","modified_gmt":"2025-06-26T02:26:23","slug":"grouting-machine-accessories","status":"publish","type":"page","link":"https:\/\/groutpackers.com\/es\/grouting-machine-accessories\/","title":{"rendered":"Accesorios para m\u00e1quinas de lechada"},"content":{"rendered":"<section class=\"section\" id=\"section_1671749601\">\n\t\t<div class=\"bg section-bg fill bg-fill  bg-loaded\" >\n\n\t\t\t\n\t\t\t\n\t\t\t\n\n\t\t<\/div>\n\n\t\t\n\n\t\t<div class=\"section-content relative\">\n\t\t\t\n\t<div id=\"text-2121270118\" class=\"text\">\n\t\t\n<h2 style=\"text-align: center;\"><strong>Categor\u00eda de accesorios para m\u00e1quinas de inyecci\u00f3n<\/strong><\/h2>\n\t\t\n<style>\n#text-2121270118 {\n  text-align: center;\n}\n<\/style>\n\t<\/div>\n\t\n\t<div id=\"gap-1509694511\" class=\"gap-element clearfix\" style=\"display:block; height:auto;\">\n\t\t\n<style>\n#gap-1509694511 {\n  padding-top: 30px;\n}\n<\/style>\n\t<\/div>\n\t\n<div class=\"row align-equal\"  id=\"row-1147868531\">\n\n\t<div id=\"col-158172690\" class=\"col medium-4 small-12 large-4\"  >\n\t\t\t\t<div class=\"col-inner box-shadow-1\"  >\n\t\t\t\n\t\t\t\n\t<div class=\"box has-hover   has-hover box-text-bottom\" >\n\n\t\t<div class=\"box-image\" >\n\t\t\t\t\t\t<div class=\"image-zoom\" >\n\t\t\t\t<img loading=\"lazy\" decoding=\"async\" width=\"1000\" height=\"1000\" src=\"https:\/\/groutpackers.com\/wp-content\/uploads\/2024\/05\/Sliding-coupler.jpg\" class=\"attachment- size-\" alt=\"Acoplador deslizante\" srcset=\"https:\/\/groutpackers.com\/wp-content\/uploads\/2024\/05\/Sliding-coupler.jpg 1000w, https:\/\/groutpackers.com\/wp-content\/uploads\/2024\/05\/Sliding-coupler-300x300.jpg 300w, https:\/\/groutpackers.com\/wp-content\/uploads\/2024\/05\/Sliding-coupler-150x150.jpg 150w, https:\/\/groutpackers.com\/wp-content\/uploads\/2024\/05\/Sliding-coupler-768x768.jpg 768w, https:\/\/groutpackers.com\/wp-content\/uploads\/2024\/05\/Sliding-coupler-600x600.jpg 600w, https:\/\/groutpackers.com\/wp-content\/uploads\/2024\/05\/Sliding-coupler-100x100.jpg 100w\" sizes=\"auto, (max-width: 1000px) 100vw, 1000px\" \/>\t\t\t\t\t\t\t\t\t\t\t<\/div>\n\t\t\t\t\t<\/div>\n\n\t\t<div class=\"box-text text-center\" >\n\t\t\t<div class=\"box-text-inner\">\n\t\t\t\t\n<h4>Acoplador de cabeza de bot\u00f3n\/cabeza deslizante<\/h4>\n<p>Acoplador de alta presi\u00f3n, aleaci\u00f3n de zinc o aluminio, ambos disponibles. Di\u00e1metro 16 mm.\u00a0<\/p>\n<a href=\"\/es\/contact-us\/\" class=\"button primary is-outline\"  style=\"border-radius:99px;\">\n    <span>Obtenga una cuota gratis<\/span>\n  <\/a>\n\n\t\t\t<\/div>\n\t\t<\/div>\n\t<\/div>\n\t\n\t\t<\/div>\n\t\t\t\t\n<style>\n#col-158172690 > .col-inner {\n  border-radius: 8px;\n}\n<\/style>\n\t<\/div>\n\n\t\n\n\t<div id=\"col-1627495383\" class=\"col medium-4 small-12 large-4\"  >\n\t\t\t\t<div class=\"col-inner box-shadow-1\"  >\n\t\t\t\n\t\t\t\n\t<div class=\"box has-hover   has-hover box-text-bottom\" >\n\n\t\t<div class=\"box-image\" >\n\t\t\t\t\t\t<div class=\"image-zoom\" >\n\t\t\t\t<img loading=\"lazy\" decoding=\"async\" width=\"1000\" height=\"1000\" src=\"https:\/\/groutpackers.com\/wp-content\/uploads\/2024\/06\/Gold-button-head-coupler.jpg\" class=\"attachment- size-\" alt=\"Acoplador de cabeza de bot\u00f3n dorado\" srcset=\"https:\/\/groutpackers.com\/wp-content\/uploads\/2024\/06\/Gold-button-head-coupler.jpg 1000w, https:\/\/groutpackers.com\/wp-content\/uploads\/2024\/06\/Gold-button-head-coupler-300x300.jpg 300w, https:\/\/groutpackers.com\/wp-content\/uploads\/2024\/06\/Gold-button-head-coupler-150x150.jpg 150w, https:\/\/groutpackers.com\/wp-content\/uploads\/2024\/06\/Gold-button-head-coupler-768x768.jpg 768w, https:\/\/groutpackers.com\/wp-content\/uploads\/2024\/06\/Gold-button-head-coupler-600x600.jpg 600w, https:\/\/groutpackers.com\/wp-content\/uploads\/2024\/06\/Gold-button-head-coupler-100x100.jpg 100w\" sizes=\"auto, (max-width: 1000px) 100vw, 1000px\" \/>\t\t\t\t\t\t\t\t\t\t\t<\/div>\n\t\t\t\t\t<\/div>\n\n\t\t<div class=\"box-text text-center\" >\n\t\t\t<div class=\"box-text-inner\">\n\t\t\t\t\n<h4>Acoplador de cabeza plana<\/h4>\n<p>Baja presi\u00f3n, utilizada para inyectar material de alta densidad. Acoplador de lat\u00f3n.<\/p>\n<a href=\"\/es\/contact-us\/\" class=\"button primary is-outline\"  style=\"border-radius:99px;\">\n    <span>Obtenga una cuota gratis<\/span>\n  <\/a>\n\n\t\t\t<\/div>\n\t\t<\/div>\n\t<\/div>\n\t\n\t\t<\/div>\n\t\t\t\t\n<style>\n#col-1627495383 > .col-inner {\n  border-radius: 8px;\n}\n<\/style>\n\t<\/div>\n\n\t\n\n\t<div id=\"col-741619563\" class=\"col medium-4 small-12 large-4\"  >\n\t\t\t\t<div class=\"col-inner box-shadow-1\"  >\n\t\t\t\n\t\t\t\n\t<div class=\"box has-hover   has-hover box-text-bottom\" >\n\n\t\t<div class=\"box-image\" >\n\t\t\t\t\t\t<div class=\"image-zoom\" >\n\t\t\t\t<img loading=\"lazy\" decoding=\"async\" width=\"1000\" height=\"1000\" src=\"https:\/\/groutpackers.com\/wp-content\/uploads\/2024\/06\/Steel-Button-head-coupler.jpg\" class=\"attachment- size-\" alt=\"Acoplador de cabeza de bot\u00f3n de acero\" srcset=\"https:\/\/groutpackers.com\/wp-content\/uploads\/2024\/06\/Steel-Button-head-coupler.jpg 1000w, https:\/\/groutpackers.com\/wp-content\/uploads\/2024\/06\/Steel-Button-head-coupler-300x300.jpg 300w, https:\/\/groutpackers.com\/wp-content\/uploads\/2024\/06\/Steel-Button-head-coupler-150x150.jpg 150w, https:\/\/groutpackers.com\/wp-content\/uploads\/2024\/06\/Steel-Button-head-coupler-768x768.jpg 768w, https:\/\/groutpackers.com\/wp-content\/uploads\/2024\/06\/Steel-Button-head-coupler-600x600.jpg 600w, https:\/\/groutpackers.com\/wp-content\/uploads\/2024\/06\/Steel-Button-head-coupler-100x100.jpg 100w\" sizes=\"auto, (max-width: 1000px) 100vw, 1000px\" \/>\t\t\t\t\t\t\t\t\t\t\t<\/div>\n\t\t\t\t\t<\/div>\n\n\t\t<div class=\"box-text text-center\" >\n\t\t\t<div class=\"box-text-inner\">\n\t\t\t\t\n<h4>Acoplador de cabeza de bot\u00f3n de acero<\/h4>\n<p>Acoplador de acero, de baja presi\u00f3n, utilizado para inyectar materiales de alta densidad.<\/p>\n<a href=\"\/es\/contact-us\/\" class=\"button primary is-outline\"  style=\"border-radius:99px;\">\n    <span>Obtenga una cuota gratis<\/span>\n  <\/a>\n\n\t\t\t<\/div>\n\t\t<\/div>\n\t<\/div>\n\t\n\t\t<\/div>\n\t\t\t\t\n<style>\n#col-741619563 > .col-inner {\n  border-radius: 8px;\n}\n<\/style>\n\t<\/div>\n\n\t\n<\/div>\n<div class=\"row align-equal\"  id=\"row-345337076\">\n\n\t<div id=\"col-598265347\" class=\"col medium-4 small-12 large-4\"  >\n\t\t\t\t<div class=\"col-inner box-shadow-1\"  >\n\t\t\t\n\t\t\t\n\t<div class=\"box has-hover   has-hover box-text-bottom\" >\n\n\t\t<div class=\"box-image\" >\n\t\t\t\t\t\t<div class=\"image-zoom\" >\n\t\t\t\t<img loading=\"lazy\" decoding=\"async\" width=\"1000\" height=\"1000\" src=\"https:\/\/groutpackers.com\/wp-content\/uploads\/2024\/06\/Silver-Grease-coupler.jpg\" class=\"attachment- size-\" alt=\"Acoplador de grasa plateada\" srcset=\"https:\/\/groutpackers.com\/wp-content\/uploads\/2024\/06\/Silver-Grease-coupler.jpg 1000w, https:\/\/groutpackers.com\/wp-content\/uploads\/2024\/06\/Silver-Grease-coupler-300x300.jpg 300w, https:\/\/groutpackers.com\/wp-content\/uploads\/2024\/06\/Silver-Grease-coupler-150x150.jpg 150w, https:\/\/groutpackers.com\/wp-content\/uploads\/2024\/06\/Silver-Grease-coupler-768x768.jpg 768w, https:\/\/groutpackers.com\/wp-content\/uploads\/2024\/06\/Silver-Grease-coupler-600x600.jpg 600w, https:\/\/groutpackers.com\/wp-content\/uploads\/2024\/06\/Silver-Grease-coupler-100x100.jpg 100w\" sizes=\"auto, (max-width: 1000px) 100vw, 1000px\" \/>\t\t\t\t\t\t\t\t\t\t\t<\/div>\n\t\t\t\t\t<\/div>\n\n\t\t<div class=\"box-text text-center\" >\n\t\t\t<div class=\"box-text-inner\">\n\t\t\t\t\n<h4>Acoplador de grasa plateado<\/h4>\n<p>Se utiliza para conectar empacadores de inyecci\u00f3n de cabezal c\u00f3nico\/cabezal de grasa.<\/p>\n<a href=\"\/es\/contact-us\/\" class=\"button primary is-outline\"  style=\"border-radius:99px;\">\n    <span>Obtenga una cuota gratis<\/span>\n  <\/a>\n\n\t\t\t<\/div>\n\t\t<\/div>\n\t<\/div>\n\t\n\t\t<\/div>\n\t\t\t\t\n<style>\n#col-598265347 > .col-inner {\n  border-radius: 8px;\n}\n<\/style>\n\t<\/div>\n\n\t\n\n\t<div id=\"col-749816262\" class=\"col medium-4 small-12 large-4\"  >\n\t\t\t\t<div class=\"col-inner box-shadow-1\"  >\n\t\t\t\n\t\t\t\n\t<div class=\"box has-hover   has-hover box-text-bottom\" >\n\n\t\t<div class=\"box-image\" >\n\t\t\t\t\t\t<div class=\"image-zoom\" >\n\t\t\t\t<img loading=\"lazy\" decoding=\"async\" width=\"1000\" height=\"1000\" src=\"https:\/\/groutpackers.com\/wp-content\/uploads\/2024\/06\/Gold-grease-coupler.jpg\" class=\"attachment- size-\" alt=\"Acoplador de grasa dorada\" srcset=\"https:\/\/groutpackers.com\/wp-content\/uploads\/2024\/06\/Gold-grease-coupler.jpg 1000w, https:\/\/groutpackers.com\/wp-content\/uploads\/2024\/06\/Gold-grease-coupler-300x300.jpg 300w, https:\/\/groutpackers.com\/wp-content\/uploads\/2024\/06\/Gold-grease-coupler-150x150.jpg 150w, https:\/\/groutpackers.com\/wp-content\/uploads\/2024\/06\/Gold-grease-coupler-768x768.jpg 768w, https:\/\/groutpackers.com\/wp-content\/uploads\/2024\/06\/Gold-grease-coupler-600x600.jpg 600w, https:\/\/groutpackers.com\/wp-content\/uploads\/2024\/06\/Gold-grease-coupler-100x100.jpg 100w\" sizes=\"auto, (max-width: 1000px) 100vw, 1000px\" \/>\t\t\t\t\t\t\t\t\t\t\t<\/div>\n\t\t\t\t\t<\/div>\n\n\t\t<div class=\"box-text text-center\" >\n\t\t\t<div class=\"box-text-inner\">\n\t\t\t\t\n<h4>Acoplador de grasa dorada<\/h4>\n<p>Acoplador de grasa de 4 mordazas para conectar el empacador de lechada de pez\u00f3n redondo.<\/p>\n<a href=\"\/es\/contact-us\/\" class=\"button primary is-outline\"  style=\"border-radius:99px;\">\n    <span>Obtenga una cuota gratis<\/span>\n  <\/a>\n\n\t\t\t<\/div>\n\t\t<\/div>\n\t<\/div>\n\t\n\t\t<\/div>\n\t\t\t\t\n<style>\n#col-749816262 > .col-inner {\n  border-radius: 8px;\n}\n<\/style>\n\t<\/div>\n\n\t\n\n\t<div id=\"col-1944955826\" class=\"col medium-4 small-12 large-4\"  >\n\t\t\t\t<div class=\"col-inner box-shadow-1\"  >\n\t\t\t\n\t\t\t\n\t<div class=\"box has-hover   has-hover box-text-bottom\" >\n\n\t\t<div class=\"box-image\" >\n\t\t\t\t\t\t<div class=\"image-zoom\" >\n\t\t\t\t<img loading=\"lazy\" decoding=\"async\" width=\"1000\" height=\"1000\" src=\"https:\/\/groutpackers.com\/wp-content\/uploads\/2024\/06\/4-type-flat-head-button.jpg\" class=\"attachment- size-\" alt=\"Acoplador de cabeza de bot\u00f3n diferente\" srcset=\"https:\/\/groutpackers.com\/wp-content\/uploads\/2024\/06\/4-type-flat-head-button.jpg 1000w, https:\/\/groutpackers.com\/wp-content\/uploads\/2024\/06\/4-type-flat-head-button-300x300.jpg 300w, https:\/\/groutpackers.com\/wp-content\/uploads\/2024\/06\/4-type-flat-head-button-150x150.jpg 150w, https:\/\/groutpackers.com\/wp-content\/uploads\/2024\/06\/4-type-flat-head-button-768x768.jpg 768w, https:\/\/groutpackers.com\/wp-content\/uploads\/2024\/06\/4-type-flat-head-button-600x600.jpg 600w, https:\/\/groutpackers.com\/wp-content\/uploads\/2024\/06\/4-type-flat-head-button-100x100.jpg 100w\" sizes=\"auto, (max-width: 1000px) 100vw, 1000px\" \/>\t\t\t\t\t\t\t\t\t\t\t<\/div>\n\t\t\t\t\t<\/div>\n\n\t\t<div class=\"box-text text-center\" >\n\t\t\t<div class=\"box-text-inner\">\n\t\t\t\t\n<h4>Pez\u00f3n con cabeza de bot\u00f3n<\/h4>\n<p>La boquilla de cabeza plana M6 M8 M10 M13 se adapta a los diferentes requisitos de los empacadores.<\/p>\n<a href=\"\/es\/contact-us\/\" class=\"button primary is-outline\"  style=\"border-radius:99px;\">\n    <span>Obtenga una cuota gratis<\/span>\n  <\/a>\n\n\t\t\t<\/div>\n\t\t<\/div>\n\t<\/div>\n\t\n\t\t<\/div>\n\t\t\t\t\n<style>\n#col-1944955826 > .col-inner {\n  border-radius: 8px;\n}\n<\/style>\n\t<\/div>\n\n\t\n<\/div>\n<div class=\"row align-equal\"  id=\"row-365736026\">\n\n\t<div id=\"col-1258428699\" class=\"col medium-4 small-12 large-4\"  >\n\t\t\t\t<div class=\"col-inner box-shadow-1\"  >\n\t\t\t\n\t\t\t\n\t<div class=\"box has-hover   has-hover box-text-bottom\" >\n\n\t\t<div class=\"box-image\" >\n\t\t\t\t\t\t<div class=\"image-zoom\" >\n\t\t\t\t<img loading=\"lazy\" decoding=\"async\" width=\"1000\" height=\"1000\" src=\"https:\/\/groutpackers.com\/wp-content\/uploads\/2024\/06\/plastic-cup.jpg\" class=\"attachment- size-\" alt=\"Tolva\" srcset=\"https:\/\/groutpackers.com\/wp-content\/uploads\/2024\/06\/plastic-cup.jpg 1000w, https:\/\/groutpackers.com\/wp-content\/uploads\/2024\/06\/plastic-cup-300x300.jpg 300w, https:\/\/groutpackers.com\/wp-content\/uploads\/2024\/06\/plastic-cup-150x150.jpg 150w, https:\/\/groutpackers.com\/wp-content\/uploads\/2024\/06\/plastic-cup-768x768.jpg 768w, https:\/\/groutpackers.com\/wp-content\/uploads\/2024\/06\/plastic-cup-600x600.jpg 600w, https:\/\/groutpackers.com\/wp-content\/uploads\/2024\/06\/plastic-cup-100x100.jpg 100w\" sizes=\"auto, (max-width: 1000px) 100vw, 1000px\" \/>\t\t\t\t\t\t\t\t\t\t\t<\/div>\n\t\t\t\t\t<\/div>\n\n\t\t<div class=\"box-text text-center\" >\n\t\t\t<div class=\"box-text-inner\">\n\t\t\t\t\n<h4>Tolva<\/h4>\n<p>Accesorios para m\u00e1quinas de inyecci\u00f3n<\/p>\n<a href=\"\/es\/contact-us\/\" class=\"button primary is-outline\"  style=\"border-radius:99px;\">\n    <span>Obtenga una cuota gratis<\/span>\n  <\/a>\n\n\t\t\t<\/div>\n\t\t<\/div>\n\t<\/div>\n\t\n\t\t<\/div>\n\t\t\t\t\n<style>\n#col-1258428699 > .col-inner {\n  border-radius: 8px;\n}\n<\/style>\n\t<\/div>\n\n\t\n\n\t<div id=\"col-287719087\" class=\"col medium-4 small-12 large-4\"  >\n\t\t\t\t<div class=\"col-inner box-shadow-1\"  >\n\t\t\t\n\t\t\t\n\t<div class=\"box has-hover   has-hover box-text-bottom\" >\n\n\t\t<div class=\"box-image\" >\n\t\t\t\t\t\t<div class=\"image-zoom\" >\n\t\t\t\t<img loading=\"lazy\" decoding=\"async\" width=\"1000\" height=\"1000\" src=\"https:\/\/groutpackers.com\/wp-content\/uploads\/2024\/05\/valve-for-acrylic-pump-2.jpg\" class=\"attachment- size-\" alt=\"v\u00e1lvula para bomba acr\u00edlica (2)\" srcset=\"https:\/\/groutpackers.com\/wp-content\/uploads\/2024\/05\/valve-for-acrylic-pump-2.jpg 1000w, https:\/\/groutpackers.com\/wp-content\/uploads\/2024\/05\/valve-for-acrylic-pump-2-300x300.jpg 300w, https:\/\/groutpackers.com\/wp-content\/uploads\/2024\/05\/valve-for-acrylic-pump-2-150x150.jpg 150w, https:\/\/groutpackers.com\/wp-content\/uploads\/2024\/05\/valve-for-acrylic-pump-2-768x768.jpg 768w, https:\/\/groutpackers.com\/wp-content\/uploads\/2024\/05\/valve-for-acrylic-pump-2-600x600.jpg 600w, https:\/\/groutpackers.com\/wp-content\/uploads\/2024\/05\/valve-for-acrylic-pump-2-100x100.jpg 100w\" sizes=\"auto, (max-width: 1000px) 100vw, 1000px\" \/>\t\t\t\t\t\t\t\t\t\t\t<\/div>\n\t\t\t\t\t<\/div>\n\n\t\t<div class=\"box-text text-center\" >\n\t\t\t<div class=\"box-text-inner\">\n\t\t\t\t\n<h4>Bomba de pist\u00f3n<\/h4>\n<p>Accesorios para bombas de inyecci\u00f3n<\/p>\n<a href=\"\/es\/contact-us\/\" class=\"button primary is-outline\"  style=\"border-radius:99px;\">\n    <span>Obtenga una cuota gratis<\/span>\n  <\/a>\n\n\t\t\t<\/div>\n\t\t<\/div>\n\t<\/div>\n\t\n\t\t<\/div>\n\t\t\t\t\n<style>\n#col-287719087 > .col-inner {\n  border-radius: 8px;\n}\n<\/style>\n\t<\/div>\n\n\t\n\n\t<div id=\"col-863244201\" class=\"col medium-4 small-12 large-4\"  >\n\t\t\t\t<div class=\"col-inner box-shadow-1\"  >\n\t\t\t\n\t\t\t\n\t<div class=\"box has-hover   has-hover box-text-bottom\" >\n\n\t\t<div class=\"box-image\" >\n\t\t\t\t\t\t<div class=\"image-zoom\" >\n\t\t\t\t<img loading=\"lazy\" decoding=\"async\" width=\"1000\" height=\"1000\" src=\"https:\/\/groutpackers.com\/wp-content\/uploads\/2024\/05\/High-Pressure-Hose-1.jpg\" class=\"attachment- size-\" alt=\"Manguera de alta presi\u00f3n\" srcset=\"https:\/\/groutpackers.com\/wp-content\/uploads\/2024\/05\/High-Pressure-Hose-1.jpg 1000w, https:\/\/groutpackers.com\/wp-content\/uploads\/2024\/05\/High-Pressure-Hose-1-300x300.jpg 300w, https:\/\/groutpackers.com\/wp-content\/uploads\/2024\/05\/High-Pressure-Hose-1-150x150.jpg 150w, https:\/\/groutpackers.com\/wp-content\/uploads\/2024\/05\/High-Pressure-Hose-1-768x768.jpg 768w, https:\/\/groutpackers.com\/wp-content\/uploads\/2024\/05\/High-Pressure-Hose-1-600x600.jpg 600w, https:\/\/groutpackers.com\/wp-content\/uploads\/2024\/05\/High-Pressure-Hose-1-100x100.jpg 100w\" sizes=\"auto, (max-width: 1000px) 100vw, 1000px\" \/>\t\t\t\t\t\t\t\t\t\t\t<\/div>\n\t\t\t\t\t<\/div>\n\n\t\t<div class=\"box-text text-center\" >\n\t\t\t<div class=\"box-text-inner\">\n\t\t\t\t\n<h4>Manguera de alta presi\u00f3n<\/h4>\n<p>Accesorios para bombas de lechada<\/p>\n<a href=\"\/es\/contact-us\/\" class=\"button primary is-outline\"  style=\"border-radius:99px;\">\n    <span>Obtenga una cuota gratis<\/span>\n  <\/a>\n\n\t\t\t<\/div>\n\t\t<\/div>\n\t<\/div>\n\t\n\t\t<\/div>\n\t\t\t\t\n<style>\n#col-863244201 > .col-inner {\n  border-radius: 8px;\n}\n<\/style>\n\t<\/div>\n\n\t\n<\/div>\n\t\t<\/div>\n\n\t\t\n<style>\n#section_1671749601 {\n  padding-top: 40px;\n  padding-bottom: 40px;\n}\n<\/style>\n\t<\/section>","protected":false},"excerpt":{"rendered":"","protected":false},"author":1,"featured_media":0,"parent":0,"menu_order":0,"comment_status":"closed","ping_status":"closed","template":"page-blank.php","meta":{"footnotes":""},"class_list":["post-589","page","type-page","status-publish","hentry"],"yoast_head":"<!-- This site is optimized with the Yoast SEO plugin v24.4 - https:\/\/yoast.com\/wordpress\/plugins\/seo\/ -->\n<title>Grouting Machine Accessories for Sale | Wholesale Factory Direct<\/title>\n<meta name=\"description\" content=\"Explore our high-quality grouting machine accessories designed for professionals in the construction industry. We offer a wide range of durable and reliable accessories to enhance the performance of your grouting machines.\" \/>\n<meta name=\"robots\" content=\"index, follow, max-snippet:-1, max-image-preview:large, max-video-preview:-1\" \/>\n<link rel=\"canonical\" href=\"https:\/\/groutpackers.com\/es\/grouting-machine-accessories\/\" \/>\n<meta property=\"og:locale\" content=\"es_ES\" \/>\n<meta property=\"og:type\" content=\"article\" \/>\n<meta property=\"og:title\" content=\"Grouting Machine Accessories for Sale | Wholesale Factory Direct\" \/>\n<meta property=\"og:description\" content=\"Explore our high-quality grouting machine accessories designed for professionals in the construction industry. We offer a wide range of durable and reliable accessories to enhance the performance of your grouting machines.\" \/>\n<meta property=\"og:url\" content=\"https:\/\/groutpackers.com\/es\/grouting-machine-accessories\/\" \/>\n<meta property=\"article:modified_time\" content=\"2025-06-26T02:26:23+00:00\" \/>\n<meta name=\"twitter:card\" content=\"summary_large_image\" \/>\n<meta name=\"twitter:label1\" content=\"Tiempo de lectura\" \/>\n\t<meta name=\"twitter:data1\" content=\"1 minuto\" \/>\n<script type=\"application\/ld+json\" class=\"yoast-schema-graph\">{\"@context\":\"https:\/\/schema.org\",\"@graph\":[{\"@type\":\"WebPage\",\"@id\":\"https:\/\/groutpackers.com\/grouting-machine-accessories\/\",\"url\":\"https:\/\/groutpackers.com\/grouting-machine-accessories\/\",\"name\":\"Grouting Machine Accessories for Sale | Wholesale Factory Direct\",\"isPartOf\":{\"@id\":\"https:\/\/groutpackers.com\/bs\/#website\"},\"datePublished\":\"2023-03-13T09:28:14+00:00\",\"dateModified\":\"2025-06-26T02:26:23+00:00\",\"description\":\"Explore our high-quality grouting machine accessories designed for professionals in the construction industry. We offer a wide range of durable and reliable accessories to enhance the performance of your grouting machines.\",\"breadcrumb\":{\"@id\":\"https:\/\/groutpackers.com\/grouting-machine-accessories\/#breadcrumb\"},\"inLanguage\":\"es\",\"potentialAction\":[{\"@type\":\"ReadAction\",\"target\":[\"https:\/\/groutpackers.com\/grouting-machine-accessories\/\"]}]},{\"@type\":\"BreadcrumbList\",\"@id\":\"https:\/\/groutpackers.com\/grouting-machine-accessories\/#breadcrumb\",\"itemListElement\":[{\"@type\":\"ListItem\",\"position\":1,\"name\":\"Home\",\"item\":\"https:\/\/groutpackers.com\/\"},{\"@type\":\"ListItem\",\"position\":2,\"name\":\"Grouting Machine Accessories\"}]},{\"@type\":\"WebSite\",\"@id\":\"https:\/\/groutpackers.com\/bs\/#website\",\"url\":\"https:\/\/groutpackers.com\/bs\/\",\"name\":\"\",\"description\":\"\",\"potentialAction\":[{\"@type\":\"SearchAction\",\"target\":{\"@type\":\"EntryPoint\",\"urlTemplate\":\"https:\/\/groutpackers.com\/bs\/?s={search_term_string}\"},\"query-input\":{\"@type\":\"PropertyValueSpecification\",\"valueRequired\":true,\"valueName\":\"search_term_string\"}}],\"inLanguage\":\"es\"}]}<\/script>\n<!-- \/ Yoast SEO plugin. -->","yoast_head_json":{"title":"Accesorios para m\u00e1quinas de inyecci\u00f3n en venta | Venta al por mayor directo de f\u00e1brica","description":"Explore nuestros accesorios para m\u00e1quinas de inyecci\u00f3n de alta calidad dise\u00f1ados para profesionales de la industria de la construcci\u00f3n. Ofrecemos una amplia gama de accesorios duraderos y confiables para mejorar el rendimiento de sus m\u00e1quinas de inyecci\u00f3n.","robots":{"index":"index","follow":"follow","max-snippet":"max-snippet:-1","max-image-preview":"max-image-preview:large","max-video-preview":"max-video-preview:-1"},"canonical":"https:\/\/groutpackers.com\/es\/grouting-machine-accessories\/","og_locale":"es_ES","og_type":"article","og_title":"Grouting Machine Accessories for Sale | Wholesale Factory Direct","og_description":"Explore our high-quality grouting machine accessories designed for professionals in the construction industry. We offer a wide range of durable and reliable accessories to enhance the performance of your grouting machines.","og_url":"https:\/\/groutpackers.com\/es\/grouting-machine-accessories\/","article_modified_time":"2025-06-26T02:26:23+00:00","twitter_card":"summary_large_image","twitter_misc":{"Tiempo de lectura":"1 minuto"},"schema":{"@context":"https:\/\/schema.org","@graph":[{"@type":"WebPage","@id":"https:\/\/groutpackers.com\/grouting-machine-accessories\/","url":"https:\/\/groutpackers.com\/grouting-machine-accessories\/","name":"Accesorios para m\u00e1quinas de inyecci\u00f3n en venta | Venta al por mayor directo de f\u00e1brica","isPartOf":{"@id":"https:\/\/groutpackers.com\/bs\/#website"},"datePublished":"2023-03-13T09:28:14+00:00","dateModified":"2025-06-26T02:26:23+00:00","description":"Explore nuestros accesorios para m\u00e1quinas de inyecci\u00f3n de alta calidad dise\u00f1ados para profesionales de la industria de la construcci\u00f3n. Ofrecemos una amplia gama de accesorios duraderos y confiables para mejorar el rendimiento de sus m\u00e1quinas de inyecci\u00f3n.","breadcrumb":{"@id":"https:\/\/groutpackers.com\/grouting-machine-accessories\/#breadcrumb"},"inLanguage":"es","potentialAction":[{"@type":"ReadAction","target":["https:\/\/groutpackers.com\/grouting-machine-accessories\/"]}]},{"@type":"BreadcrumbList","@id":"https:\/\/groutpackers.com\/grouting-machine-accessories\/#breadcrumb","itemListElement":[{"@type":"ListItem","position":1,"name":"Home","item":"https:\/\/groutpackers.com\/"},{"@type":"ListItem","position":2,"name":"Grouting Machine Accessories"}]},{"@type":"WebSite","@id":"https:\/\/groutpackers.com\/bs\/#website","url":"https:\/\/groutpackers.com\/bs\/","name":"","description":"","potentialAction":[{"@type":"SearchAction","target":{"@type":"EntryPoint","urlTemplate":"https:\/\/groutpackers.com\/bs\/?s={search_term_string}"},"query-input":{"@type":"PropertyValueSpecification","valueRequired":true,"valueName":"search_term_string"}}],"inLanguage":"es"}]}},"_links":{"self":[{"href":"https:\/\/groutpackers.com\/es\/wp-json\/wp\/v2\/pages\/589","targetHints":{"allow":["GET"]}}],"collection":[{"href":"https:\/\/groutpackers.com\/es\/wp-json\/wp\/v2\/pages"}],"about":[{"href":"https:\/\/groutpackers.com\/es\/wp-json\/wp\/v2\/types\/page"}],"author":[{"embeddable":true,"href":"https:\/\/groutpackers.com\/es\/wp-json\/wp\/v2\/users\/1"}],"replies":[{"embeddable":true,"href":"https:\/\/groutpackers.com\/es\/wp-json\/wp\/v2\/comments?post=589"}],"version-history":[{"count":26,"href":"https:\/\/groutpackers.com\/es\/wp-json\/wp\/v2\/pages\/589\/revisions"}],"predecessor-version":[{"id":3505,"href":"https:\/\/groutpackers.com\/es\/wp-json\/wp\/v2\/pages\/589\/revisions\/3505"}],"wp:attachment":[{"href":"https:\/\/groutpackers.com\/es\/wp-json\/wp\/v2\/media?parent=589"}],"curies":[{"name":"wp","href":"https:\/\/api.w.org\/{rel}","templated":true}]}}