{"id":1693,"date":"2024-04-29T06:09:37","date_gmt":"2024-04-29T06:09:37","guid":{"rendered":"http:\/\/groutpackers.com\/?post_type=product&#038;p=1693"},"modified":"2025-03-24T03:31:04","modified_gmt":"2025-03-24T03:31:04","slug":"injection-lances","status":"publish","type":"product","link":"https:\/\/groutpackers.com\/et\/manufacturer\/injection-lances\/","title":{"rendered":"Sissepritsetorud"},"content":{"rendered":"<p>Sissepritsetorud, tuntud ka kui pinnase s\u00fcstimistorud v\u00f5i pinnase stabiliseerimistorud, on spetsiaalsed t\u00f6\u00f6riistad, mida kasutatakse stabiliseerivate materjalide s\u00fcstimiseks pinnasesse v\u00f5i pinnasesse, et parandada selle tehnilisi omadusi.<\/p>\n<p>Mullatorude p\u00f5hiomadused ja rakendused on j\u00e4rgmised:<\/p>\n<p><strong>1. Eesm\u00e4rk:<\/strong><br \/>\n\u2013 Mullatorud on loodud spetsiaalselt s\u00fcstm\u00f6rdi, tsemendip\u00f5histe suspensioonide, keemiliste lisandite v\u00f5i muude stabiliseerivate materjalide maasse s\u00fcstimiseks.<br \/>\n\u2013 Eesm\u00e4rk on s\u00fcsteprotsessi kaudu parandada pinnase tugevust, v\u00e4hendada l\u00e4bilaskvust, leevendada settimist v\u00f5i lahendada muid geotehnilisi probleeme.<\/p>\n<p><strong>2. Ehitus:<\/strong><br \/>\n\u2013 Mullaotsidel on tavaliselt pikk, peenike ja \u00f5\u00f5nes disain, mis v\u00f5imaldab stabiliseerivat materjali s\u00fcstida l\u00e4bi toru keskosa.<br \/>\n\u2013 Toru ots v\u00f5ib olla terav v\u00f5i varustatud spetsiaalsete funktsioonidega, mis h\u00f5lbustavad pinnasesse tungimist.<br \/>\n\u2013 M\u00f5ned mullatorud on konstrueeritud vahetatavate otsikute v\u00f5i tarvikutega, et sobituda erinevate pinnasetingimuste v\u00f5i s\u00fcstitavate materjalidega.<\/p>\n<p><strong>3. S\u00fcstimisprotsess:<\/strong><br \/>\n\u2013 Mullaotsikud sisestatakse maasse kas k\u00e4sitsi v\u00f5i spetsiaalse varustuse abil soovitud s\u00fcgavusele v\u00f5i s\u00fcstimispunkti.<br \/>\n\u2013 Seej\u00e4rel pumbatakse v\u00f5i s\u00fcstitakse stabiliseeriv materjal l\u00e4bi toru, hajutades selle \u00fcmbritsevasse pinnasesse.<br \/>\n\u2013 Sissepritseprotsessi kontrollitakse hoolikalt, et tagada \u00fchtlane jaotus ja t\u00f5hus pinnase stabiliseerimine.<\/p>\n<p><strong>4. Rakendused:<\/strong><br \/>\n\u2013 Pinnase stabiliseerimise ja pinnase parandamise projektid, nagu vundamendi tugi, n\u00f5lvade stabiliseerimine ja pinnase tervendamine.<br \/>\n\u2013 Pinnase t\u00fchimike v\u00f5i maa-aluste \u00f5\u00f5nsuste vuukimine ja tihendamine.<br \/>\n\u2013 keemiliste lisandite v\u00f5i s\u00fcstm\u00f6rtide s\u00fcstimine pinnase tervendamiseks v\u00f5i keskkonna t\u00f6\u00f6tlemiseks.<br \/>\n\u2013 Pinnaelade, ankrute v\u00f5i muude maapinna tugevduss\u00fcsteemide paigaldamine.<\/p>\n<p><strong>5. Spetsiaalsed seadmed:<\/strong><br \/>\n\u2013 Mullatorusid kasutatakse sageli koos spetsiaalsete sissepritseseadmetega, nagu s\u00fcstm\u00f6rdipumbad, segamis\u00fcksused ja arvutiga juhitavad sissepritses\u00fcsteemid.<br \/>\n\u2013 See tagab stabiliseerivate materjalide t\u00e4pse kohaletoimetamise ja j\u00e4lgimise s\u00fcstimisprotsessi ajal.<\/p>\n<p>Mullatorud on geotehnilise inseneri ja ehituse oluline t\u00f6\u00f6riist, mis v\u00f5imaldab sihip\u00e4raselt ja kontrollitult materjale pinnasesse s\u00fcstida, et parandada pinnase omadusi ja lahendada erinevaid maapinnaga seotud probleeme.<\/p>\n<table style=\"border-collapse: collapse; width: 1204px; height: 263px;\" border=\"0\" width=\"617\" cellspacing=\"0\" cellpadding=\"0\">\n<tbody>\n<tr style=\"height: 13.50pt;\">\n<td class=\"et2\" style=\"height: 13.5pt; width: 271.5pt; text-align: center;\" width=\"362\" height=\"18\">Pilt<\/td>\n<td class=\"et2\" style=\"width: 74.25pt;\" width=\"99\">Mudel<\/td>\n<td class=\"et2\" style=\"width: 60.00pt;\" width=\"80\">L\u00e4bim\u00f5\u00f5t<\/td>\n<td class=\"et2\" style=\"width: 57.00pt;\" width=\"76\">Pikkus<\/td>\n<\/tr>\n<tr style=\"height: 13.00pt;\">\n<td class=\"et2\" style=\"height: 26.50pt;\" rowspan=\"2\" height=\"35\"><\/td>\n<td class=\"et2\">13x500mm<\/td>\n<td class=\"et2\">13 mm<\/td>\n<td class=\"et2\">500 mm<\/td>\n<\/tr>\n<tr style=\"height: 13.50pt;\">\n<td class=\"et2\">13x1000 mm<\/td>\n<td class=\"et2\">13 mm<\/td>\n<td class=\"et2\">1000 mm<\/td>\n<\/tr>\n<tr style=\"height: 13.50pt;\">\n<td class=\"et2\" style=\"height: 27.00pt;\" rowspan=\"2\" height=\"36\"><span style=\"color: #333333;\">\u00a0<\/span><\/td>\n<td class=\"et2\">21x500mm<\/td>\n<td class=\"et2\">21 mm<\/td>\n<td class=\"et2\">500 mm<\/td>\n<\/tr>\n<tr style=\"height: 13.50pt;\">\n<td class=\"et2\">21x1000 mm<\/td>\n<td class=\"et2\">21 mm<\/td>\n<td class=\"et2\">1000 mm<\/td>\n<\/tr>\n<\/tbody>\n<\/table>","protected":false},"excerpt":{"rendered":"<p>Sissepritsetorud<br \/>\nSaadaval on kolme l\u00e4bim\u00f5\u00f5duga torud<br \/>\nPikkus: 500mm ja 1000mm<br \/>\nErinevad l\u00e4bim\u00f5\u00f5dud: 13mm \/ 18mm \/ 21mm<br \/>\nMOQ: 1000 t\u00fckki<br \/>\nTarneaeg: 10-15 p\u00e4eva jooksul<br \/>\nMakse: T\/T, L\/C SIGHT, PAYPAL, KREDIITKAART.<\/p>","protected":false},"featured_media":2546,"template":"","meta":[],"product_brand":[],"product_cat":[40],"product_tag":[],"class_list":{"0":"post-1693","1":"product","2":"type-product","3":"status-publish","4":"has-post-thumbnail","6":"product_cat-steel-injeciton-packer","8":"first","9":"instock","10":"shipping-taxable","11":"product-type-simple"},"yoast_head":"<!-- This site is optimized with the Yoast SEO plugin v24.4 - https:\/\/yoast.com\/wordpress\/plugins\/seo\/ -->\n<title>Injection Lances -<\/title>\n<meta name=\"robots\" content=\"index, follow, max-snippet:-1, max-image-preview:large, max-video-preview:-1\" \/>\n<link rel=\"canonical\" href=\"https:\/\/groutpackers.com\/et\/manufacturer\/injection-lances\/\" \/>\n<meta property=\"og:locale\" content=\"et_EE\" \/>\n<meta property=\"og:type\" content=\"article\" \/>\n<meta property=\"og:title\" content=\"Injection Lances -\" \/>\n<meta property=\"og:description\" content=\"Injection lances Three diameter lances is available Length: 500mm and 1000mm Different diameter: 13mm \/ 18mm \/ 21mm MOQ:1000 Pieces Lead Time: Within 10-15 days Payment: T\/T, L\/C AT SIGHT, PAYPAL, CREDIT CARD.\" \/>\n<meta property=\"og:url\" content=\"https:\/\/groutpackers.com\/et\/manufacturer\/injection-lances\/\" \/>\n<meta property=\"article:modified_time\" content=\"2025-03-24T03:31:04+00:00\" \/>\n<meta property=\"og:image\" content=\"https:\/\/groutpackers.com\/wp-content\/uploads\/2024\/05\/Injection-Lances-for-soil-stabilization.jpg\" \/>\n\t<meta property=\"og:image:width\" content=\"1000\" \/>\n\t<meta property=\"og:image:height\" content=\"1000\" \/>\n\t<meta property=\"og:image:type\" content=\"image\/jpeg\" \/>\n<meta name=\"twitter:card\" content=\"summary_large_image\" \/>\n<meta name=\"twitter:label1\" content=\"Est. reading time\" \/>\n\t<meta name=\"twitter:data1\" content=\"2 minutit\" \/>\n<script type=\"application\/ld+json\" class=\"yoast-schema-graph\">{\"@context\":\"https:\/\/schema.org\",\"@graph\":[{\"@type\":\"WebPage\",\"@id\":\"https:\/\/groutpackers.com\/manufacturer\/injection-lances\/\",\"url\":\"https:\/\/groutpackers.com\/manufacturer\/injection-lances\/\",\"name\":\"Injection Lances -\",\"isPartOf\":{\"@id\":\"https:\/\/groutpackers.com\/bs\/#website\"},\"primaryImageOfPage\":{\"@id\":\"https:\/\/groutpackers.com\/manufacturer\/injection-lances\/#primaryimage\"},\"image\":{\"@id\":\"https:\/\/groutpackers.com\/manufacturer\/injection-lances\/#primaryimage\"},\"thumbnailUrl\":\"https:\/\/groutpackers.com\/wp-content\/uploads\/2024\/05\/Injection-Lances-for-soil-stabilization.jpg\",\"datePublished\":\"2024-04-29T06:09:37+00:00\",\"dateModified\":\"2025-03-24T03:31:04+00:00\",\"breadcrumb\":{\"@id\":\"https:\/\/groutpackers.com\/manufacturer\/injection-lances\/#breadcrumb\"},\"inLanguage\":\"et\",\"potentialAction\":[{\"@type\":\"ReadAction\",\"target\":[\"https:\/\/groutpackers.com\/manufacturer\/injection-lances\/\"]}]},{\"@type\":\"ImageObject\",\"inLanguage\":\"et\",\"@id\":\"https:\/\/groutpackers.com\/manufacturer\/injection-lances\/#primaryimage\",\"url\":\"https:\/\/groutpackers.com\/wp-content\/uploads\/2024\/05\/Injection-Lances-for-soil-stabilization.jpg\",\"contentUrl\":\"https:\/\/groutpackers.com\/wp-content\/uploads\/2024\/05\/Injection-Lances-for-soil-stabilization.jpg\",\"width\":1000,\"height\":1000,\"caption\":\"Injection Lances for soil stabilization\"},{\"@type\":\"BreadcrumbList\",\"@id\":\"https:\/\/groutpackers.com\/manufacturer\/injection-lances\/#breadcrumb\",\"itemListElement\":[{\"@type\":\"ListItem\",\"position\":1,\"name\":\"Home\",\"item\":\"https:\/\/groutpackers.com\/\"},{\"@type\":\"ListItem\",\"position\":2,\"name\":\"Produk\",\"item\":\"https:\/\/groutpackers.com\/id\/shop\/\"},{\"@type\":\"ListItem\",\"position\":3,\"name\":\"Injection Lances\"}]},{\"@type\":\"WebSite\",\"@id\":\"https:\/\/groutpackers.com\/bs\/#website\",\"url\":\"https:\/\/groutpackers.com\/bs\/\",\"name\":\"\",\"description\":\"\",\"potentialAction\":[{\"@type\":\"SearchAction\",\"target\":{\"@type\":\"EntryPoint\",\"urlTemplate\":\"https:\/\/groutpackers.com\/bs\/?s={search_term_string}\"},\"query-input\":{\"@type\":\"PropertyValueSpecification\",\"valueRequired\":true,\"valueName\":\"search_term_string\"}}],\"inLanguage\":\"et\"}]}<\/script>\n<!-- \/ Yoast SEO plugin. -->","yoast_head_json":{"title":"Sissepritsetorud -","robots":{"index":"index","follow":"follow","max-snippet":"max-snippet:-1","max-image-preview":"max-image-preview:large","max-video-preview":"max-video-preview:-1"},"canonical":"https:\/\/groutpackers.com\/et\/manufacturer\/injection-lances\/","og_locale":"et_EE","og_type":"article","og_title":"Injection Lances -","og_description":"Injection lances Three diameter lances is available Length: 500mm and 1000mm Different diameter: 13mm \/ 18mm \/ 21mm MOQ:1000 Pieces Lead Time: Within 10-15 days Payment: T\/T, L\/C AT SIGHT, PAYPAL, CREDIT CARD.","og_url":"https:\/\/groutpackers.com\/et\/manufacturer\/injection-lances\/","article_modified_time":"2025-03-24T03:31:04+00:00","og_image":[{"width":1000,"height":1000,"url":"https:\/\/groutpackers.com\/wp-content\/uploads\/2024\/05\/Injection-Lances-for-soil-stabilization.jpg","type":"image\/jpeg"}],"twitter_card":"summary_large_image","twitter_misc":{"Est. reading time":"2 minutit"},"schema":{"@context":"https:\/\/schema.org","@graph":[{"@type":"WebPage","@id":"https:\/\/groutpackers.com\/manufacturer\/injection-lances\/","url":"https:\/\/groutpackers.com\/manufacturer\/injection-lances\/","name":"Sissepritsetorud -","isPartOf":{"@id":"https:\/\/groutpackers.com\/bs\/#website"},"primaryImageOfPage":{"@id":"https:\/\/groutpackers.com\/manufacturer\/injection-lances\/#primaryimage"},"image":{"@id":"https:\/\/groutpackers.com\/manufacturer\/injection-lances\/#primaryimage"},"thumbnailUrl":"https:\/\/groutpackers.com\/wp-content\/uploads\/2024\/05\/Injection-Lances-for-soil-stabilization.jpg","datePublished":"2024-04-29T06:09:37+00:00","dateModified":"2025-03-24T03:31:04+00:00","breadcrumb":{"@id":"https:\/\/groutpackers.com\/manufacturer\/injection-lances\/#breadcrumb"},"inLanguage":"et","potentialAction":[{"@type":"ReadAction","target":["https:\/\/groutpackers.com\/manufacturer\/injection-lances\/"]}]},{"@type":"ImageObject","inLanguage":"et","@id":"https:\/\/groutpackers.com\/manufacturer\/injection-lances\/#primaryimage","url":"https:\/\/groutpackers.com\/wp-content\/uploads\/2024\/05\/Injection-Lances-for-soil-stabilization.jpg","contentUrl":"https:\/\/groutpackers.com\/wp-content\/uploads\/2024\/05\/Injection-Lances-for-soil-stabilization.jpg","width":1000,"height":1000,"caption":"Injection Lances for soil stabilization"},{"@type":"BreadcrumbList","@id":"https:\/\/groutpackers.com\/manufacturer\/injection-lances\/#breadcrumb","itemListElement":[{"@type":"ListItem","position":1,"name":"Home","item":"https:\/\/groutpackers.com\/"},{"@type":"ListItem","position":2,"name":"Produk","item":"https:\/\/groutpackers.com\/id\/shop\/"},{"@type":"ListItem","position":3,"name":"Injection Lances"}]},{"@type":"WebSite","@id":"https:\/\/groutpackers.com\/bs\/#website","url":"https:\/\/groutpackers.com\/bs\/","name":"","description":"","potentialAction":[{"@type":"SearchAction","target":{"@type":"EntryPoint","urlTemplate":"https:\/\/groutpackers.com\/bs\/?s={search_term_string}"},"query-input":{"@type":"PropertyValueSpecification","valueRequired":true,"valueName":"search_term_string"}}],"inLanguage":"et"}]}},"_links":{"self":[{"href":"https:\/\/groutpackers.com\/et\/wp-json\/wp\/v2\/product\/1693","targetHints":{"allow":["GET"]}}],"collection":[{"href":"https:\/\/groutpackers.com\/et\/wp-json\/wp\/v2\/product"}],"about":[{"href":"https:\/\/groutpackers.com\/et\/wp-json\/wp\/v2\/types\/product"}],"wp:featuredmedia":[{"embeddable":true,"href":"https:\/\/groutpackers.com\/et\/wp-json\/wp\/v2\/media\/2546"}],"wp:attachment":[{"href":"https:\/\/groutpackers.com\/et\/wp-json\/wp\/v2\/media?parent=1693"}],"wp:term":[{"taxonomy":"product_brand","embeddable":true,"href":"https:\/\/groutpackers.com\/et\/wp-json\/wp\/v2\/product_brand?post=1693"},{"taxonomy":"product_cat","embeddable":true,"href":"https:\/\/groutpackers.com\/et\/wp-json\/wp\/v2\/product_cat?post=1693"},{"taxonomy":"product_tag","embeddable":true,"href":"https:\/\/groutpackers.com\/et\/wp-json\/wp\/v2\/product_tag?post=1693"}],"curies":[{"name":"wp","href":"https:\/\/api.w.org\/{rel}","templated":true}]}}