{"id":25,"date":"2023-03-05T10:39:43","date_gmt":"2023-03-05T10:39:43","guid":{"rendered":"http:\/\/groutpackers.com\/?page_id=25"},"modified":"2024-07-10T02:49:31","modified_gmt":"2024-07-10T02:49:31","slug":"about","status":"publish","type":"page","link":"https:\/\/groutpackers.com\/fi\/about\/","title":{"rendered":"Noin"},"content":{"rendered":"<section class=\"section\" id=\"section_658213177\">\n\t\t<div class=\"bg section-bg fill bg-fill  bg-loaded\" >\n\n\t\t\t\n\t\t\t\n\t\t\t\n\n\t\t<\/div>\n\n\t\t\n\n\t\t<div class=\"section-content relative\">\n\t\t\t\n<div class=\"row align-equal\"  id=\"row-1804951577\">\n\n\t<div id=\"col-939671973\" class=\"col medium-12 small-12 large-6 medium-col-first\"  >\n\t\t\t\t<div class=\"col-inner\"  >\n\t\t\t\n\t\t\t\n\t<div id=\"gap-1142783786\" class=\"gap-element clearfix\" style=\"display:block; height:auto;\">\n\t\t\n<style>\n#gap-1142783786 {\n  padding-top: 5px;\n}\n<\/style>\n\t<\/div>\n\t\n\t<div id=\"text-36363390\" class=\"text\">\n\t\t\n<h2>YRITYSTIEDOT<\/h2>\n\t\t\n<style>\n#text-36363390 {\n  font-size: 1rem;\n}\n@media (min-width:550px) {\n  #text-36363390 {\n    font-size: 1rem;\n  }\n}\n@media (min-width:850px) {\n  #text-36363390 {\n    font-size: 1.4rem;\n  }\n}\n<\/style>\n\t<\/div>\n\t\n<div class=\"is-divider divider clearfix\" style=\"max-width:50px;height:4px;background-color:rgba(224, 236, 250, 0.953);\"><\/div>\n\t<div id=\"gap-143706823\" class=\"gap-element clearfix hide-for-small\" style=\"display:block; height:auto;\">\n\t\t\n<style>\n#gap-143706823 {\n  padding-top: 20px;\n}\n<\/style>\n\t<\/div>\n\t\n<p>Groutpackers on Kiinan johtava valmistaja <a href=\"http:\/\/groutpackers.com\/fi\/injection-packer\/\">ruiskupakkaajat<\/a> ja <a href=\"http:\/\/groutpackers.com\/fi\/injection-grouting-machine\/\">injektointipumput<\/a>, ne on suunniteltu rakentamiseen arkistoida. Tiukka laadunvalvontatiimi on aina paikalla varmistaakseen jokaisen <a href=\"http:\/\/groutpackers.com\/fi\/injection-packer\/\">injektiopakkauslaite<\/a> ja <a href=\"http:\/\/groutpackers.com\/fi\/injection-grouting-machine\/\">ruiskutuspumput<\/a> korkeimmalle tasolle, tiimimme on aina t\u00e4\u00e4ll\u00e4 tarjotakseen parasta mahdollista palvelua sinulle.<\/p>\n<p>Olemme l\u00e4p\u00e4isseet ISO 9001 -standardin, parannamme jatkuvasti itse\u00e4mme pysy\u00e4ksemme kansainv\u00e4lisen standardin tahdissa. Uskomme vakaasti, ett\u00e4 menestymisemme riippuu etujen asettamisesta etusijalle ja arvon luomisesta maailmanlaajuisille asiakkaille \u00e4\u00e4rimm\u00e4isell\u00e4 ammattitaidolla ja tehokkuudella.<\/p>\n\t<div id=\"gap-520991145\" class=\"gap-element clearfix\" style=\"display:block; height:auto;\">\n\t\t\n<style>\n#gap-520991145 {\n  padding-top: 30px;\n}\n<\/style>\n\t<\/div>\n\t\n<a href=\"\/fi\/contact\/\" class=\"button primary lowercase\"  style=\"border-radius:99px;\">\n    <span>Ota meihin yhteytt\u00e4<\/span>\n  <\/a>\n\n\t\t<\/div>\n\t\t\t\t\n<style>\n#col-939671973 > .col-inner {\n  padding: 0px 0px 0px 0px;\n}\n@media (min-width:550px) {\n  #col-939671973 > .col-inner {\n    padding: 0px 0px 0px 0px;\n  }\n}\n@media (min-width:850px) {\n  #col-939671973 > .col-inner {\n    padding: 0px 20px 0px 0px;\n  }\n}\n<\/style>\n\t<\/div>\n\n\t\n\n\t<div id=\"col-1047979829\" class=\"col medium-12 small-12 large-6\"  >\n\t\t\t\t<div class=\"col-inner\"  >\n\t\t\t\n\t\t\t\n\t<div class=\"img has-hover x md-x lg-x y md-y lg-y\" id=\"image_866799973\">\n\t\t\t\t\t\t\t\t<div class=\"img-inner image-cover box-shadow-1 box-shadow-5-hover dark\" style=\"padding-top:70%;\">\n\t\t\t<img loading=\"lazy\" decoding=\"async\" width=\"2560\" height=\"1181\" src=\"https:\/\/groutpackers.com\/wp-content\/uploads\/2024\/04\/work-shop-scaled.jpg\" class=\"attachment-original size-original\" alt=\"ty\u00f6paja\" srcset=\"https:\/\/groutpackers.com\/wp-content\/uploads\/2024\/04\/work-shop-scaled.jpg 2560w, https:\/\/groutpackers.com\/wp-content\/uploads\/2024\/04\/work-shop-300x138.jpg 300w, https:\/\/groutpackers.com\/wp-content\/uploads\/2024\/04\/work-shop-1024x473.jpg 1024w, https:\/\/groutpackers.com\/wp-content\/uploads\/2024\/04\/work-shop-768x354.jpg 768w, https:\/\/groutpackers.com\/wp-content\/uploads\/2024\/04\/work-shop-1536x709.jpg 1536w, https:\/\/groutpackers.com\/wp-content\/uploads\/2024\/04\/work-shop-2048x945.jpg 2048w, https:\/\/groutpackers.com\/wp-content\/uploads\/2024\/04\/work-shop-600x277.jpg 600w\" sizes=\"auto, (max-width: 2560px) 100vw, 2560px\" \/>\t\t\t\t\t\t\n\t\t\t\t\t<\/div>\n\t\t\t\t\t\t\t\t\n<style>\n#image_866799973 {\n  width: 100%;\n}\n<\/style>\n\t<\/div>\n\t\n\t\t<\/div>\n\t\t\t\t\n<style>\n#col-1047979829 > .col-inner {\n  padding: 0px 0px 0px 0px;\n  border-radius: 8px;\n}\n@media (min-width:550px) {\n  #col-1047979829 > .col-inner {\n    padding: 0px 0px 0px 0px;\n  }\n}\n@media (min-width:850px) {\n  #col-1047979829 > .col-inner {\n    padding: 0px 0px 0px 20px;\n  }\n}\n<\/style>\n\t<\/div>\n\n\t\n<\/div>\n\t\t<\/div>\n\n\t\t\n<style>\n#section_658213177 {\n  padding-top: 30px;\n  padding-bottom: 30px;\n}\n@media (min-width:550px) {\n  #section_658213177 {\n    padding-top: 30px;\n    padding-bottom: 30px;\n  }\n}\n@media (min-width:850px) {\n  #section_658213177 {\n    padding-top: 80px;\n    padding-bottom: 80px;\n  }\n}\n<\/style>\n\t<\/section>\n\t\n\n\n\t<section class=\"section\" id=\"section_1680556591\">\n\t\t<div class=\"bg section-bg fill bg-fill  bg-loaded\" >\n\n\t\t\t\n\t\t\t\n\t\t\t\n\n\t\t<\/div>\n\n\t\t\n\n\t\t<div class=\"section-content relative\">\n\t\t\t\n\t<div id=\"gap-338875431\" class=\"gap-element clearfix\" style=\"display:block; height:auto;\">\n\t\t\n<style>\n#gap-338875431 {\n  padding-top: 30px;\n}\n<\/style>\n\t<\/div>\n\t\n<div class=\"row align-center\"  id=\"row-944596384\">\n\n\t<div id=\"col-2053806720\" class=\"col medium-10 small-12 large-10\"  >\n\t\t\t\t<div class=\"col-inner\"  >\n\t\t\t\n\t\t\t\n\t<div id=\"text-4030518115\" class=\"text\">\n\t\t\n<h2><span style=\"color: #808080;\">VAKAA LAATU JA NOPEA TOIMITUS<\/span><\/h2>\n\t\t\n<style>\n#text-4030518115 {\n  font-size: 1.35rem;\n  text-align: center;\n  color: rgb(255,255,255);\n}\n#text-4030518115 > * {\n  color: rgb(255,255,255);\n}\n<\/style>\n\t<\/div>\n\t\n<div class=\"text-center\"><div class=\"is-divider divider clearfix\" style=\"background-color:rgb(255, 255, 255);\"><\/div><\/div>\n\t\t<\/div>\n\t\t\t\t\n<style>\n#col-2053806720 > .col-inner {\n  margin: 0px 0px -20px 0px;\n}\n<\/style>\n\t<\/div>\n\n\t\n<\/div>\n<div class=\"row\"  id=\"row-476737125\">\n\n\t<div id=\"col-2104996911\" class=\"col small-12 large-12\"  >\n\t\t\t\t<div class=\"col-inner text-center\"  >\n\t\t\t\n\t\t\t\n<a href=\"\/fi\/shop\/\" class=\"button white\"  style=\"border-radius:99px;\">\n    <span>Lue lis\u00e4\u00e4<\/span>\n  <\/a>\n\n\t\t<\/div>\n\t\t\t\t\n<style>\n#col-2104996911 > .col-inner {\n  margin: 0px 0px -20px 0px;\n}\n<\/style>\n\t<\/div>\n\n\t\n<\/div>\n\t\t<\/div>\n\n\t\t\n<style>\n#section_1680556591 {\n  padding-top: 30px;\n  padding-bottom: 30px;\n  background-color: rgba(224, 236, 250, 0.953);\n}\n<\/style>\n\t<\/section>\n\t\n\t<section class=\"section\" id=\"section_1411259579\">\n\t\t<div class=\"bg section-bg fill bg-fill  bg-loaded\" >\n\n\t\t\t\n\t\t\t\n\t\t\t\n\n\t\t<\/div>\n\n\t\t\n\n\t\t<div class=\"section-content relative\">\n\t\t\t\n<div class=\"row\"  id=\"row-902864060\">\n\n\t<div id=\"col-1962433770\" class=\"col small-12 large-12\"  >\n\t\t\t\t<div class=\"col-inner\"  >\n\t\t\t\n\t\t\t\n\t<div id=\"gap-1250743779\" class=\"gap-element clearfix hide-for-medium\" style=\"display:block; height:auto;\">\n\t\t\n<style>\n#gap-1250743779 {\n  padding-top: 30px;\n}\n<\/style>\n\t<\/div>\n\t\n\t\t<\/div>\n\t\t\t\t\n<style>\n#col-1962433770 > .col-inner {\n  margin: 0px 0px -20px 0px;\n}\n<\/style>\n\t<\/div>\n\n\t\n<\/div>\n\t<div id=\"text-1825165098\" class=\"text\">\n\t\t\n<h2 style=\"text-align: center;\">\u00a0 \u00a0 \u00a0 \u00a0 \u00a0 \u00a0 \u00a0 \u00a0 \u00a0 \u00a0 \u00a0 \u00a0 \u00a0 \u00a0 \u00a0 \u00a0 \u00a0 \u00a0 \u00a0 \u00a0 \u00a0 \u00a0 \u00a0 \u00a0 \u00a0 \u00a0 \u00a0 \u00a0 \u00a0 \u00a0 \u00a0 \u00a0 \u00a0 \u00a0 TUOTTEMME<\/h2>\n\t\t\n<style>\n#text-1825165098 {\n  font-size: 1rem;\n  text-align: right;\n}\n@media (min-width:550px) {\n  #text-1825165098 {\n    font-size: 1rem;\n  }\n}\n@media (min-width:850px) {\n  #text-1825165098 {\n    font-size: 1.3rem;\n  }\n}\n<\/style>\n\t<\/div>\n\t\n<div class=\"row align-equal\" style=\"max-width:1400px\" id=\"row-350508572\">\n\n\t<div id=\"col-1912091008\" class=\"col medium-12 small-12 large-6\"  >\n\t\t\t\t<div class=\"col-inner\"  >\n\t\t\t\n\t\t\t\n\t<div class=\"img has-hover x md-x lg-x y md-y lg-y\" id=\"image_1167876072\">\n\t\t\t\t\t\t\t\t<div class=\"img-inner box-shadow-1 box-shadow-5-hover dark\" >\n\t\t\t\t\t\t\t\t\t\n\t\t\t\t\t<\/div>\n\t\t\t\t\t\t\t\t\n<style>\n#image_1167876072 {\n  width: 100%;\n}\n@media (min-width:550px) {\n  #image_1167876072 {\n    width: 100%;\n  }\n}\n<\/style>\n\t<\/div>\n\t\n\t<div class=\"img has-hover x md-x lg-x y md-y lg-y\" id=\"image_1788358472\">\n\t\t\t\t\t\t\t\t<div class=\"img-inner dark\" >\n\t\t\t<img loading=\"lazy\" decoding=\"async\" width=\"1020\" height=\"1020\" src=\"https:\/\/groutpackers.com\/wp-content\/uploads\/2024\/05\/Grout-pump-and-injection-packer-1024x1024.jpg\" class=\"attachment-large size-large\" alt=\"Laastipumppu ja ruiskupakkaus\" srcset=\"https:\/\/groutpackers.com\/wp-content\/uploads\/2024\/05\/Grout-pump-and-injection-packer-1024x1024.jpg 1024w, https:\/\/groutpackers.com\/wp-content\/uploads\/2024\/05\/Grout-pump-and-injection-packer-300x300.jpg 300w, https:\/\/groutpackers.com\/wp-content\/uploads\/2024\/05\/Grout-pump-and-injection-packer-150x150.jpg 150w, https:\/\/groutpackers.com\/wp-content\/uploads\/2024\/05\/Grout-pump-and-injection-packer-768x768.jpg 768w, https:\/\/groutpackers.com\/wp-content\/uploads\/2024\/05\/Grout-pump-and-injection-packer-600x600.jpg 600w, https:\/\/groutpackers.com\/wp-content\/uploads\/2024\/05\/Grout-pump-and-injection-packer-100x100.jpg 100w, https:\/\/groutpackers.com\/wp-content\/uploads\/2024\/05\/Grout-pump-and-injection-packer.jpg 1200w\" sizes=\"auto, (max-width: 1020px) 100vw, 1020px\" \/>\t\t\t\t\t\t\n\t\t\t\t\t<\/div>\n\t\t\t\t\t\t\t\t\n<style>\n#image_1788358472 {\n  width: 100%;\n}\n<\/style>\n\t<\/div>\n\t\n\t\t<\/div>\n\t\t\t\t\n<style>\n#col-1912091008 > .col-inner {\n  padding: 0px 0px 0px 0px;\n}\n@media (min-width:550px) {\n  #col-1912091008 > .col-inner {\n    padding: 0px 0px 0px 0px;\n  }\n}\n@media (min-width:850px) {\n  #col-1912091008 > .col-inner {\n    padding: 0px 30px 0px 0px;\n  }\n}\n<\/style>\n\t<\/div>\n\n\t\n\n\t<div id=\"col-2094148871\" class=\"col medium-12 small-12 large-6 medium-col-first\"  >\n\t\t\t\t<div class=\"col-inner\"  >\n\t\t\t\n\t\t\t\n<div class=\"is-divider divider clearfix\" style=\"max-width:50px;height:4px;background-color:rgba(224, 236, 250, 0.953);\"><\/div>\n\t<div class=\"img has-hover x md-x lg-x y md-y lg-y\" id=\"image_833844488\">\n\t\t\t\t\t\t\t\t<div class=\"img-inner image-cover dark\" style=\"padding-top:50%;\">\n\t\t\t<img loading=\"lazy\" decoding=\"async\" width=\"1000\" height=\"1000\" src=\"https:\/\/groutpackers.com\/wp-content\/uploads\/2024\/05\/Sliding-coupler.jpg\" class=\"attachment-large size-large\" alt=\"Liukuva liitin\" srcset=\"https:\/\/groutpackers.com\/wp-content\/uploads\/2024\/05\/Sliding-coupler.jpg 1000w, https:\/\/groutpackers.com\/wp-content\/uploads\/2024\/05\/Sliding-coupler-300x300.jpg 300w, https:\/\/groutpackers.com\/wp-content\/uploads\/2024\/05\/Sliding-coupler-150x150.jpg 150w, https:\/\/groutpackers.com\/wp-content\/uploads\/2024\/05\/Sliding-coupler-768x768.jpg 768w, https:\/\/groutpackers.com\/wp-content\/uploads\/2024\/05\/Sliding-coupler-600x600.jpg 600w, https:\/\/groutpackers.com\/wp-content\/uploads\/2024\/05\/Sliding-coupler-100x100.jpg 100w\" sizes=\"auto, (max-width: 1000px) 100vw, 1000px\" \/>\t\t\t\t\t\t\n\t\t\t\t\t<\/div>\n\t\t\t\t\t\t\t\t\n<style>\n#image_833844488 {\n  width: 100%;\n}\n<\/style>\n\t<\/div>\n\t\n<h3>Aja menestyst\u00e4si kanssa<br \/>meid\u00e4n <a href=\"http:\/\/groutpackers.com\/fi\/injection-packer\/\">injektiopakkauslaite<\/a> ja <a href=\"http:\/\/groutpackers.com\/fi\/injection-grouting-machine\/\">laastipumppu<\/a><\/h3>\n<p>Injektiopakkaajat ja laastipumppumme on rakennettu turvallisuustakuiden pohjalta. Asiakasprojekti voisi v\u00e4ltt\u00e4\u00e4 joitain piiloriskej\u00e4. Vakaat ja luotettavat pakkaajat ja pumput ovat t\u00e4rkein tuki k\u00e4ynniss\u00e4 oleville projekteillesi. Se voi s\u00e4\u00e4st\u00e4\u00e4 aikaa ja kustannuksia. Olemme luotettava toimittaja ja meill\u00e4 on laadunvalvontaj\u00e4rjestelm\u00e4 laadun varmistamiseksi.\u00a0<\/p>\n<p>Tuotteemme ovat l\u00e4p\u00e4isseet lSO 9001, CE-sertifikaatit. Se voi auttaa sinua tutustumaan Euroapen-markkinoihin helposti.<\/p>\n\t<div id=\"gap-1842678120\" class=\"gap-element clearfix\" style=\"display:block; height:auto;\">\n\t\t\n<style>\n#gap-1842678120 {\n  padding-top: 30px;\n}\n<\/style>\n\t<\/div>\n\t\n<a href=\"\/fi\/contact\/\" class=\"button primary lowercase\"  style=\"border-radius:99px;\">\n    <span>Ota meihin yhteytt\u00e4<\/span>\n  <\/a>\n\n\t\t<\/div>\n\t\t\t\t\n<style>\n#col-2094148871 > .col-inner {\n  padding: 0px 0px 0px 0px;\n}\n@media (min-width:550px) {\n  #col-2094148871 > .col-inner {\n    padding: 0px 0px 0px 0px;\n  }\n}\n@media (min-width:850px) {\n  #col-2094148871 > .col-inner {\n    padding: 0px 90px 0px 30px;\n  }\n}\n<\/style>\n\t<\/div>\n\n\t\n<\/div>\n<div class=\"row align-middle align-center\"  id=\"row-687241435\">\n\n\t<div id=\"col-1823072598\" class=\"col medium-6 small-12 large-6\"  >\n\t\t\t\t<div class=\"col-inner\"  >\n\t\t\t\n\t\t\t\n\t<div id=\"gap-347792284\" class=\"gap-element clearfix\" style=\"display:block; height:auto;\">\n\t\t\n<style>\n#gap-347792284 {\n  padding-top: 0px;\n}\n<\/style>\n\t<\/div>\n\t\n\t\t<\/div>\n\t\t\t\t\t<\/div>\n\n\t\n<\/div>\n\t\t<\/div>\n\n\t\t\n<style>\n#section_1411259579 {\n  padding-top: 0px;\n  padding-bottom: 0px;\n}\n@media (min-width:550px) {\n  #section_1411259579 {\n    padding-top: 0px;\n    padding-bottom: 0px;\n  }\n}\n@media (min-width:850px) {\n  #section_1411259579 {\n    padding-top: 50px;\n    padding-bottom: 50px;\n  }\n}\n<\/style>\n\t<\/section>","protected":false},"excerpt":{"rendered":"","protected":false},"author":1,"featured_media":0,"parent":0,"menu_order":0,"comment_status":"closed","ping_status":"closed","template":"page-blank.php","meta":{"footnotes":""},"class_list":["post-25","page","type-page","status-publish","hentry"],"yoast_head":"<!-- This site is optimized with the Yoast SEO plugin v24.4 - https:\/\/yoast.com\/wordpress\/plugins\/seo\/ -->\n<title>About Us | Injection Packers Suppliers<\/title>\n<meta name=\"description\" content=\"Injection Packers Suppliers From China. We can customize injection packers for client as per your requirements\" \/>\n<meta name=\"robots\" content=\"index, follow, max-snippet:-1, max-image-preview:large, max-video-preview:-1\" \/>\n<link rel=\"canonical\" href=\"https:\/\/groutpackers.com\/fi\/about\/\" \/>\n<meta property=\"og:locale\" content=\"fi_FI\" \/>\n<meta property=\"og:type\" content=\"article\" \/>\n<meta property=\"og:title\" content=\"About Us | Injection Packers Suppliers\" \/>\n<meta property=\"og:description\" content=\"Injection Packers Suppliers From China. We can customize injection packers for client as per your requirements\" \/>\n<meta property=\"og:url\" content=\"https:\/\/groutpackers.com\/fi\/about\/\" \/>\n<meta property=\"article:modified_time\" content=\"2024-07-10T02:49:31+00:00\" \/>\n<meta name=\"twitter:card\" content=\"summary_large_image\" \/>\n<meta name=\"twitter:label1\" content=\"Arvioitu lukuaika\" \/>\n\t<meta name=\"twitter:data1\" content=\"4 minuuttia\" \/>\n<script type=\"application\/ld+json\" class=\"yoast-schema-graph\">{\"@context\":\"https:\/\/schema.org\",\"@graph\":[{\"@type\":\"WebPage\",\"@id\":\"https:\/\/groutpackers.com\/ceb\/about\/\",\"url\":\"https:\/\/groutpackers.com\/ceb\/about\/\",\"name\":\"About Us | Injection Packers Suppliers\",\"isPartOf\":{\"@id\":\"https:\/\/groutpackers.com\/bs\/#website\"},\"datePublished\":\"2023-03-05T10:39:43+00:00\",\"dateModified\":\"2024-07-10T02:49:31+00:00\",\"description\":\"Injection Packers Suppliers From China. We can customize injection packers for client as per your requirements\",\"breadcrumb\":{\"@id\":\"https:\/\/groutpackers.com\/ceb\/about\/#breadcrumb\"},\"inLanguage\":\"fi\",\"potentialAction\":[{\"@type\":\"ReadAction\",\"target\":[\"https:\/\/groutpackers.com\/ceb\/about\/\"]}]},{\"@type\":\"BreadcrumbList\",\"@id\":\"https:\/\/groutpackers.com\/ceb\/about\/#breadcrumb\",\"itemListElement\":[{\"@type\":\"ListItem\",\"position\":1,\"name\":\"Home\",\"item\":\"https:\/\/groutpackers.com\/\"},{\"@type\":\"ListItem\",\"position\":2,\"name\":\"About\"}]},{\"@type\":\"WebSite\",\"@id\":\"https:\/\/groutpackers.com\/bs\/#website\",\"url\":\"https:\/\/groutpackers.com\/bs\/\",\"name\":\"\",\"description\":\"\",\"potentialAction\":[{\"@type\":\"SearchAction\",\"target\":{\"@type\":\"EntryPoint\",\"urlTemplate\":\"https:\/\/groutpackers.com\/bs\/?s={search_term_string}\"},\"query-input\":{\"@type\":\"PropertyValueSpecification\",\"valueRequired\":true,\"valueName\":\"search_term_string\"}}],\"inLanguage\":\"fi\"}]}<\/script>\n<!-- \/ Yoast SEO plugin. -->","yoast_head_json":{"title":"Tietoja meist\u00e4 | Ruiskupakkauslaitteiden toimittajat","description":"Ruiskupakkauslaitteiden toimittajat Kiinasta. Voimme r\u00e4\u00e4t\u00e4l\u00f6id\u00e4 injektiopakkauksia asiakkaalle tarpeidesi mukaan","robots":{"index":"index","follow":"follow","max-snippet":"max-snippet:-1","max-image-preview":"max-image-preview:large","max-video-preview":"max-video-preview:-1"},"canonical":"https:\/\/groutpackers.com\/fi\/about\/","og_locale":"fi_FI","og_type":"article","og_title":"About Us | Injection Packers Suppliers","og_description":"Injection Packers Suppliers From China. We can customize injection packers for client as per your requirements","og_url":"https:\/\/groutpackers.com\/fi\/about\/","article_modified_time":"2024-07-10T02:49:31+00:00","twitter_card":"summary_large_image","twitter_misc":{"Arvioitu lukuaika":"4 minuuttia"},"schema":{"@context":"https:\/\/schema.org","@graph":[{"@type":"WebPage","@id":"https:\/\/groutpackers.com\/ceb\/about\/","url":"https:\/\/groutpackers.com\/ceb\/about\/","name":"Tietoja meist\u00e4 | Ruiskupakkauslaitteiden toimittajat","isPartOf":{"@id":"https:\/\/groutpackers.com\/bs\/#website"},"datePublished":"2023-03-05T10:39:43+00:00","dateModified":"2024-07-10T02:49:31+00:00","description":"Ruiskupakkauslaitteiden toimittajat Kiinasta. Voimme r\u00e4\u00e4t\u00e4l\u00f6id\u00e4 injektiopakkauksia asiakkaalle tarpeidesi mukaan","breadcrumb":{"@id":"https:\/\/groutpackers.com\/ceb\/about\/#breadcrumb"},"inLanguage":"fi","potentialAction":[{"@type":"ReadAction","target":["https:\/\/groutpackers.com\/ceb\/about\/"]}]},{"@type":"BreadcrumbList","@id":"https:\/\/groutpackers.com\/ceb\/about\/#breadcrumb","itemListElement":[{"@type":"ListItem","position":1,"name":"Home","item":"https:\/\/groutpackers.com\/"},{"@type":"ListItem","position":2,"name":"About"}]},{"@type":"WebSite","@id":"https:\/\/groutpackers.com\/bs\/#website","url":"https:\/\/groutpackers.com\/bs\/","name":"","description":"","potentialAction":[{"@type":"SearchAction","target":{"@type":"EntryPoint","urlTemplate":"https:\/\/groutpackers.com\/bs\/?s={search_term_string}"},"query-input":{"@type":"PropertyValueSpecification","valueRequired":true,"valueName":"search_term_string"}}],"inLanguage":"fi"}]}},"_links":{"self":[{"href":"https:\/\/groutpackers.com\/fi\/wp-json\/wp\/v2\/pages\/25","targetHints":{"allow":["GET"]}}],"collection":[{"href":"https:\/\/groutpackers.com\/fi\/wp-json\/wp\/v2\/pages"}],"about":[{"href":"https:\/\/groutpackers.com\/fi\/wp-json\/wp\/v2\/types\/page"}],"author":[{"embeddable":true,"href":"https:\/\/groutpackers.com\/fi\/wp-json\/wp\/v2\/users\/1"}],"replies":[{"embeddable":true,"href":"https:\/\/groutpackers.com\/fi\/wp-json\/wp\/v2\/comments?post=25"}],"version-history":[{"count":31,"href":"https:\/\/groutpackers.com\/fi\/wp-json\/wp\/v2\/pages\/25\/revisions"}],"predecessor-version":[{"id":3216,"href":"https:\/\/groutpackers.com\/fi\/wp-json\/wp\/v2\/pages\/25\/revisions\/3216"}],"wp:attachment":[{"href":"https:\/\/groutpackers.com\/fi\/wp-json\/wp\/v2\/media?parent=25"}],"curies":[{"name":"wp","href":"https:\/\/api.w.org\/{rel}","templated":true}]}}