{"id":1693,"date":"2024-04-29T06:09:37","date_gmt":"2024-04-29T06:09:37","guid":{"rendered":"http:\/\/groutpackers.com\/?post_type=product&#038;p=1693"},"modified":"2025-03-24T03:31:04","modified_gmt":"2025-03-24T03:31:04","slug":"injection-lances","status":"publish","type":"product","link":"https:\/\/groutpackers.com\/fi\/manufacturer\/injection-lances\/","title":{"rendered":"Ruiskutuslanssit"},"content":{"rendered":"<p>Ruiskutuslansetit, jotka tunnetaan my\u00f6s nimell\u00e4 maaper\u00e4n ruiskutuslansseja tai maaper\u00e4n stabilointilansseja, ovat erikoisty\u00f6kaluja, joita k\u00e4ytet\u00e4\u00e4n stabiloivien materiaalien ruiskuttamiseen maaper\u00e4\u00e4n tai maahan sen teknisten ominaisuuksien parantamiseksi.<\/p>\n<p>Maa-ainesten t\u00e4rkeimm\u00e4t ominaisuudet ja sovellukset ovat:<\/p>\n<p><strong>1. Tarkoitus:<\/strong><br \/>\n\u2013 Maan lansetit on suunniteltu erityisesti laastin, sementtipohjaisten lietteiden, kemiallisten lis\u00e4aineiden tai muiden stabiloivien materiaalien ruiskuttamiseen maahan.<br \/>\n\u2013 Tavoitteena on parantaa maaper\u00e4n lujuutta, v\u00e4hent\u00e4\u00e4 l\u00e4p\u00e4isevyytt\u00e4, lievent\u00e4\u00e4 laskeumaa tai ratkaista muita geoteknisi\u00e4 ongelmia ruiskutusprosessin avulla.<\/p>\n<p><strong>2. Rakentaminen:<\/strong><br \/>\n\u2013 Maan lansseilla on tyypillisesti pitk\u00e4, hoikka ja ontto rakenne, mik\u00e4 mahdollistaa stabiloivan materiaalin ruiskuttamisen lansetin keskustan l\u00e4pi.<br \/>\n\u2013 Suihkuputken k\u00e4rki voi olla ter\u00e4v\u00e4 tai varustettu erityisill\u00e4 ominaisuuksilla, jotka helpottavat tunkeutumista maaper\u00e4\u00e4n.<br \/>\n\u2013 Joissakin maa-aineissa on vaihdettavat k\u00e4rjet tai lis\u00e4varusteet, jotka sopivat erilaisiin maaper\u00e4olosuhteisiin tai ruiskutusmateriaaleihin.<\/p>\n<p><strong>3. Injektioprosessi:<\/strong><br \/>\n\u2013 Maan lansetit ty\u00f6nnet\u00e4\u00e4n maahan joko k\u00e4sin tai erikoisv\u00e4lineill\u00e4 haluttuun syvyyteen tai ruiskutuskohtaan.<br \/>\n\u2013 Stabiloiva materiaali pumpataan tai ruiskutetaan sitten lansetin l\u00e4pi ja levitet\u00e4\u00e4n ymp\u00e4r\u00f6iv\u00e4\u00e4n maaper\u00e4\u00e4n.<br \/>\n\u2013 Ruiskutusprosessia valvotaan tarkasti tasaisen jakautumisen ja tehokkaan maaper\u00e4n stabiloinnin varmistamiseksi.<\/p>\n<p><strong>4. Sovellukset:<\/strong><br \/>\n\u2013 Maaper\u00e4n stabilointi- ja maanparannusprojektit, kuten perustuksen tukeminen, kaltevuuden stabilointi ja maaper\u00e4n kunnostus.<br \/>\n\u2013 Maaper\u00e4n tyhjien tai maanalaisten onteloiden saumaus ja tiivist\u00e4minen.<br \/>\n\u2013 Kemiallisten lis\u00e4aineiden tai laastien ruiskuttaminen maaper\u00e4n kunnostamiseen tai ymp\u00e4rist\u00f6n k\u00e4sittelyyn.<br \/>\n\u2013 Maanaulojen, ankkurien tai muiden maaper\u00e4n vahvistusj\u00e4rjestelmien asennus.<\/p>\n<p><strong>5. Erikoislaitteet:<\/strong><br \/>\n\u2013 Maan lansseja k\u00e4ytet\u00e4\u00e4n usein erikoisruiskutuslaitteiden, kuten laastipumppujen, sekoitusyksik\u00f6iden ja tietokoneohjattujen ruiskutusj\u00e4rjestelmien yhteydess\u00e4.<br \/>\n\u2013 T\u00e4m\u00e4 varmistaa stabilointimateriaalien tarkan toimituksen ja valvonnan ruiskutusprosessin aikana.<\/p>\n<p>Maan lansetit ovat olennainen ty\u00f6kalu geoteknisess\u00e4 suunnittelussa ja rakentamisessa, mik\u00e4 mahdollistaa materiaalien kohdennetun ja kontrolloidun ruiskutuksen maahan maaper\u00e4n ominaisuuksien parantamiseksi ja erilaisiin maaper\u00e4n haasteisiin vastaamiseksi.<\/p>\n<table style=\"border-collapse: collapse; width: 1204px; height: 263px;\" border=\"0\" width=\"617\" cellspacing=\"0\" cellpadding=\"0\">\n<tbody>\n<tr style=\"height: 13.50pt;\">\n<td class=\"et2\" style=\"height: 13.5pt; width: 271.5pt; text-align: center;\" width=\"362\" height=\"18\">Kuva<\/td>\n<td class=\"et2\" style=\"width: 74.25pt;\" width=\"99\">Malli<\/td>\n<td class=\"et2\" style=\"width: 60.00pt;\" width=\"80\">Halkaisija<\/td>\n<td class=\"et2\" style=\"width: 57.00pt;\" width=\"76\">Pituus<\/td>\n<\/tr>\n<tr style=\"height: 13.00pt;\">\n<td class=\"et2\" style=\"height: 26.50pt;\" rowspan=\"2\" height=\"35\"><\/td>\n<td class=\"et2\">13x500mm<\/td>\n<td class=\"et2\">13 mm<\/td>\n<td class=\"et2\">500mm<\/td>\n<\/tr>\n<tr style=\"height: 13.50pt;\">\n<td class=\"et2\">13x1000mm<\/td>\n<td class=\"et2\">13 mm<\/td>\n<td class=\"et2\">1000mm<\/td>\n<\/tr>\n<tr style=\"height: 13.50pt;\">\n<td class=\"et2\" style=\"height: 27.00pt;\" rowspan=\"2\" height=\"36\"><span style=\"color: #333333;\">\u00a0<\/span><\/td>\n<td class=\"et2\">21x500mm<\/td>\n<td class=\"et2\">21 mm<\/td>\n<td class=\"et2\">500mm<\/td>\n<\/tr>\n<tr style=\"height: 13.50pt;\">\n<td class=\"et2\">21x1000mm<\/td>\n<td class=\"et2\">21 mm<\/td>\n<td class=\"et2\">1000mm<\/td>\n<\/tr>\n<\/tbody>\n<\/table>","protected":false},"excerpt":{"rendered":"<p>Ruiskutussuuttimet<br \/>\nKolmen halkaisijan lansettia on saatavana<br \/>\nPituudet: 500mm ja 1000mm<br \/>\nEri halkaisija: 13mm \/ 18mm \/ 21mm<br \/>\nMOQ: 1000 kappaletta<br \/>\nToimitusaika: 10-15 p\u00e4iv\u00e4n sis\u00e4ll\u00e4<br \/>\nMaksu: T\/T, L\/C AT SIGHT, PAYPAL, LUOTTOKORTTI.<\/p>","protected":false},"featured_media":2546,"template":"","meta":[],"product_brand":[],"product_cat":[40],"product_tag":[],"class_list":{"0":"post-1693","1":"product","2":"type-product","3":"status-publish","4":"has-post-thumbnail","6":"product_cat-steel-injeciton-packer","8":"first","9":"instock","10":"shipping-taxable","11":"product-type-simple"},"yoast_head":"<!-- This site is optimized with the Yoast SEO plugin v24.4 - https:\/\/yoast.com\/wordpress\/plugins\/seo\/ -->\n<title>Injection Lances -<\/title>\n<meta name=\"robots\" content=\"index, follow, max-snippet:-1, max-image-preview:large, max-video-preview:-1\" \/>\n<link rel=\"canonical\" href=\"https:\/\/groutpackers.com\/fi\/manufacturer\/injection-lances\/\" \/>\n<meta property=\"og:locale\" content=\"fi_FI\" \/>\n<meta property=\"og:type\" content=\"article\" \/>\n<meta property=\"og:title\" content=\"Injection Lances -\" \/>\n<meta property=\"og:description\" content=\"Injection lances Three diameter lances is available Length: 500mm and 1000mm Different diameter: 13mm \/ 18mm \/ 21mm MOQ:1000 Pieces Lead Time: Within 10-15 days Payment: T\/T, L\/C AT SIGHT, PAYPAL, CREDIT CARD.\" \/>\n<meta property=\"og:url\" content=\"https:\/\/groutpackers.com\/fi\/manufacturer\/injection-lances\/\" \/>\n<meta property=\"article:modified_time\" content=\"2025-03-24T03:31:04+00:00\" \/>\n<meta property=\"og:image\" content=\"https:\/\/groutpackers.com\/wp-content\/uploads\/2024\/05\/Injection-Lances-for-soil-stabilization.jpg\" \/>\n\t<meta property=\"og:image:width\" content=\"1000\" \/>\n\t<meta property=\"og:image:height\" content=\"1000\" \/>\n\t<meta property=\"og:image:type\" content=\"image\/jpeg\" \/>\n<meta name=\"twitter:card\" content=\"summary_large_image\" \/>\n<meta name=\"twitter:label1\" content=\"Arvioitu lukuaika\" \/>\n\t<meta name=\"twitter:data1\" content=\"2 minuuttia\" \/>\n<script type=\"application\/ld+json\" class=\"yoast-schema-graph\">{\"@context\":\"https:\/\/schema.org\",\"@graph\":[{\"@type\":\"WebPage\",\"@id\":\"https:\/\/groutpackers.com\/manufacturer\/injection-lances\/\",\"url\":\"https:\/\/groutpackers.com\/manufacturer\/injection-lances\/\",\"name\":\"Injection Lances -\",\"isPartOf\":{\"@id\":\"https:\/\/groutpackers.com\/bs\/#website\"},\"primaryImageOfPage\":{\"@id\":\"https:\/\/groutpackers.com\/manufacturer\/injection-lances\/#primaryimage\"},\"image\":{\"@id\":\"https:\/\/groutpackers.com\/manufacturer\/injection-lances\/#primaryimage\"},\"thumbnailUrl\":\"https:\/\/groutpackers.com\/wp-content\/uploads\/2024\/05\/Injection-Lances-for-soil-stabilization.jpg\",\"datePublished\":\"2024-04-29T06:09:37+00:00\",\"dateModified\":\"2025-03-24T03:31:04+00:00\",\"breadcrumb\":{\"@id\":\"https:\/\/groutpackers.com\/manufacturer\/injection-lances\/#breadcrumb\"},\"inLanguage\":\"fi\",\"potentialAction\":[{\"@type\":\"ReadAction\",\"target\":[\"https:\/\/groutpackers.com\/manufacturer\/injection-lances\/\"]}]},{\"@type\":\"ImageObject\",\"inLanguage\":\"fi\",\"@id\":\"https:\/\/groutpackers.com\/manufacturer\/injection-lances\/#primaryimage\",\"url\":\"https:\/\/groutpackers.com\/wp-content\/uploads\/2024\/05\/Injection-Lances-for-soil-stabilization.jpg\",\"contentUrl\":\"https:\/\/groutpackers.com\/wp-content\/uploads\/2024\/05\/Injection-Lances-for-soil-stabilization.jpg\",\"width\":1000,\"height\":1000,\"caption\":\"Injection Lances for soil stabilization\"},{\"@type\":\"BreadcrumbList\",\"@id\":\"https:\/\/groutpackers.com\/manufacturer\/injection-lances\/#breadcrumb\",\"itemListElement\":[{\"@type\":\"ListItem\",\"position\":1,\"name\":\"Home\",\"item\":\"https:\/\/groutpackers.com\/\"},{\"@type\":\"ListItem\",\"position\":2,\"name\":\"Produk\",\"item\":\"https:\/\/groutpackers.com\/id\/shop\/\"},{\"@type\":\"ListItem\",\"position\":3,\"name\":\"Injection Lances\"}]},{\"@type\":\"WebSite\",\"@id\":\"https:\/\/groutpackers.com\/bs\/#website\",\"url\":\"https:\/\/groutpackers.com\/bs\/\",\"name\":\"\",\"description\":\"\",\"potentialAction\":[{\"@type\":\"SearchAction\",\"target\":{\"@type\":\"EntryPoint\",\"urlTemplate\":\"https:\/\/groutpackers.com\/bs\/?s={search_term_string}\"},\"query-input\":{\"@type\":\"PropertyValueSpecification\",\"valueRequired\":true,\"valueName\":\"search_term_string\"}}],\"inLanguage\":\"fi\"}]}<\/script>\n<!-- \/ Yoast SEO plugin. -->","yoast_head_json":{"title":"Ruiskutuslanset -","robots":{"index":"index","follow":"follow","max-snippet":"max-snippet:-1","max-image-preview":"max-image-preview:large","max-video-preview":"max-video-preview:-1"},"canonical":"https:\/\/groutpackers.com\/fi\/manufacturer\/injection-lances\/","og_locale":"fi_FI","og_type":"article","og_title":"Injection Lances -","og_description":"Injection lances Three diameter lances is available Length: 500mm and 1000mm Different diameter: 13mm \/ 18mm \/ 21mm MOQ:1000 Pieces Lead Time: Within 10-15 days Payment: T\/T, L\/C AT SIGHT, PAYPAL, CREDIT CARD.","og_url":"https:\/\/groutpackers.com\/fi\/manufacturer\/injection-lances\/","article_modified_time":"2025-03-24T03:31:04+00:00","og_image":[{"width":1000,"height":1000,"url":"https:\/\/groutpackers.com\/wp-content\/uploads\/2024\/05\/Injection-Lances-for-soil-stabilization.jpg","type":"image\/jpeg"}],"twitter_card":"summary_large_image","twitter_misc":{"Arvioitu lukuaika":"2 minuuttia"},"schema":{"@context":"https:\/\/schema.org","@graph":[{"@type":"WebPage","@id":"https:\/\/groutpackers.com\/manufacturer\/injection-lances\/","url":"https:\/\/groutpackers.com\/manufacturer\/injection-lances\/","name":"Ruiskutuslanset -","isPartOf":{"@id":"https:\/\/groutpackers.com\/bs\/#website"},"primaryImageOfPage":{"@id":"https:\/\/groutpackers.com\/manufacturer\/injection-lances\/#primaryimage"},"image":{"@id":"https:\/\/groutpackers.com\/manufacturer\/injection-lances\/#primaryimage"},"thumbnailUrl":"https:\/\/groutpackers.com\/wp-content\/uploads\/2024\/05\/Injection-Lances-for-soil-stabilization.jpg","datePublished":"2024-04-29T06:09:37+00:00","dateModified":"2025-03-24T03:31:04+00:00","breadcrumb":{"@id":"https:\/\/groutpackers.com\/manufacturer\/injection-lances\/#breadcrumb"},"inLanguage":"fi","potentialAction":[{"@type":"ReadAction","target":["https:\/\/groutpackers.com\/manufacturer\/injection-lances\/"]}]},{"@type":"ImageObject","inLanguage":"fi","@id":"https:\/\/groutpackers.com\/manufacturer\/injection-lances\/#primaryimage","url":"https:\/\/groutpackers.com\/wp-content\/uploads\/2024\/05\/Injection-Lances-for-soil-stabilization.jpg","contentUrl":"https:\/\/groutpackers.com\/wp-content\/uploads\/2024\/05\/Injection-Lances-for-soil-stabilization.jpg","width":1000,"height":1000,"caption":"Injection Lances for soil stabilization"},{"@type":"BreadcrumbList","@id":"https:\/\/groutpackers.com\/manufacturer\/injection-lances\/#breadcrumb","itemListElement":[{"@type":"ListItem","position":1,"name":"Home","item":"https:\/\/groutpackers.com\/"},{"@type":"ListItem","position":2,"name":"Produk","item":"https:\/\/groutpackers.com\/id\/shop\/"},{"@type":"ListItem","position":3,"name":"Injection Lances"}]},{"@type":"WebSite","@id":"https:\/\/groutpackers.com\/bs\/#website","url":"https:\/\/groutpackers.com\/bs\/","name":"","description":"","potentialAction":[{"@type":"SearchAction","target":{"@type":"EntryPoint","urlTemplate":"https:\/\/groutpackers.com\/bs\/?s={search_term_string}"},"query-input":{"@type":"PropertyValueSpecification","valueRequired":true,"valueName":"search_term_string"}}],"inLanguage":"fi"}]}},"_links":{"self":[{"href":"https:\/\/groutpackers.com\/fi\/wp-json\/wp\/v2\/product\/1693","targetHints":{"allow":["GET"]}}],"collection":[{"href":"https:\/\/groutpackers.com\/fi\/wp-json\/wp\/v2\/product"}],"about":[{"href":"https:\/\/groutpackers.com\/fi\/wp-json\/wp\/v2\/types\/product"}],"wp:featuredmedia":[{"embeddable":true,"href":"https:\/\/groutpackers.com\/fi\/wp-json\/wp\/v2\/media\/2546"}],"wp:attachment":[{"href":"https:\/\/groutpackers.com\/fi\/wp-json\/wp\/v2\/media?parent=1693"}],"wp:term":[{"taxonomy":"product_brand","embeddable":true,"href":"https:\/\/groutpackers.com\/fi\/wp-json\/wp\/v2\/product_brand?post=1693"},{"taxonomy":"product_cat","embeddable":true,"href":"https:\/\/groutpackers.com\/fi\/wp-json\/wp\/v2\/product_cat?post=1693"},{"taxonomy":"product_tag","embeddable":true,"href":"https:\/\/groutpackers.com\/fi\/wp-json\/wp\/v2\/product_tag?post=1693"}],"curies":[{"name":"wp","href":"https:\/\/api.w.org\/{rel}","templated":true}]}}