{"id":1691,"date":"2024-04-29T06:05:01","date_gmt":"2024-04-29T06:05:01","guid":{"rendered":"http:\/\/groutpackers.com\/?post_type=product&#038;p=1691"},"modified":"2025-03-24T03:40:21","modified_gmt":"2025-03-24T03:40:21","slug":"grout-needle-packer","status":"publish","type":"product","link":"https:\/\/groutpackers.com\/fr\/manufacturer\/grout-needle-packer\/","title":{"rendered":"Emballeur d&#039;aiguilles \u00e0 coulis"},"content":{"rendered":"<p>Les injecteurs \u00e0 aiguilles, \u00e9galement appel\u00e9s injecteurs \u00e0 aiguilles, sont un type sp\u00e9cialis\u00e9 d&#039;injecteurs utilis\u00e9s pour une vari\u00e9t\u00e9 d&#039;applications de r\u00e9paration et de jointoiement du b\u00e9ton. Voici quelques-unes des utilisations et applications courantes des injecteurs \u00e0 aiguilles :<\/p>\n<p><strong>1. Injection de fissures :<\/strong><br \/>\u2013 Les injecteurs \u00e0 aiguilles de coulis sont largement utilis\u00e9s pour injecter du coulis ou des produits d\u2019\u00e9tanch\u00e9it\u00e9 dans les fissures des structures en b\u00e9ton, telles que les murs, les sols ou les fondations.<br \/>\u2013 Le profil \u00e9troit de l\u2019aiguille d\u2019injection permet son insertion dans des fissures \u00e9troites, permettant ainsi une distribution pr\u00e9cise du mat\u00e9riau de r\u00e9paration.<br \/>\u2013 Ceci est particuli\u00e8rement utile pour sceller et stabiliser les fissures capillaires ou autres petits d\u00e9fauts du b\u00e9ton.<\/p>\n<p><strong>2. Remplissage des vides et des cavit\u00e9s :<\/strong><br \/>\u2013 Les aiguilles de remplissage peuvent \u00eatre utilis\u00e9es pour combler les vides, les nids d\u2019abeilles ou d\u2019autres petites cavit\u00e9s dans la structure en b\u00e9ton.<br \/>\u2013 Le proc\u00e9d\u00e9 d\u2019injection \u00e0 l\u2019aide d\u2019injecteurs \u00e0 aiguilles permet d\u2019assurer un remplissage et une p\u00e9n\u00e9tration complets du coulis dans les zones cibl\u00e9es.<br \/>\u2013 Cette application est courante dans les projets de r\u00e9paration et de renforcement du b\u00e9ton, o\u00f9 il est n\u00e9cessaire de restaurer l\u2019int\u00e9grit\u00e9 structurelle du b\u00e9ton.<\/p>\n<p><strong>3. Stabilisation de la dalle de b\u00e9ton :<\/strong><br \/>\u2013 Les injecteurs \u00e0 aiguilles sont utilis\u00e9s pour injecter du coulis ou de la mousse expansive dans le sol ou la couche de fondation sous les dalles de b\u00e9ton, telles que celles que l\u2019on trouve dans les planchers ou les trottoirs.<br \/>\u2013 Ce processus, connu sous le nom de levage de dalle ou de nivellement de dalle, aide \u00e0 stabiliser et \u00e0 soutenir la dalle de b\u00e9ton, en r\u00e9solvant des probl\u00e8mes tels que le tassement, les vides ou l\u2019\u00e9rosion du sol.<\/p>\n<p><strong>4. Ancrage et renforcement du b\u00e9ton :<\/strong><br \/>\u2013 Les aiguilles d\u2019injection peuvent \u00eatre utilis\u00e9es pour injecter du coulis autour des barres d\u2019armature ou des chevilles, contribuant ainsi \u00e0 les fixer et \u00e0 les ancrer dans le b\u00e9ton.<br \/>\u2013 Cette application est courante dans les projets de r\u00e9paration, de renforcement ou de modernisation du b\u00e9ton, o\u00f9 un renforcement suppl\u00e9mentaire est n\u00e9cessaire.<\/p>\n<p><strong>5. Scellement et imperm\u00e9abilisation du b\u00e9ton :<\/strong><br \/>\u2013 Les injecteurs \u00e0 aiguilles peuvent \u00eatre utilis\u00e9s pour injecter du coulis ou des produits d\u2019\u00e9tanch\u00e9it\u00e9 dans le b\u00e9ton afin de remplir et de sceller les fissures de surface, les pores ou d\u2019autres d\u00e9fauts.<br \/>\u2013 Cela contribue \u00e0 am\u00e9liorer la r\u00e9sistance du b\u00e9ton \u00e0 l\u2019intrusion d\u2019eau, aux intemp\u00e9ries et \u00e0 d\u2019autres facteurs environnementaux.<\/p>\n<table style=\"border-collapse: collapse; width: 1075px; height: 254px;\" border=\"0\" width=\"616\" cellspacing=\"0\" cellpadding=\"0\">\n<tbody>\n<tr style=\"height: 13.50pt;\">\n<td class=\"et2\" style=\"height: 13.5pt; width: 270.75pt; text-align: center;\" width=\"361\" height=\"18\">Image<\/td>\n<td class=\"et2\" style=\"width: 74.25pt;\" width=\"99\">Mod\u00e8le<\/td>\n<td class=\"et2\" style=\"width: 60.00pt;\" width=\"80\">Diam\u00e8tre<\/td>\n<td class=\"et2\" style=\"width: 57.00pt;\" width=\"76\">Longueur<\/td>\n<\/tr>\n<tr style=\"height: 22.00pt;\">\n<td class=\"et2\" style=\"height: 22.00pt;\" height=\"29\"><img loading=\"lazy\" decoding=\"async\" class=\"alignnone size-medium wp-image-2737 aligncenter\" src=\"http:\/\/groutpackers.com\/wp-content\/uploads\/2024\/04\/Grout-needle-packer-300x150.jpg\" alt=\"Emballeur d&#039;aiguilles \u00e0 coulis\" width=\"300\" height=\"150\" srcset=\"https:\/\/groutpackers.com\/wp-content\/uploads\/2024\/04\/Grout-needle-packer-300x150.jpg 300w, https:\/\/groutpackers.com\/wp-content\/uploads\/2024\/04\/Grout-needle-packer-768x384.jpg 768w, https:\/\/groutpackers.com\/wp-content\/uploads\/2024\/04\/Grout-needle-packer-600x300.jpg 600w, https:\/\/groutpackers.com\/wp-content\/uploads\/2024\/04\/Grout-needle-packer.jpg 1000w\" sizes=\"auto, (max-width: 300px) 100vw, 300px\" \/><\/td>\n<td class=\"et2\">13x305mm<\/td>\n<td class=\"et2\">13mm<\/td>\n<td class=\"et2\">305 mm<\/td>\n<\/tr>\n<\/tbody>\n<\/table>\n<p>\u00a0<\/p>","protected":false},"excerpt":{"rendered":"<p>Aiguilles d&#039;injection<\/p>\n<ul>\n<li>Mamelon \u00e0 t\u00eate boutonn\u00e9e<br \/>\nDiam\u00e8tre de la tige : 13 mm<\/li>\n<li>Longueur de la tige : 305 mm<\/li>\n<li>Diam\u00e8tre de l&#039;aiguille : 5 mm<\/li>\n<li>Longueur de l&#039;aiguille : 110 mm<\/li>\n<\/ul>\n<p>Quantit\u00e9 minimale de commande\u00a0:\u00a01000\u00a0pi\u00e8ces<br \/>\nD\u00e9lai de livraison : Dans les 15 \u00e0 20 jours<br \/>\nPaiement\u00a0: T\/T, L\/C \u00c0 VUE, PAYPAL, CARTE DE CR\u00c9DIT.<\/p>","protected":false},"featured_media":2544,"template":"","meta":[],"product_brand":[],"product_cat":[40],"product_tag":[],"class_list":{"0":"post-1691","1":"product","2":"type-product","3":"status-publish","4":"has-post-thumbnail","6":"product_cat-steel-injeciton-packer","8":"first","9":"instock","10":"shipping-taxable","11":"product-type-simple"},"yoast_head":"<!-- This site is optimized with the Yoast SEO plugin v24.4 - https:\/\/yoast.com\/wordpress\/plugins\/seo\/ -->\n<title>Grout Needle Packer -<\/title>\n<meta name=\"robots\" content=\"index, follow, max-snippet:-1, max-image-preview:large, max-video-preview:-1\" \/>\n<link rel=\"canonical\" href=\"https:\/\/groutpackers.com\/fr\/manufacturer\/grout-needle-packer\/\" \/>\n<meta property=\"og:locale\" content=\"fr_FR\" \/>\n<meta property=\"og:type\" content=\"article\" \/>\n<meta property=\"og:title\" content=\"Grout Needle Packer -\" \/>\n<meta property=\"og:description\" content=\"Grouting needle packers   Button head nipple Shaft diameter: 13mm  Shaft length: 305mm  Needle diameter:5mm  Needle length:110mm  MOQ:1000 Pieces Lead Time: Within 15-20 days Payment: T\/T, L\/C AT SIGHT, PAYPAL, CREDIT CARD.\" \/>\n<meta property=\"og:url\" content=\"https:\/\/groutpackers.com\/fr\/manufacturer\/grout-needle-packer\/\" \/>\n<meta property=\"article:modified_time\" content=\"2025-03-24T03:40:21+00:00\" \/>\n<meta property=\"og:image\" content=\"https:\/\/groutpackers.com\/wp-content\/uploads\/2024\/05\/Grouting-needle-packer-1.jpg\" \/>\n\t<meta property=\"og:image:width\" content=\"1000\" \/>\n\t<meta property=\"og:image:height\" content=\"1000\" \/>\n\t<meta property=\"og:image:type\" content=\"image\/jpeg\" \/>\n<meta name=\"twitter:card\" content=\"summary_large_image\" \/>\n<meta name=\"twitter:label1\" content=\"Dur\u00e9e de lecture estim\u00e9e\" \/>\n\t<meta name=\"twitter:data1\" content=\"1 minute\" \/>\n<script type=\"application\/ld+json\" class=\"yoast-schema-graph\">{\"@context\":\"https:\/\/schema.org\",\"@graph\":[{\"@type\":\"WebPage\",\"@id\":\"https:\/\/groutpackers.com\/manufacturer\/grout-needle-packer\/\",\"url\":\"https:\/\/groutpackers.com\/manufacturer\/grout-needle-packer\/\",\"name\":\"Grout Needle Packer -\",\"isPartOf\":{\"@id\":\"https:\/\/groutpackers.com\/bs\/#website\"},\"primaryImageOfPage\":{\"@id\":\"https:\/\/groutpackers.com\/manufacturer\/grout-needle-packer\/#primaryimage\"},\"image\":{\"@id\":\"https:\/\/groutpackers.com\/manufacturer\/grout-needle-packer\/#primaryimage\"},\"thumbnailUrl\":\"https:\/\/groutpackers.com\/wp-content\/uploads\/2024\/05\/Grouting-needle-packer-1.jpg\",\"datePublished\":\"2024-04-29T06:05:01+00:00\",\"dateModified\":\"2025-03-24T03:40:21+00:00\",\"breadcrumb\":{\"@id\":\"https:\/\/groutpackers.com\/manufacturer\/grout-needle-packer\/#breadcrumb\"},\"inLanguage\":\"fr-FR\",\"potentialAction\":[{\"@type\":\"ReadAction\",\"target\":[\"https:\/\/groutpackers.com\/manufacturer\/grout-needle-packer\/\"]}]},{\"@type\":\"ImageObject\",\"inLanguage\":\"fr-FR\",\"@id\":\"https:\/\/groutpackers.com\/manufacturer\/grout-needle-packer\/#primaryimage\",\"url\":\"https:\/\/groutpackers.com\/wp-content\/uploads\/2024\/05\/Grouting-needle-packer-1.jpg\",\"contentUrl\":\"https:\/\/groutpackers.com\/wp-content\/uploads\/2024\/05\/Grouting-needle-packer-1.jpg\",\"width\":1000,\"height\":1000,\"caption\":\"Grouting needle packer\"},{\"@type\":\"BreadcrumbList\",\"@id\":\"https:\/\/groutpackers.com\/manufacturer\/grout-needle-packer\/#breadcrumb\",\"itemListElement\":[{\"@type\":\"ListItem\",\"position\":1,\"name\":\"Home\",\"item\":\"https:\/\/groutpackers.com\/\"},{\"@type\":\"ListItem\",\"position\":2,\"name\":\"Produk\",\"item\":\"https:\/\/groutpackers.com\/id\/shop\/\"},{\"@type\":\"ListItem\",\"position\":3,\"name\":\"Grout Needle Packer\"}]},{\"@type\":\"WebSite\",\"@id\":\"https:\/\/groutpackers.com\/bs\/#website\",\"url\":\"https:\/\/groutpackers.com\/bs\/\",\"name\":\"\",\"description\":\"\",\"potentialAction\":[{\"@type\":\"SearchAction\",\"target\":{\"@type\":\"EntryPoint\",\"urlTemplate\":\"https:\/\/groutpackers.com\/bs\/?s={search_term_string}\"},\"query-input\":{\"@type\":\"PropertyValueSpecification\",\"valueRequired\":true,\"valueName\":\"search_term_string\"}}],\"inLanguage\":\"fr-FR\"}]}<\/script>\n<!-- \/ Yoast SEO plugin. -->","yoast_head_json":{"title":"Aiguille de remplissage de coulis -","robots":{"index":"index","follow":"follow","max-snippet":"max-snippet:-1","max-image-preview":"max-image-preview:large","max-video-preview":"max-video-preview:-1"},"canonical":"https:\/\/groutpackers.com\/fr\/manufacturer\/grout-needle-packer\/","og_locale":"fr_FR","og_type":"article","og_title":"Grout Needle Packer -","og_description":"Grouting needle packers   Button head nipple Shaft diameter: 13mm  Shaft length: 305mm  Needle diameter:5mm  Needle length:110mm  MOQ:1000 Pieces Lead Time: Within 15-20 days Payment: T\/T, L\/C AT SIGHT, PAYPAL, CREDIT CARD.","og_url":"https:\/\/groutpackers.com\/fr\/manufacturer\/grout-needle-packer\/","article_modified_time":"2025-03-24T03:40:21+00:00","og_image":[{"width":1000,"height":1000,"url":"https:\/\/groutpackers.com\/wp-content\/uploads\/2024\/05\/Grouting-needle-packer-1.jpg","type":"image\/jpeg"}],"twitter_card":"summary_large_image","twitter_misc":{"Dur\u00e9e de lecture estim\u00e9e":"1 minute"},"schema":{"@context":"https:\/\/schema.org","@graph":[{"@type":"WebPage","@id":"https:\/\/groutpackers.com\/manufacturer\/grout-needle-packer\/","url":"https:\/\/groutpackers.com\/manufacturer\/grout-needle-packer\/","name":"Aiguille de remplissage de coulis -","isPartOf":{"@id":"https:\/\/groutpackers.com\/bs\/#website"},"primaryImageOfPage":{"@id":"https:\/\/groutpackers.com\/manufacturer\/grout-needle-packer\/#primaryimage"},"image":{"@id":"https:\/\/groutpackers.com\/manufacturer\/grout-needle-packer\/#primaryimage"},"thumbnailUrl":"https:\/\/groutpackers.com\/wp-content\/uploads\/2024\/05\/Grouting-needle-packer-1.jpg","datePublished":"2024-04-29T06:05:01+00:00","dateModified":"2025-03-24T03:40:21+00:00","breadcrumb":{"@id":"https:\/\/groutpackers.com\/manufacturer\/grout-needle-packer\/#breadcrumb"},"inLanguage":"fr-FR","potentialAction":[{"@type":"ReadAction","target":["https:\/\/groutpackers.com\/manufacturer\/grout-needle-packer\/"]}]},{"@type":"ImageObject","inLanguage":"fr-FR","@id":"https:\/\/groutpackers.com\/manufacturer\/grout-needle-packer\/#primaryimage","url":"https:\/\/groutpackers.com\/wp-content\/uploads\/2024\/05\/Grouting-needle-packer-1.jpg","contentUrl":"https:\/\/groutpackers.com\/wp-content\/uploads\/2024\/05\/Grouting-needle-packer-1.jpg","width":1000,"height":1000,"caption":"Grouting needle packer"},{"@type":"BreadcrumbList","@id":"https:\/\/groutpackers.com\/manufacturer\/grout-needle-packer\/#breadcrumb","itemListElement":[{"@type":"ListItem","position":1,"name":"Home","item":"https:\/\/groutpackers.com\/"},{"@type":"ListItem","position":2,"name":"Produk","item":"https:\/\/groutpackers.com\/id\/shop\/"},{"@type":"ListItem","position":3,"name":"Grout Needle Packer"}]},{"@type":"WebSite","@id":"https:\/\/groutpackers.com\/bs\/#website","url":"https:\/\/groutpackers.com\/bs\/","name":"","description":"","potentialAction":[{"@type":"SearchAction","target":{"@type":"EntryPoint","urlTemplate":"https:\/\/groutpackers.com\/bs\/?s={search_term_string}"},"query-input":{"@type":"PropertyValueSpecification","valueRequired":true,"valueName":"search_term_string"}}],"inLanguage":"fr-FR"}]}},"_links":{"self":[{"href":"https:\/\/groutpackers.com\/fr\/wp-json\/wp\/v2\/product\/1691","targetHints":{"allow":["GET"]}}],"collection":[{"href":"https:\/\/groutpackers.com\/fr\/wp-json\/wp\/v2\/product"}],"about":[{"href":"https:\/\/groutpackers.com\/fr\/wp-json\/wp\/v2\/types\/product"}],"wp:featuredmedia":[{"embeddable":true,"href":"https:\/\/groutpackers.com\/fr\/wp-json\/wp\/v2\/media\/2544"}],"wp:attachment":[{"href":"https:\/\/groutpackers.com\/fr\/wp-json\/wp\/v2\/media?parent=1691"}],"wp:term":[{"taxonomy":"product_brand","embeddable":true,"href":"https:\/\/groutpackers.com\/fr\/wp-json\/wp\/v2\/product_brand?post=1691"},{"taxonomy":"product_cat","embeddable":true,"href":"https:\/\/groutpackers.com\/fr\/wp-json\/wp\/v2\/product_cat?post=1691"},{"taxonomy":"product_tag","embeddable":true,"href":"https:\/\/groutpackers.com\/fr\/wp-json\/wp\/v2\/product_tag?post=1691"}],"curies":[{"name":"wp","href":"https:\/\/api.w.org\/{rel}","templated":true}]}}