{"id":1693,"date":"2024-04-29T06:09:37","date_gmt":"2024-04-29T06:09:37","guid":{"rendered":"http:\/\/groutpackers.com\/?post_type=product&#038;p=1693"},"modified":"2025-03-24T03:31:04","modified_gmt":"2025-03-24T03:31:04","slug":"injection-lances","status":"publish","type":"product","link":"https:\/\/groutpackers.com\/fr\/manufacturer\/injection-lances\/","title":{"rendered":"Lances d&#039;injection"},"content":{"rendered":"<p>Les lances d&#039;injection, \u00e9galement connues sous le nom de lances d&#039;injection de sol ou lances de stabilisation du sol, sont des outils sp\u00e9cialis\u00e9s utilis\u00e9s pour l&#039;injection de mat\u00e9riaux stabilisants dans le sol ou le sol afin d&#039;am\u00e9liorer ses propri\u00e9t\u00e9s techniques.<\/p>\n<p>Les principales caract\u00e9ristiques et applications des lances de sol comprennent\u00a0:<\/p>\n<p><strong>1. Objectif\u00a0:<\/strong><br \/>\n\u2013 Les lances de sol sont con\u00e7ues sp\u00e9cifiquement pour l\u2019injection de coulis, de coulis \u00e0 base de ciment, d\u2019additifs chimiques ou d\u2019autres mat\u00e9riaux stabilisants dans le sol.<br \/>\n\u2013 L\u2019objectif est d\u2019am\u00e9liorer la r\u00e9sistance du sol, de r\u00e9duire la perm\u00e9abilit\u00e9, d\u2019att\u00e9nuer le tassement ou de r\u00e9soudre d\u2019autres probl\u00e8mes g\u00e9otechniques gr\u00e2ce au processus d\u2019injection.<\/p>\n<p><strong>2. Construction\u00a0:<\/strong><br \/>\n\u2013 Les lances de sol ont g\u00e9n\u00e9ralement une conception longue, mince et creuse, permettant l&#039;injection du mat\u00e9riau stabilisant par le centre de la lance.<br \/>\n\u2013 La pointe de la lance peut \u00eatre pointue ou \u00e9quip\u00e9e de fonctionnalit\u00e9s sp\u00e9cialis\u00e9es pour faciliter la p\u00e9n\u00e9tration dans le sol.<br \/>\n\u2013 Certaines lances de sol sont con\u00e7ues avec des embouts ou des accessoires interchangeables pour s&#039;adapter \u00e0 diff\u00e9rentes conditions de sol ou mat\u00e9riaux d&#039;injection.<\/p>\n<p><strong>3. Processus d&#039;injection\u00a0:<\/strong><br \/>\n\u2013 Des lances de sol sont ins\u00e9r\u00e9es dans le sol, soit manuellement, soit \u00e0 l\u2019aide d\u2019un \u00e9quipement sp\u00e9cialis\u00e9, jusqu\u2019\u00e0 la profondeur ou au point d\u2019injection souhait\u00e9.<br \/>\n\u2013 Le mat\u00e9riau stabilisant est ensuite pomp\u00e9 ou inject\u00e9 \u00e0 travers la lance, le dispersant dans le sol environnant.<br \/>\n\u2013 Le processus d\u2019injection est soigneusement contr\u00f4l\u00e9 pour assurer une distribution uniforme et une stabilisation efficace du sol.<\/p>\n<p><strong>4. Candidatures\u00a0:<\/strong><br \/>\n\u2013 Projets de stabilisation et d\u2019am\u00e9lioration des sols, tels que le sout\u00e8nement des fondations, la stabilisation des pentes et l\u2019assainissement des sols.<br \/>\n\u2013 Jointoiement et colmatage des vides du sol ou des cavit\u00e9s souterraines.<br \/>\n\u2013 Injection d\u2019additifs chimiques ou de coulis pour l\u2019assainissement des sols ou le traitement de l\u2019environnement.<br \/>\n\u2013 Installation de clous de sol, d\u2019ancrages ou d\u2019autres syst\u00e8mes de renforcement du sol.<\/p>\n<p><strong>5. \u00c9quipement sp\u00e9cialis\u00e9\u00a0:<\/strong><br \/>\n\u2013 Les lances de sol sont souvent utilis\u00e9es avec des \u00e9quipements d&#039;injection sp\u00e9cialis\u00e9s, tels que des pompes \u00e0 coulis, des unit\u00e9s de m\u00e9lange et des syst\u00e8mes d&#039;injection contr\u00f4l\u00e9s par ordinateur.<br \/>\n\u2013 Cela garantit la livraison et le contr\u00f4le pr\u00e9cis des mat\u00e9riaux stabilisants pendant le processus d\u2019injection.<\/p>\n<p>Les lances de sol sont un outil essentiel dans l&#039;ing\u00e9nierie g\u00e9otechnique et la construction, permettant l&#039;injection cibl\u00e9e et contr\u00f4l\u00e9e de mat\u00e9riaux dans le sol pour am\u00e9liorer les propri\u00e9t\u00e9s du sol et relever divers d\u00e9fis li\u00e9s au sol.<\/p>\n<table style=\"border-collapse: collapse; width: 1204px; height: 263px;\" border=\"0\" width=\"617\" cellspacing=\"0\" cellpadding=\"0\">\n<tbody>\n<tr style=\"height: 13.50pt;\">\n<td class=\"et2\" style=\"height: 13.5pt; width: 271.5pt; text-align: center;\" width=\"362\" height=\"18\">Image<\/td>\n<td class=\"et2\" style=\"width: 74.25pt;\" width=\"99\">Mod\u00e8le<\/td>\n<td class=\"et2\" style=\"width: 60.00pt;\" width=\"80\">Diam\u00e8tre<\/td>\n<td class=\"et2\" style=\"width: 57.00pt;\" width=\"76\">Longueur<\/td>\n<\/tr>\n<tr style=\"height: 13.00pt;\">\n<td class=\"et2\" style=\"height: 26.50pt;\" rowspan=\"2\" height=\"35\"><\/td>\n<td class=\"et2\">13x500mm<\/td>\n<td class=\"et2\">13mm<\/td>\n<td class=\"et2\">500 mm<\/td>\n<\/tr>\n<tr style=\"height: 13.50pt;\">\n<td class=\"et2\">13x1000mm<\/td>\n<td class=\"et2\">13mm<\/td>\n<td class=\"et2\">1000mm<\/td>\n<\/tr>\n<tr style=\"height: 13.50pt;\">\n<td class=\"et2\" style=\"height: 27.00pt;\" rowspan=\"2\" height=\"36\"><span style=\"color: #333333;\">\u00a0<\/span><\/td>\n<td class=\"et2\">21x500mm<\/td>\n<td class=\"et2\">21mm<\/td>\n<td class=\"et2\">500 mm<\/td>\n<\/tr>\n<tr style=\"height: 13.50pt;\">\n<td class=\"et2\">21x1000mm<\/td>\n<td class=\"et2\">21mm<\/td>\n<td class=\"et2\">1000mm<\/td>\n<\/tr>\n<\/tbody>\n<\/table>","protected":false},"excerpt":{"rendered":"<p>Lances d&#039;injection<br \/>\nDes lances de trois diam\u00e8tres sont disponibles<br \/>\nLongueur : 500 mm et 1000 mm<br \/>\nDiam\u00e8tre diff\u00e9rent : 13 mm \/ 18 mm \/ 21 mm<br \/>\nQuantit\u00e9 minimale de commande\u00a0:\u00a01000\u00a0pi\u00e8ces<br \/>\nD\u00e9lai de livraison\u00a0:\u00a0Dans 10-15 jours<br \/>\nPaiement\u00a0: T\/T, L\/C \u00c0 VUE, PAYPAL, CARTE DE CR\u00c9DIT.<\/p>","protected":false},"featured_media":2546,"template":"","meta":[],"product_brand":[],"product_cat":[40],"product_tag":[],"class_list":{"0":"post-1693","1":"product","2":"type-product","3":"status-publish","4":"has-post-thumbnail","6":"product_cat-steel-injeciton-packer","8":"first","9":"instock","10":"shipping-taxable","11":"product-type-simple"},"yoast_head":"<!-- This site is optimized with the Yoast SEO plugin v24.4 - https:\/\/yoast.com\/wordpress\/plugins\/seo\/ -->\n<title>Injection Lances -<\/title>\n<meta name=\"robots\" content=\"index, follow, max-snippet:-1, max-image-preview:large, max-video-preview:-1\" \/>\n<link rel=\"canonical\" href=\"https:\/\/groutpackers.com\/fr\/manufacturer\/injection-lances\/\" \/>\n<meta property=\"og:locale\" content=\"fr_FR\" \/>\n<meta property=\"og:type\" content=\"article\" \/>\n<meta property=\"og:title\" content=\"Injection Lances -\" \/>\n<meta property=\"og:description\" content=\"Injection lances Three diameter lances is available Length: 500mm and 1000mm Different diameter: 13mm \/ 18mm \/ 21mm MOQ:1000 Pieces Lead Time: Within 10-15 days Payment: T\/T, L\/C AT SIGHT, PAYPAL, CREDIT CARD.\" \/>\n<meta property=\"og:url\" content=\"https:\/\/groutpackers.com\/fr\/manufacturer\/injection-lances\/\" \/>\n<meta property=\"article:modified_time\" content=\"2025-03-24T03:31:04+00:00\" \/>\n<meta property=\"og:image\" content=\"https:\/\/groutpackers.com\/wp-content\/uploads\/2024\/05\/Injection-Lances-for-soil-stabilization.jpg\" \/>\n\t<meta property=\"og:image:width\" content=\"1000\" \/>\n\t<meta property=\"og:image:height\" content=\"1000\" \/>\n\t<meta property=\"og:image:type\" content=\"image\/jpeg\" \/>\n<meta name=\"twitter:card\" content=\"summary_large_image\" \/>\n<meta name=\"twitter:label1\" content=\"Dur\u00e9e de lecture estim\u00e9e\" \/>\n\t<meta name=\"twitter:data1\" content=\"2 minutes\" \/>\n<script type=\"application\/ld+json\" class=\"yoast-schema-graph\">{\"@context\":\"https:\/\/schema.org\",\"@graph\":[{\"@type\":\"WebPage\",\"@id\":\"https:\/\/groutpackers.com\/manufacturer\/injection-lances\/\",\"url\":\"https:\/\/groutpackers.com\/manufacturer\/injection-lances\/\",\"name\":\"Injection Lances -\",\"isPartOf\":{\"@id\":\"https:\/\/groutpackers.com\/bs\/#website\"},\"primaryImageOfPage\":{\"@id\":\"https:\/\/groutpackers.com\/manufacturer\/injection-lances\/#primaryimage\"},\"image\":{\"@id\":\"https:\/\/groutpackers.com\/manufacturer\/injection-lances\/#primaryimage\"},\"thumbnailUrl\":\"https:\/\/groutpackers.com\/wp-content\/uploads\/2024\/05\/Injection-Lances-for-soil-stabilization.jpg\",\"datePublished\":\"2024-04-29T06:09:37+00:00\",\"dateModified\":\"2025-03-24T03:31:04+00:00\",\"breadcrumb\":{\"@id\":\"https:\/\/groutpackers.com\/manufacturer\/injection-lances\/#breadcrumb\"},\"inLanguage\":\"fr-FR\",\"potentialAction\":[{\"@type\":\"ReadAction\",\"target\":[\"https:\/\/groutpackers.com\/manufacturer\/injection-lances\/\"]}]},{\"@type\":\"ImageObject\",\"inLanguage\":\"fr-FR\",\"@id\":\"https:\/\/groutpackers.com\/manufacturer\/injection-lances\/#primaryimage\",\"url\":\"https:\/\/groutpackers.com\/wp-content\/uploads\/2024\/05\/Injection-Lances-for-soil-stabilization.jpg\",\"contentUrl\":\"https:\/\/groutpackers.com\/wp-content\/uploads\/2024\/05\/Injection-Lances-for-soil-stabilization.jpg\",\"width\":1000,\"height\":1000,\"caption\":\"Injection Lances for soil stabilization\"},{\"@type\":\"BreadcrumbList\",\"@id\":\"https:\/\/groutpackers.com\/manufacturer\/injection-lances\/#breadcrumb\",\"itemListElement\":[{\"@type\":\"ListItem\",\"position\":1,\"name\":\"Home\",\"item\":\"https:\/\/groutpackers.com\/\"},{\"@type\":\"ListItem\",\"position\":2,\"name\":\"Produk\",\"item\":\"https:\/\/groutpackers.com\/id\/shop\/\"},{\"@type\":\"ListItem\",\"position\":3,\"name\":\"Injection Lances\"}]},{\"@type\":\"WebSite\",\"@id\":\"https:\/\/groutpackers.com\/bs\/#website\",\"url\":\"https:\/\/groutpackers.com\/bs\/\",\"name\":\"\",\"description\":\"\",\"potentialAction\":[{\"@type\":\"SearchAction\",\"target\":{\"@type\":\"EntryPoint\",\"urlTemplate\":\"https:\/\/groutpackers.com\/bs\/?s={search_term_string}\"},\"query-input\":{\"@type\":\"PropertyValueSpecification\",\"valueRequired\":true,\"valueName\":\"search_term_string\"}}],\"inLanguage\":\"fr-FR\"}]}<\/script>\n<!-- \/ Yoast SEO plugin. -->","yoast_head_json":{"title":"Lances d&#039;injection -","robots":{"index":"index","follow":"follow","max-snippet":"max-snippet:-1","max-image-preview":"max-image-preview:large","max-video-preview":"max-video-preview:-1"},"canonical":"https:\/\/groutpackers.com\/fr\/manufacturer\/injection-lances\/","og_locale":"fr_FR","og_type":"article","og_title":"Injection Lances -","og_description":"Injection lances Three diameter lances is available Length: 500mm and 1000mm Different diameter: 13mm \/ 18mm \/ 21mm MOQ:1000 Pieces Lead Time: Within 10-15 days Payment: T\/T, L\/C AT SIGHT, PAYPAL, CREDIT CARD.","og_url":"https:\/\/groutpackers.com\/fr\/manufacturer\/injection-lances\/","article_modified_time":"2025-03-24T03:31:04+00:00","og_image":[{"width":1000,"height":1000,"url":"https:\/\/groutpackers.com\/wp-content\/uploads\/2024\/05\/Injection-Lances-for-soil-stabilization.jpg","type":"image\/jpeg"}],"twitter_card":"summary_large_image","twitter_misc":{"Dur\u00e9e de lecture estim\u00e9e":"2 minutes"},"schema":{"@context":"https:\/\/schema.org","@graph":[{"@type":"WebPage","@id":"https:\/\/groutpackers.com\/manufacturer\/injection-lances\/","url":"https:\/\/groutpackers.com\/manufacturer\/injection-lances\/","name":"Lances d&#039;injection -","isPartOf":{"@id":"https:\/\/groutpackers.com\/bs\/#website"},"primaryImageOfPage":{"@id":"https:\/\/groutpackers.com\/manufacturer\/injection-lances\/#primaryimage"},"image":{"@id":"https:\/\/groutpackers.com\/manufacturer\/injection-lances\/#primaryimage"},"thumbnailUrl":"https:\/\/groutpackers.com\/wp-content\/uploads\/2024\/05\/Injection-Lances-for-soil-stabilization.jpg","datePublished":"2024-04-29T06:09:37+00:00","dateModified":"2025-03-24T03:31:04+00:00","breadcrumb":{"@id":"https:\/\/groutpackers.com\/manufacturer\/injection-lances\/#breadcrumb"},"inLanguage":"fr-FR","potentialAction":[{"@type":"ReadAction","target":["https:\/\/groutpackers.com\/manufacturer\/injection-lances\/"]}]},{"@type":"ImageObject","inLanguage":"fr-FR","@id":"https:\/\/groutpackers.com\/manufacturer\/injection-lances\/#primaryimage","url":"https:\/\/groutpackers.com\/wp-content\/uploads\/2024\/05\/Injection-Lances-for-soil-stabilization.jpg","contentUrl":"https:\/\/groutpackers.com\/wp-content\/uploads\/2024\/05\/Injection-Lances-for-soil-stabilization.jpg","width":1000,"height":1000,"caption":"Injection Lances for soil stabilization"},{"@type":"BreadcrumbList","@id":"https:\/\/groutpackers.com\/manufacturer\/injection-lances\/#breadcrumb","itemListElement":[{"@type":"ListItem","position":1,"name":"Home","item":"https:\/\/groutpackers.com\/"},{"@type":"ListItem","position":2,"name":"Produk","item":"https:\/\/groutpackers.com\/id\/shop\/"},{"@type":"ListItem","position":3,"name":"Injection Lances"}]},{"@type":"WebSite","@id":"https:\/\/groutpackers.com\/bs\/#website","url":"https:\/\/groutpackers.com\/bs\/","name":"","description":"","potentialAction":[{"@type":"SearchAction","target":{"@type":"EntryPoint","urlTemplate":"https:\/\/groutpackers.com\/bs\/?s={search_term_string}"},"query-input":{"@type":"PropertyValueSpecification","valueRequired":true,"valueName":"search_term_string"}}],"inLanguage":"fr-FR"}]}},"_links":{"self":[{"href":"https:\/\/groutpackers.com\/fr\/wp-json\/wp\/v2\/product\/1693","targetHints":{"allow":["GET"]}}],"collection":[{"href":"https:\/\/groutpackers.com\/fr\/wp-json\/wp\/v2\/product"}],"about":[{"href":"https:\/\/groutpackers.com\/fr\/wp-json\/wp\/v2\/types\/product"}],"wp:featuredmedia":[{"embeddable":true,"href":"https:\/\/groutpackers.com\/fr\/wp-json\/wp\/v2\/media\/2546"}],"wp:attachment":[{"href":"https:\/\/groutpackers.com\/fr\/wp-json\/wp\/v2\/media?parent=1693"}],"wp:term":[{"taxonomy":"product_brand","embeddable":true,"href":"https:\/\/groutpackers.com\/fr\/wp-json\/wp\/v2\/product_brand?post=1693"},{"taxonomy":"product_cat","embeddable":true,"href":"https:\/\/groutpackers.com\/fr\/wp-json\/wp\/v2\/product_cat?post=1693"},{"taxonomy":"product_tag","embeddable":true,"href":"https:\/\/groutpackers.com\/fr\/wp-json\/wp\/v2\/product_tag?post=1693"}],"curies":[{"name":"wp","href":"https:\/\/api.w.org\/{rel}","templated":true}]}}