{"id":1693,"date":"2024-04-29T06:09:37","date_gmt":"2024-04-29T06:09:37","guid":{"rendered":"http:\/\/groutpackers.com\/?post_type=product&#038;p=1693"},"modified":"2025-03-24T03:31:04","modified_gmt":"2025-03-24T03:31:04","slug":"injection-lances","status":"publish","type":"product","link":"https:\/\/groutpackers.com\/hr\/manufacturer\/injection-lances\/","title":{"rendered":"Injekcijska koplja"},"content":{"rendered":"<p>Koplja za injektiranje, tako\u0111er poznata kao koplja za injektiranje tla ili koplja za stabilizaciju tla, specijalizirani su alati koji se koriste za injektiranje materijala za stabilizaciju u tlo ili tlo kako bi se pobolj\u0161ala njegova tehni\u010dka svojstva.<\/p>\n<p>Klju\u010dne zna\u010dajke i primjene tla\u010dnih koplja uklju\u010duju:<\/p>\n<p><strong>1. Namjena:<\/strong><br \/>\n\u2013 Koplja za tlo dizajnirana su posebno za injektiranje \u017ebuke, ka\u0161e na bazi cementa, kemijskih dodataka ili drugih stabiliziraju\u0107ih materijala u tlo.<br \/>\n\u2013 Cilj je pobolj\u0161ati \u010dvrsto\u0107u tla, smanjiti propusnost, ubla\u017eiti slijeganje ili rije\u0161iti druge geotehni\u010dke probleme kroz proces injektiranja.<\/p>\n<p><strong>2. Izgradnja:<\/strong><br \/>\n\u2013 Koplja za tlo obi\u010dno imaju duga\u010dak, tanak i \u0161uplji dizajn, \u0161to omogu\u0107uje ubrizgavanje stabiliziraju\u0107eg materijala kroz sredi\u0161te koplja.<br \/>\n\u2013 Vrh koplja mo\u017ee biti za\u0161iljen ili opremljen posebnim zna\u010dajkama za olak\u0161avanje prodiranja u tlo.<br \/>\n\u2013 Neka koplja za tlo dizajnirana su s izmjenjivim vrhovima ili dodacima za prilagodbu razli\u010ditim uvjetima tla ili materijalima za injektiranje.<\/p>\n<p><strong>3. Proces ubrizgavanja:<\/strong><br \/>\n\u2013 Koplja za zemlju ubacuju se u tlo, bilo ru\u010dno ili uz pomo\u0107 specijalizirane opreme, do \u017eeljene dubine ili to\u010dke injektiranja.<br \/>\n\u2013 Stabiliziraju\u0107i materijal se zatim pumpa ili ubrizgava kroz koplje, raspr\u0161uju\u0107i ga u okolno tlo.<br \/>\n\u2013 Proces injektiranja pa\u017eljivo se kontrolira kako bi se osigurala ravnomjerna raspodjela i u\u010dinkovita stabilizacija tla.<\/p>\n<p><strong>4. Prijave:<\/strong><br \/>\n\u2013 Projekti stabilizacije tla i pobolj\u0161anja tla, kao \u0161to su podupiranje temelja, stabilizacija padina i sanacija tla.<br \/>\n\u2013 Injektiranje i brtvljenje \u0161upljina u zemlji ili podzemnih \u0161upljina.<br \/>\n\u2013 Injektiranje kemijskih aditiva ili maltera za sanaciju tla ili tretman okoli\u0161a.<br \/>\n\u2013 Ugradnja \u010davala za tlo, sidara ili drugih sustava za oja\u010danje tla.<\/p>\n<p><strong>5. Specijalizirana oprema:<\/strong><br \/>\n\u2013 Koplja za tlo \u010desto se koriste u kombinaciji sa specijaliziranom opremom za injektiranje, kao \u0161to su pumpe za injektiranje, jedinice za mije\u0161anje i ra\u010dunalno upravljani sustavi za injektiranje.<br \/>\n\u2013 Ovo osigurava preciznu isporuku i pra\u0107enje materijala za stabilizaciju tijekom procesa injektiranja.<\/p>\n<p>Koplja za tlo bitan su alat u geotehni\u010dkom in\u017eenjerstvu i gradnji, omogu\u0107uju\u0107i ciljano i kontrolirano ubrizgavanje materijala u tlo kako bi se pobolj\u0161ala svojstva tla i rije\u0161ili razli\u010diti izazovi povezani s tlom.<\/p>\n<table style=\"border-collapse: collapse; width: 1204px; height: 263px;\" border=\"0\" width=\"617\" cellspacing=\"0\" cellpadding=\"0\">\n<tbody>\n<tr style=\"height: 13.50pt;\">\n<td class=\"et2\" style=\"height: 13.5pt; width: 271.5pt; text-align: center;\" width=\"362\" height=\"18\">Slika<\/td>\n<td class=\"et2\" style=\"width: 74.25pt;\" width=\"99\">Model<\/td>\n<td class=\"et2\" style=\"width: 60.00pt;\" width=\"80\">Promjer<\/td>\n<td class=\"et2\" style=\"width: 57.00pt;\" width=\"76\">Duljina<\/td>\n<\/tr>\n<tr style=\"height: 13.00pt;\">\n<td class=\"et2\" style=\"height: 26.50pt;\" rowspan=\"2\" height=\"35\"><\/td>\n<td class=\"et2\">13x500 mm<\/td>\n<td class=\"et2\">13 mm<\/td>\n<td class=\"et2\">500 mm<\/td>\n<\/tr>\n<tr style=\"height: 13.50pt;\">\n<td class=\"et2\">13x1000 mm<\/td>\n<td class=\"et2\">13 mm<\/td>\n<td class=\"et2\">1000 mm<\/td>\n<\/tr>\n<tr style=\"height: 13.50pt;\">\n<td class=\"et2\" style=\"height: 27.00pt;\" rowspan=\"2\" height=\"36\"><span style=\"color: #333333;\">\u00a0<\/span><\/td>\n<td class=\"et2\">21x500 mm<\/td>\n<td class=\"et2\">21 mm<\/td>\n<td class=\"et2\">500 mm<\/td>\n<\/tr>\n<tr style=\"height: 13.50pt;\">\n<td class=\"et2\">21x1000 mm<\/td>\n<td class=\"et2\">21 mm<\/td>\n<td class=\"et2\">1000 mm<\/td>\n<\/tr>\n<\/tbody>\n<\/table>","protected":false},"excerpt":{"rendered":"<p>Koplja za ubrizgavanje<br \/>\nDostupna su koplja tri promjera<br \/>\nDuljina: 500 mm i 1000 mm<br \/>\nRazli\u010diti promjeri: 13mm \/ 18mm \/ 21mm<br \/>\nMOQ: 1000 komada<br \/>\nVrijeme isporuke: unutar 10-15 dana<br \/>\nPla\u0107anje: T\/T, L\/C PO VI\u0110ENJU, PAYPAL, KREDITNA KARTICA.<\/p>","protected":false},"featured_media":2546,"template":"","meta":[],"product_brand":[],"product_cat":[40],"product_tag":[],"class_list":{"0":"post-1693","1":"product","2":"type-product","3":"status-publish","4":"has-post-thumbnail","6":"product_cat-steel-injeciton-packer","8":"first","9":"instock","10":"shipping-taxable","11":"product-type-simple"},"yoast_head":"<!-- This site is optimized with the Yoast SEO plugin v24.4 - https:\/\/yoast.com\/wordpress\/plugins\/seo\/ -->\n<title>Injection Lances -<\/title>\n<meta name=\"robots\" content=\"index, follow, max-snippet:-1, max-image-preview:large, max-video-preview:-1\" \/>\n<link rel=\"canonical\" href=\"https:\/\/groutpackers.com\/hr\/manufacturer\/injection-lances\/\" \/>\n<meta property=\"og:locale\" content=\"hr_HR\" \/>\n<meta property=\"og:type\" content=\"article\" \/>\n<meta property=\"og:title\" content=\"Injection Lances -\" \/>\n<meta property=\"og:description\" content=\"Injection lances Three diameter lances is available Length: 500mm and 1000mm Different diameter: 13mm \/ 18mm \/ 21mm MOQ:1000 Pieces Lead Time: Within 10-15 days Payment: T\/T, L\/C AT SIGHT, PAYPAL, CREDIT CARD.\" \/>\n<meta property=\"og:url\" content=\"https:\/\/groutpackers.com\/hr\/manufacturer\/injection-lances\/\" \/>\n<meta property=\"article:modified_time\" content=\"2025-03-24T03:31:04+00:00\" \/>\n<meta property=\"og:image\" content=\"https:\/\/groutpackers.com\/wp-content\/uploads\/2024\/05\/Injection-Lances-for-soil-stabilization.jpg\" \/>\n\t<meta property=\"og:image:width\" content=\"1000\" \/>\n\t<meta property=\"og:image:height\" content=\"1000\" \/>\n\t<meta property=\"og:image:type\" content=\"image\/jpeg\" \/>\n<meta name=\"twitter:card\" content=\"summary_large_image\" \/>\n<meta name=\"twitter:label1\" content=\"Procijenjeno vrijeme \u010ditanja\" \/>\n\t<meta name=\"twitter:data1\" content=\"2 minute\" \/>\n<script type=\"application\/ld+json\" class=\"yoast-schema-graph\">{\"@context\":\"https:\/\/schema.org\",\"@graph\":[{\"@type\":\"WebPage\",\"@id\":\"https:\/\/groutpackers.com\/manufacturer\/injection-lances\/\",\"url\":\"https:\/\/groutpackers.com\/manufacturer\/injection-lances\/\",\"name\":\"Injection Lances -\",\"isPartOf\":{\"@id\":\"https:\/\/groutpackers.com\/bs\/#website\"},\"primaryImageOfPage\":{\"@id\":\"https:\/\/groutpackers.com\/manufacturer\/injection-lances\/#primaryimage\"},\"image\":{\"@id\":\"https:\/\/groutpackers.com\/manufacturer\/injection-lances\/#primaryimage\"},\"thumbnailUrl\":\"https:\/\/groutpackers.com\/wp-content\/uploads\/2024\/05\/Injection-Lances-for-soil-stabilization.jpg\",\"datePublished\":\"2024-04-29T06:09:37+00:00\",\"dateModified\":\"2025-03-24T03:31:04+00:00\",\"breadcrumb\":{\"@id\":\"https:\/\/groutpackers.com\/manufacturer\/injection-lances\/#breadcrumb\"},\"inLanguage\":\"hr\",\"potentialAction\":[{\"@type\":\"ReadAction\",\"target\":[\"https:\/\/groutpackers.com\/manufacturer\/injection-lances\/\"]}]},{\"@type\":\"ImageObject\",\"inLanguage\":\"hr\",\"@id\":\"https:\/\/groutpackers.com\/manufacturer\/injection-lances\/#primaryimage\",\"url\":\"https:\/\/groutpackers.com\/wp-content\/uploads\/2024\/05\/Injection-Lances-for-soil-stabilization.jpg\",\"contentUrl\":\"https:\/\/groutpackers.com\/wp-content\/uploads\/2024\/05\/Injection-Lances-for-soil-stabilization.jpg\",\"width\":1000,\"height\":1000,\"caption\":\"Injection Lances for soil stabilization\"},{\"@type\":\"BreadcrumbList\",\"@id\":\"https:\/\/groutpackers.com\/manufacturer\/injection-lances\/#breadcrumb\",\"itemListElement\":[{\"@type\":\"ListItem\",\"position\":1,\"name\":\"Home\",\"item\":\"https:\/\/groutpackers.com\/\"},{\"@type\":\"ListItem\",\"position\":2,\"name\":\"Produk\",\"item\":\"https:\/\/groutpackers.com\/id\/shop\/\"},{\"@type\":\"ListItem\",\"position\":3,\"name\":\"Injection Lances\"}]},{\"@type\":\"WebSite\",\"@id\":\"https:\/\/groutpackers.com\/bs\/#website\",\"url\":\"https:\/\/groutpackers.com\/bs\/\",\"name\":\"\",\"description\":\"\",\"potentialAction\":[{\"@type\":\"SearchAction\",\"target\":{\"@type\":\"EntryPoint\",\"urlTemplate\":\"https:\/\/groutpackers.com\/bs\/?s={search_term_string}\"},\"query-input\":{\"@type\":\"PropertyValueSpecification\",\"valueRequired\":true,\"valueName\":\"search_term_string\"}}],\"inLanguage\":\"hr\"}]}<\/script>\n<!-- \/ Yoast SEO plugin. -->","yoast_head_json":{"title":"Koplja za ubrizgavanje -","robots":{"index":"index","follow":"follow","max-snippet":"max-snippet:-1","max-image-preview":"max-image-preview:large","max-video-preview":"max-video-preview:-1"},"canonical":"https:\/\/groutpackers.com\/hr\/manufacturer\/injection-lances\/","og_locale":"hr_HR","og_type":"article","og_title":"Injection Lances -","og_description":"Injection lances Three diameter lances is available Length: 500mm and 1000mm Different diameter: 13mm \/ 18mm \/ 21mm MOQ:1000 Pieces Lead Time: Within 10-15 days Payment: T\/T, L\/C AT SIGHT, PAYPAL, CREDIT CARD.","og_url":"https:\/\/groutpackers.com\/hr\/manufacturer\/injection-lances\/","article_modified_time":"2025-03-24T03:31:04+00:00","og_image":[{"width":1000,"height":1000,"url":"https:\/\/groutpackers.com\/wp-content\/uploads\/2024\/05\/Injection-Lances-for-soil-stabilization.jpg","type":"image\/jpeg"}],"twitter_card":"summary_large_image","twitter_misc":{"Procijenjeno vrijeme \u010ditanja":"2 minute"},"schema":{"@context":"https:\/\/schema.org","@graph":[{"@type":"WebPage","@id":"https:\/\/groutpackers.com\/manufacturer\/injection-lances\/","url":"https:\/\/groutpackers.com\/manufacturer\/injection-lances\/","name":"Koplja za ubrizgavanje -","isPartOf":{"@id":"https:\/\/groutpackers.com\/bs\/#website"},"primaryImageOfPage":{"@id":"https:\/\/groutpackers.com\/manufacturer\/injection-lances\/#primaryimage"},"image":{"@id":"https:\/\/groutpackers.com\/manufacturer\/injection-lances\/#primaryimage"},"thumbnailUrl":"https:\/\/groutpackers.com\/wp-content\/uploads\/2024\/05\/Injection-Lances-for-soil-stabilization.jpg","datePublished":"2024-04-29T06:09:37+00:00","dateModified":"2025-03-24T03:31:04+00:00","breadcrumb":{"@id":"https:\/\/groutpackers.com\/manufacturer\/injection-lances\/#breadcrumb"},"inLanguage":"hr","potentialAction":[{"@type":"ReadAction","target":["https:\/\/groutpackers.com\/manufacturer\/injection-lances\/"]}]},{"@type":"ImageObject","inLanguage":"hr","@id":"https:\/\/groutpackers.com\/manufacturer\/injection-lances\/#primaryimage","url":"https:\/\/groutpackers.com\/wp-content\/uploads\/2024\/05\/Injection-Lances-for-soil-stabilization.jpg","contentUrl":"https:\/\/groutpackers.com\/wp-content\/uploads\/2024\/05\/Injection-Lances-for-soil-stabilization.jpg","width":1000,"height":1000,"caption":"Injection Lances for soil stabilization"},{"@type":"BreadcrumbList","@id":"https:\/\/groutpackers.com\/manufacturer\/injection-lances\/#breadcrumb","itemListElement":[{"@type":"ListItem","position":1,"name":"Home","item":"https:\/\/groutpackers.com\/"},{"@type":"ListItem","position":2,"name":"Produk","item":"https:\/\/groutpackers.com\/id\/shop\/"},{"@type":"ListItem","position":3,"name":"Injection Lances"}]},{"@type":"WebSite","@id":"https:\/\/groutpackers.com\/bs\/#website","url":"https:\/\/groutpackers.com\/bs\/","name":"","description":"","potentialAction":[{"@type":"SearchAction","target":{"@type":"EntryPoint","urlTemplate":"https:\/\/groutpackers.com\/bs\/?s={search_term_string}"},"query-input":{"@type":"PropertyValueSpecification","valueRequired":true,"valueName":"search_term_string"}}],"inLanguage":"hr"}]}},"_links":{"self":[{"href":"https:\/\/groutpackers.com\/hr\/wp-json\/wp\/v2\/product\/1693","targetHints":{"allow":["GET"]}}],"collection":[{"href":"https:\/\/groutpackers.com\/hr\/wp-json\/wp\/v2\/product"}],"about":[{"href":"https:\/\/groutpackers.com\/hr\/wp-json\/wp\/v2\/types\/product"}],"wp:featuredmedia":[{"embeddable":true,"href":"https:\/\/groutpackers.com\/hr\/wp-json\/wp\/v2\/media\/2546"}],"wp:attachment":[{"href":"https:\/\/groutpackers.com\/hr\/wp-json\/wp\/v2\/media?parent=1693"}],"wp:term":[{"taxonomy":"product_brand","embeddable":true,"href":"https:\/\/groutpackers.com\/hr\/wp-json\/wp\/v2\/product_brand?post=1693"},{"taxonomy":"product_cat","embeddable":true,"href":"https:\/\/groutpackers.com\/hr\/wp-json\/wp\/v2\/product_cat?post=1693"},{"taxonomy":"product_tag","embeddable":true,"href":"https:\/\/groutpackers.com\/hr\/wp-json\/wp\/v2\/product_tag?post=1693"}],"curies":[{"name":"wp","href":"https:\/\/api.w.org\/{rel}","templated":true}]}}