{"id":1691,"date":"2024-04-29T06:05:01","date_gmt":"2024-04-29T06:05:01","guid":{"rendered":"http:\/\/groutpackers.com\/?post_type=product&#038;p=1691"},"modified":"2025-03-24T03:40:21","modified_gmt":"2025-03-24T03:40:21","slug":"grout-needle-packer","status":"publish","type":"product","link":"https:\/\/groutpackers.com\/lv\/manufacturer\/grout-needle-packer\/","title":{"rendered":"Javas adatu pakot\u0101js"},"content":{"rendered":"<p>\u0160uvju adatu bl\u012bv\u0113t\u0101ji, kas paz\u012bstami ar\u012b k\u0101 iesmidzin\u0101\u0161anas adatu bl\u012bv\u0113t\u0101ji, ir specializ\u0113ta veida iesmidzin\u0101\u0161anas bl\u012bv\u0113t\u0101js, ko izmanto da\u017e\u0101diem betona remonta un \u0161uvju pielietojumiem. \u0160eit ir da\u017ei no \u0161uvju adatu iepakot\u0101ju izplat\u012bt\u0101kajiem lietojumiem un pielietojumiem:<\/p>\n<p><strong>1. Plaisas iesmidzin\u0101\u0161ana:<\/strong><br \/>\u2013 \u0160uvju adatu bl\u012bv\u0113t\u0101jus pla\u0161i izmanto javas vai herm\u0113ti\u0137u ievad\u012b\u0161anai plais\u0101s betona konstrukcij\u0101s, piem\u0113ram, sien\u0101s, gr\u012bd\u0101s vai pamatos.<br \/>\u2013 Adatu pakot\u0101ja \u0161aurais profils \u013cauj to iespraust \u0161aur\u0101s plais\u0101s, nodro\u0161inot prec\u012bzu remonta materi\u0101la pieg\u0101di.<br \/>\u2013 Tas ir \u012bpa\u0161i noder\u012bgi, lai nobl\u012bv\u0113tu un stabiliz\u0113tu matu l\u012bnijas plaisas vai citus mazus betona defektus.<\/p>\n<p><strong>2. Tuk\u0161umu un dobumu aizpild\u012b\u0161ana:<\/strong><br \/>\u2013 \u0160uvju adatu bl\u012bv\u0113t\u0101jus var izmantot, lai aizpild\u012btu tuk\u0161umus, \u0161\u016bnveida \u0161\u016bnas vai citus mazus dobumus betona konstrukcij\u0101.<br \/>\u2013 Injekcijas process, izmantojot adatu bl\u012bv\u0113t\u0101jus, pal\u012bdz nodro\u0161in\u0101t piln\u012bgu javas aizpild\u012b\u0161anu un iek\u013c\u016b\u0161anu m\u0113r\u0137a zon\u0101s.<br \/>\u2013 \u0160is pielietojums ir izplat\u012bts betona remonta un nostiprin\u0101\u0161anas projektos, kur nepiecie\u0161ams atjaunot betona struktur\u0101lo viengabalain\u012bbu.<\/p>\n<p><strong>3. Betona pl\u0101t\u0146u stabiliz\u0101cija:<\/strong><br \/>\u2013 Adatu bl\u012bv\u0113t\u0101jus izmanto, lai iesmidzin\u0101tu javu vai putuplastu augsn\u0113 vai pamatn\u0113 zem betona pl\u0101tn\u0113m, piem\u0113ram, t\u0101d\u0101m, kas atrodas gr\u012bd\u0101s vai ietv\u0113s.<br \/>\u2013 \u0160is process, kas paz\u012bstams k\u0101 pl\u0101t\u0146u pacel\u0161ana ar domkratu vai pl\u0101t\u0146u izl\u012bdzin\u0101\u0161ana, pal\u012bdz stabiliz\u0113t un atbalst\u012bt betona pl\u0101tni, risinot t\u0101das probl\u0113mas k\u0101 nos\u0113\u0161an\u0101s, tuk\u0161umi vai augsnes erozija.<\/p>\n<p><strong>4. Betona enkuro\u0161ana un pastiprin\u0101\u0161ana:<\/strong><br \/>\u2013 \u0160uvju adatu bl\u012bv\u0113t\u0101jus var izmantot, lai injic\u0113tu javu ap stiegrojuma stie\u0146iem vai d\u012bbe\u013ciem, pal\u012bdzot tos nostiprin\u0101t un noenkurot beton\u0101.<br \/>\u2013 \u0160is pielietojums ir izplat\u012bts betona remonta, stiprin\u0101\u0161anas vai moderniz\u0101cijas projektos, kur nepiecie\u0161ama papildu pastiprin\u0101\u0161ana.<\/p>\n<p><strong>5. Betona bl\u012bv\u0113jums un hidroizol\u0101cija:<\/strong><br \/>\u2013 Adatu bl\u012bv\u0113t\u0101jus var izmantot, lai beton\u0101 ievad\u012btu javu vai herm\u0113ti\u0137us, lai aizpild\u012btu un nobl\u012bv\u0113tu virsmas plaisas, poras vai citus defektus.<br \/>\u2013 Tas pal\u012bdz uzlabot betona iztur\u012bbu pret \u016bdens iek\u013c\u016b\u0161anu, laikapst\u0101k\u013ciem un citiem vides faktoriem.<\/p>\n<table style=\"border-collapse: collapse; width: 1075px; height: 254px;\" border=\"0\" width=\"616\" cellspacing=\"0\" cellpadding=\"0\">\n<tbody>\n<tr style=\"height: 13.50pt;\">\n<td class=\"et2\" style=\"height: 13.5pt; width: 270.75pt; text-align: center;\" width=\"361\" height=\"18\">Bilde<\/td>\n<td class=\"et2\" style=\"width: 74.25pt;\" width=\"99\">Modelis<\/td>\n<td class=\"et2\" style=\"width: 60.00pt;\" width=\"80\">Diametrs<\/td>\n<td class=\"et2\" style=\"width: 57.00pt;\" width=\"76\">Garums<\/td>\n<\/tr>\n<tr style=\"height: 22.00pt;\">\n<td class=\"et2\" style=\"height: 22.00pt;\" height=\"29\"><img loading=\"lazy\" decoding=\"async\" class=\"alignnone size-medium wp-image-2737 aligncenter\" src=\"http:\/\/groutpackers.com\/wp-content\/uploads\/2024\/04\/Grout-needle-packer-300x150.jpg\" alt=\"Javas adatu pakot\u0101js\" width=\"300\" height=\"150\" srcset=\"https:\/\/groutpackers.com\/wp-content\/uploads\/2024\/04\/Grout-needle-packer-300x150.jpg 300w, https:\/\/groutpackers.com\/wp-content\/uploads\/2024\/04\/Grout-needle-packer-768x384.jpg 768w, https:\/\/groutpackers.com\/wp-content\/uploads\/2024\/04\/Grout-needle-packer-600x300.jpg 600w, https:\/\/groutpackers.com\/wp-content\/uploads\/2024\/04\/Grout-needle-packer.jpg 1000w\" sizes=\"auto, (max-width: 300px) 100vw, 300px\" \/><\/td>\n<td class=\"et2\">13x305 mm<\/td>\n<td class=\"et2\">13 mm<\/td>\n<td class=\"et2\">305 mm<\/td>\n<\/tr>\n<\/tbody>\n<\/table>\n<p>\u00a0<\/p>","protected":false},"excerpt":{"rendered":"<p>\u0160uvju adatu pakot\u0101ji<\/p>\n<ul>\n<li>Pogas galvas nipelis<br \/>\nV\u0101rpstas diametrs: 13 mm<\/li>\n<li>V\u0101rpstas garums: 305 mm<\/li>\n<li>Adatas diametrs: 5 mm<\/li>\n<li>Adatas garums: 110 mm<\/li>\n<\/ul>\n<p>MOQ: 1000 gab<br \/>\nIzpildes laiks: 15-20 dienu laik\u0101<br \/>\nApmaksa: T\/T, L\/C AT SIGHT, PAYPAL, KRED\u012aTKARTE.<\/p>","protected":false},"featured_media":2544,"template":"","meta":[],"product_brand":[],"product_cat":[40],"product_tag":[],"class_list":{"0":"post-1691","1":"product","2":"type-product","3":"status-publish","4":"has-post-thumbnail","6":"product_cat-steel-injeciton-packer","8":"first","9":"instock","10":"shipping-taxable","11":"product-type-simple"},"yoast_head":"<!-- This site is optimized with the Yoast SEO plugin v24.4 - https:\/\/yoast.com\/wordpress\/plugins\/seo\/ -->\n<title>Grout Needle Packer -<\/title>\n<meta name=\"robots\" content=\"index, follow, max-snippet:-1, max-image-preview:large, max-video-preview:-1\" \/>\n<link rel=\"canonical\" href=\"https:\/\/groutpackers.com\/lv\/manufacturer\/grout-needle-packer\/\" \/>\n<meta property=\"og:locale\" content=\"lv_LV\" \/>\n<meta property=\"og:type\" content=\"article\" \/>\n<meta property=\"og:title\" content=\"Grout Needle Packer -\" \/>\n<meta property=\"og:description\" content=\"Grouting needle packers   Button head nipple Shaft diameter: 13mm  Shaft length: 305mm  Needle diameter:5mm  Needle length:110mm  MOQ:1000 Pieces Lead Time: Within 15-20 days Payment: T\/T, L\/C AT SIGHT, PAYPAL, CREDIT CARD.\" \/>\n<meta property=\"og:url\" content=\"https:\/\/groutpackers.com\/lv\/manufacturer\/grout-needle-packer\/\" \/>\n<meta property=\"article:modified_time\" content=\"2025-03-24T03:40:21+00:00\" \/>\n<meta property=\"og:image\" content=\"https:\/\/groutpackers.com\/wp-content\/uploads\/2024\/05\/Grouting-needle-packer-1.jpg\" \/>\n\t<meta property=\"og:image:width\" content=\"1000\" \/>\n\t<meta property=\"og:image:height\" content=\"1000\" \/>\n\t<meta property=\"og:image:type\" content=\"image\/jpeg\" \/>\n<meta name=\"twitter:card\" content=\"summary_large_image\" \/>\n<meta name=\"twitter:label1\" content=\"Est. reading time\" \/>\n\t<meta name=\"twitter:data1\" content=\"1 min\u016bte\" \/>\n<script type=\"application\/ld+json\" class=\"yoast-schema-graph\">{\"@context\":\"https:\/\/schema.org\",\"@graph\":[{\"@type\":\"WebPage\",\"@id\":\"https:\/\/groutpackers.com\/manufacturer\/grout-needle-packer\/\",\"url\":\"https:\/\/groutpackers.com\/manufacturer\/grout-needle-packer\/\",\"name\":\"Grout Needle Packer -\",\"isPartOf\":{\"@id\":\"https:\/\/groutpackers.com\/bs\/#website\"},\"primaryImageOfPage\":{\"@id\":\"https:\/\/groutpackers.com\/manufacturer\/grout-needle-packer\/#primaryimage\"},\"image\":{\"@id\":\"https:\/\/groutpackers.com\/manufacturer\/grout-needle-packer\/#primaryimage\"},\"thumbnailUrl\":\"https:\/\/groutpackers.com\/wp-content\/uploads\/2024\/05\/Grouting-needle-packer-1.jpg\",\"datePublished\":\"2024-04-29T06:05:01+00:00\",\"dateModified\":\"2025-03-24T03:40:21+00:00\",\"breadcrumb\":{\"@id\":\"https:\/\/groutpackers.com\/manufacturer\/grout-needle-packer\/#breadcrumb\"},\"inLanguage\":\"lv-LV\",\"potentialAction\":[{\"@type\":\"ReadAction\",\"target\":[\"https:\/\/groutpackers.com\/manufacturer\/grout-needle-packer\/\"]}]},{\"@type\":\"ImageObject\",\"inLanguage\":\"lv-LV\",\"@id\":\"https:\/\/groutpackers.com\/manufacturer\/grout-needle-packer\/#primaryimage\",\"url\":\"https:\/\/groutpackers.com\/wp-content\/uploads\/2024\/05\/Grouting-needle-packer-1.jpg\",\"contentUrl\":\"https:\/\/groutpackers.com\/wp-content\/uploads\/2024\/05\/Grouting-needle-packer-1.jpg\",\"width\":1000,\"height\":1000,\"caption\":\"Grouting needle packer\"},{\"@type\":\"BreadcrumbList\",\"@id\":\"https:\/\/groutpackers.com\/manufacturer\/grout-needle-packer\/#breadcrumb\",\"itemListElement\":[{\"@type\":\"ListItem\",\"position\":1,\"name\":\"Home\",\"item\":\"https:\/\/groutpackers.com\/\"},{\"@type\":\"ListItem\",\"position\":2,\"name\":\"Produk\",\"item\":\"https:\/\/groutpackers.com\/id\/shop\/\"},{\"@type\":\"ListItem\",\"position\":3,\"name\":\"Grout Needle Packer\"}]},{\"@type\":\"WebSite\",\"@id\":\"https:\/\/groutpackers.com\/bs\/#website\",\"url\":\"https:\/\/groutpackers.com\/bs\/\",\"name\":\"\",\"description\":\"\",\"potentialAction\":[{\"@type\":\"SearchAction\",\"target\":{\"@type\":\"EntryPoint\",\"urlTemplate\":\"https:\/\/groutpackers.com\/bs\/?s={search_term_string}\"},\"query-input\":{\"@type\":\"PropertyValueSpecification\",\"valueRequired\":true,\"valueName\":\"search_term_string\"}}],\"inLanguage\":\"lv-LV\"}]}<\/script>\n<!-- \/ Yoast SEO plugin. -->","yoast_head_json":{"title":"Javas adatu pakot\u0101js -","robots":{"index":"index","follow":"follow","max-snippet":"max-snippet:-1","max-image-preview":"max-image-preview:large","max-video-preview":"max-video-preview:-1"},"canonical":"https:\/\/groutpackers.com\/lv\/manufacturer\/grout-needle-packer\/","og_locale":"lv_LV","og_type":"article","og_title":"Grout Needle Packer -","og_description":"Grouting needle packers   Button head nipple Shaft diameter: 13mm  Shaft length: 305mm  Needle diameter:5mm  Needle length:110mm  MOQ:1000 Pieces Lead Time: Within 15-20 days Payment: T\/T, L\/C AT SIGHT, PAYPAL, CREDIT CARD.","og_url":"https:\/\/groutpackers.com\/lv\/manufacturer\/grout-needle-packer\/","article_modified_time":"2025-03-24T03:40:21+00:00","og_image":[{"width":1000,"height":1000,"url":"https:\/\/groutpackers.com\/wp-content\/uploads\/2024\/05\/Grouting-needle-packer-1.jpg","type":"image\/jpeg"}],"twitter_card":"summary_large_image","twitter_misc":{"Est. reading time":"1 min\u016bte"},"schema":{"@context":"https:\/\/schema.org","@graph":[{"@type":"WebPage","@id":"https:\/\/groutpackers.com\/manufacturer\/grout-needle-packer\/","url":"https:\/\/groutpackers.com\/manufacturer\/grout-needle-packer\/","name":"Javas adatu pakot\u0101js -","isPartOf":{"@id":"https:\/\/groutpackers.com\/bs\/#website"},"primaryImageOfPage":{"@id":"https:\/\/groutpackers.com\/manufacturer\/grout-needle-packer\/#primaryimage"},"image":{"@id":"https:\/\/groutpackers.com\/manufacturer\/grout-needle-packer\/#primaryimage"},"thumbnailUrl":"https:\/\/groutpackers.com\/wp-content\/uploads\/2024\/05\/Grouting-needle-packer-1.jpg","datePublished":"2024-04-29T06:05:01+00:00","dateModified":"2025-03-24T03:40:21+00:00","breadcrumb":{"@id":"https:\/\/groutpackers.com\/manufacturer\/grout-needle-packer\/#breadcrumb"},"inLanguage":"lv-LV","potentialAction":[{"@type":"ReadAction","target":["https:\/\/groutpackers.com\/manufacturer\/grout-needle-packer\/"]}]},{"@type":"ImageObject","inLanguage":"lv-LV","@id":"https:\/\/groutpackers.com\/manufacturer\/grout-needle-packer\/#primaryimage","url":"https:\/\/groutpackers.com\/wp-content\/uploads\/2024\/05\/Grouting-needle-packer-1.jpg","contentUrl":"https:\/\/groutpackers.com\/wp-content\/uploads\/2024\/05\/Grouting-needle-packer-1.jpg","width":1000,"height":1000,"caption":"Grouting needle packer"},{"@type":"BreadcrumbList","@id":"https:\/\/groutpackers.com\/manufacturer\/grout-needle-packer\/#breadcrumb","itemListElement":[{"@type":"ListItem","position":1,"name":"Home","item":"https:\/\/groutpackers.com\/"},{"@type":"ListItem","position":2,"name":"Produk","item":"https:\/\/groutpackers.com\/id\/shop\/"},{"@type":"ListItem","position":3,"name":"Grout Needle Packer"}]},{"@type":"WebSite","@id":"https:\/\/groutpackers.com\/bs\/#website","url":"https:\/\/groutpackers.com\/bs\/","name":"","description":"","potentialAction":[{"@type":"SearchAction","target":{"@type":"EntryPoint","urlTemplate":"https:\/\/groutpackers.com\/bs\/?s={search_term_string}"},"query-input":{"@type":"PropertyValueSpecification","valueRequired":true,"valueName":"search_term_string"}}],"inLanguage":"lv-LV"}]}},"_links":{"self":[{"href":"https:\/\/groutpackers.com\/lv\/wp-json\/wp\/v2\/product\/1691","targetHints":{"allow":["GET"]}}],"collection":[{"href":"https:\/\/groutpackers.com\/lv\/wp-json\/wp\/v2\/product"}],"about":[{"href":"https:\/\/groutpackers.com\/lv\/wp-json\/wp\/v2\/types\/product"}],"wp:featuredmedia":[{"embeddable":true,"href":"https:\/\/groutpackers.com\/lv\/wp-json\/wp\/v2\/media\/2544"}],"wp:attachment":[{"href":"https:\/\/groutpackers.com\/lv\/wp-json\/wp\/v2\/media?parent=1691"}],"wp:term":[{"taxonomy":"product_brand","embeddable":true,"href":"https:\/\/groutpackers.com\/lv\/wp-json\/wp\/v2\/product_brand?post=1691"},{"taxonomy":"product_cat","embeddable":true,"href":"https:\/\/groutpackers.com\/lv\/wp-json\/wp\/v2\/product_cat?post=1691"},{"taxonomy":"product_tag","embeddable":true,"href":"https:\/\/groutpackers.com\/lv\/wp-json\/wp\/v2\/product_tag?post=1691"}],"curies":[{"name":"wp","href":"https:\/\/api.w.org\/{rel}","templated":true}]}}