{"id":1693,"date":"2024-04-29T06:09:37","date_gmt":"2024-04-29T06:09:37","guid":{"rendered":"http:\/\/groutpackers.com\/?post_type=product&#038;p=1693"},"modified":"2025-03-24T03:31:04","modified_gmt":"2025-03-24T03:31:04","slug":"injection-lances","status":"publish","type":"product","link":"https:\/\/groutpackers.com\/lv\/manufacturer\/injection-lances\/","title":{"rendered":"Injekcijas lances"},"content":{"rendered":"<p>Injekcijas lances, kas paz\u012bstamas ar\u012b k\u0101 augsnes iesmidzin\u0101\u0161anas vai augsnes stabiliz\u0101cijas lances, ir specializ\u0113ti instrumenti, ko izmanto stabiliz\u0113jo\u0161u materi\u0101lu ievad\u012b\u0161anai augsn\u0113 vai zem\u0113, lai uzlabotu t\u0101s in\u017eeniertehnisk\u0101s \u012bpa\u0161\u012bbas.<\/p>\n<p>Galven\u0101s augsnes l\u0101psti\u0146u \u012bpa\u0161\u012bbas un pielietojums ir:<\/p>\n<p><strong>1.\u00a0M\u0113r\u0137is:<\/strong><br \/>\n\u2013 Augsnes l\u0101psti\u0146as ir \u012bpa\u0161i izstr\u0101d\u0101tas javas, uz cementa b\u0101zes izgatavotu vircu, \u0137\u012bmisku piedevu vai citu stabiliz\u0113jo\u0161o materi\u0101lu ievad\u012b\u0161anai zem\u0113.<br \/>\n\u2013 M\u0113r\u0137is ir uzlabot augsnes iztur\u012bbu, samazin\u0101t caurlaid\u012bbu, mazin\u0101t nogulsn\u0113\u0161anos vai risin\u0101t citas \u0123eotehniskas probl\u0113mas, izmantojot ies\u016bkn\u0113\u0161anas procesu.<\/p>\n<p><strong>2. B\u016bvniec\u012bba:<\/strong><br \/>\n\u2013 Augsnes l\u0101psti\u0146\u0101m parasti ir gar\u0161, slaids un dobs dizains, kas \u013cauj iesmidzin\u0101t stabiliz\u0113jo\u0161u materi\u0101lu caur slaidu centru.<br \/>\n\u2013 Lances gals var b\u016bt smails vai apr\u012bkots ar \u012bpa\u0161\u0101m funkcij\u0101m, kas atvieglo iek\u013c\u016b\u0161anu augsn\u0113.<br \/>\n\u2013 Da\u017eas augsnes l\u0101psti\u0146as ir konstru\u0113tas ar main\u0101miem uzga\u013ciem vai piederumiem, lai piel\u0101gotos da\u017e\u0101diem augsnes apst\u0101k\u013ciem vai injekcijas materi\u0101liem.<\/p>\n<p><strong>3. Injekcijas process:<\/strong><br \/>\n\u2013 Augsnes l\u0101psti\u0146as tiek ievietotas zem\u0113 vai nu manu\u0101li, vai izmantojot specializ\u0113tu apr\u012bkojumu, l\u012bdz vajadz\u012bgajam dzi\u013cumam vai injekcijas punktam.<br \/>\n\u2013 P\u0113c tam stabiliz\u0113jo\u0161ais materi\u0101ls tiek s\u016bkn\u0113ts vai ievad\u012bts caur lanceti, izklied\u0113jot to apk\u0101rt\u0113j\u0101 augsn\u0113.<br \/>\n\u2013 Iesmidzin\u0101\u0161anas process tiek r\u016bp\u012bgi kontrol\u0113ts, lai nodro\u0161in\u0101tu vienm\u0113r\u012bgu sadal\u012bjumu un efekt\u012bvu augsnes stabiliz\u0101ciju.<\/p>\n<p><strong>4. Pieteikumi:<\/strong><br \/>\n\u2013 Augsnes stabiliz\u0101cijas un zemes uzlabo\u0161anas projekti, piem\u0113ram, pamatu stiprin\u0101\u0161ana, nog\u0101\u017eu stabiliz\u0113\u0161ana un augsnes san\u0101cija.<br \/>\n\u2013 Augsnes tuk\u0161umu vai pazemes dobumu \u0161uv\u0113\u0161ana un bl\u012bv\u0113\u0161ana.<br \/>\n\u2013 \u0136\u012bmisko piedevu vai javu iesmidzin\u0101\u0161ana augsnes att\u012br\u012b\u0161anai vai vides att\u012br\u012b\u0161anai.<br \/>\n\u2013 Grunts naglu, enkuru vai citu grunts nostiprin\u0101\u0161anas sist\u0113mu uzst\u0101d\u012b\u0161ana.<\/p>\n<p><strong>5. Specializ\u0113ts apr\u012bkojums:<\/strong><br \/>\n\u2013 Augsnes l\u0101psti\u0146as bie\u017ei izmanto kop\u0101 ar specializ\u0113t\u0101m iesmidzin\u0101\u0161anas iek\u0101rt\u0101m, piem\u0113ram, javas s\u016bk\u0146iem, mais\u012b\u0161anas vien\u012bb\u0101m un datorvad\u0101m\u0101m iesmidzin\u0101\u0161anas sist\u0113m\u0101m.<br \/>\n\u2013 Tas nodro\u0161ina prec\u012bzu stabiliz\u0113jo\u0161u materi\u0101lu pieg\u0101di un uzraudz\u012bbu injekcijas procesa laik\u0101.<\/p>\n<p>Augsnes l\u0101psti\u0146as ir b\u016btisks instruments \u0123eotehniskaj\u0101 in\u017eenierij\u0101 un b\u016bvniec\u012bb\u0101, kas \u013cauj m\u0113r\u0137tiec\u012bgi un kontrol\u0113ti ievad\u012bt materi\u0101lus zem\u0113, lai uzlabotu augsnes \u012bpa\u0161\u012bbas un risin\u0101tu da\u017e\u0101das ar zemi saist\u012btas probl\u0113mas.<\/p>\n<table style=\"border-collapse: collapse; width: 1204px; height: 263px;\" border=\"0\" width=\"617\" cellspacing=\"0\" cellpadding=\"0\">\n<tbody>\n<tr style=\"height: 13.50pt;\">\n<td class=\"et2\" style=\"height: 13.5pt; width: 271.5pt; text-align: center;\" width=\"362\" height=\"18\">Bilde<\/td>\n<td class=\"et2\" style=\"width: 74.25pt;\" width=\"99\">Modelis<\/td>\n<td class=\"et2\" style=\"width: 60.00pt;\" width=\"80\">Diametrs<\/td>\n<td class=\"et2\" style=\"width: 57.00pt;\" width=\"76\">Garums<\/td>\n<\/tr>\n<tr style=\"height: 13.00pt;\">\n<td class=\"et2\" style=\"height: 26.50pt;\" rowspan=\"2\" height=\"35\"><\/td>\n<td class=\"et2\">13x500mm<\/td>\n<td class=\"et2\">13 mm<\/td>\n<td class=\"et2\">500 mm<\/td>\n<\/tr>\n<tr style=\"height: 13.50pt;\">\n<td class=\"et2\">13x1000 mm<\/td>\n<td class=\"et2\">13 mm<\/td>\n<td class=\"et2\">1000 mm<\/td>\n<\/tr>\n<tr style=\"height: 13.50pt;\">\n<td class=\"et2\" style=\"height: 27.00pt;\" rowspan=\"2\" height=\"36\"><span style=\"color: #333333;\">\u00a0<\/span><\/td>\n<td class=\"et2\">21x500mm<\/td>\n<td class=\"et2\">21 mm<\/td>\n<td class=\"et2\">500 mm<\/td>\n<\/tr>\n<tr style=\"height: 13.50pt;\">\n<td class=\"et2\">21x1000 mm<\/td>\n<td class=\"et2\">21 mm<\/td>\n<td class=\"et2\">1000 mm<\/td>\n<\/tr>\n<\/tbody>\n<\/table>","protected":false},"excerpt":{"rendered":"<p>Injekcijas l\u0101psti\u0146as<br \/>\nIr pieejamas tr\u012bs diametra l\u0101psti\u0146as<br \/>\nGarums: 500mm un 1000mm<br \/>\nDa\u017e\u0101ds diametrs: 13mm \/ 18mm \/ 21mm<br \/>\nMOQ: 1000 gab<br \/>\nIzpildes laiks: 10-15 dienu laik\u0101<br \/>\nApmaksa: T\/T, L\/C AT SIGHT, PAYPAL, KRED\u012aTKARTE.<\/p>","protected":false},"featured_media":2546,"template":"","meta":[],"product_brand":[],"product_cat":[40],"product_tag":[],"class_list":{"0":"post-1693","1":"product","2":"type-product","3":"status-publish","4":"has-post-thumbnail","6":"product_cat-steel-injeciton-packer","8":"first","9":"instock","10":"shipping-taxable","11":"product-type-simple"},"yoast_head":"<!-- This site is optimized with the Yoast SEO plugin v24.4 - https:\/\/yoast.com\/wordpress\/plugins\/seo\/ -->\n<title>Injection Lances -<\/title>\n<meta name=\"robots\" content=\"index, follow, max-snippet:-1, max-image-preview:large, max-video-preview:-1\" \/>\n<link rel=\"canonical\" href=\"https:\/\/groutpackers.com\/lv\/manufacturer\/injection-lances\/\" \/>\n<meta property=\"og:locale\" content=\"lv_LV\" \/>\n<meta property=\"og:type\" content=\"article\" \/>\n<meta property=\"og:title\" content=\"Injection Lances -\" \/>\n<meta property=\"og:description\" content=\"Injection lances Three diameter lances is available Length: 500mm and 1000mm Different diameter: 13mm \/ 18mm \/ 21mm MOQ:1000 Pieces Lead Time: Within 10-15 days Payment: T\/T, L\/C AT SIGHT, PAYPAL, CREDIT CARD.\" \/>\n<meta property=\"og:url\" content=\"https:\/\/groutpackers.com\/lv\/manufacturer\/injection-lances\/\" \/>\n<meta property=\"article:modified_time\" content=\"2025-03-24T03:31:04+00:00\" \/>\n<meta property=\"og:image\" content=\"https:\/\/groutpackers.com\/wp-content\/uploads\/2024\/05\/Injection-Lances-for-soil-stabilization.jpg\" \/>\n\t<meta property=\"og:image:width\" content=\"1000\" \/>\n\t<meta property=\"og:image:height\" content=\"1000\" \/>\n\t<meta property=\"og:image:type\" content=\"image\/jpeg\" \/>\n<meta name=\"twitter:card\" content=\"summary_large_image\" \/>\n<meta name=\"twitter:label1\" content=\"Est. reading time\" \/>\n\t<meta name=\"twitter:data1\" content=\"2 min\u016btes\" \/>\n<script type=\"application\/ld+json\" class=\"yoast-schema-graph\">{\"@context\":\"https:\/\/schema.org\",\"@graph\":[{\"@type\":\"WebPage\",\"@id\":\"https:\/\/groutpackers.com\/manufacturer\/injection-lances\/\",\"url\":\"https:\/\/groutpackers.com\/manufacturer\/injection-lances\/\",\"name\":\"Injection Lances -\",\"isPartOf\":{\"@id\":\"https:\/\/groutpackers.com\/bs\/#website\"},\"primaryImageOfPage\":{\"@id\":\"https:\/\/groutpackers.com\/manufacturer\/injection-lances\/#primaryimage\"},\"image\":{\"@id\":\"https:\/\/groutpackers.com\/manufacturer\/injection-lances\/#primaryimage\"},\"thumbnailUrl\":\"https:\/\/groutpackers.com\/wp-content\/uploads\/2024\/05\/Injection-Lances-for-soil-stabilization.jpg\",\"datePublished\":\"2024-04-29T06:09:37+00:00\",\"dateModified\":\"2025-03-24T03:31:04+00:00\",\"breadcrumb\":{\"@id\":\"https:\/\/groutpackers.com\/manufacturer\/injection-lances\/#breadcrumb\"},\"inLanguage\":\"lv-LV\",\"potentialAction\":[{\"@type\":\"ReadAction\",\"target\":[\"https:\/\/groutpackers.com\/manufacturer\/injection-lances\/\"]}]},{\"@type\":\"ImageObject\",\"inLanguage\":\"lv-LV\",\"@id\":\"https:\/\/groutpackers.com\/manufacturer\/injection-lances\/#primaryimage\",\"url\":\"https:\/\/groutpackers.com\/wp-content\/uploads\/2024\/05\/Injection-Lances-for-soil-stabilization.jpg\",\"contentUrl\":\"https:\/\/groutpackers.com\/wp-content\/uploads\/2024\/05\/Injection-Lances-for-soil-stabilization.jpg\",\"width\":1000,\"height\":1000,\"caption\":\"Injection Lances for soil stabilization\"},{\"@type\":\"BreadcrumbList\",\"@id\":\"https:\/\/groutpackers.com\/manufacturer\/injection-lances\/#breadcrumb\",\"itemListElement\":[{\"@type\":\"ListItem\",\"position\":1,\"name\":\"Home\",\"item\":\"https:\/\/groutpackers.com\/\"},{\"@type\":\"ListItem\",\"position\":2,\"name\":\"Produk\",\"item\":\"https:\/\/groutpackers.com\/id\/shop\/\"},{\"@type\":\"ListItem\",\"position\":3,\"name\":\"Injection Lances\"}]},{\"@type\":\"WebSite\",\"@id\":\"https:\/\/groutpackers.com\/bs\/#website\",\"url\":\"https:\/\/groutpackers.com\/bs\/\",\"name\":\"\",\"description\":\"\",\"potentialAction\":[{\"@type\":\"SearchAction\",\"target\":{\"@type\":\"EntryPoint\",\"urlTemplate\":\"https:\/\/groutpackers.com\/bs\/?s={search_term_string}\"},\"query-input\":{\"@type\":\"PropertyValueSpecification\",\"valueRequired\":true,\"valueName\":\"search_term_string\"}}],\"inLanguage\":\"lv-LV\"}]}<\/script>\n<!-- \/ Yoast SEO plugin. -->","yoast_head_json":{"title":"Injekcijas l\u0101psti\u0146as -","robots":{"index":"index","follow":"follow","max-snippet":"max-snippet:-1","max-image-preview":"max-image-preview:large","max-video-preview":"max-video-preview:-1"},"canonical":"https:\/\/groutpackers.com\/lv\/manufacturer\/injection-lances\/","og_locale":"lv_LV","og_type":"article","og_title":"Injection Lances -","og_description":"Injection lances Three diameter lances is available Length: 500mm and 1000mm Different diameter: 13mm \/ 18mm \/ 21mm MOQ:1000 Pieces Lead Time: Within 10-15 days Payment: T\/T, L\/C AT SIGHT, PAYPAL, CREDIT CARD.","og_url":"https:\/\/groutpackers.com\/lv\/manufacturer\/injection-lances\/","article_modified_time":"2025-03-24T03:31:04+00:00","og_image":[{"width":1000,"height":1000,"url":"https:\/\/groutpackers.com\/wp-content\/uploads\/2024\/05\/Injection-Lances-for-soil-stabilization.jpg","type":"image\/jpeg"}],"twitter_card":"summary_large_image","twitter_misc":{"Est. reading time":"2 min\u016btes"},"schema":{"@context":"https:\/\/schema.org","@graph":[{"@type":"WebPage","@id":"https:\/\/groutpackers.com\/manufacturer\/injection-lances\/","url":"https:\/\/groutpackers.com\/manufacturer\/injection-lances\/","name":"Injekcijas l\u0101psti\u0146as -","isPartOf":{"@id":"https:\/\/groutpackers.com\/bs\/#website"},"primaryImageOfPage":{"@id":"https:\/\/groutpackers.com\/manufacturer\/injection-lances\/#primaryimage"},"image":{"@id":"https:\/\/groutpackers.com\/manufacturer\/injection-lances\/#primaryimage"},"thumbnailUrl":"https:\/\/groutpackers.com\/wp-content\/uploads\/2024\/05\/Injection-Lances-for-soil-stabilization.jpg","datePublished":"2024-04-29T06:09:37+00:00","dateModified":"2025-03-24T03:31:04+00:00","breadcrumb":{"@id":"https:\/\/groutpackers.com\/manufacturer\/injection-lances\/#breadcrumb"},"inLanguage":"lv-LV","potentialAction":[{"@type":"ReadAction","target":["https:\/\/groutpackers.com\/manufacturer\/injection-lances\/"]}]},{"@type":"ImageObject","inLanguage":"lv-LV","@id":"https:\/\/groutpackers.com\/manufacturer\/injection-lances\/#primaryimage","url":"https:\/\/groutpackers.com\/wp-content\/uploads\/2024\/05\/Injection-Lances-for-soil-stabilization.jpg","contentUrl":"https:\/\/groutpackers.com\/wp-content\/uploads\/2024\/05\/Injection-Lances-for-soil-stabilization.jpg","width":1000,"height":1000,"caption":"Injection Lances for soil stabilization"},{"@type":"BreadcrumbList","@id":"https:\/\/groutpackers.com\/manufacturer\/injection-lances\/#breadcrumb","itemListElement":[{"@type":"ListItem","position":1,"name":"Home","item":"https:\/\/groutpackers.com\/"},{"@type":"ListItem","position":2,"name":"Produk","item":"https:\/\/groutpackers.com\/id\/shop\/"},{"@type":"ListItem","position":3,"name":"Injection Lances"}]},{"@type":"WebSite","@id":"https:\/\/groutpackers.com\/bs\/#website","url":"https:\/\/groutpackers.com\/bs\/","name":"","description":"","potentialAction":[{"@type":"SearchAction","target":{"@type":"EntryPoint","urlTemplate":"https:\/\/groutpackers.com\/bs\/?s={search_term_string}"},"query-input":{"@type":"PropertyValueSpecification","valueRequired":true,"valueName":"search_term_string"}}],"inLanguage":"lv-LV"}]}},"_links":{"self":[{"href":"https:\/\/groutpackers.com\/lv\/wp-json\/wp\/v2\/product\/1693","targetHints":{"allow":["GET"]}}],"collection":[{"href":"https:\/\/groutpackers.com\/lv\/wp-json\/wp\/v2\/product"}],"about":[{"href":"https:\/\/groutpackers.com\/lv\/wp-json\/wp\/v2\/types\/product"}],"wp:featuredmedia":[{"embeddable":true,"href":"https:\/\/groutpackers.com\/lv\/wp-json\/wp\/v2\/media\/2546"}],"wp:attachment":[{"href":"https:\/\/groutpackers.com\/lv\/wp-json\/wp\/v2\/media?parent=1693"}],"wp:term":[{"taxonomy":"product_brand","embeddable":true,"href":"https:\/\/groutpackers.com\/lv\/wp-json\/wp\/v2\/product_brand?post=1693"},{"taxonomy":"product_cat","embeddable":true,"href":"https:\/\/groutpackers.com\/lv\/wp-json\/wp\/v2\/product_cat?post=1693"},{"taxonomy":"product_tag","embeddable":true,"href":"https:\/\/groutpackers.com\/lv\/wp-json\/wp\/v2\/product_tag?post=1693"}],"curies":[{"name":"wp","href":"https:\/\/api.w.org\/{rel}","templated":true}]}}