{"id":1691,"date":"2024-04-29T06:05:01","date_gmt":"2024-04-29T06:05:01","guid":{"rendered":"http:\/\/groutpackers.com\/?post_type=product&#038;p=1691"},"modified":"2025-03-24T03:40:21","modified_gmt":"2025-03-24T03:40:21","slug":"grout-needle-packer","status":"publish","type":"product","link":"https:\/\/groutpackers.com\/pt\/manufacturer\/grout-needle-packer\/","title":{"rendered":"Empacotador de agulhas de argamassa"},"content":{"rendered":"<p>Os obturadores de agulhas de rejuntamento, tamb\u00e9m conhecidos como obturadores de agulhas de inje\u00e7\u00e3o, s\u00e3o um tipo especializado de obturadores de inje\u00e7\u00e3o usados para uma variedade de aplica\u00e7\u00f5es de reparo e rejuntamento de concreto. Aqui est\u00e3o alguns dos usos e aplica\u00e7\u00f5es comuns dos empacotadores de agulhas de rejuntamento:<\/p>\n<p><strong>1. Inje\u00e7\u00e3o de crack:<\/strong><br \/>\u2013 Os obturadores de agulhas para rejuntamento s\u00e3o amplamente utilizados para injetar argamassa ou selantes em fissuras em estruturas de concreto, como paredes, pisos ou funda\u00e7\u00f5es.<br \/>\u2013 O perfil estreito do obturador de agulha permite que ele seja inserido em fissuras estreitas, possibilitando a entrega precisa do material de reparo.<br \/>\u2013 Isto \u00e9 particularmente \u00fatil para vedar e estabilizar fissuras finas ou outros pequenos defeitos de concreto.<\/p>\n<p><strong>2. Preenchimento de vazios e cavidades:<\/strong><br \/>\u2013 Os obturadores de agulhas de rejuntamento podem ser empregados para preencher vazios, favos de mel ou outras pequenas cavidades dentro da estrutura de concreto.<br \/>\u2013 O processo de inje\u00e7\u00e3o com obturadores de agulhas ajuda a garantir o preenchimento completo e a penetra\u00e7\u00e3o da argamassa nas \u00e1reas alvo.<br \/>\u2013 Esta aplica\u00e7\u00e3o \u00e9 comum em projetos de repara\u00e7\u00e3o e refor\u00e7o de concreto, onde \u00e9 necess\u00e1rio restaurar a integridade estrutural do concreto.<\/p>\n<p><strong>3. Estabiliza\u00e7\u00e3o de Lajes de Concreto:<\/strong><br \/>\u2013 Os obturadores de agulha s\u00e3o usados para injetar argamassa ou espuma expans\u00edvel no solo ou subleito abaixo de lajes de concreto, como aquelas encontradas em pisos ou pavimentos.<br \/>\u2013 Este processo, conhecido como levantamento de laje ou nivelamento de laje, ajuda a estabilizar e apoiar a laje de concreto, abordando quest\u00f5es como recalques, vazios ou eros\u00e3o do solo.<\/p>\n<p><strong>4. Ancoragem e Refor\u00e7o de Concreto:<\/strong><br \/>\u2013 Os obturadores de agulhas de rejuntamento podem ser usados para injetar argamassa em torno de barras de refor\u00e7o ou cavilhas, ajudando a prend\u00ea-los e ancor\u00e1-los dentro do concreto.<br \/>\u2013 Esta aplica\u00e7\u00e3o \u00e9 comum em projetos de repara\u00e7\u00e3o, refor\u00e7o ou moderniza\u00e7\u00e3o de concreto, onde \u00e9 necess\u00e1rio refor\u00e7o adicional.<\/p>\n<p><strong>5. Veda\u00e7\u00e3o e Impermeabiliza\u00e7\u00e3o de Concreto:<\/strong><br \/>\u2013 Os obturadores de agulha podem ser usados para injetar argamassa ou selantes no concreto para preencher e selar rachaduras superficiais, poros ou outros defeitos.<br \/>\u2013 Isso ajuda a melhorar a resist\u00eancia do concreto \u00e0 intrus\u00e3o de \u00e1gua, intemp\u00e9ries e outros fatores ambientais.<\/p>\n<table style=\"border-collapse: collapse; width: 1075px; height: 254px;\" border=\"0\" width=\"616\" cellspacing=\"0\" cellpadding=\"0\">\n<tbody>\n<tr style=\"height: 13.50pt;\">\n<td class=\"et2\" style=\"height: 13.5pt; width: 270.75pt; text-align: center;\" width=\"361\" height=\"18\">Foto<\/td>\n<td class=\"et2\" style=\"width: 74.25pt;\" width=\"99\">Modelo<\/td>\n<td class=\"et2\" style=\"width: 60.00pt;\" width=\"80\">Di\u00e2metro<\/td>\n<td class=\"et2\" style=\"width: 57.00pt;\" width=\"76\">Comprimento<\/td>\n<\/tr>\n<tr style=\"height: 22.00pt;\">\n<td class=\"et2\" style=\"height: 22.00pt;\" height=\"29\"><img loading=\"lazy\" decoding=\"async\" class=\"alignnone size-medium wp-image-2737 aligncenter\" src=\"http:\/\/groutpackers.com\/wp-content\/uploads\/2024\/04\/Grout-needle-packer-300x150.jpg\" alt=\"Empacotador de agulhas de argamassa\" width=\"300\" height=\"150\" srcset=\"https:\/\/groutpackers.com\/wp-content\/uploads\/2024\/04\/Grout-needle-packer-300x150.jpg 300w, https:\/\/groutpackers.com\/wp-content\/uploads\/2024\/04\/Grout-needle-packer-768x384.jpg 768w, https:\/\/groutpackers.com\/wp-content\/uploads\/2024\/04\/Grout-needle-packer-600x300.jpg 600w, https:\/\/groutpackers.com\/wp-content\/uploads\/2024\/04\/Grout-needle-packer.jpg 1000w\" sizes=\"auto, (max-width: 300px) 100vw, 300px\" \/><\/td>\n<td class=\"et2\">13x305mm<\/td>\n<td class=\"et2\">13mm<\/td>\n<td class=\"et2\">305 mm<\/td>\n<\/tr>\n<\/tbody>\n<\/table>\n<p>\u00a0<\/p>","protected":false},"excerpt":{"rendered":"<p>Rejuntamento de agulhas<\/p>\n<ul>\n<li>Mamilo com cabe\u00e7a de bot\u00e3o<br \/>\nDi\u00e2metro do eixo: 13mm<\/li>\n<li>Comprimento do eixo: 305mm<\/li>\n<li>Di\u00e2metro da agulha: 5mm<\/li>\n<li>Comprimento da agulha: 110mm<\/li>\n<\/ul>\n<p>Quantidade m\u00ednima: 1000 pe\u00e7as<br \/>\nPrazo de entrega: Dentro de 15-20 dias<br \/>\nPagamento: T\/T, L\/C \u00c0 VISTA, PAYPAL, CART\u00c3O DE CR\u00c9DITO.<\/p>","protected":false},"featured_media":2544,"template":"","meta":[],"product_brand":[],"product_cat":[40],"product_tag":[],"class_list":{"0":"post-1691","1":"product","2":"type-product","3":"status-publish","4":"has-post-thumbnail","6":"product_cat-steel-injeciton-packer","8":"first","9":"instock","10":"shipping-taxable","11":"product-type-simple"},"yoast_head":"<!-- This site is optimized with the Yoast SEO plugin v24.4 - https:\/\/yoast.com\/wordpress\/plugins\/seo\/ -->\n<title>Grout Needle Packer -<\/title>\n<meta name=\"robots\" content=\"index, follow, max-snippet:-1, max-image-preview:large, max-video-preview:-1\" \/>\n<link rel=\"canonical\" href=\"https:\/\/groutpackers.com\/pt\/manufacturer\/grout-needle-packer\/\" \/>\n<meta property=\"og:locale\" content=\"pt_PT\" \/>\n<meta property=\"og:type\" content=\"article\" \/>\n<meta property=\"og:title\" content=\"Grout Needle Packer -\" \/>\n<meta property=\"og:description\" content=\"Grouting needle packers   Button head nipple Shaft diameter: 13mm  Shaft length: 305mm  Needle diameter:5mm  Needle length:110mm  MOQ:1000 Pieces Lead Time: Within 15-20 days Payment: T\/T, L\/C AT SIGHT, PAYPAL, CREDIT CARD.\" \/>\n<meta property=\"og:url\" content=\"https:\/\/groutpackers.com\/pt\/manufacturer\/grout-needle-packer\/\" \/>\n<meta property=\"article:modified_time\" content=\"2025-03-24T03:40:21+00:00\" \/>\n<meta property=\"og:image\" content=\"https:\/\/groutpackers.com\/wp-content\/uploads\/2024\/05\/Grouting-needle-packer-1.jpg\" \/>\n\t<meta property=\"og:image:width\" content=\"1000\" \/>\n\t<meta property=\"og:image:height\" content=\"1000\" \/>\n\t<meta property=\"og:image:type\" content=\"image\/jpeg\" \/>\n<meta name=\"twitter:card\" content=\"summary_large_image\" \/>\n<meta name=\"twitter:label1\" content=\"Est. reading time\" \/>\n\t<meta name=\"twitter:data1\" content=\"1 minuto\" \/>\n<script type=\"application\/ld+json\" class=\"yoast-schema-graph\">{\"@context\":\"https:\/\/schema.org\",\"@graph\":[{\"@type\":\"WebPage\",\"@id\":\"https:\/\/groutpackers.com\/manufacturer\/grout-needle-packer\/\",\"url\":\"https:\/\/groutpackers.com\/manufacturer\/grout-needle-packer\/\",\"name\":\"Grout Needle Packer -\",\"isPartOf\":{\"@id\":\"https:\/\/groutpackers.com\/bs\/#website\"},\"primaryImageOfPage\":{\"@id\":\"https:\/\/groutpackers.com\/manufacturer\/grout-needle-packer\/#primaryimage\"},\"image\":{\"@id\":\"https:\/\/groutpackers.com\/manufacturer\/grout-needle-packer\/#primaryimage\"},\"thumbnailUrl\":\"https:\/\/groutpackers.com\/wp-content\/uploads\/2024\/05\/Grouting-needle-packer-1.jpg\",\"datePublished\":\"2024-04-29T06:05:01+00:00\",\"dateModified\":\"2025-03-24T03:40:21+00:00\",\"breadcrumb\":{\"@id\":\"https:\/\/groutpackers.com\/manufacturer\/grout-needle-packer\/#breadcrumb\"},\"inLanguage\":\"pt-PT\",\"potentialAction\":[{\"@type\":\"ReadAction\",\"target\":[\"https:\/\/groutpackers.com\/manufacturer\/grout-needle-packer\/\"]}]},{\"@type\":\"ImageObject\",\"inLanguage\":\"pt-PT\",\"@id\":\"https:\/\/groutpackers.com\/manufacturer\/grout-needle-packer\/#primaryimage\",\"url\":\"https:\/\/groutpackers.com\/wp-content\/uploads\/2024\/05\/Grouting-needle-packer-1.jpg\",\"contentUrl\":\"https:\/\/groutpackers.com\/wp-content\/uploads\/2024\/05\/Grouting-needle-packer-1.jpg\",\"width\":1000,\"height\":1000,\"caption\":\"Grouting needle packer\"},{\"@type\":\"BreadcrumbList\",\"@id\":\"https:\/\/groutpackers.com\/manufacturer\/grout-needle-packer\/#breadcrumb\",\"itemListElement\":[{\"@type\":\"ListItem\",\"position\":1,\"name\":\"Home\",\"item\":\"https:\/\/groutpackers.com\/\"},{\"@type\":\"ListItem\",\"position\":2,\"name\":\"Produk\",\"item\":\"https:\/\/groutpackers.com\/id\/shop\/\"},{\"@type\":\"ListItem\",\"position\":3,\"name\":\"Grout Needle Packer\"}]},{\"@type\":\"WebSite\",\"@id\":\"https:\/\/groutpackers.com\/bs\/#website\",\"url\":\"https:\/\/groutpackers.com\/bs\/\",\"name\":\"\",\"description\":\"\",\"potentialAction\":[{\"@type\":\"SearchAction\",\"target\":{\"@type\":\"EntryPoint\",\"urlTemplate\":\"https:\/\/groutpackers.com\/bs\/?s={search_term_string}\"},\"query-input\":{\"@type\":\"PropertyValueSpecification\",\"valueRequired\":true,\"valueName\":\"search_term_string\"}}],\"inLanguage\":\"pt-PT\"}]}<\/script>\n<!-- \/ Yoast SEO plugin. -->","yoast_head_json":{"title":"Empacotador de agulhas de argamassa -","robots":{"index":"index","follow":"follow","max-snippet":"max-snippet:-1","max-image-preview":"max-image-preview:large","max-video-preview":"max-video-preview:-1"},"canonical":"https:\/\/groutpackers.com\/pt\/manufacturer\/grout-needle-packer\/","og_locale":"pt_PT","og_type":"article","og_title":"Grout Needle Packer -","og_description":"Grouting needle packers   Button head nipple Shaft diameter: 13mm  Shaft length: 305mm  Needle diameter:5mm  Needle length:110mm  MOQ:1000 Pieces Lead Time: Within 15-20 days Payment: T\/T, L\/C AT SIGHT, PAYPAL, CREDIT CARD.","og_url":"https:\/\/groutpackers.com\/pt\/manufacturer\/grout-needle-packer\/","article_modified_time":"2025-03-24T03:40:21+00:00","og_image":[{"width":1000,"height":1000,"url":"https:\/\/groutpackers.com\/wp-content\/uploads\/2024\/05\/Grouting-needle-packer-1.jpg","type":"image\/jpeg"}],"twitter_card":"summary_large_image","twitter_misc":{"Est. reading time":"1 minuto"},"schema":{"@context":"https:\/\/schema.org","@graph":[{"@type":"WebPage","@id":"https:\/\/groutpackers.com\/manufacturer\/grout-needle-packer\/","url":"https:\/\/groutpackers.com\/manufacturer\/grout-needle-packer\/","name":"Empacotador de agulhas de argamassa -","isPartOf":{"@id":"https:\/\/groutpackers.com\/bs\/#website"},"primaryImageOfPage":{"@id":"https:\/\/groutpackers.com\/manufacturer\/grout-needle-packer\/#primaryimage"},"image":{"@id":"https:\/\/groutpackers.com\/manufacturer\/grout-needle-packer\/#primaryimage"},"thumbnailUrl":"https:\/\/groutpackers.com\/wp-content\/uploads\/2024\/05\/Grouting-needle-packer-1.jpg","datePublished":"2024-04-29T06:05:01+00:00","dateModified":"2025-03-24T03:40:21+00:00","breadcrumb":{"@id":"https:\/\/groutpackers.com\/manufacturer\/grout-needle-packer\/#breadcrumb"},"inLanguage":"pt-PT","potentialAction":[{"@type":"ReadAction","target":["https:\/\/groutpackers.com\/manufacturer\/grout-needle-packer\/"]}]},{"@type":"ImageObject","inLanguage":"pt-PT","@id":"https:\/\/groutpackers.com\/manufacturer\/grout-needle-packer\/#primaryimage","url":"https:\/\/groutpackers.com\/wp-content\/uploads\/2024\/05\/Grouting-needle-packer-1.jpg","contentUrl":"https:\/\/groutpackers.com\/wp-content\/uploads\/2024\/05\/Grouting-needle-packer-1.jpg","width":1000,"height":1000,"caption":"Grouting needle packer"},{"@type":"BreadcrumbList","@id":"https:\/\/groutpackers.com\/manufacturer\/grout-needle-packer\/#breadcrumb","itemListElement":[{"@type":"ListItem","position":1,"name":"Home","item":"https:\/\/groutpackers.com\/"},{"@type":"ListItem","position":2,"name":"Produk","item":"https:\/\/groutpackers.com\/id\/shop\/"},{"@type":"ListItem","position":3,"name":"Grout Needle Packer"}]},{"@type":"WebSite","@id":"https:\/\/groutpackers.com\/bs\/#website","url":"https:\/\/groutpackers.com\/bs\/","name":"","description":"","potentialAction":[{"@type":"SearchAction","target":{"@type":"EntryPoint","urlTemplate":"https:\/\/groutpackers.com\/bs\/?s={search_term_string}"},"query-input":{"@type":"PropertyValueSpecification","valueRequired":true,"valueName":"search_term_string"}}],"inLanguage":"pt-PT"}]}},"_links":{"self":[{"href":"https:\/\/groutpackers.com\/pt\/wp-json\/wp\/v2\/product\/1691","targetHints":{"allow":["GET"]}}],"collection":[{"href":"https:\/\/groutpackers.com\/pt\/wp-json\/wp\/v2\/product"}],"about":[{"href":"https:\/\/groutpackers.com\/pt\/wp-json\/wp\/v2\/types\/product"}],"wp:featuredmedia":[{"embeddable":true,"href":"https:\/\/groutpackers.com\/pt\/wp-json\/wp\/v2\/media\/2544"}],"wp:attachment":[{"href":"https:\/\/groutpackers.com\/pt\/wp-json\/wp\/v2\/media?parent=1691"}],"wp:term":[{"taxonomy":"product_brand","embeddable":true,"href":"https:\/\/groutpackers.com\/pt\/wp-json\/wp\/v2\/product_brand?post=1691"},{"taxonomy":"product_cat","embeddable":true,"href":"https:\/\/groutpackers.com\/pt\/wp-json\/wp\/v2\/product_cat?post=1691"},{"taxonomy":"product_tag","embeddable":true,"href":"https:\/\/groutpackers.com\/pt\/wp-json\/wp\/v2\/product_tag?post=1691"}],"curies":[{"name":"wp","href":"https:\/\/api.w.org\/{rel}","templated":true}]}}