{"id":1693,"date":"2024-04-29T06:09:37","date_gmt":"2024-04-29T06:09:37","guid":{"rendered":"http:\/\/groutpackers.com\/?post_type=product&#038;p=1693"},"modified":"2025-03-24T03:31:04","modified_gmt":"2025-03-24T03:31:04","slug":"injection-lances","status":"publish","type":"product","link":"https:\/\/groutpackers.com\/pt\/manufacturer\/injection-lances\/","title":{"rendered":"Lan\u00e7as de inje\u00e7\u00e3o"},"content":{"rendered":"<p>As lan\u00e7as de inje\u00e7\u00e3o, tamb\u00e9m conhecidas como lan\u00e7as de inje\u00e7\u00e3o de solo ou lan\u00e7as de estabiliza\u00e7\u00e3o de solo, s\u00e3o ferramentas especializadas usadas para a inje\u00e7\u00e3o de materiais estabilizadores no solo ou solo para melhorar suas propriedades de engenharia.<\/p>\n<p>As principais caracter\u00edsticas e aplica\u00e7\u00f5es das lan\u00e7as de solo incluem:<\/p>\n<p><strong>1. Prop\u00f3sito:<\/strong><br \/>\n\u2013 As lan\u00e7as de solo s\u00e3o projetadas especificamente para a inje\u00e7\u00e3o de argamassa, pastas \u00e0 base de cimento, aditivos qu\u00edmicos ou outros materiais estabilizadores no solo.<br \/>\n\u2013 O objetivo \u00e9 melhorar a resist\u00eancia do solo, reduzir a permeabilidade, mitigar recalques ou resolver outros problemas geot\u00e9cnicos atrav\u00e9s do processo de inje\u00e7\u00e3o.<\/p>\n<p><strong>2. Constru\u00e7\u00e3o:<\/strong><br \/>\n\u2013 As lan\u00e7as de solo normalmente t\u00eam um design longo, delgado e oco, permitindo a inje\u00e7\u00e3o do material estabilizador atrav\u00e9s do centro da lan\u00e7a.<br \/>\n\u2013 A ponta da lan\u00e7a pode ser pontiaguda ou equipada com recursos especializados para facilitar a penetra\u00e7\u00e3o no solo.<br \/>\n\u2013 Algumas lan\u00e7as de solo s\u00e3o projetadas com pontas ou acess\u00f3rios intercambi\u00e1veis para acomodar diferentes condi\u00e7\u00f5es de solo ou materiais de inje\u00e7\u00e3o.<\/p>\n<p><strong>3. Processo de inje\u00e7\u00e3o:<\/strong><br \/>\n\u2013 As lan\u00e7as de solo s\u00e3o inseridas no solo, manualmente ou com equipamentos especializados, at\u00e9 a profundidade ou ponto de inje\u00e7\u00e3o desejado.<br \/>\n\u2013 O material estabilizador \u00e9 ent\u00e3o bombeado ou injetado atrav\u00e9s da lan\u00e7a, dispersando-o no solo circundante.<br \/>\n\u2013 O processo de inje\u00e7\u00e3o \u00e9 cuidadosamente controlado para garantir uma distribui\u00e7\u00e3o uniforme e uma estabiliza\u00e7\u00e3o eficaz do solo.<\/p>\n<p><strong>4. Aplica\u00e7\u00f5es:<\/strong><br \/>\n\u2013 Projetos de estabiliza\u00e7\u00e3o e melhoria de solos, como suporte de funda\u00e7\u00f5es, estabiliza\u00e7\u00e3o de taludes e remedia\u00e7\u00e3o de solos.<br \/>\n\u2013 Betuma\u00e7\u00e3o e selagem de vazios de solo ou cavidades subterr\u00e2neas.<br \/>\n\u2013 Inje\u00e7\u00e3o de aditivos qu\u00edmicos ou rejuntes para remedia\u00e7\u00e3o de solo ou tratamento ambiental.<br \/>\n\u2013 Instala\u00e7\u00e3o de pregos de solo, \u00e2ncoras ou outros sistemas de refor\u00e7o de solo.<\/p>\n<p><strong>5. Equipamentos Especializados:<\/strong><br \/>\n\u2013 As lan\u00e7as de solo s\u00e3o frequentemente utilizadas em conjunto com equipamentos de inje\u00e7\u00e3o especializados, como bombas de argamassa, unidades de mistura e sistemas de inje\u00e7\u00e3o controlados por computador.<br \/>\n\u2013 Isso garante a entrega e o monitoramento precisos dos materiais estabilizadores durante o processo de inje\u00e7\u00e3o.<\/p>\n<p>As lan\u00e7as de solo s\u00e3o uma ferramenta essencial na engenharia e constru\u00e7\u00e3o geot\u00e9cnica, permitindo a inje\u00e7\u00e3o direcionada e controlada de materiais no solo para melhorar as propriedades do solo e enfrentar v\u00e1rios desafios relacionados com o solo.<\/p>\n<table style=\"border-collapse: collapse; width: 1204px; height: 263px;\" border=\"0\" width=\"617\" cellspacing=\"0\" cellpadding=\"0\">\n<tbody>\n<tr style=\"height: 13.50pt;\">\n<td class=\"et2\" style=\"height: 13.5pt; width: 271.5pt; text-align: center;\" width=\"362\" height=\"18\">Foto<\/td>\n<td class=\"et2\" style=\"width: 74.25pt;\" width=\"99\">Modelo<\/td>\n<td class=\"et2\" style=\"width: 60.00pt;\" width=\"80\">Di\u00e2metro<\/td>\n<td class=\"et2\" style=\"width: 57.00pt;\" width=\"76\">Comprimento<\/td>\n<\/tr>\n<tr style=\"height: 13.00pt;\">\n<td class=\"et2\" style=\"height: 26.50pt;\" rowspan=\"2\" height=\"35\"><\/td>\n<td class=\"et2\">13x500mm<\/td>\n<td class=\"et2\">13mm<\/td>\n<td class=\"et2\">500mm<\/td>\n<\/tr>\n<tr style=\"height: 13.50pt;\">\n<td class=\"et2\">13x1000mm<\/td>\n<td class=\"et2\">13mm<\/td>\n<td class=\"et2\">1000mm<\/td>\n<\/tr>\n<tr style=\"height: 13.50pt;\">\n<td class=\"et2\" style=\"height: 27.00pt;\" rowspan=\"2\" height=\"36\"><span style=\"color: #333333;\">\u00a0<\/span><\/td>\n<td class=\"et2\">21x500mm<\/td>\n<td class=\"et2\">21mm<\/td>\n<td class=\"et2\">500mm<\/td>\n<\/tr>\n<tr style=\"height: 13.50pt;\">\n<td class=\"et2\">21x1000mm<\/td>\n<td class=\"et2\">21mm<\/td>\n<td class=\"et2\">1000mm<\/td>\n<\/tr>\n<\/tbody>\n<\/table>","protected":false},"excerpt":{"rendered":"<p>Lan\u00e7as de inje\u00e7\u00e3o<br \/>\nLan\u00e7as de tr\u00eas di\u00e2metros est\u00e3o dispon\u00edveis<br \/>\nComprimento: 500mm e 1000mm<br \/>\nDi\u00e2metro diferente: 13mm \/ 18mm \/ 21mm<br \/>\nQuantidade m\u00ednima: 1000 pe\u00e7as<br \/>\nPrazo de entrega: Dentro de 10-15 dias<br \/>\nPagamento: T\/T, L\/C \u00c0 VISTA, PAYPAL, CART\u00c3O DE CR\u00c9DITO.<\/p>","protected":false},"featured_media":2546,"template":"","meta":[],"product_brand":[],"product_cat":[40],"product_tag":[],"class_list":{"0":"post-1693","1":"product","2":"type-product","3":"status-publish","4":"has-post-thumbnail","6":"product_cat-steel-injeciton-packer","8":"first","9":"instock","10":"shipping-taxable","11":"product-type-simple"},"yoast_head":"<!-- This site is optimized with the Yoast SEO plugin v24.4 - https:\/\/yoast.com\/wordpress\/plugins\/seo\/ -->\n<title>Injection Lances -<\/title>\n<meta name=\"robots\" content=\"index, follow, max-snippet:-1, max-image-preview:large, max-video-preview:-1\" \/>\n<link rel=\"canonical\" href=\"https:\/\/groutpackers.com\/pt\/manufacturer\/injection-lances\/\" \/>\n<meta property=\"og:locale\" content=\"pt_PT\" \/>\n<meta property=\"og:type\" content=\"article\" \/>\n<meta property=\"og:title\" content=\"Injection Lances -\" \/>\n<meta property=\"og:description\" content=\"Injection lances Three diameter lances is available Length: 500mm and 1000mm Different diameter: 13mm \/ 18mm \/ 21mm MOQ:1000 Pieces Lead Time: Within 10-15 days Payment: T\/T, L\/C AT SIGHT, PAYPAL, CREDIT CARD.\" \/>\n<meta property=\"og:url\" content=\"https:\/\/groutpackers.com\/pt\/manufacturer\/injection-lances\/\" \/>\n<meta property=\"article:modified_time\" content=\"2025-03-24T03:31:04+00:00\" \/>\n<meta property=\"og:image\" content=\"https:\/\/groutpackers.com\/wp-content\/uploads\/2024\/05\/Injection-Lances-for-soil-stabilization.jpg\" \/>\n\t<meta property=\"og:image:width\" content=\"1000\" \/>\n\t<meta property=\"og:image:height\" content=\"1000\" \/>\n\t<meta property=\"og:image:type\" content=\"image\/jpeg\" \/>\n<meta name=\"twitter:card\" content=\"summary_large_image\" \/>\n<meta name=\"twitter:label1\" content=\"Est. reading time\" \/>\n\t<meta name=\"twitter:data1\" content=\"2 minutos\" \/>\n<script type=\"application\/ld+json\" class=\"yoast-schema-graph\">{\"@context\":\"https:\/\/schema.org\",\"@graph\":[{\"@type\":\"WebPage\",\"@id\":\"https:\/\/groutpackers.com\/manufacturer\/injection-lances\/\",\"url\":\"https:\/\/groutpackers.com\/manufacturer\/injection-lances\/\",\"name\":\"Injection Lances -\",\"isPartOf\":{\"@id\":\"https:\/\/groutpackers.com\/bs\/#website\"},\"primaryImageOfPage\":{\"@id\":\"https:\/\/groutpackers.com\/manufacturer\/injection-lances\/#primaryimage\"},\"image\":{\"@id\":\"https:\/\/groutpackers.com\/manufacturer\/injection-lances\/#primaryimage\"},\"thumbnailUrl\":\"https:\/\/groutpackers.com\/wp-content\/uploads\/2024\/05\/Injection-Lances-for-soil-stabilization.jpg\",\"datePublished\":\"2024-04-29T06:09:37+00:00\",\"dateModified\":\"2025-03-24T03:31:04+00:00\",\"breadcrumb\":{\"@id\":\"https:\/\/groutpackers.com\/manufacturer\/injection-lances\/#breadcrumb\"},\"inLanguage\":\"pt-PT\",\"potentialAction\":[{\"@type\":\"ReadAction\",\"target\":[\"https:\/\/groutpackers.com\/manufacturer\/injection-lances\/\"]}]},{\"@type\":\"ImageObject\",\"inLanguage\":\"pt-PT\",\"@id\":\"https:\/\/groutpackers.com\/manufacturer\/injection-lances\/#primaryimage\",\"url\":\"https:\/\/groutpackers.com\/wp-content\/uploads\/2024\/05\/Injection-Lances-for-soil-stabilization.jpg\",\"contentUrl\":\"https:\/\/groutpackers.com\/wp-content\/uploads\/2024\/05\/Injection-Lances-for-soil-stabilization.jpg\",\"width\":1000,\"height\":1000,\"caption\":\"Injection Lances for soil stabilization\"},{\"@type\":\"BreadcrumbList\",\"@id\":\"https:\/\/groutpackers.com\/manufacturer\/injection-lances\/#breadcrumb\",\"itemListElement\":[{\"@type\":\"ListItem\",\"position\":1,\"name\":\"Home\",\"item\":\"https:\/\/groutpackers.com\/\"},{\"@type\":\"ListItem\",\"position\":2,\"name\":\"Produk\",\"item\":\"https:\/\/groutpackers.com\/id\/shop\/\"},{\"@type\":\"ListItem\",\"position\":3,\"name\":\"Injection Lances\"}]},{\"@type\":\"WebSite\",\"@id\":\"https:\/\/groutpackers.com\/bs\/#website\",\"url\":\"https:\/\/groutpackers.com\/bs\/\",\"name\":\"\",\"description\":\"\",\"potentialAction\":[{\"@type\":\"SearchAction\",\"target\":{\"@type\":\"EntryPoint\",\"urlTemplate\":\"https:\/\/groutpackers.com\/bs\/?s={search_term_string}\"},\"query-input\":{\"@type\":\"PropertyValueSpecification\",\"valueRequired\":true,\"valueName\":\"search_term_string\"}}],\"inLanguage\":\"pt-PT\"}]}<\/script>\n<!-- \/ Yoast SEO plugin. -->","yoast_head_json":{"title":"Lan\u00e7as de Inje\u00e7\u00e3o -","robots":{"index":"index","follow":"follow","max-snippet":"max-snippet:-1","max-image-preview":"max-image-preview:large","max-video-preview":"max-video-preview:-1"},"canonical":"https:\/\/groutpackers.com\/pt\/manufacturer\/injection-lances\/","og_locale":"pt_PT","og_type":"article","og_title":"Injection Lances -","og_description":"Injection lances Three diameter lances is available Length: 500mm and 1000mm Different diameter: 13mm \/ 18mm \/ 21mm MOQ:1000 Pieces Lead Time: Within 10-15 days Payment: T\/T, L\/C AT SIGHT, PAYPAL, CREDIT CARD.","og_url":"https:\/\/groutpackers.com\/pt\/manufacturer\/injection-lances\/","article_modified_time":"2025-03-24T03:31:04+00:00","og_image":[{"width":1000,"height":1000,"url":"https:\/\/groutpackers.com\/wp-content\/uploads\/2024\/05\/Injection-Lances-for-soil-stabilization.jpg","type":"image\/jpeg"}],"twitter_card":"summary_large_image","twitter_misc":{"Est. reading time":"2 minutos"},"schema":{"@context":"https:\/\/schema.org","@graph":[{"@type":"WebPage","@id":"https:\/\/groutpackers.com\/manufacturer\/injection-lances\/","url":"https:\/\/groutpackers.com\/manufacturer\/injection-lances\/","name":"Lan\u00e7as de Inje\u00e7\u00e3o -","isPartOf":{"@id":"https:\/\/groutpackers.com\/bs\/#website"},"primaryImageOfPage":{"@id":"https:\/\/groutpackers.com\/manufacturer\/injection-lances\/#primaryimage"},"image":{"@id":"https:\/\/groutpackers.com\/manufacturer\/injection-lances\/#primaryimage"},"thumbnailUrl":"https:\/\/groutpackers.com\/wp-content\/uploads\/2024\/05\/Injection-Lances-for-soil-stabilization.jpg","datePublished":"2024-04-29T06:09:37+00:00","dateModified":"2025-03-24T03:31:04+00:00","breadcrumb":{"@id":"https:\/\/groutpackers.com\/manufacturer\/injection-lances\/#breadcrumb"},"inLanguage":"pt-PT","potentialAction":[{"@type":"ReadAction","target":["https:\/\/groutpackers.com\/manufacturer\/injection-lances\/"]}]},{"@type":"ImageObject","inLanguage":"pt-PT","@id":"https:\/\/groutpackers.com\/manufacturer\/injection-lances\/#primaryimage","url":"https:\/\/groutpackers.com\/wp-content\/uploads\/2024\/05\/Injection-Lances-for-soil-stabilization.jpg","contentUrl":"https:\/\/groutpackers.com\/wp-content\/uploads\/2024\/05\/Injection-Lances-for-soil-stabilization.jpg","width":1000,"height":1000,"caption":"Injection Lances for soil stabilization"},{"@type":"BreadcrumbList","@id":"https:\/\/groutpackers.com\/manufacturer\/injection-lances\/#breadcrumb","itemListElement":[{"@type":"ListItem","position":1,"name":"Home","item":"https:\/\/groutpackers.com\/"},{"@type":"ListItem","position":2,"name":"Produk","item":"https:\/\/groutpackers.com\/id\/shop\/"},{"@type":"ListItem","position":3,"name":"Injection Lances"}]},{"@type":"WebSite","@id":"https:\/\/groutpackers.com\/bs\/#website","url":"https:\/\/groutpackers.com\/bs\/","name":"","description":"","potentialAction":[{"@type":"SearchAction","target":{"@type":"EntryPoint","urlTemplate":"https:\/\/groutpackers.com\/bs\/?s={search_term_string}"},"query-input":{"@type":"PropertyValueSpecification","valueRequired":true,"valueName":"search_term_string"}}],"inLanguage":"pt-PT"}]}},"_links":{"self":[{"href":"https:\/\/groutpackers.com\/pt\/wp-json\/wp\/v2\/product\/1693","targetHints":{"allow":["GET"]}}],"collection":[{"href":"https:\/\/groutpackers.com\/pt\/wp-json\/wp\/v2\/product"}],"about":[{"href":"https:\/\/groutpackers.com\/pt\/wp-json\/wp\/v2\/types\/product"}],"wp:featuredmedia":[{"embeddable":true,"href":"https:\/\/groutpackers.com\/pt\/wp-json\/wp\/v2\/media\/2546"}],"wp:attachment":[{"href":"https:\/\/groutpackers.com\/pt\/wp-json\/wp\/v2\/media?parent=1693"}],"wp:term":[{"taxonomy":"product_brand","embeddable":true,"href":"https:\/\/groutpackers.com\/pt\/wp-json\/wp\/v2\/product_brand?post=1693"},{"taxonomy":"product_cat","embeddable":true,"href":"https:\/\/groutpackers.com\/pt\/wp-json\/wp\/v2\/product_cat?post=1693"},{"taxonomy":"product_tag","embeddable":true,"href":"https:\/\/groutpackers.com\/pt\/wp-json\/wp\/v2\/product_tag?post=1693"}],"curies":[{"name":"wp","href":"https:\/\/api.w.org\/{rel}","templated":true}]}}