{"id":25,"date":"2023-03-05T10:39:43","date_gmt":"2023-03-05T10:39:43","guid":{"rendered":"http:\/\/groutpackers.com\/?page_id=25"},"modified":"2024-07-10T02:49:31","modified_gmt":"2024-07-10T02:49:31","slug":"about","status":"publish","type":"page","link":"https:\/\/groutpackers.com\/ro\/about\/","title":{"rendered":"Despre"},"content":{"rendered":"<section class=\"section\" id=\"section_1897744573\">\n\t\t<div class=\"bg section-bg fill bg-fill  bg-loaded\" >\n\n\t\t\t\n\t\t\t\n\t\t\t\n\n\t\t<\/div>\n\n\t\t\n\n\t\t<div class=\"section-content relative\">\n\t\t\t\n<div class=\"row align-equal\"  id=\"row-403521115\">\n\n\t<div id=\"col-293382783\" class=\"col medium-12 small-12 large-6 medium-col-first\"  >\n\t\t\t\t<div class=\"col-inner\"  >\n\t\t\t\n\t\t\t\n\t<div id=\"gap-1765553303\" class=\"gap-element clearfix\" style=\"display:block; height:auto;\">\n\t\t\n<style>\n#gap-1765553303 {\n  padding-top: 5px;\n}\n<\/style>\n\t<\/div>\n\t\n\t<div id=\"text-3555089125\" class=\"text\">\n\t\t\n<h2>INFORMATII COMPANIE<\/h2>\n\t\t\n<style>\n#text-3555089125 {\n  font-size: 1rem;\n}\n@media (min-width:550px) {\n  #text-3555089125 {\n    font-size: 1rem;\n  }\n}\n@media (min-width:850px) {\n  #text-3555089125 {\n    font-size: 1.4rem;\n  }\n}\n<\/style>\n\t<\/div>\n\t\n<div class=\"is-divider divider clearfix\" style=\"max-width:50px;height:4px;background-color:rgba(224, 236, 250, 0.953);\"><\/div>\n\t<div id=\"gap-1255749206\" class=\"gap-element clearfix hide-for-small\" style=\"display:block; height:auto;\">\n\t\t\n<style>\n#gap-1255749206 {\n  padding-top: 20px;\n}\n<\/style>\n\t<\/div>\n\t\n<p>Groutpackers este produc\u0103torul lider din China <a href=\"http:\/\/groutpackers.com\/ro\/injection-packer\/\">ambalatori de injectie<\/a> \u015fi <a href=\"http:\/\/groutpackers.com\/ro\/injection-grouting-machine\/\">pompe de chituire<\/a>, sunt concepute pentru construc\u021bii depuse. O echip\u0103 strict\u0103 de QC este \u00eentotdeauna la locul lor pentru a asigura fiecare <a href=\"http:\/\/groutpackers.com\/ro\/injection-packer\/\">ambalator de injec\u021bie<\/a> \u015fi <a href=\"http:\/\/groutpackers.com\/ro\/injection-grouting-machine\/\">pompe de injectie<\/a> la cel mai \u00eenalt standard, echipa noastr\u0103 este \u00eentotdeauna aici pentru a v\u0103 oferi cele mai bune servicii posibile.<\/p>\n<p>Am trecut de ISO 9001, ne \u00eembun\u0103t\u0103\u021bim continuu pentru a \u021bine pasul cu standardul interna\u021bional, credem cu t\u0103rie c\u0103 succesul nostru depinde de a pune beneficiile pe primul loc \u0219i de a crea valoare pentru clien\u021bii globali cu cel mai mare profesionalism \u0219i eficacitate.<\/p>\n\t<div id=\"gap-2029548995\" class=\"gap-element clearfix\" style=\"display:block; height:auto;\">\n\t\t\n<style>\n#gap-2029548995 {\n  padding-top: 30px;\n}\n<\/style>\n\t<\/div>\n\t\n<a href=\"\/ro\/contact\/\" class=\"button primary lowercase\"  style=\"border-radius:99px;\">\n    <span>Contacta\u0163i-ne<\/span>\n  <\/a>\n\n\t\t<\/div>\n\t\t\t\t\n<style>\n#col-293382783 > .col-inner {\n  padding: 0px 0px 0px 0px;\n}\n@media (min-width:550px) {\n  #col-293382783 > .col-inner {\n    padding: 0px 0px 0px 0px;\n  }\n}\n@media (min-width:850px) {\n  #col-293382783 > .col-inner {\n    padding: 0px 20px 0px 0px;\n  }\n}\n<\/style>\n\t<\/div>\n\n\t\n\n\t<div id=\"col-1761048788\" class=\"col medium-12 small-12 large-6\"  >\n\t\t\t\t<div class=\"col-inner\"  >\n\t\t\t\n\t\t\t\n\t<div class=\"img has-hover x md-x lg-x y md-y lg-y\" id=\"image_1204652985\">\n\t\t\t\t\t\t\t\t<div class=\"img-inner image-cover box-shadow-1 box-shadow-5-hover dark\" style=\"padding-top:70%;\">\n\t\t\t<img loading=\"lazy\" decoding=\"async\" width=\"2560\" height=\"1181\" src=\"https:\/\/groutpackers.com\/wp-content\/uploads\/2024\/04\/work-shop-scaled.jpg\" class=\"attachment-original size-original\" alt=\"atelier\" srcset=\"https:\/\/groutpackers.com\/wp-content\/uploads\/2024\/04\/work-shop-scaled.jpg 2560w, https:\/\/groutpackers.com\/wp-content\/uploads\/2024\/04\/work-shop-300x138.jpg 300w, https:\/\/groutpackers.com\/wp-content\/uploads\/2024\/04\/work-shop-1024x473.jpg 1024w, https:\/\/groutpackers.com\/wp-content\/uploads\/2024\/04\/work-shop-768x354.jpg 768w, https:\/\/groutpackers.com\/wp-content\/uploads\/2024\/04\/work-shop-1536x709.jpg 1536w, https:\/\/groutpackers.com\/wp-content\/uploads\/2024\/04\/work-shop-2048x945.jpg 2048w, https:\/\/groutpackers.com\/wp-content\/uploads\/2024\/04\/work-shop-600x277.jpg 600w\" sizes=\"auto, (max-width: 2560px) 100vw, 2560px\" \/>\t\t\t\t\t\t\n\t\t\t\t\t<\/div>\n\t\t\t\t\t\t\t\t\n<style>\n#image_1204652985 {\n  width: 100%;\n}\n<\/style>\n\t<\/div>\n\t\n\t\t<\/div>\n\t\t\t\t\n<style>\n#col-1761048788 > .col-inner {\n  padding: 0px 0px 0px 0px;\n  border-radius: 8px;\n}\n@media (min-width:550px) {\n  #col-1761048788 > .col-inner {\n    padding: 0px 0px 0px 0px;\n  }\n}\n@media (min-width:850px) {\n  #col-1761048788 > .col-inner {\n    padding: 0px 0px 0px 20px;\n  }\n}\n<\/style>\n\t<\/div>\n\n\t\n<\/div>\n\t\t<\/div>\n\n\t\t\n<style>\n#section_1897744573 {\n  padding-top: 30px;\n  padding-bottom: 30px;\n}\n@media (min-width:550px) {\n  #section_1897744573 {\n    padding-top: 30px;\n    padding-bottom: 30px;\n  }\n}\n@media (min-width:850px) {\n  #section_1897744573 {\n    padding-top: 80px;\n    padding-bottom: 80px;\n  }\n}\n<\/style>\n\t<\/section>\n\t\n\n\n\t<section class=\"section\" id=\"section_1878967075\">\n\t\t<div class=\"bg section-bg fill bg-fill  bg-loaded\" >\n\n\t\t\t\n\t\t\t\n\t\t\t\n\n\t\t<\/div>\n\n\t\t\n\n\t\t<div class=\"section-content relative\">\n\t\t\t\n\t<div id=\"gap-411107960\" class=\"gap-element clearfix\" style=\"display:block; height:auto;\">\n\t\t\n<style>\n#gap-411107960 {\n  padding-top: 30px;\n}\n<\/style>\n\t<\/div>\n\t\n<div class=\"row align-center\"  id=\"row-1565711702\">\n\n\t<div id=\"col-497366735\" class=\"col medium-10 small-12 large-10\"  >\n\t\t\t\t<div class=\"col-inner\"  >\n\t\t\t\n\t\t\t\n\t<div id=\"text-3874572680\" class=\"text\">\n\t\t\n<h2><span style=\"color: #808080;\">CALITATE STABIL\u0102 \u0218I LIVRARE RAPID\u0102<\/span><\/h2>\n\t\t\n<style>\n#text-3874572680 {\n  font-size: 1.35rem;\n  text-align: center;\n  color: rgb(255,255,255);\n}\n#text-3874572680 > * {\n  color: rgb(255,255,255);\n}\n<\/style>\n\t<\/div>\n\t\n<div class=\"text-center\"><div class=\"is-divider divider clearfix\" style=\"background-color:rgb(255, 255, 255);\"><\/div><\/div>\n\t\t<\/div>\n\t\t\t\t\n<style>\n#col-497366735 > .col-inner {\n  margin: 0px 0px -20px 0px;\n}\n<\/style>\n\t<\/div>\n\n\t\n<\/div>\n<div class=\"row\"  id=\"row-1584561894\">\n\n\t<div id=\"col-639738456\" class=\"col small-12 large-12\"  >\n\t\t\t\t<div class=\"col-inner text-center\"  >\n\t\t\t\n\t\t\t\n<a href=\"\/ro\/shop\/\" class=\"button white\"  style=\"border-radius:99px;\">\n    <span>Afl\u0103 mai multe<\/span>\n  <\/a>\n\n\t\t<\/div>\n\t\t\t\t\n<style>\n#col-639738456 > .col-inner {\n  margin: 0px 0px -20px 0px;\n}\n<\/style>\n\t<\/div>\n\n\t\n<\/div>\n\t\t<\/div>\n\n\t\t\n<style>\n#section_1878967075 {\n  padding-top: 30px;\n  padding-bottom: 30px;\n  background-color: rgba(224, 236, 250, 0.953);\n}\n<\/style>\n\t<\/section>\n\t\n\t<section class=\"section\" id=\"section_628764014\">\n\t\t<div class=\"bg section-bg fill bg-fill  bg-loaded\" >\n\n\t\t\t\n\t\t\t\n\t\t\t\n\n\t\t<\/div>\n\n\t\t\n\n\t\t<div class=\"section-content relative\">\n\t\t\t\n<div class=\"row\"  id=\"row-980298863\">\n\n\t<div id=\"col-422550299\" class=\"col small-12 large-12\"  >\n\t\t\t\t<div class=\"col-inner\"  >\n\t\t\t\n\t\t\t\n\t<div id=\"gap-1824086558\" class=\"gap-element clearfix hide-for-medium\" style=\"display:block; height:auto;\">\n\t\t\n<style>\n#gap-1824086558 {\n  padding-top: 30px;\n}\n<\/style>\n\t<\/div>\n\t\n\t\t<\/div>\n\t\t\t\t\n<style>\n#col-422550299 > .col-inner {\n  margin: 0px 0px -20px 0px;\n}\n<\/style>\n\t<\/div>\n\n\t\n<\/div>\n\t<div id=\"text-2518236943\" class=\"text\">\n\t\t\n<h2 style=\"text-align: center;\">\u00a0 \u00a0 \u00a0 \u00a0 \u00a0 \u00a0 \u00a0 \u00a0 \u00a0 \u00a0 \u00a0 \u00a0 \u00a0 \u00a0 \u00a0 \u00a0 \u00a0 \u00a0 \u00a0 \u00a0 \u00a0 \u00a0 \u00a0 \u00a0 \u00a0 \u00a0 \u00a0 \u00a0 \u00a0 \u00a0 \u00a0 \u00a0 \u00a0 \u00a0 PRODUSUL NOSTRU<\/h2>\n\t\t\n<style>\n#text-2518236943 {\n  font-size: 1rem;\n  text-align: right;\n}\n@media (min-width:550px) {\n  #text-2518236943 {\n    font-size: 1rem;\n  }\n}\n@media (min-width:850px) {\n  #text-2518236943 {\n    font-size: 1.3rem;\n  }\n}\n<\/style>\n\t<\/div>\n\t\n<div class=\"row align-equal\" style=\"max-width:1400px\" id=\"row-2128914324\">\n\n\t<div id=\"col-1045064570\" class=\"col medium-12 small-12 large-6\"  >\n\t\t\t\t<div class=\"col-inner\"  >\n\t\t\t\n\t\t\t\n\t<div class=\"img has-hover x md-x lg-x y md-y lg-y\" id=\"image_599970862\">\n\t\t\t\t\t\t\t\t<div class=\"img-inner box-shadow-1 box-shadow-5-hover dark\" >\n\t\t\t\t\t\t\t\t\t\n\t\t\t\t\t<\/div>\n\t\t\t\t\t\t\t\t\n<style>\n#image_599970862 {\n  width: 100%;\n}\n@media (min-width:550px) {\n  #image_599970862 {\n    width: 100%;\n  }\n}\n<\/style>\n\t<\/div>\n\t\n\t<div class=\"img has-hover x md-x lg-x y md-y lg-y\" id=\"image_398233125\">\n\t\t\t\t\t\t\t\t<div class=\"img-inner dark\" >\n\t\t\t<img loading=\"lazy\" decoding=\"async\" width=\"1020\" height=\"1020\" src=\"https:\/\/groutpackers.com\/wp-content\/uploads\/2024\/05\/Grout-pump-and-injection-packer-1024x1024.jpg\" class=\"attachment-large size-large\" alt=\"Pomp\u0103 de chit \u0219i ambalator de injec\u021bie\" srcset=\"https:\/\/groutpackers.com\/wp-content\/uploads\/2024\/05\/Grout-pump-and-injection-packer-1024x1024.jpg 1024w, https:\/\/groutpackers.com\/wp-content\/uploads\/2024\/05\/Grout-pump-and-injection-packer-300x300.jpg 300w, https:\/\/groutpackers.com\/wp-content\/uploads\/2024\/05\/Grout-pump-and-injection-packer-150x150.jpg 150w, https:\/\/groutpackers.com\/wp-content\/uploads\/2024\/05\/Grout-pump-and-injection-packer-768x768.jpg 768w, https:\/\/groutpackers.com\/wp-content\/uploads\/2024\/05\/Grout-pump-and-injection-packer-600x600.jpg 600w, https:\/\/groutpackers.com\/wp-content\/uploads\/2024\/05\/Grout-pump-and-injection-packer-100x100.jpg 100w, https:\/\/groutpackers.com\/wp-content\/uploads\/2024\/05\/Grout-pump-and-injection-packer.jpg 1200w\" sizes=\"auto, (max-width: 1020px) 100vw, 1020px\" \/>\t\t\t\t\t\t\n\t\t\t\t\t<\/div>\n\t\t\t\t\t\t\t\t\n<style>\n#image_398233125 {\n  width: 100%;\n}\n<\/style>\n\t<\/div>\n\t\n\t\t<\/div>\n\t\t\t\t\n<style>\n#col-1045064570 > .col-inner {\n  padding: 0px 0px 0px 0px;\n}\n@media (min-width:550px) {\n  #col-1045064570 > .col-inner {\n    padding: 0px 0px 0px 0px;\n  }\n}\n@media (min-width:850px) {\n  #col-1045064570 > .col-inner {\n    padding: 0px 30px 0px 0px;\n  }\n}\n<\/style>\n\t<\/div>\n\n\t\n\n\t<div id=\"col-55198770\" class=\"col medium-12 small-12 large-6 medium-col-first\"  >\n\t\t\t\t<div class=\"col-inner\"  >\n\t\t\t\n\t\t\t\n<div class=\"is-divider divider clearfix\" style=\"max-width:50px;height:4px;background-color:rgba(224, 236, 250, 0.953);\"><\/div>\n\t<div class=\"img has-hover x md-x lg-x y md-y lg-y\" id=\"image_1656052303\">\n\t\t\t\t\t\t\t\t<div class=\"img-inner image-cover dark\" style=\"padding-top:50%;\">\n\t\t\t<img loading=\"lazy\" decoding=\"async\" width=\"1000\" height=\"1000\" src=\"https:\/\/groutpackers.com\/wp-content\/uploads\/2024\/05\/Sliding-coupler.jpg\" class=\"attachment-large size-large\" alt=\"Cuplaj glisant\" srcset=\"https:\/\/groutpackers.com\/wp-content\/uploads\/2024\/05\/Sliding-coupler.jpg 1000w, https:\/\/groutpackers.com\/wp-content\/uploads\/2024\/05\/Sliding-coupler-300x300.jpg 300w, https:\/\/groutpackers.com\/wp-content\/uploads\/2024\/05\/Sliding-coupler-150x150.jpg 150w, https:\/\/groutpackers.com\/wp-content\/uploads\/2024\/05\/Sliding-coupler-768x768.jpg 768w, https:\/\/groutpackers.com\/wp-content\/uploads\/2024\/05\/Sliding-coupler-600x600.jpg 600w, https:\/\/groutpackers.com\/wp-content\/uploads\/2024\/05\/Sliding-coupler-100x100.jpg 100w\" sizes=\"auto, (max-width: 1000px) 100vw, 1000px\" \/>\t\t\t\t\t\t\n\t\t\t\t\t<\/div>\n\t\t\t\t\t\t\t\t\n<style>\n#image_1656052303 {\n  width: 100%;\n}\n<\/style>\n\t<\/div>\n\t\n<h3>Conduce\u021bi-v\u0103 succesul cu<br \/>noastre <a href=\"http:\/\/groutpackers.com\/ro\/injection-packer\/\">ambalator de injec\u021bie<\/a> \u015fi <a href=\"http:\/\/groutpackers.com\/ro\/injection-grouting-machine\/\">pompa de chit<\/a><\/h3>\n<p>Ambalatoarele noastre de injec\u021bie \u0219i pompa de chit sunt construite din garan\u021bii de siguran\u021b\u0103. Proiectul clien\u021bilor ar putea evita unele riscuri ascunse. Ambalatoarele \u0219i pompele stabile \u0219i de \u00eencredere reprezint\u0103 cel mai important suport pentru proiectele dumneavoastr\u0103 \u00een derulare. V\u0103 poate economisi timp \u0219i costuri. Suntem un furnizor de \u00eencredere \u0219i avem un sistem QC pentru a asigura calitatea.\u00a0<\/p>\n<p>Produsele noastre au trecut certific\u0103rile lSO 9001, CE. V\u0103 poate ajuta s\u0103 explora\u021bi cu u\u0219urin\u021b\u0103 pia\u021ba Euroapen.<\/p>\n\t<div id=\"gap-1504043584\" class=\"gap-element clearfix\" style=\"display:block; height:auto;\">\n\t\t\n<style>\n#gap-1504043584 {\n  padding-top: 30px;\n}\n<\/style>\n\t<\/div>\n\t\n<a href=\"\/ro\/contact\/\" class=\"button primary lowercase\"  style=\"border-radius:99px;\">\n    <span>Contacta\u0163i-ne<\/span>\n  <\/a>\n\n\t\t<\/div>\n\t\t\t\t\n<style>\n#col-55198770 > .col-inner {\n  padding: 0px 0px 0px 0px;\n}\n@media (min-width:550px) {\n  #col-55198770 > .col-inner {\n    padding: 0px 0px 0px 0px;\n  }\n}\n@media (min-width:850px) {\n  #col-55198770 > .col-inner {\n    padding: 0px 90px 0px 30px;\n  }\n}\n<\/style>\n\t<\/div>\n\n\t\n<\/div>\n<div class=\"row align-middle align-center\"  id=\"row-1909706996\">\n\n\t<div id=\"col-1250664885\" class=\"col medium-6 small-12 large-6\"  >\n\t\t\t\t<div class=\"col-inner\"  >\n\t\t\t\n\t\t\t\n\t<div id=\"gap-1233377107\" class=\"gap-element clearfix\" style=\"display:block; height:auto;\">\n\t\t\n<style>\n#gap-1233377107 {\n  padding-top: 0px;\n}\n<\/style>\n\t<\/div>\n\t\n\t\t<\/div>\n\t\t\t\t\t<\/div>\n\n\t\n<\/div>\n\t\t<\/div>\n\n\t\t\n<style>\n#section_628764014 {\n  padding-top: 0px;\n  padding-bottom: 0px;\n}\n@media (min-width:550px) {\n  #section_628764014 {\n    padding-top: 0px;\n    padding-bottom: 0px;\n  }\n}\n@media (min-width:850px) {\n  #section_628764014 {\n    padding-top: 50px;\n    padding-bottom: 50px;\n  }\n}\n<\/style>\n\t<\/section>","protected":false},"excerpt":{"rendered":"","protected":false},"author":1,"featured_media":0,"parent":0,"menu_order":0,"comment_status":"closed","ping_status":"closed","template":"page-blank.php","meta":{"footnotes":""},"class_list":["post-25","page","type-page","status-publish","hentry"],"yoast_head":"<!-- This site is optimized with the Yoast SEO plugin v24.4 - https:\/\/yoast.com\/wordpress\/plugins\/seo\/ -->\n<title>About Us | Injection Packers Suppliers<\/title>\n<meta name=\"description\" content=\"Injection Packers Suppliers From China. We can customize injection packers for client as per your requirements\" \/>\n<meta name=\"robots\" content=\"index, follow, max-snippet:-1, max-image-preview:large, max-video-preview:-1\" \/>\n<link rel=\"canonical\" href=\"https:\/\/groutpackers.com\/ro\/about\/\" \/>\n<meta property=\"og:locale\" content=\"ro_RO\" \/>\n<meta property=\"og:type\" content=\"article\" \/>\n<meta property=\"og:title\" content=\"About Us | Injection Packers Suppliers\" \/>\n<meta property=\"og:description\" content=\"Injection Packers Suppliers From China. We can customize injection packers for client as per your requirements\" \/>\n<meta property=\"og:url\" content=\"https:\/\/groutpackers.com\/ro\/about\/\" \/>\n<meta property=\"article:modified_time\" content=\"2024-07-10T02:49:31+00:00\" \/>\n<meta name=\"twitter:card\" content=\"summary_large_image\" \/>\n<meta name=\"twitter:label1\" content=\"Timp estimat pentru citire\" \/>\n\t<meta name=\"twitter:data1\" content=\"4 minute\" \/>\n<script type=\"application\/ld+json\" class=\"yoast-schema-graph\">{\"@context\":\"https:\/\/schema.org\",\"@graph\":[{\"@type\":\"WebPage\",\"@id\":\"https:\/\/groutpackers.com\/ceb\/about\/\",\"url\":\"https:\/\/groutpackers.com\/ceb\/about\/\",\"name\":\"About Us | Injection Packers Suppliers\",\"isPartOf\":{\"@id\":\"https:\/\/groutpackers.com\/bs\/#website\"},\"datePublished\":\"2023-03-05T10:39:43+00:00\",\"dateModified\":\"2024-07-10T02:49:31+00:00\",\"description\":\"Injection Packers Suppliers From China. We can customize injection packers for client as per your requirements\",\"breadcrumb\":{\"@id\":\"https:\/\/groutpackers.com\/ceb\/about\/#breadcrumb\"},\"inLanguage\":\"ro-RO\",\"potentialAction\":[{\"@type\":\"ReadAction\",\"target\":[\"https:\/\/groutpackers.com\/ceb\/about\/\"]}]},{\"@type\":\"BreadcrumbList\",\"@id\":\"https:\/\/groutpackers.com\/ceb\/about\/#breadcrumb\",\"itemListElement\":[{\"@type\":\"ListItem\",\"position\":1,\"name\":\"Home\",\"item\":\"https:\/\/groutpackers.com\/\"},{\"@type\":\"ListItem\",\"position\":2,\"name\":\"About\"}]},{\"@type\":\"WebSite\",\"@id\":\"https:\/\/groutpackers.com\/bs\/#website\",\"url\":\"https:\/\/groutpackers.com\/bs\/\",\"name\":\"\",\"description\":\"\",\"potentialAction\":[{\"@type\":\"SearchAction\",\"target\":{\"@type\":\"EntryPoint\",\"urlTemplate\":\"https:\/\/groutpackers.com\/bs\/?s={search_term_string}\"},\"query-input\":{\"@type\":\"PropertyValueSpecification\",\"valueRequired\":true,\"valueName\":\"search_term_string\"}}],\"inLanguage\":\"ro-RO\"}]}<\/script>\n<!-- \/ Yoast SEO plugin. -->","yoast_head_json":{"title":"Despre noi | Furnizori de ambalatori cu injectie","description":"Furnizori de ambalare cu injec\u021bie din China. Putem personaliza dispozitivele de ambalare cu injec\u021bie pentru client \u00een func\u021bie de cerin\u021bele dumneavoastr\u0103","robots":{"index":"index","follow":"follow","max-snippet":"max-snippet:-1","max-image-preview":"max-image-preview:large","max-video-preview":"max-video-preview:-1"},"canonical":"https:\/\/groutpackers.com\/ro\/about\/","og_locale":"ro_RO","og_type":"article","og_title":"About Us | Injection Packers Suppliers","og_description":"Injection Packers Suppliers From China. We can customize injection packers for client as per your requirements","og_url":"https:\/\/groutpackers.com\/ro\/about\/","article_modified_time":"2024-07-10T02:49:31+00:00","twitter_card":"summary_large_image","twitter_misc":{"Timp estimat pentru citire":"4 minute"},"schema":{"@context":"https:\/\/schema.org","@graph":[{"@type":"WebPage","@id":"https:\/\/groutpackers.com\/ceb\/about\/","url":"https:\/\/groutpackers.com\/ceb\/about\/","name":"Despre noi | Furnizori de ambalatori cu injectie","isPartOf":{"@id":"https:\/\/groutpackers.com\/bs\/#website"},"datePublished":"2023-03-05T10:39:43+00:00","dateModified":"2024-07-10T02:49:31+00:00","description":"Furnizori de ambalare cu injec\u021bie din China. Putem personaliza dispozitivele de ambalare cu injec\u021bie pentru client \u00een func\u021bie de cerin\u021bele dumneavoastr\u0103","breadcrumb":{"@id":"https:\/\/groutpackers.com\/ceb\/about\/#breadcrumb"},"inLanguage":"ro-RO","potentialAction":[{"@type":"ReadAction","target":["https:\/\/groutpackers.com\/ceb\/about\/"]}]},{"@type":"BreadcrumbList","@id":"https:\/\/groutpackers.com\/ceb\/about\/#breadcrumb","itemListElement":[{"@type":"ListItem","position":1,"name":"Home","item":"https:\/\/groutpackers.com\/"},{"@type":"ListItem","position":2,"name":"About"}]},{"@type":"WebSite","@id":"https:\/\/groutpackers.com\/bs\/#website","url":"https:\/\/groutpackers.com\/bs\/","name":"","description":"","potentialAction":[{"@type":"SearchAction","target":{"@type":"EntryPoint","urlTemplate":"https:\/\/groutpackers.com\/bs\/?s={search_term_string}"},"query-input":{"@type":"PropertyValueSpecification","valueRequired":true,"valueName":"search_term_string"}}],"inLanguage":"ro-RO"}]}},"_links":{"self":[{"href":"https:\/\/groutpackers.com\/ro\/wp-json\/wp\/v2\/pages\/25","targetHints":{"allow":["GET"]}}],"collection":[{"href":"https:\/\/groutpackers.com\/ro\/wp-json\/wp\/v2\/pages"}],"about":[{"href":"https:\/\/groutpackers.com\/ro\/wp-json\/wp\/v2\/types\/page"}],"author":[{"embeddable":true,"href":"https:\/\/groutpackers.com\/ro\/wp-json\/wp\/v2\/users\/1"}],"replies":[{"embeddable":true,"href":"https:\/\/groutpackers.com\/ro\/wp-json\/wp\/v2\/comments?post=25"}],"version-history":[{"count":31,"href":"https:\/\/groutpackers.com\/ro\/wp-json\/wp\/v2\/pages\/25\/revisions"}],"predecessor-version":[{"id":3216,"href":"https:\/\/groutpackers.com\/ro\/wp-json\/wp\/v2\/pages\/25\/revisions\/3216"}],"wp:attachment":[{"href":"https:\/\/groutpackers.com\/ro\/wp-json\/wp\/v2\/media?parent=25"}],"curies":[{"name":"wp","href":"https:\/\/api.w.org\/{rel}","templated":true}]}}