{"id":1691,"date":"2024-04-29T06:05:01","date_gmt":"2024-04-29T06:05:01","guid":{"rendered":"http:\/\/groutpackers.com\/?post_type=product&#038;p=1691"},"modified":"2025-03-24T03:40:21","modified_gmt":"2025-03-24T03:40:21","slug":"grout-needle-packer","status":"publish","type":"product","link":"https:\/\/groutpackers.com\/tr\/manufacturer\/grout-needle-packer\/","title":{"rendered":"Har\u00e7 \u0130\u011fnesi Paketleyici"},"content":{"rendered":"<p>Enjeksiyon i\u011fneli paketleyiciler olarak da bilinen enjeksiyon i\u011fneli paketleyiciler, \u00e7e\u015fitli beton onar\u0131m ve enjeksiyon uygulamalar\u0131 i\u00e7in kullan\u0131lan \u00f6zel bir enjeksiyon paketleyici t\u00fcr\u00fcd\u00fcr. \u0130\u015fte enjeksiyon i\u011fneli paketleyicilerin baz\u0131 yayg\u0131n kullan\u0131mlar\u0131 ve uygulamalar\u0131:<\/p>\n<p><strong>1. \u00c7atlak Enjeksiyonu:<\/strong><br \/>\u2013 Enjeksiyon i\u011fneli dolgu makineleri, duvar, zemin veya temel gibi beton yap\u0131lardaki \u00e7atlaklara enjeksiyon harc\u0131 veya s\u0131zd\u0131rmazl\u0131k maddesi enjekte etmek i\u00e7in yayg\u0131n olarak kullan\u0131l\u0131r.<br \/>\u2013 \u0130\u011fne paketleyicinin dar profili, dar \u00e7atlaklara yerle\u015ftirilmesine olanak vererek, tamir malzemesinin hassas bir \u015fekilde iletilmesini sa\u011flar.<br \/>\u2013 Bu \u00f6zellikle ince \u00e7atlaklar\u0131n veya di\u011fer k\u00fc\u00e7\u00fck beton kusurlar\u0131n\u0131n kapat\u0131lmas\u0131 ve sabitlenmesi i\u00e7in faydal\u0131d\u0131r.<\/p>\n<p><strong>2. Bo\u015fluk ve Oyuklar\u0131n Doldurulmas\u0131:<\/strong><br \/>\u2013 Enjeksiyon i\u011fneli paketleyiciler, beton yap\u0131 i\u00e7indeki bo\u015fluklar\u0131, petekleri veya di\u011fer k\u00fc\u00e7\u00fck oyuklar\u0131 doldurmak i\u00e7in kullan\u0131labilir.<br \/>\u2013 \u0130\u011fneli dolgu maddeleri kullan\u0131larak yap\u0131lan enjeksiyon i\u015flemi, harc\u0131n hedeflenen b\u00f6lgelere tam olarak dolmas\u0131n\u0131 ve n\u00fcfuz etmesini sa\u011flamaya yard\u0131mc\u0131 olur.<br \/>\u2013 Bu uygulama, betonun yap\u0131sal b\u00fct\u00fcnl\u00fc\u011f\u00fcn\u00fcn yeniden sa\u011flanmas\u0131n\u0131n gerekli oldu\u011fu beton onar\u0131m ve g\u00fc\u00e7lendirme projelerinde s\u0131kl\u0131kla kullan\u0131l\u0131r.<\/p>\n<p><strong>3. Beton D\u00f6\u015feme Sabitlemesi:<\/strong><br \/>\u2013 \u0130\u011fne dolgu maddeleri, zemin veya kald\u0131r\u0131m gibi beton levhalar\u0131n alt\u0131ndaki topra\u011fa veya alt zemine har\u00e7 veya geni\u015fleyen k\u00f6p\u00fck enjekte etmek i\u00e7in kullan\u0131l\u0131r.<br \/>\u2013 Levha kald\u0131rma veya levha tesviyesi olarak bilinen bu i\u015flem, beton levhan\u0131n sabitlenmesine ve desteklenmesine yard\u0131mc\u0131 olarak \u00e7\u00f6kme, bo\u015fluklar veya toprak erozyonu gibi sorunlar\u0131 \u00e7\u00f6zer.<\/p>\n<p><strong>4. Beton Ankraj ve G\u00fc\u00e7lendirme:<\/strong><br \/>\u2013 Enjeksiyon i\u011fnesi paketleyicileri, donat\u0131 \u00e7ubuklar\u0131 veya d\u00fcbellerin etraf\u0131na enjeksiyon yapmak i\u00e7in kullan\u0131labilir ve bunlar\u0131n beton i\u00e7erisinde sabitlenmesine ve sabitlenmesine yard\u0131mc\u0131 olur.<br \/>\u2013 Bu uygulama, ilave takviyenin gerekli oldu\u011fu beton onar\u0131m, g\u00fc\u00e7lendirme veya g\u00fc\u00e7lendirme projelerinde yayg\u0131nd\u0131r.<\/p>\n<p><strong>5. Beton S\u0131zd\u0131rmazl\u0131\u011f\u0131 ve Su Yal\u0131t\u0131m\u0131:<\/strong><br \/>\u2013 \u0130\u011fne dolgu maddeleri, y\u00fczeydeki \u00e7atlaklar\u0131, g\u00f6zenekleri veya di\u011fer kusurlar\u0131 doldurmak ve kapatmak i\u00e7in betona har\u00e7 veya s\u0131zd\u0131rmazl\u0131k maddesi enjekte etmek amac\u0131yla kullan\u0131labilir.<br \/>\u2013 Betonun su s\u0131zmas\u0131na, hava ko\u015fullar\u0131na ve di\u011fer \u00e7evresel etkenlere kar\u015f\u0131 dayan\u0131kl\u0131l\u0131\u011f\u0131n\u0131 art\u0131rmaya yard\u0131mc\u0131 olur.<\/p>\n<table style=\"border-collapse: collapse; width: 1075px; height: 254px;\" border=\"0\" width=\"616\" cellspacing=\"0\" cellpadding=\"0\">\n<tbody>\n<tr style=\"height: 13.50pt;\">\n<td class=\"et2\" style=\"height: 13.5pt; width: 270.75pt; text-align: center;\" width=\"361\" height=\"18\">Resim<\/td>\n<td class=\"et2\" style=\"width: 74.25pt;\" width=\"99\">Modeli<\/td>\n<td class=\"et2\" style=\"width: 60.00pt;\" width=\"80\">\u00c7ap<\/td>\n<td class=\"et2\" style=\"width: 57.00pt;\" width=\"76\">Uzunluk<\/td>\n<\/tr>\n<tr style=\"height: 22.00pt;\">\n<td class=\"et2\" style=\"height: 22.00pt;\" height=\"29\"><img loading=\"lazy\" decoding=\"async\" class=\"alignnone size-medium wp-image-2737 aligncenter\" src=\"http:\/\/groutpackers.com\/wp-content\/uploads\/2024\/04\/Grout-needle-packer-300x150.jpg\" alt=\"Har\u00e7 i\u011fnesi paketleyici\" width=\"300\" height=\"150\" srcset=\"https:\/\/groutpackers.com\/wp-content\/uploads\/2024\/04\/Grout-needle-packer-300x150.jpg 300w, https:\/\/groutpackers.com\/wp-content\/uploads\/2024\/04\/Grout-needle-packer-768x384.jpg 768w, https:\/\/groutpackers.com\/wp-content\/uploads\/2024\/04\/Grout-needle-packer-600x300.jpg 600w, https:\/\/groutpackers.com\/wp-content\/uploads\/2024\/04\/Grout-needle-packer.jpg 1000w\" sizes=\"auto, (max-width: 300px) 100vw, 300px\" \/><\/td>\n<td class=\"et2\">13x305mm<\/td>\n<td class=\"et2\">13mm<\/td>\n<td class=\"et2\">305mm<\/td>\n<\/tr>\n<\/tbody>\n<\/table>\n<p>\u00a0<\/p>","protected":false},"excerpt":{"rendered":"<p>Har\u00e7lama i\u011fne paketleyicileri<\/p>\n<ul>\n<li>D\u00fc\u011fme ba\u015fl\u0131 meme ucu<br \/>\nMil \u00e7ap\u0131: 13mm<\/li>\n<li>\u015eaft uzunlu\u011fu: 305mm<\/li>\n<li>\u0130\u011fne \u00e7ap\u0131: 5mm<\/li>\n<li>\u0130\u011fne uzunlu\u011fu: 110mm<\/li>\n<\/ul>\n<p>Adedi: 1000 Adet<br \/>\nTeslim S\u00fcresi: 15-20 g\u00fcn i\u00e7inde<br \/>\n\u00d6deme: T\/T, L\/C, G\u00d6R\u00dc\u015eTE, PAYPAL, KRED\u0130 KARTI.<\/p>","protected":false},"featured_media":2544,"template":"","meta":[],"product_brand":[],"product_cat":[40],"product_tag":[],"class_list":{"0":"post-1691","1":"product","2":"type-product","3":"status-publish","4":"has-post-thumbnail","6":"product_cat-steel-injeciton-packer","8":"first","9":"instock","10":"shipping-taxable","11":"product-type-simple"},"yoast_head":"<!-- This site is optimized with the Yoast SEO plugin v24.4 - https:\/\/yoast.com\/wordpress\/plugins\/seo\/ -->\n<title>Grout Needle Packer -<\/title>\n<meta name=\"robots\" content=\"index, follow, max-snippet:-1, max-image-preview:large, max-video-preview:-1\" \/>\n<link rel=\"canonical\" href=\"https:\/\/groutpackers.com\/tr\/manufacturer\/grout-needle-packer\/\" \/>\n<meta property=\"og:locale\" content=\"tr_TR\" \/>\n<meta property=\"og:type\" content=\"article\" \/>\n<meta property=\"og:title\" content=\"Grout Needle Packer -\" \/>\n<meta property=\"og:description\" content=\"Grouting needle packers   Button head nipple Shaft diameter: 13mm  Shaft length: 305mm  Needle diameter:5mm  Needle length:110mm  MOQ:1000 Pieces Lead Time: Within 15-20 days Payment: T\/T, L\/C AT SIGHT, PAYPAL, CREDIT CARD.\" \/>\n<meta property=\"og:url\" content=\"https:\/\/groutpackers.com\/tr\/manufacturer\/grout-needle-packer\/\" \/>\n<meta property=\"article:modified_time\" content=\"2025-03-24T03:40:21+00:00\" \/>\n<meta property=\"og:image\" content=\"https:\/\/groutpackers.com\/wp-content\/uploads\/2024\/05\/Grouting-needle-packer-1.jpg\" \/>\n\t<meta property=\"og:image:width\" content=\"1000\" \/>\n\t<meta property=\"og:image:height\" content=\"1000\" \/>\n\t<meta property=\"og:image:type\" content=\"image\/jpeg\" \/>\n<meta name=\"twitter:card\" content=\"summary_large_image\" \/>\n<meta name=\"twitter:label1\" content=\"Tahmini okuma s\u00fcresi\" \/>\n\t<meta name=\"twitter:data1\" content=\"1 dakika\" \/>\n<script type=\"application\/ld+json\" class=\"yoast-schema-graph\">{\"@context\":\"https:\/\/schema.org\",\"@graph\":[{\"@type\":\"WebPage\",\"@id\":\"https:\/\/groutpackers.com\/manufacturer\/grout-needle-packer\/\",\"url\":\"https:\/\/groutpackers.com\/manufacturer\/grout-needle-packer\/\",\"name\":\"Grout Needle Packer -\",\"isPartOf\":{\"@id\":\"https:\/\/groutpackers.com\/bs\/#website\"},\"primaryImageOfPage\":{\"@id\":\"https:\/\/groutpackers.com\/manufacturer\/grout-needle-packer\/#primaryimage\"},\"image\":{\"@id\":\"https:\/\/groutpackers.com\/manufacturer\/grout-needle-packer\/#primaryimage\"},\"thumbnailUrl\":\"https:\/\/groutpackers.com\/wp-content\/uploads\/2024\/05\/Grouting-needle-packer-1.jpg\",\"datePublished\":\"2024-04-29T06:05:01+00:00\",\"dateModified\":\"2025-03-24T03:40:21+00:00\",\"breadcrumb\":{\"@id\":\"https:\/\/groutpackers.com\/manufacturer\/grout-needle-packer\/#breadcrumb\"},\"inLanguage\":\"tr\",\"potentialAction\":[{\"@type\":\"ReadAction\",\"target\":[\"https:\/\/groutpackers.com\/manufacturer\/grout-needle-packer\/\"]}]},{\"@type\":\"ImageObject\",\"inLanguage\":\"tr\",\"@id\":\"https:\/\/groutpackers.com\/manufacturer\/grout-needle-packer\/#primaryimage\",\"url\":\"https:\/\/groutpackers.com\/wp-content\/uploads\/2024\/05\/Grouting-needle-packer-1.jpg\",\"contentUrl\":\"https:\/\/groutpackers.com\/wp-content\/uploads\/2024\/05\/Grouting-needle-packer-1.jpg\",\"width\":1000,\"height\":1000,\"caption\":\"Grouting needle packer\"},{\"@type\":\"BreadcrumbList\",\"@id\":\"https:\/\/groutpackers.com\/manufacturer\/grout-needle-packer\/#breadcrumb\",\"itemListElement\":[{\"@type\":\"ListItem\",\"position\":1,\"name\":\"Home\",\"item\":\"https:\/\/groutpackers.com\/\"},{\"@type\":\"ListItem\",\"position\":2,\"name\":\"Produk\",\"item\":\"https:\/\/groutpackers.com\/id\/shop\/\"},{\"@type\":\"ListItem\",\"position\":3,\"name\":\"Grout Needle Packer\"}]},{\"@type\":\"WebSite\",\"@id\":\"https:\/\/groutpackers.com\/bs\/#website\",\"url\":\"https:\/\/groutpackers.com\/bs\/\",\"name\":\"\",\"description\":\"\",\"potentialAction\":[{\"@type\":\"SearchAction\",\"target\":{\"@type\":\"EntryPoint\",\"urlTemplate\":\"https:\/\/groutpackers.com\/bs\/?s={search_term_string}\"},\"query-input\":{\"@type\":\"PropertyValueSpecification\",\"valueRequired\":true,\"valueName\":\"search_term_string\"}}],\"inLanguage\":\"tr\"}]}<\/script>\n<!-- \/ Yoast SEO plugin. -->","yoast_head_json":{"title":"Har\u00e7 \u0130\u011fnesi Dolgusu -","robots":{"index":"index","follow":"follow","max-snippet":"max-snippet:-1","max-image-preview":"max-image-preview:large","max-video-preview":"max-video-preview:-1"},"canonical":"https:\/\/groutpackers.com\/tr\/manufacturer\/grout-needle-packer\/","og_locale":"tr_TR","og_type":"article","og_title":"Grout Needle Packer -","og_description":"Grouting needle packers   Button head nipple Shaft diameter: 13mm  Shaft length: 305mm  Needle diameter:5mm  Needle length:110mm  MOQ:1000 Pieces Lead Time: Within 15-20 days Payment: T\/T, L\/C AT SIGHT, PAYPAL, CREDIT CARD.","og_url":"https:\/\/groutpackers.com\/tr\/manufacturer\/grout-needle-packer\/","article_modified_time":"2025-03-24T03:40:21+00:00","og_image":[{"width":1000,"height":1000,"url":"https:\/\/groutpackers.com\/wp-content\/uploads\/2024\/05\/Grouting-needle-packer-1.jpg","type":"image\/jpeg"}],"twitter_card":"summary_large_image","twitter_misc":{"Tahmini okuma s\u00fcresi":"1 dakika"},"schema":{"@context":"https:\/\/schema.org","@graph":[{"@type":"WebPage","@id":"https:\/\/groutpackers.com\/manufacturer\/grout-needle-packer\/","url":"https:\/\/groutpackers.com\/manufacturer\/grout-needle-packer\/","name":"Har\u00e7 \u0130\u011fnesi Dolgusu -","isPartOf":{"@id":"https:\/\/groutpackers.com\/bs\/#website"},"primaryImageOfPage":{"@id":"https:\/\/groutpackers.com\/manufacturer\/grout-needle-packer\/#primaryimage"},"image":{"@id":"https:\/\/groutpackers.com\/manufacturer\/grout-needle-packer\/#primaryimage"},"thumbnailUrl":"https:\/\/groutpackers.com\/wp-content\/uploads\/2024\/05\/Grouting-needle-packer-1.jpg","datePublished":"2024-04-29T06:05:01+00:00","dateModified":"2025-03-24T03:40:21+00:00","breadcrumb":{"@id":"https:\/\/groutpackers.com\/manufacturer\/grout-needle-packer\/#breadcrumb"},"inLanguage":"tr","potentialAction":[{"@type":"ReadAction","target":["https:\/\/groutpackers.com\/manufacturer\/grout-needle-packer\/"]}]},{"@type":"ImageObject","inLanguage":"tr","@id":"https:\/\/groutpackers.com\/manufacturer\/grout-needle-packer\/#primaryimage","url":"https:\/\/groutpackers.com\/wp-content\/uploads\/2024\/05\/Grouting-needle-packer-1.jpg","contentUrl":"https:\/\/groutpackers.com\/wp-content\/uploads\/2024\/05\/Grouting-needle-packer-1.jpg","width":1000,"height":1000,"caption":"Grouting needle packer"},{"@type":"BreadcrumbList","@id":"https:\/\/groutpackers.com\/manufacturer\/grout-needle-packer\/#breadcrumb","itemListElement":[{"@type":"ListItem","position":1,"name":"Home","item":"https:\/\/groutpackers.com\/"},{"@type":"ListItem","position":2,"name":"Produk","item":"https:\/\/groutpackers.com\/id\/shop\/"},{"@type":"ListItem","position":3,"name":"Grout Needle Packer"}]},{"@type":"WebSite","@id":"https:\/\/groutpackers.com\/bs\/#website","url":"https:\/\/groutpackers.com\/bs\/","name":"","description":"","potentialAction":[{"@type":"SearchAction","target":{"@type":"EntryPoint","urlTemplate":"https:\/\/groutpackers.com\/bs\/?s={search_term_string}"},"query-input":{"@type":"PropertyValueSpecification","valueRequired":true,"valueName":"search_term_string"}}],"inLanguage":"tr"}]}},"_links":{"self":[{"href":"https:\/\/groutpackers.com\/tr\/wp-json\/wp\/v2\/product\/1691","targetHints":{"allow":["GET"]}}],"collection":[{"href":"https:\/\/groutpackers.com\/tr\/wp-json\/wp\/v2\/product"}],"about":[{"href":"https:\/\/groutpackers.com\/tr\/wp-json\/wp\/v2\/types\/product"}],"wp:featuredmedia":[{"embeddable":true,"href":"https:\/\/groutpackers.com\/tr\/wp-json\/wp\/v2\/media\/2544"}],"wp:attachment":[{"href":"https:\/\/groutpackers.com\/tr\/wp-json\/wp\/v2\/media?parent=1691"}],"wp:term":[{"taxonomy":"product_brand","embeddable":true,"href":"https:\/\/groutpackers.com\/tr\/wp-json\/wp\/v2\/product_brand?post=1691"},{"taxonomy":"product_cat","embeddable":true,"href":"https:\/\/groutpackers.com\/tr\/wp-json\/wp\/v2\/product_cat?post=1691"},{"taxonomy":"product_tag","embeddable":true,"href":"https:\/\/groutpackers.com\/tr\/wp-json\/wp\/v2\/product_tag?post=1691"}],"curies":[{"name":"wp","href":"https:\/\/api.w.org\/{rel}","templated":true}]}}