{"id":589,"date":"2023-03-13T09:28:14","date_gmt":"2023-03-13T09:28:14","guid":{"rendered":"http:\/\/groutpackers.com\/?page_id=589"},"modified":"2025-06-26T02:26:23","modified_gmt":"2025-06-26T02:26:23","slug":"grouting-machine-accessories","status":"publish","type":"page","link":"https:\/\/groutpackers.com\/vi\/grouting-machine-accessories\/","title":{"rendered":"Ph\u1ee5 ki\u1ec7n m\u00e1y phun v\u1eefa"},"content":{"rendered":"<section class=\"section\" id=\"section_713308245\">\n\t\t<div class=\"bg section-bg fill bg-fill  bg-loaded\" >\n\n\t\t\t\n\t\t\t\n\t\t\t\n\n\t\t<\/div>\n\n\t\t\n\n\t\t<div class=\"section-content relative\">\n\t\t\t\n\t<div id=\"text-899071315\" class=\"text\">\n\t\t\n<h2 style=\"text-align: center;\"><strong>Danh m\u1ee5c ph\u1ee5 ki\u1ec7n m\u00e1y phun v\u1eefa<\/strong><\/h2>\n\t\t\n<style>\n#text-899071315 {\n  text-align: center;\n}\n<\/style>\n\t<\/div>\n\t\n\t<div id=\"gap-1987751075\" class=\"gap-element clearfix\" style=\"display:block; height:auto;\">\n\t\t\n<style>\n#gap-1987751075 {\n  padding-top: 30px;\n}\n<\/style>\n\t<\/div>\n\t\n<div class=\"row align-equal\"  id=\"row-318258038\">\n\n\t<div id=\"col-1995650275\" class=\"col medium-4 small-12 large-4\"  >\n\t\t\t\t<div class=\"col-inner box-shadow-1\"  >\n\t\t\t\n\t\t\t\n\t<div class=\"box has-hover   has-hover box-text-bottom\" >\n\n\t\t<div class=\"box-image\" >\n\t\t\t\t\t\t<div class=\"image-zoom\" >\n\t\t\t\t<img loading=\"lazy\" decoding=\"async\" width=\"1000\" height=\"1000\" src=\"https:\/\/groutpackers.com\/wp-content\/uploads\/2024\/05\/Sliding-coupler.jpg\" class=\"attachment- size-\" alt=\"Kh\u1edbp n\u1ed1i tr\u01b0\u1ee3t\" srcset=\"https:\/\/groutpackers.com\/wp-content\/uploads\/2024\/05\/Sliding-coupler.jpg 1000w, https:\/\/groutpackers.com\/wp-content\/uploads\/2024\/05\/Sliding-coupler-300x300.jpg 300w, https:\/\/groutpackers.com\/wp-content\/uploads\/2024\/05\/Sliding-coupler-150x150.jpg 150w, https:\/\/groutpackers.com\/wp-content\/uploads\/2024\/05\/Sliding-coupler-768x768.jpg 768w, https:\/\/groutpackers.com\/wp-content\/uploads\/2024\/05\/Sliding-coupler-600x600.jpg 600w, https:\/\/groutpackers.com\/wp-content\/uploads\/2024\/05\/Sliding-coupler-100x100.jpg 100w\" sizes=\"auto, (max-width: 1000px) 100vw, 1000px\" \/>\t\t\t\t\t\t\t\t\t\t\t<\/div>\n\t\t\t\t\t<\/div>\n\n\t\t<div class=\"box-text text-center\" >\n\t\t\t<div class=\"box-text-inner\">\n\t\t\t\t\n<h4>\u0110\u1ea7u n\u00fat \/ \u0110\u1ea7u tr\u01b0\u1ee3t<\/h4>\n<p>C\u00f3 s\u1eb5n kh\u1edbp n\u1ed1i \u00e1p su\u1ea5t cao, h\u1ee3p kim k\u1ebdm ho\u1eb7c nh\u00f4m. \u0110\u01b0\u1eddng k\u00ednh 16mm.\u00a0<\/p>\n<a href=\"\/vi\/contact-us\/\" class=\"button primary is-outline\"  style=\"border-radius:99px;\">\n    <span>Nh\u1eadn b\u00e1o gi\u00e1 mi\u1ec5n ph\u00ed<\/span>\n  <\/a>\n\n\t\t\t<\/div>\n\t\t<\/div>\n\t<\/div>\n\t\n\t\t<\/div>\n\t\t\t\t\n<style>\n#col-1995650275 > .col-inner {\n  border-radius: 8px;\n}\n<\/style>\n\t<\/div>\n\n\t\n\n\t<div id=\"col-1046059683\" class=\"col medium-4 small-12 large-4\"  >\n\t\t\t\t<div class=\"col-inner box-shadow-1\"  >\n\t\t\t\n\t\t\t\n\t<div class=\"box has-hover   has-hover box-text-bottom\" >\n\n\t\t<div class=\"box-image\" >\n\t\t\t\t\t\t<div class=\"image-zoom\" >\n\t\t\t\t<img loading=\"lazy\" decoding=\"async\" width=\"1000\" height=\"1000\" src=\"https:\/\/groutpackers.com\/wp-content\/uploads\/2024\/06\/Gold-button-head-coupler.jpg\" class=\"attachment- size-\" alt=\"\u0110\u1ea7u n\u1ed1i n\u00fat v\u00e0ng\" srcset=\"https:\/\/groutpackers.com\/wp-content\/uploads\/2024\/06\/Gold-button-head-coupler.jpg 1000w, https:\/\/groutpackers.com\/wp-content\/uploads\/2024\/06\/Gold-button-head-coupler-300x300.jpg 300w, https:\/\/groutpackers.com\/wp-content\/uploads\/2024\/06\/Gold-button-head-coupler-150x150.jpg 150w, https:\/\/groutpackers.com\/wp-content\/uploads\/2024\/06\/Gold-button-head-coupler-768x768.jpg 768w, https:\/\/groutpackers.com\/wp-content\/uploads\/2024\/06\/Gold-button-head-coupler-600x600.jpg 600w, https:\/\/groutpackers.com\/wp-content\/uploads\/2024\/06\/Gold-button-head-coupler-100x100.jpg 100w\" sizes=\"auto, (max-width: 1000px) 100vw, 1000px\" \/>\t\t\t\t\t\t\t\t\t\t\t<\/div>\n\t\t\t\t\t<\/div>\n\n\t\t<div class=\"box-text text-center\" >\n\t\t\t<div class=\"box-text-inner\">\n\t\t\t\t\n<h4>\u0110\u1ea7u n\u1ed1i \u0111\u1ea7u ph\u1eb3ng<\/h4>\n<p>\u00c1p su\u1ea5t th\u1ea5p, d\u00f9ng \u0111\u1ec3 phun v\u1eadt li\u1ec7u c\u00f3 m\u1eadt \u0111\u1ed9 cao. Kh\u1edbp n\u1ed1i b\u1eb1ng \u0111\u1ed3ng thau.<\/p>\n<a href=\"\/vi\/contact-us\/\" class=\"button primary is-outline\"  style=\"border-radius:99px;\">\n    <span>Nh\u1eadn b\u00e1o gi\u00e1 mi\u1ec5n ph\u00ed<\/span>\n  <\/a>\n\n\t\t\t<\/div>\n\t\t<\/div>\n\t<\/div>\n\t\n\t\t<\/div>\n\t\t\t\t\n<style>\n#col-1046059683 > .col-inner {\n  border-radius: 8px;\n}\n<\/style>\n\t<\/div>\n\n\t\n\n\t<div id=\"col-672809418\" class=\"col medium-4 small-12 large-4\"  >\n\t\t\t\t<div class=\"col-inner box-shadow-1\"  >\n\t\t\t\n\t\t\t\n\t<div class=\"box has-hover   has-hover box-text-bottom\" >\n\n\t\t<div class=\"box-image\" >\n\t\t\t\t\t\t<div class=\"image-zoom\" >\n\t\t\t\t<img loading=\"lazy\" decoding=\"async\" width=\"1000\" height=\"1000\" src=\"https:\/\/groutpackers.com\/wp-content\/uploads\/2024\/06\/Steel-Button-head-coupler.jpg\" class=\"attachment- size-\" alt=\"\u0110\u1ea7u n\u1ed1i n\u00fat th\u00e9p\" srcset=\"https:\/\/groutpackers.com\/wp-content\/uploads\/2024\/06\/Steel-Button-head-coupler.jpg 1000w, https:\/\/groutpackers.com\/wp-content\/uploads\/2024\/06\/Steel-Button-head-coupler-300x300.jpg 300w, https:\/\/groutpackers.com\/wp-content\/uploads\/2024\/06\/Steel-Button-head-coupler-150x150.jpg 150w, https:\/\/groutpackers.com\/wp-content\/uploads\/2024\/06\/Steel-Button-head-coupler-768x768.jpg 768w, https:\/\/groutpackers.com\/wp-content\/uploads\/2024\/06\/Steel-Button-head-coupler-600x600.jpg 600w, https:\/\/groutpackers.com\/wp-content\/uploads\/2024\/06\/Steel-Button-head-coupler-100x100.jpg 100w\" sizes=\"auto, (max-width: 1000px) 100vw, 1000px\" \/>\t\t\t\t\t\t\t\t\t\t\t<\/div>\n\t\t\t\t\t<\/div>\n\n\t\t<div class=\"box-text text-center\" >\n\t\t\t<div class=\"box-text-inner\">\n\t\t\t\t\n<h4>\u0110\u1ea7u n\u1ed1i n\u00fat th\u00e9p<\/h4>\n<p>\u0110\u1ea7u n\u1ed1i th\u00e9p, \u00e1p su\u1ea5t th\u1ea5p, d\u00f9ng \u0111\u1ec3 phun v\u1eadt li\u1ec7u c\u00f3 m\u1eadt \u0111\u1ed9 cao.<\/p>\n<a href=\"\/vi\/contact-us\/\" class=\"button primary is-outline\"  style=\"border-radius:99px;\">\n    <span>Nh\u1eadn b\u00e1o gi\u00e1 mi\u1ec5n ph\u00ed<\/span>\n  <\/a>\n\n\t\t\t<\/div>\n\t\t<\/div>\n\t<\/div>\n\t\n\t\t<\/div>\n\t\t\t\t\n<style>\n#col-672809418 > .col-inner {\n  border-radius: 8px;\n}\n<\/style>\n\t<\/div>\n\n\t\n<\/div>\n<div class=\"row align-equal\"  id=\"row-1306549621\">\n\n\t<div id=\"col-186433739\" class=\"col medium-4 small-12 large-4\"  >\n\t\t\t\t<div class=\"col-inner box-shadow-1\"  >\n\t\t\t\n\t\t\t\n\t<div class=\"box has-hover   has-hover box-text-bottom\" >\n\n\t\t<div class=\"box-image\" >\n\t\t\t\t\t\t<div class=\"image-zoom\" >\n\t\t\t\t<img loading=\"lazy\" decoding=\"async\" width=\"1000\" height=\"1000\" src=\"https:\/\/groutpackers.com\/wp-content\/uploads\/2024\/06\/Silver-Grease-coupler.jpg\" class=\"attachment- size-\" alt=\"Kh\u1edbp n\u1ed1i b\u1ea1c m\u1ee1\" srcset=\"https:\/\/groutpackers.com\/wp-content\/uploads\/2024\/06\/Silver-Grease-coupler.jpg 1000w, https:\/\/groutpackers.com\/wp-content\/uploads\/2024\/06\/Silver-Grease-coupler-300x300.jpg 300w, https:\/\/groutpackers.com\/wp-content\/uploads\/2024\/06\/Silver-Grease-coupler-150x150.jpg 150w, https:\/\/groutpackers.com\/wp-content\/uploads\/2024\/06\/Silver-Grease-coupler-768x768.jpg 768w, https:\/\/groutpackers.com\/wp-content\/uploads\/2024\/06\/Silver-Grease-coupler-600x600.jpg 600w, https:\/\/groutpackers.com\/wp-content\/uploads\/2024\/06\/Silver-Grease-coupler-100x100.jpg 100w\" sizes=\"auto, (max-width: 1000px) 100vw, 1000px\" \/>\t\t\t\t\t\t\t\t\t\t\t<\/div>\n\t\t\t\t\t<\/div>\n\n\t\t<div class=\"box-text text-center\" >\n\t\t\t<div class=\"box-text-inner\">\n\t\t\t\t\n<h4>Kh\u1edbp n\u1ed1i m\u1ee1 b\u1ea1c<\/h4>\n<p>\u0110\u01b0\u1ee3c s\u1eed d\u1ee5ng \u0111\u1ec3 k\u1ebft n\u1ed1i \u0111\u1ea7u c\u00f4n\/\u0111\u1ea7u m\u1ee1 v\u00e0o m\u00e1y \u0111\u00f3ng g\u00f3i phun.<\/p>\n<a href=\"\/vi\/contact-us\/\" class=\"button primary is-outline\"  style=\"border-radius:99px;\">\n    <span>Nh\u1eadn b\u00e1o gi\u00e1 mi\u1ec5n ph\u00ed<\/span>\n  <\/a>\n\n\t\t\t<\/div>\n\t\t<\/div>\n\t<\/div>\n\t\n\t\t<\/div>\n\t\t\t\t\n<style>\n#col-186433739 > .col-inner {\n  border-radius: 8px;\n}\n<\/style>\n\t<\/div>\n\n\t\n\n\t<div id=\"col-847906614\" class=\"col medium-4 small-12 large-4\"  >\n\t\t\t\t<div class=\"col-inner box-shadow-1\"  >\n\t\t\t\n\t\t\t\n\t<div class=\"box has-hover   has-hover box-text-bottom\" >\n\n\t\t<div class=\"box-image\" >\n\t\t\t\t\t\t<div class=\"image-zoom\" >\n\t\t\t\t<img loading=\"lazy\" decoding=\"async\" width=\"1000\" height=\"1000\" src=\"https:\/\/groutpackers.com\/wp-content\/uploads\/2024\/06\/Gold-grease-coupler.jpg\" class=\"attachment- size-\" alt=\"Kh\u1edbp n\u1ed1i m\u1ee1 v\u00e0ng\" srcset=\"https:\/\/groutpackers.com\/wp-content\/uploads\/2024\/06\/Gold-grease-coupler.jpg 1000w, https:\/\/groutpackers.com\/wp-content\/uploads\/2024\/06\/Gold-grease-coupler-300x300.jpg 300w, https:\/\/groutpackers.com\/wp-content\/uploads\/2024\/06\/Gold-grease-coupler-150x150.jpg 150w, https:\/\/groutpackers.com\/wp-content\/uploads\/2024\/06\/Gold-grease-coupler-768x768.jpg 768w, https:\/\/groutpackers.com\/wp-content\/uploads\/2024\/06\/Gold-grease-coupler-600x600.jpg 600w, https:\/\/groutpackers.com\/wp-content\/uploads\/2024\/06\/Gold-grease-coupler-100x100.jpg 100w\" sizes=\"auto, (max-width: 1000px) 100vw, 1000px\" \/>\t\t\t\t\t\t\t\t\t\t\t<\/div>\n\t\t\t\t\t<\/div>\n\n\t\t<div class=\"box-text text-center\" >\n\t\t\t<div class=\"box-text-inner\">\n\t\t\t\t\n<h4>Kh\u1edbp n\u1ed1i m\u1ee1 v\u00e0ng<\/h4>\n<p>\u0110\u1ea7u n\u1ed1i m\u1ee1 4 ch\u1ea5u \u0111\u1ec3 k\u1ebft n\u1ed1i \u0111\u1ea7u b\u01a1m v\u1eefa c\u00f3 n\u00fam tr\u00f2n.<\/p>\n<a href=\"\/vi\/contact-us\/\" class=\"button primary is-outline\"  style=\"border-radius:99px;\">\n    <span>Nh\u1eadn b\u00e1o gi\u00e1 mi\u1ec5n ph\u00ed<\/span>\n  <\/a>\n\n\t\t\t<\/div>\n\t\t<\/div>\n\t<\/div>\n\t\n\t\t<\/div>\n\t\t\t\t\n<style>\n#col-847906614 > .col-inner {\n  border-radius: 8px;\n}\n<\/style>\n\t<\/div>\n\n\t\n\n\t<div id=\"col-1372709678\" class=\"col medium-4 small-12 large-4\"  >\n\t\t\t\t<div class=\"col-inner box-shadow-1\"  >\n\t\t\t\n\t\t\t\n\t<div class=\"box has-hover   has-hover box-text-bottom\" >\n\n\t\t<div class=\"box-image\" >\n\t\t\t\t\t\t<div class=\"image-zoom\" >\n\t\t\t\t<img loading=\"lazy\" decoding=\"async\" width=\"1000\" height=\"1000\" src=\"https:\/\/groutpackers.com\/wp-content\/uploads\/2024\/06\/4-type-flat-head-button.jpg\" class=\"attachment- size-\" alt=\"\u0110\u1ea7u n\u1ed1i n\u00fat kh\u00e1c nhau\" srcset=\"https:\/\/groutpackers.com\/wp-content\/uploads\/2024\/06\/4-type-flat-head-button.jpg 1000w, https:\/\/groutpackers.com\/wp-content\/uploads\/2024\/06\/4-type-flat-head-button-300x300.jpg 300w, https:\/\/groutpackers.com\/wp-content\/uploads\/2024\/06\/4-type-flat-head-button-150x150.jpg 150w, https:\/\/groutpackers.com\/wp-content\/uploads\/2024\/06\/4-type-flat-head-button-768x768.jpg 768w, https:\/\/groutpackers.com\/wp-content\/uploads\/2024\/06\/4-type-flat-head-button-600x600.jpg 600w, https:\/\/groutpackers.com\/wp-content\/uploads\/2024\/06\/4-type-flat-head-button-100x100.jpg 100w\" sizes=\"auto, (max-width: 1000px) 100vw, 1000px\" \/>\t\t\t\t\t\t\t\t\t\t\t<\/div>\n\t\t\t\t\t<\/div>\n\n\t\t<div class=\"box-text text-center\" >\n\t\t\t<div class=\"box-text-inner\">\n\t\t\t\t\n<h4>N\u00fam v\u00fa \u0111\u1ea7u n\u00fat<\/h4>\n<p>N\u00fam \u0111\u1ea7u ph\u1eb3ng M6 M8 M10 M13 ph\u00f9 h\u1ee3p v\u1edbi c\u00e1c y\u00eau c\u1ea7u kh\u00e1c nhau c\u1ee7a m\u00e1y \u0111\u00f3ng g\u00f3i.<\/p>\n<a href=\"\/vi\/contact-us\/\" class=\"button primary is-outline\"  style=\"border-radius:99px;\">\n    <span>Nh\u1eadn b\u00e1o gi\u00e1 mi\u1ec5n ph\u00ed<\/span>\n  <\/a>\n\n\t\t\t<\/div>\n\t\t<\/div>\n\t<\/div>\n\t\n\t\t<\/div>\n\t\t\t\t\n<style>\n#col-1372709678 > .col-inner {\n  border-radius: 8px;\n}\n<\/style>\n\t<\/div>\n\n\t\n<\/div>\n<div class=\"row align-equal\"  id=\"row-1148202465\">\n\n\t<div id=\"col-1548097961\" class=\"col medium-4 small-12 large-4\"  >\n\t\t\t\t<div class=\"col-inner box-shadow-1\"  >\n\t\t\t\n\t\t\t\n\t<div class=\"box has-hover   has-hover box-text-bottom\" >\n\n\t\t<div class=\"box-image\" >\n\t\t\t\t\t\t<div class=\"image-zoom\" >\n\t\t\t\t<img loading=\"lazy\" decoding=\"async\" width=\"1000\" height=\"1000\" src=\"https:\/\/groutpackers.com\/wp-content\/uploads\/2024\/06\/plastic-cup.jpg\" class=\"attachment- size-\" alt=\"Ph\u1ec5u\" srcset=\"https:\/\/groutpackers.com\/wp-content\/uploads\/2024\/06\/plastic-cup.jpg 1000w, https:\/\/groutpackers.com\/wp-content\/uploads\/2024\/06\/plastic-cup-300x300.jpg 300w, https:\/\/groutpackers.com\/wp-content\/uploads\/2024\/06\/plastic-cup-150x150.jpg 150w, https:\/\/groutpackers.com\/wp-content\/uploads\/2024\/06\/plastic-cup-768x768.jpg 768w, https:\/\/groutpackers.com\/wp-content\/uploads\/2024\/06\/plastic-cup-600x600.jpg 600w, https:\/\/groutpackers.com\/wp-content\/uploads\/2024\/06\/plastic-cup-100x100.jpg 100w\" sizes=\"auto, (max-width: 1000px) 100vw, 1000px\" \/>\t\t\t\t\t\t\t\t\t\t\t<\/div>\n\t\t\t\t\t<\/div>\n\n\t\t<div class=\"box-text text-center\" >\n\t\t\t<div class=\"box-text-inner\">\n\t\t\t\t\n<h4>Ph\u1ec5u<\/h4>\n<p>Ph\u1ee5 ki\u1ec7n m\u00e1y phun v\u1eefa<\/p>\n<a href=\"\/vi\/contact-us\/\" class=\"button primary is-outline\"  style=\"border-radius:99px;\">\n    <span>Nh\u1eadn b\u00e1o gi\u00e1 mi\u1ec5n ph\u00ed<\/span>\n  <\/a>\n\n\t\t\t<\/div>\n\t\t<\/div>\n\t<\/div>\n\t\n\t\t<\/div>\n\t\t\t\t\n<style>\n#col-1548097961 > .col-inner {\n  border-radius: 8px;\n}\n<\/style>\n\t<\/div>\n\n\t\n\n\t<div id=\"col-2041897741\" class=\"col medium-4 small-12 large-4\"  >\n\t\t\t\t<div class=\"col-inner box-shadow-1\"  >\n\t\t\t\n\t\t\t\n\t<div class=\"box has-hover   has-hover box-text-bottom\" >\n\n\t\t<div class=\"box-image\" >\n\t\t\t\t\t\t<div class=\"image-zoom\" >\n\t\t\t\t<img loading=\"lazy\" decoding=\"async\" width=\"1000\" height=\"1000\" src=\"https:\/\/groutpackers.com\/wp-content\/uploads\/2024\/05\/valve-for-acrylic-pump-2.jpg\" class=\"attachment- size-\" alt=\"van cho b\u01a1m acrylic (2)\" srcset=\"https:\/\/groutpackers.com\/wp-content\/uploads\/2024\/05\/valve-for-acrylic-pump-2.jpg 1000w, https:\/\/groutpackers.com\/wp-content\/uploads\/2024\/05\/valve-for-acrylic-pump-2-300x300.jpg 300w, https:\/\/groutpackers.com\/wp-content\/uploads\/2024\/05\/valve-for-acrylic-pump-2-150x150.jpg 150w, https:\/\/groutpackers.com\/wp-content\/uploads\/2024\/05\/valve-for-acrylic-pump-2-768x768.jpg 768w, https:\/\/groutpackers.com\/wp-content\/uploads\/2024\/05\/valve-for-acrylic-pump-2-600x600.jpg 600w, https:\/\/groutpackers.com\/wp-content\/uploads\/2024\/05\/valve-for-acrylic-pump-2-100x100.jpg 100w\" sizes=\"auto, (max-width: 1000px) 100vw, 1000px\" \/>\t\t\t\t\t\t\t\t\t\t\t<\/div>\n\t\t\t\t\t<\/div>\n\n\t\t<div class=\"box-text text-center\" >\n\t\t\t<div class=\"box-text-inner\">\n\t\t\t\t\n<h4>B\u01a1m piston<\/h4>\n<p>Ph\u1ee5 ki\u1ec7n b\u01a1m ti\u00eam<\/p>\n<a href=\"\/vi\/contact-us\/\" class=\"button primary is-outline\"  style=\"border-radius:99px;\">\n    <span>Nh\u1eadn b\u00e1o gi\u00e1 mi\u1ec5n ph\u00ed<\/span>\n  <\/a>\n\n\t\t\t<\/div>\n\t\t<\/div>\n\t<\/div>\n\t\n\t\t<\/div>\n\t\t\t\t\n<style>\n#col-2041897741 > .col-inner {\n  border-radius: 8px;\n}\n<\/style>\n\t<\/div>\n\n\t\n\n\t<div id=\"col-2018479688\" class=\"col medium-4 small-12 large-4\"  >\n\t\t\t\t<div class=\"col-inner box-shadow-1\"  >\n\t\t\t\n\t\t\t\n\t<div class=\"box has-hover   has-hover box-text-bottom\" >\n\n\t\t<div class=\"box-image\" >\n\t\t\t\t\t\t<div class=\"image-zoom\" >\n\t\t\t\t<img loading=\"lazy\" decoding=\"async\" width=\"1000\" height=\"1000\" src=\"https:\/\/groutpackers.com\/wp-content\/uploads\/2024\/05\/High-Pressure-Hose-1.jpg\" class=\"attachment- size-\" alt=\"\u1ed0ng \u00e1p su\u1ea5t cao\" srcset=\"https:\/\/groutpackers.com\/wp-content\/uploads\/2024\/05\/High-Pressure-Hose-1.jpg 1000w, https:\/\/groutpackers.com\/wp-content\/uploads\/2024\/05\/High-Pressure-Hose-1-300x300.jpg 300w, https:\/\/groutpackers.com\/wp-content\/uploads\/2024\/05\/High-Pressure-Hose-1-150x150.jpg 150w, https:\/\/groutpackers.com\/wp-content\/uploads\/2024\/05\/High-Pressure-Hose-1-768x768.jpg 768w, https:\/\/groutpackers.com\/wp-content\/uploads\/2024\/05\/High-Pressure-Hose-1-600x600.jpg 600w, https:\/\/groutpackers.com\/wp-content\/uploads\/2024\/05\/High-Pressure-Hose-1-100x100.jpg 100w\" sizes=\"auto, (max-width: 1000px) 100vw, 1000px\" \/>\t\t\t\t\t\t\t\t\t\t\t<\/div>\n\t\t\t\t\t<\/div>\n\n\t\t<div class=\"box-text text-center\" >\n\t\t\t<div class=\"box-text-inner\">\n\t\t\t\t\n<h4>\u1ed0ng \u00e1p su\u1ea5t cao<\/h4>\n<p>Ph\u1ee5 ki\u1ec7n m\u00e1y b\u01a1m v\u1eefa<\/p>\n<a href=\"\/vi\/contact-us\/\" class=\"button primary is-outline\"  style=\"border-radius:99px;\">\n    <span>Nh\u1eadn b\u00e1o gi\u00e1 mi\u1ec5n ph\u00ed<\/span>\n  <\/a>\n\n\t\t\t<\/div>\n\t\t<\/div>\n\t<\/div>\n\t\n\t\t<\/div>\n\t\t\t\t\n<style>\n#col-2018479688 > .col-inner {\n  border-radius: 8px;\n}\n<\/style>\n\t<\/div>\n\n\t\n<\/div>\n\t\t<\/div>\n\n\t\t\n<style>\n#section_713308245 {\n  padding-top: 40px;\n  padding-bottom: 40px;\n}\n<\/style>\n\t<\/section>","protected":false},"excerpt":{"rendered":"","protected":false},"author":1,"featured_media":0,"parent":0,"menu_order":0,"comment_status":"closed","ping_status":"closed","template":"page-blank.php","meta":{"footnotes":""},"class_list":["post-589","page","type-page","status-publish","hentry"],"yoast_head":"<!-- This site is optimized with the Yoast SEO plugin v24.4 - https:\/\/yoast.com\/wordpress\/plugins\/seo\/ -->\n<title>Grouting Machine Accessories for Sale | Wholesale Factory Direct<\/title>\n<meta name=\"description\" content=\"Explore our high-quality grouting machine accessories designed for professionals in the construction industry. We offer a wide range of durable and reliable accessories to enhance the performance of your grouting machines.\" \/>\n<meta name=\"robots\" content=\"index, follow, max-snippet:-1, max-image-preview:large, max-video-preview:-1\" \/>\n<link rel=\"canonical\" href=\"https:\/\/groutpackers.com\/vi\/grouting-machine-accessories\/\" \/>\n<meta property=\"og:locale\" content=\"vi_VN\" \/>\n<meta property=\"og:type\" content=\"article\" \/>\n<meta property=\"og:title\" content=\"Grouting Machine Accessories for Sale | Wholesale Factory Direct\" \/>\n<meta property=\"og:description\" content=\"Explore our high-quality grouting machine accessories designed for professionals in the construction industry. We offer a wide range of durable and reliable accessories to enhance the performance of your grouting machines.\" \/>\n<meta property=\"og:url\" content=\"https:\/\/groutpackers.com\/vi\/grouting-machine-accessories\/\" \/>\n<meta property=\"article:modified_time\" content=\"2025-06-26T02:26:23+00:00\" \/>\n<meta name=\"twitter:card\" content=\"summary_large_image\" \/>\n<meta name=\"twitter:label1\" content=\"\u01af\u1edbc t\u00ednh th\u1eddi gian \u0111\u1ecdc\" \/>\n\t<meta name=\"twitter:data1\" content=\"1 ph\u00fat\" \/>\n<script type=\"application\/ld+json\" class=\"yoast-schema-graph\">{\"@context\":\"https:\/\/schema.org\",\"@graph\":[{\"@type\":\"WebPage\",\"@id\":\"https:\/\/groutpackers.com\/grouting-machine-accessories\/\",\"url\":\"https:\/\/groutpackers.com\/grouting-machine-accessories\/\",\"name\":\"Grouting Machine Accessories for Sale | Wholesale Factory Direct\",\"isPartOf\":{\"@id\":\"https:\/\/groutpackers.com\/bs\/#website\"},\"datePublished\":\"2023-03-13T09:28:14+00:00\",\"dateModified\":\"2025-06-26T02:26:23+00:00\",\"description\":\"Explore our high-quality grouting machine accessories designed for professionals in the construction industry. We offer a wide range of durable and reliable accessories to enhance the performance of your grouting machines.\",\"breadcrumb\":{\"@id\":\"https:\/\/groutpackers.com\/grouting-machine-accessories\/#breadcrumb\"},\"inLanguage\":\"vi\",\"potentialAction\":[{\"@type\":\"ReadAction\",\"target\":[\"https:\/\/groutpackers.com\/grouting-machine-accessories\/\"]}]},{\"@type\":\"BreadcrumbList\",\"@id\":\"https:\/\/groutpackers.com\/grouting-machine-accessories\/#breadcrumb\",\"itemListElement\":[{\"@type\":\"ListItem\",\"position\":1,\"name\":\"Home\",\"item\":\"https:\/\/groutpackers.com\/\"},{\"@type\":\"ListItem\",\"position\":2,\"name\":\"Grouting Machine Accessories\"}]},{\"@type\":\"WebSite\",\"@id\":\"https:\/\/groutpackers.com\/bs\/#website\",\"url\":\"https:\/\/groutpackers.com\/bs\/\",\"name\":\"\",\"description\":\"\",\"potentialAction\":[{\"@type\":\"SearchAction\",\"target\":{\"@type\":\"EntryPoint\",\"urlTemplate\":\"https:\/\/groutpackers.com\/bs\/?s={search_term_string}\"},\"query-input\":{\"@type\":\"PropertyValueSpecification\",\"valueRequired\":true,\"valueName\":\"search_term_string\"}}],\"inLanguage\":\"vi\"}]}<\/script>\n<!-- \/ Yoast SEO plugin. -->","yoast_head_json":{"title":"Ph\u1ee5 ki\u1ec7n m\u00e1y phun v\u1eefa \u0111\u1ec3 b\u00e1n | B\u00e1n bu\u00f4n tr\u1ef1c ti\u1ebfp t\u1eeb nh\u00e0 m\u00e1y","description":"Kh\u00e1m ph\u00e1 c\u00e1c ph\u1ee5 ki\u1ec7n m\u00e1y ch\u00e0 ron ch\u1ea5t l\u01b0\u1ee3ng cao c\u1ee7a ch\u00fang t\u00f4i \u0111\u01b0\u1ee3c thi\u1ebft k\u1ebf cho c\u00e1c chuy\u00ean gia trong ng\u00e0nh x\u00e2y d\u1ef1ng. Ch\u00fang t\u00f4i cung c\u1ea5p nhi\u1ec1u lo\u1ea1i ph\u1ee5 ki\u1ec7n b\u1ec1n v\u00e0 \u0111\u00e1ng tin c\u1eady \u0111\u1ec3 n\u00e2ng cao hi\u1ec7u su\u1ea5t c\u1ee7a m\u00e1y ch\u00e0 ron c\u1ee7a b\u1ea1n.","robots":{"index":"index","follow":"follow","max-snippet":"max-snippet:-1","max-image-preview":"max-image-preview:large","max-video-preview":"max-video-preview:-1"},"canonical":"https:\/\/groutpackers.com\/vi\/grouting-machine-accessories\/","og_locale":"vi_VN","og_type":"article","og_title":"Grouting Machine Accessories for Sale | Wholesale Factory Direct","og_description":"Explore our high-quality grouting machine accessories designed for professionals in the construction industry. We offer a wide range of durable and reliable accessories to enhance the performance of your grouting machines.","og_url":"https:\/\/groutpackers.com\/vi\/grouting-machine-accessories\/","article_modified_time":"2025-06-26T02:26:23+00:00","twitter_card":"summary_large_image","twitter_misc":{"\u01af\u1edbc t\u00ednh th\u1eddi gian \u0111\u1ecdc":"1 ph\u00fat"},"schema":{"@context":"https:\/\/schema.org","@graph":[{"@type":"WebPage","@id":"https:\/\/groutpackers.com\/grouting-machine-accessories\/","url":"https:\/\/groutpackers.com\/grouting-machine-accessories\/","name":"Ph\u1ee5 ki\u1ec7n m\u00e1y phun v\u1eefa \u0111\u1ec3 b\u00e1n | B\u00e1n bu\u00f4n tr\u1ef1c ti\u1ebfp t\u1eeb nh\u00e0 m\u00e1y","isPartOf":{"@id":"https:\/\/groutpackers.com\/bs\/#website"},"datePublished":"2023-03-13T09:28:14+00:00","dateModified":"2025-06-26T02:26:23+00:00","description":"Kh\u00e1m ph\u00e1 c\u00e1c ph\u1ee5 ki\u1ec7n m\u00e1y ch\u00e0 ron ch\u1ea5t l\u01b0\u1ee3ng cao c\u1ee7a ch\u00fang t\u00f4i \u0111\u01b0\u1ee3c thi\u1ebft k\u1ebf cho c\u00e1c chuy\u00ean gia trong ng\u00e0nh x\u00e2y d\u1ef1ng. Ch\u00fang t\u00f4i cung c\u1ea5p nhi\u1ec1u lo\u1ea1i ph\u1ee5 ki\u1ec7n b\u1ec1n v\u00e0 \u0111\u00e1ng tin c\u1eady \u0111\u1ec3 n\u00e2ng cao hi\u1ec7u su\u1ea5t c\u1ee7a m\u00e1y ch\u00e0 ron c\u1ee7a b\u1ea1n.","breadcrumb":{"@id":"https:\/\/groutpackers.com\/grouting-machine-accessories\/#breadcrumb"},"inLanguage":"vi","potentialAction":[{"@type":"ReadAction","target":["https:\/\/groutpackers.com\/grouting-machine-accessories\/"]}]},{"@type":"BreadcrumbList","@id":"https:\/\/groutpackers.com\/grouting-machine-accessories\/#breadcrumb","itemListElement":[{"@type":"ListItem","position":1,"name":"Home","item":"https:\/\/groutpackers.com\/"},{"@type":"ListItem","position":2,"name":"Grouting Machine Accessories"}]},{"@type":"WebSite","@id":"https:\/\/groutpackers.com\/bs\/#website","url":"https:\/\/groutpackers.com\/bs\/","name":"","description":"","potentialAction":[{"@type":"SearchAction","target":{"@type":"EntryPoint","urlTemplate":"https:\/\/groutpackers.com\/bs\/?s={search_term_string}"},"query-input":{"@type":"PropertyValueSpecification","valueRequired":true,"valueName":"search_term_string"}}],"inLanguage":"vi"}]}},"_links":{"self":[{"href":"https:\/\/groutpackers.com\/vi\/wp-json\/wp\/v2\/pages\/589","targetHints":{"allow":["GET"]}}],"collection":[{"href":"https:\/\/groutpackers.com\/vi\/wp-json\/wp\/v2\/pages"}],"about":[{"href":"https:\/\/groutpackers.com\/vi\/wp-json\/wp\/v2\/types\/page"}],"author":[{"embeddable":true,"href":"https:\/\/groutpackers.com\/vi\/wp-json\/wp\/v2\/users\/1"}],"replies":[{"embeddable":true,"href":"https:\/\/groutpackers.com\/vi\/wp-json\/wp\/v2\/comments?post=589"}],"version-history":[{"count":26,"href":"https:\/\/groutpackers.com\/vi\/wp-json\/wp\/v2\/pages\/589\/revisions"}],"predecessor-version":[{"id":3505,"href":"https:\/\/groutpackers.com\/vi\/wp-json\/wp\/v2\/pages\/589\/revisions\/3505"}],"wp:attachment":[{"href":"https:\/\/groutpackers.com\/vi\/wp-json\/wp\/v2\/media?parent=589"}],"curies":[{"name":"wp","href":"https:\/\/api.w.org\/{rel}","templated":true}]}}