{"id":1691,"date":"2024-04-29T06:05:01","date_gmt":"2024-04-29T06:05:01","guid":{"rendered":"http:\/\/groutpackers.com\/?post_type=product&#038;p=1691"},"modified":"2025-03-24T03:40:21","modified_gmt":"2025-03-24T03:40:21","slug":"grout-needle-packer","status":"publish","type":"product","link":"https:\/\/groutpackers.com\/vi\/manufacturer\/grout-needle-packer\/","title":{"rendered":"M\u00e1y \u0111\u00f3ng g\u00f3i kim v\u1eefa"},"content":{"rendered":"<p>M\u00e1y \u0111\u00f3ng g\u00f3i kim ti\u00eam, c\u00f2n \u0111\u01b0\u1ee3c g\u1ecdi l\u00e0 m\u00e1y \u0111\u00f3ng g\u00f3i kim ti\u00eam, l\u00e0 m\u1ed9t lo\u1ea1i m\u00e1y \u0111\u00f3ng g\u00f3i ti\u00eam chuy\u00ean d\u1ee5ng \u0111\u01b0\u1ee3c s\u1eed d\u1ee5ng cho nhi\u1ec1u \u1ee9ng d\u1ee5ng s\u1eeda ch\u1eefa v\u00e0 phun v\u1eefa b\u00ea t\u00f4ng. D\u01b0\u1edbi \u0111\u00e2y l\u00e0 m\u1ed9t s\u1ed1 c\u00e1ch s\u1eed d\u1ee5ng v\u00e0 \u1ee9ng d\u1ee5ng ph\u1ed5 bi\u1ebfn c\u1ee7a m\u00e1y \u0111\u00f3ng g\u00f3i kim phun v\u1eefa:<\/p>\n<p><strong>1. Ti\u00eam v\u1ebft n\u1ee9t:<\/strong><br \/>\u2013 M\u00e1y \u0111\u00f3ng kim r\u00f3t v\u1eefa \u0111\u01b0\u1ee3c s\u1eed d\u1ee5ng r\u1ed9ng r\u00e3i \u0111\u1ec3 b\u01a1m v\u1eefa ho\u1eb7c ch\u1ea5t b\u1ecbt k\u00edn v\u00e0o c\u00e1c v\u1ebft n\u1ee9t trong k\u1ebft c\u1ea5u b\u00ea t\u00f4ng nh\u01b0 t\u01b0\u1eddng, s\u00e0n ho\u1eb7c m\u00f3ng.<br \/>\u2013 C\u1ea5u h\u00ecnh h\u1eb9p c\u1ee7a m\u00e1y \u0111\u00f3ng g\u00f3i kim cho ph\u00e9p n\u00f3 \u0111\u01b0\u1ee3c \u0111\u01b0a v\u00e0o c\u00e1c v\u1ebft n\u1ee9t h\u1eb9p, cho ph\u00e9p ph\u00e2n ph\u1ed1i ch\u00ednh x\u00e1c v\u1eadt li\u1ec7u s\u1eeda ch\u1eefa.<br \/>\u2013 \u0110i\u1ec1u n\u00e0y \u0111\u1eb7c bi\u1ec7t h\u1eefu \u00edch cho vi\u1ec7c b\u1ecbt k\u00edn v\u00e0 \u1ed5n \u0111\u1ecbnh c\u00e1c v\u1ebft n\u1ee9t ch\u00e2n t\u00f3c ho\u1eb7c c\u00e1c khuy\u1ebft t\u1eadt nh\u1ecf kh\u00e1c c\u1ee7a b\u00ea t\u00f4ng.<\/p>\n<p><strong>2. L\u1ea5p \u0111\u1ea7y kho\u1ea3ng tr\u1ed1ng v\u00e0 khoang:<\/strong><br \/>\u2013 M\u00e1y \u0111\u00f3ng kim r\u00f3t v\u1eefa c\u00f3 th\u1ec3 \u0111\u01b0\u1ee3c s\u1eed d\u1ee5ng \u0111\u1ec3 l\u1ea5p \u0111\u1ea7y c\u00e1c kho\u1ea3ng tr\u1ed1ng, l\u1ed7 t\u1ed5 ong ho\u1eb7c c\u00e1c h\u1ed1c nh\u1ecf kh\u00e1c trong k\u1ebft c\u1ea5u b\u00ea t\u00f4ng.<br \/>\u2013 Qu\u00e1 tr\u00ecnh ti\u00eam s\u1eed d\u1ee5ng m\u00e1y \u0111\u00f3ng g\u00f3i kim gi\u00fap \u0111\u1ea3m b\u1ea3o l\u1ea5p \u0111\u1ea7y ho\u00e0n to\u00e0n v\u00e0 th\u00e2m nh\u1eadp v\u1eefa v\u00e0o c\u00e1c khu v\u1ef1c m\u1ee5c ti\u00eau.<br \/>\u2013 \u1ee8ng d\u1ee5ng n\u00e0y ph\u1ed5 bi\u1ebfn trong c\u00e1c d\u1ef1 \u00e1n s\u1eeda ch\u1eefa v\u00e0 t\u0103ng c\u01b0\u1eddng b\u00ea t\u00f4ng, n\u01a1i c\u1ea7n kh\u00f4i ph\u1ee5c t\u00ednh to\u00e0n v\u1eb9n k\u1ebft c\u1ea5u c\u1ee7a b\u00ea t\u00f4ng.<\/p>\n<p><strong>3. \u1ed4n \u0111\u1ecbnh t\u1ea5m b\u00ea t\u00f4ng:<\/strong><br \/>\u2013 M\u00e1y \u0111\u00f3ng g\u00f3i b\u1eb1ng kim \u0111\u01b0\u1ee3c s\u1eed d\u1ee5ng \u0111\u1ec3 b\u01a1m v\u1eefa ho\u1eb7c t\u1ea1o b\u1ecdt v\u00e0o \u0111\u1ea5t ho\u1eb7c l\u00e0m l\u1edbp n\u1ec1n b\u00ean d\u01b0\u1edbi c\u00e1c t\u1ea5m b\u00ea t\u00f4ng, ch\u1eb3ng h\u1ea1n nh\u01b0 nh\u1eefng t\u1ea5m \u0111\u01b0\u1ee3c t\u00ecm th\u1ea5y tr\u00ean s\u00e0n nh\u00e0 ho\u1eb7c v\u1ec9a h\u00e8.<br \/>\u2013 Qu\u00e1 tr\u00ecnh n\u00e0y, \u0111\u01b0\u1ee3c g\u1ecdi l\u00e0 k\u00edch t\u1ea5m ho\u1eb7c san ph\u1eb3ng t\u1ea5m, gi\u00fap \u1ed5n \u0111\u1ecbnh v\u00e0 h\u1ed7 tr\u1ee3 t\u1ea5m b\u00ea t\u00f4ng, gi\u1ea3i quy\u1ebft c\u00e1c v\u1ea5n \u0111\u1ec1 nh\u01b0 \u0111\u1ed9 l\u00fan, kho\u1ea3ng tr\u1ed1ng ho\u1eb7c x\u00f3i m\u00f2n \u0111\u1ea5t.<\/p>\n<p><strong>4. Neo v\u00e0 gia c\u1ed1 b\u00ea t\u00f4ng:<\/strong><br \/>\u2013 M\u00e1y \u0111\u00f3ng kim r\u00f3t v\u1eefa c\u00f3 th\u1ec3 \u0111\u01b0\u1ee3c s\u1eed d\u1ee5ng \u0111\u1ec3 b\u01a1m v\u1eefa xung quanh c\u00e1c thanh c\u1ed1t th\u00e9p ho\u1eb7c ch\u1ed1t, gi\u00fap c\u1ed1 \u0111\u1ecbnh v\u00e0 neo gi\u1eef ch\u00fang trong b\u00ea t\u00f4ng.<br \/>\u2013 \u1ee8ng d\u1ee5ng n\u00e0y ph\u1ed5 bi\u1ebfn trong c\u00e1c d\u1ef1 \u00e1n s\u1eeda ch\u1eefa, t\u0103ng c\u01b0\u1eddng ho\u1eb7c trang b\u1ecb th\u00eam b\u00ea t\u00f4ng, nh\u1eefng n\u01a1i c\u1ea7n gia c\u1ed1 th\u00eam.<\/p>\n<p><strong>5. Tr\u00e1m b\u00ea t\u00f4ng v\u00e0 ch\u1ed1ng th\u1ea5m:<\/strong><br \/>\u2013 M\u00e1y \u0111\u00f3ng kim c\u00f3 th\u1ec3 \u0111\u01b0\u1ee3c s\u1eed d\u1ee5ng \u0111\u1ec3 b\u01a1m v\u1eefa ho\u1eb7c ch\u1ea5t b\u1ecbt k\u00edn v\u00e0o b\u00ea t\u00f4ng \u0111\u1ec3 l\u1ea5p \u0111\u1ea7y v\u00e0 b\u1ecbt k\u00edn c\u00e1c v\u1ebft n\u1ee9t tr\u00ean b\u1ec1 m\u1eb7t, l\u1ed7 r\u1ed7ng ho\u1eb7c c\u00e1c khuy\u1ebft t\u1eadt kh\u00e1c.<br \/>\u2013 \u0110i\u1ec1u n\u00e0y gi\u00fap n\u00e2ng cao kh\u1ea3 n\u0103ng ch\u1ed1ng ch\u1ecbu c\u1ee7a b\u00ea t\u00f4ng tr\u01b0\u1edbc s\u1ef1 x\u00e2m nh\u1eadp c\u1ee7a n\u01b0\u1edbc, th\u1eddi ti\u1ebft v\u00e0 c\u00e1c y\u1ebfu t\u1ed1 m\u00f4i tr\u01b0\u1eddng kh\u00e1c.<\/p>\n<table style=\"border-collapse: collapse; width: 1075px; height: 254px;\" border=\"0\" width=\"616\" cellspacing=\"0\" cellpadding=\"0\">\n<tbody>\n<tr style=\"height: 13.50pt;\">\n<td class=\"et2\" style=\"height: 13.5pt; width: 270.75pt; text-align: center;\" width=\"361\" height=\"18\">H\u00ecnh \u1ea3nh<\/td>\n<td class=\"et2\" style=\"width: 74.25pt;\" width=\"99\">Ng\u01b0\u1eddi m\u1eabu<\/td>\n<td class=\"et2\" style=\"width: 60.00pt;\" width=\"80\">\u0110\u01b0\u1eddng k\u00ednh<\/td>\n<td class=\"et2\" style=\"width: 57.00pt;\" width=\"76\">Chi\u1ec1u d\u00e0i<\/td>\n<\/tr>\n<tr style=\"height: 22.00pt;\">\n<td class=\"et2\" style=\"height: 22.00pt;\" height=\"29\"><img loading=\"lazy\" decoding=\"async\" class=\"alignnone size-medium wp-image-2737 aligncenter\" src=\"http:\/\/groutpackers.com\/wp-content\/uploads\/2024\/04\/Grout-needle-packer-300x150.jpg\" alt=\"M\u00e1y \u0111\u00f3ng g\u00f3i kim v\u1eefa\" width=\"300\" height=\"150\" srcset=\"https:\/\/groutpackers.com\/wp-content\/uploads\/2024\/04\/Grout-needle-packer-300x150.jpg 300w, https:\/\/groutpackers.com\/wp-content\/uploads\/2024\/04\/Grout-needle-packer-768x384.jpg 768w, https:\/\/groutpackers.com\/wp-content\/uploads\/2024\/04\/Grout-needle-packer-600x300.jpg 600w, https:\/\/groutpackers.com\/wp-content\/uploads\/2024\/04\/Grout-needle-packer.jpg 1000w\" sizes=\"auto, (max-width: 300px) 100vw, 300px\" \/><\/td>\n<td class=\"et2\">13x305mm<\/td>\n<td class=\"et2\">13mm<\/td>\n<td class=\"et2\">305mm<\/td>\n<\/tr>\n<\/tbody>\n<\/table>\n<p>\u00a0<\/p>","protected":false},"excerpt":{"rendered":"<p>M\u00e1y \u0111\u00f3ng g\u00f3i kim v\u1eefa<\/p>\n<ul>\n<li>N\u00fam v\u00fa \u0111\u1ea7u n\u00fat<br \/>\n\u0110\u01b0\u1eddng k\u00ednh tr\u1ee5c: 13mm<\/li>\n<li>Chi\u1ec1u d\u00e0i tr\u1ee5c: 305mm<\/li>\n<li>\u0110\u01b0\u1eddng k\u00ednh kim: 5mm<\/li>\n<li>Chi\u1ec1u d\u00e0i kim: 110mm<\/li>\n<\/ul>\n<p>MOQ:1000 mi\u1ebfng<br \/>\nTh\u1eddi gian th\u1ef1c hi\u1ec7n: Trong v\u00f2ng 15-20 ng\u00e0y<br \/>\nThanh to\u00e1n: T\/T, L\/C tr\u1ea3 ngay, PAYPAL, TH\u1eba T\u00cdN D\u1ee4NG.<\/p>","protected":false},"featured_media":2544,"template":"","meta":[],"product_brand":[],"product_cat":[40],"product_tag":[],"class_list":{"0":"post-1691","1":"product","2":"type-product","3":"status-publish","4":"has-post-thumbnail","6":"product_cat-steel-injeciton-packer","8":"first","9":"instock","10":"shipping-taxable","11":"product-type-simple"},"yoast_head":"<!-- This site is optimized with the Yoast SEO plugin v24.4 - https:\/\/yoast.com\/wordpress\/plugins\/seo\/ -->\n<title>Grout Needle Packer -<\/title>\n<meta name=\"robots\" content=\"index, follow, max-snippet:-1, max-image-preview:large, max-video-preview:-1\" \/>\n<link rel=\"canonical\" href=\"https:\/\/groutpackers.com\/vi\/manufacturer\/grout-needle-packer\/\" \/>\n<meta property=\"og:locale\" content=\"vi_VN\" \/>\n<meta property=\"og:type\" content=\"article\" \/>\n<meta property=\"og:title\" content=\"Grout Needle Packer -\" \/>\n<meta property=\"og:description\" content=\"Grouting needle packers   Button head nipple Shaft diameter: 13mm  Shaft length: 305mm  Needle diameter:5mm  Needle length:110mm  MOQ:1000 Pieces Lead Time: Within 15-20 days Payment: T\/T, L\/C AT SIGHT, PAYPAL, CREDIT CARD.\" \/>\n<meta property=\"og:url\" content=\"https:\/\/groutpackers.com\/vi\/manufacturer\/grout-needle-packer\/\" \/>\n<meta property=\"article:modified_time\" content=\"2025-03-24T03:40:21+00:00\" \/>\n<meta property=\"og:image\" content=\"https:\/\/groutpackers.com\/wp-content\/uploads\/2024\/05\/Grouting-needle-packer-1.jpg\" \/>\n\t<meta property=\"og:image:width\" content=\"1000\" \/>\n\t<meta property=\"og:image:height\" content=\"1000\" \/>\n\t<meta property=\"og:image:type\" content=\"image\/jpeg\" \/>\n<meta name=\"twitter:card\" content=\"summary_large_image\" \/>\n<meta name=\"twitter:label1\" content=\"\u01af\u1edbc t\u00ednh th\u1eddi gian \u0111\u1ecdc\" \/>\n\t<meta name=\"twitter:data1\" content=\"1 ph\u00fat\" \/>\n<script type=\"application\/ld+json\" class=\"yoast-schema-graph\">{\"@context\":\"https:\/\/schema.org\",\"@graph\":[{\"@type\":\"WebPage\",\"@id\":\"https:\/\/groutpackers.com\/manufacturer\/grout-needle-packer\/\",\"url\":\"https:\/\/groutpackers.com\/manufacturer\/grout-needle-packer\/\",\"name\":\"Grout Needle Packer -\",\"isPartOf\":{\"@id\":\"https:\/\/groutpackers.com\/bs\/#website\"},\"primaryImageOfPage\":{\"@id\":\"https:\/\/groutpackers.com\/manufacturer\/grout-needle-packer\/#primaryimage\"},\"image\":{\"@id\":\"https:\/\/groutpackers.com\/manufacturer\/grout-needle-packer\/#primaryimage\"},\"thumbnailUrl\":\"https:\/\/groutpackers.com\/wp-content\/uploads\/2024\/05\/Grouting-needle-packer-1.jpg\",\"datePublished\":\"2024-04-29T06:05:01+00:00\",\"dateModified\":\"2025-03-24T03:40:21+00:00\",\"breadcrumb\":{\"@id\":\"https:\/\/groutpackers.com\/manufacturer\/grout-needle-packer\/#breadcrumb\"},\"inLanguage\":\"vi\",\"potentialAction\":[{\"@type\":\"ReadAction\",\"target\":[\"https:\/\/groutpackers.com\/manufacturer\/grout-needle-packer\/\"]}]},{\"@type\":\"ImageObject\",\"inLanguage\":\"vi\",\"@id\":\"https:\/\/groutpackers.com\/manufacturer\/grout-needle-packer\/#primaryimage\",\"url\":\"https:\/\/groutpackers.com\/wp-content\/uploads\/2024\/05\/Grouting-needle-packer-1.jpg\",\"contentUrl\":\"https:\/\/groutpackers.com\/wp-content\/uploads\/2024\/05\/Grouting-needle-packer-1.jpg\",\"width\":1000,\"height\":1000,\"caption\":\"Grouting needle packer\"},{\"@type\":\"BreadcrumbList\",\"@id\":\"https:\/\/groutpackers.com\/manufacturer\/grout-needle-packer\/#breadcrumb\",\"itemListElement\":[{\"@type\":\"ListItem\",\"position\":1,\"name\":\"Home\",\"item\":\"https:\/\/groutpackers.com\/\"},{\"@type\":\"ListItem\",\"position\":2,\"name\":\"Produk\",\"item\":\"https:\/\/groutpackers.com\/id\/shop\/\"},{\"@type\":\"ListItem\",\"position\":3,\"name\":\"Grout Needle Packer\"}]},{\"@type\":\"WebSite\",\"@id\":\"https:\/\/groutpackers.com\/bs\/#website\",\"url\":\"https:\/\/groutpackers.com\/bs\/\",\"name\":\"\",\"description\":\"\",\"potentialAction\":[{\"@type\":\"SearchAction\",\"target\":{\"@type\":\"EntryPoint\",\"urlTemplate\":\"https:\/\/groutpackers.com\/bs\/?s={search_term_string}\"},\"query-input\":{\"@type\":\"PropertyValueSpecification\",\"valueRequired\":true,\"valueName\":\"search_term_string\"}}],\"inLanguage\":\"vi\"}]}<\/script>\n<!-- \/ Yoast SEO plugin. -->","yoast_head_json":{"title":"M\u00e1y \u0111\u00f3ng g\u00f3i kim v\u1eefa -","robots":{"index":"index","follow":"follow","max-snippet":"max-snippet:-1","max-image-preview":"max-image-preview:large","max-video-preview":"max-video-preview:-1"},"canonical":"https:\/\/groutpackers.com\/vi\/manufacturer\/grout-needle-packer\/","og_locale":"vi_VN","og_type":"article","og_title":"Grout Needle Packer -","og_description":"Grouting needle packers   Button head nipple Shaft diameter: 13mm  Shaft length: 305mm  Needle diameter:5mm  Needle length:110mm  MOQ:1000 Pieces Lead Time: Within 15-20 days Payment: T\/T, L\/C AT SIGHT, PAYPAL, CREDIT CARD.","og_url":"https:\/\/groutpackers.com\/vi\/manufacturer\/grout-needle-packer\/","article_modified_time":"2025-03-24T03:40:21+00:00","og_image":[{"width":1000,"height":1000,"url":"https:\/\/groutpackers.com\/wp-content\/uploads\/2024\/05\/Grouting-needle-packer-1.jpg","type":"image\/jpeg"}],"twitter_card":"summary_large_image","twitter_misc":{"\u01af\u1edbc t\u00ednh th\u1eddi gian \u0111\u1ecdc":"1 ph\u00fat"},"schema":{"@context":"https:\/\/schema.org","@graph":[{"@type":"WebPage","@id":"https:\/\/groutpackers.com\/manufacturer\/grout-needle-packer\/","url":"https:\/\/groutpackers.com\/manufacturer\/grout-needle-packer\/","name":"M\u00e1y \u0111\u00f3ng g\u00f3i kim v\u1eefa -","isPartOf":{"@id":"https:\/\/groutpackers.com\/bs\/#website"},"primaryImageOfPage":{"@id":"https:\/\/groutpackers.com\/manufacturer\/grout-needle-packer\/#primaryimage"},"image":{"@id":"https:\/\/groutpackers.com\/manufacturer\/grout-needle-packer\/#primaryimage"},"thumbnailUrl":"https:\/\/groutpackers.com\/wp-content\/uploads\/2024\/05\/Grouting-needle-packer-1.jpg","datePublished":"2024-04-29T06:05:01+00:00","dateModified":"2025-03-24T03:40:21+00:00","breadcrumb":{"@id":"https:\/\/groutpackers.com\/manufacturer\/grout-needle-packer\/#breadcrumb"},"inLanguage":"vi","potentialAction":[{"@type":"ReadAction","target":["https:\/\/groutpackers.com\/manufacturer\/grout-needle-packer\/"]}]},{"@type":"ImageObject","inLanguage":"vi","@id":"https:\/\/groutpackers.com\/manufacturer\/grout-needle-packer\/#primaryimage","url":"https:\/\/groutpackers.com\/wp-content\/uploads\/2024\/05\/Grouting-needle-packer-1.jpg","contentUrl":"https:\/\/groutpackers.com\/wp-content\/uploads\/2024\/05\/Grouting-needle-packer-1.jpg","width":1000,"height":1000,"caption":"Grouting needle packer"},{"@type":"BreadcrumbList","@id":"https:\/\/groutpackers.com\/manufacturer\/grout-needle-packer\/#breadcrumb","itemListElement":[{"@type":"ListItem","position":1,"name":"Home","item":"https:\/\/groutpackers.com\/"},{"@type":"ListItem","position":2,"name":"Produk","item":"https:\/\/groutpackers.com\/id\/shop\/"},{"@type":"ListItem","position":3,"name":"Grout Needle Packer"}]},{"@type":"WebSite","@id":"https:\/\/groutpackers.com\/bs\/#website","url":"https:\/\/groutpackers.com\/bs\/","name":"","description":"","potentialAction":[{"@type":"SearchAction","target":{"@type":"EntryPoint","urlTemplate":"https:\/\/groutpackers.com\/bs\/?s={search_term_string}"},"query-input":{"@type":"PropertyValueSpecification","valueRequired":true,"valueName":"search_term_string"}}],"inLanguage":"vi"}]}},"_links":{"self":[{"href":"https:\/\/groutpackers.com\/vi\/wp-json\/wp\/v2\/product\/1691","targetHints":{"allow":["GET"]}}],"collection":[{"href":"https:\/\/groutpackers.com\/vi\/wp-json\/wp\/v2\/product"}],"about":[{"href":"https:\/\/groutpackers.com\/vi\/wp-json\/wp\/v2\/types\/product"}],"wp:featuredmedia":[{"embeddable":true,"href":"https:\/\/groutpackers.com\/vi\/wp-json\/wp\/v2\/media\/2544"}],"wp:attachment":[{"href":"https:\/\/groutpackers.com\/vi\/wp-json\/wp\/v2\/media?parent=1691"}],"wp:term":[{"taxonomy":"product_brand","embeddable":true,"href":"https:\/\/groutpackers.com\/vi\/wp-json\/wp\/v2\/product_brand?post=1691"},{"taxonomy":"product_cat","embeddable":true,"href":"https:\/\/groutpackers.com\/vi\/wp-json\/wp\/v2\/product_cat?post=1691"},{"taxonomy":"product_tag","embeddable":true,"href":"https:\/\/groutpackers.com\/vi\/wp-json\/wp\/v2\/product_tag?post=1691"}],"curies":[{"name":"wp","href":"https:\/\/api.w.org\/{rel}","templated":true}]}}