{"id":1693,"date":"2024-04-29T06:09:37","date_gmt":"2024-04-29T06:09:37","guid":{"rendered":"http:\/\/groutpackers.com\/?post_type=product&#038;p=1693"},"modified":"2025-03-24T03:31:04","modified_gmt":"2025-03-24T03:31:04","slug":"injection-lances","status":"publish","type":"product","link":"https:\/\/groutpackers.com\/vi\/manufacturer\/injection-lances\/","title":{"rendered":"M\u0169i ti\u00eam"},"content":{"rendered":"<p>M\u0169i phun, c\u00f2n \u0111\u01b0\u1ee3c g\u1ecdi l\u00e0 m\u0169i ti\u00eam \u0111\u1ea5t ho\u1eb7c m\u0169i \u1ed5n \u0111\u1ecbnh \u0111\u1ea5t, l\u00e0 nh\u1eefng c\u00f4ng c\u1ee5 chuy\u00ean d\u1ee5ng \u0111\u01b0\u1ee3c s\u1eed d\u1ee5ng \u0111\u1ec3 ti\u00eam v\u1eadt li\u1ec7u \u1ed5n \u0111\u1ecbnh v\u00e0o \u0111\u1ea5t ho\u1eb7c m\u1eb7t \u0111\u1ea5t nh\u1eb1m c\u1ea3i thi\u1ec7n c\u00e1c \u0111\u1eb7c t\u00ednh k\u1ef9 thu\u1eadt c\u1ee7a n\u00f3.<\/p>\n<p>C\u00e1c t\u00ednh n\u0103ng v\u00e0 \u1ee9ng d\u1ee5ng ch\u00ednh c\u1ee7a \u0111\u1ea5t lance bao g\u1ed3m:<\/p>\n<p><strong>1. M\u1ee5c \u0111\u00edch:<\/strong><br \/>\n\u2013 M\u00e1y x\u1edbi \u0111\u1ea5t \u0111\u01b0\u1ee3c thi\u1ebft k\u1ebf \u0111\u1eb7c bi\u1ec7t \u0111\u1ec3 phun v\u1eefa, v\u1eefa g\u1ed1c xi m\u0103ng, ph\u1ee5 gia h\u00f3a h\u1ecdc ho\u1eb7c c\u00e1c v\u1eadt li\u1ec7u \u1ed5n \u0111\u1ecbnh kh\u00e1c v\u00e0o l\u00f2ng \u0111\u1ea5t.<br \/>\n\u2013 M\u1ee5c \u0111\u00edch l\u00e0 c\u1ea3i thi\u1ec7n \u0111\u1ed9 b\u1ec1n c\u1ee7a \u0111\u1ea5t, gi\u1ea3m \u0111\u1ed9 th\u1ea5m, gi\u1ea3m thi\u1ec3u \u0111\u1ed9 l\u00fan ho\u1eb7c gi\u1ea3i quy\u1ebft c\u00e1c v\u1ea5n \u0111\u1ec1 \u0111\u1ecba k\u1ef9 thu\u1eadt kh\u00e1c th\u00f4ng qua qu\u00e1 tr\u00ecnh b\u01a1m.<\/p>\n<p><strong>2. X\u00e2y d\u1ef1ng:<\/strong><br \/>\n\u2013 C\u00e1c x\u1ebbng \u0111\u1ea5t th\u01b0\u1eddng c\u00f3 thi\u1ebft k\u1ebf d\u00e0i, m\u1ea3nh v\u00e0 r\u1ed7ng, cho ph\u00e9p b\u01a1m v\u1eadt li\u1ec7u \u1ed5n \u0111\u1ecbnh qua t\u00e2m c\u1ee7a x\u1ebbng.<br \/>\n\u2013 \u0110\u1ea7u m\u0169i nh\u1ecdn c\u00f3 th\u1ec3 nh\u1ecdn ho\u1eb7c \u0111\u01b0\u1ee3c trang b\u1ecb c\u00e1c t\u00ednh n\u0103ng chuy\u00ean d\u1ee5ng \u0111\u1ec3 d\u1ec5 d\u00e0ng xuy\u00ean qua \u0111\u1ea5t.<br \/>\n\u2013 M\u1ed9t s\u1ed1 m\u0169i c\u1eaft \u0111\u1ea5t \u0111\u01b0\u1ee3c thi\u1ebft k\u1ebf v\u1edbi c\u00e1c \u0111\u1ea7u ho\u1eb7c ph\u1ee5 ki\u1ec7n c\u00f3 th\u1ec3 ho\u00e1n \u0111\u1ed5i cho nhau \u0111\u1ec3 ph\u00f9 h\u1ee3p v\u1edbi c\u00e1c \u0111i\u1ec1u ki\u1ec7n \u0111\u1ea5t ho\u1eb7c v\u1eadt li\u1ec7u phun kh\u00e1c nhau.<\/p>\n<p><strong>3. Quy tr\u00ecnh ti\u00eam:<\/strong><br \/>\n\u2013 C\u00e1c m\u0169i x\u1edbi \u0111\u1ea5t \u0111\u01b0\u1ee3c \u0111\u01b0a v\u00e0o l\u00f2ng \u0111\u1ea5t b\u1eb1ng tay ho\u1eb7c b\u1eb1ng thi\u1ebft b\u1ecb chuy\u00ean d\u1ee5ng, \u0111\u1ebfn \u0111\u1ed9 s\u00e2u ho\u1eb7c \u0111i\u1ec3m phun theo y\u00eau c\u1ea7u.<br \/>\n\u2013 V\u1eadt li\u1ec7u \u1ed5n \u0111\u1ecbnh sau \u0111\u00f3 \u0111\u01b0\u1ee3c b\u01a1m ho\u1eb7c b\u01a1m qua \u1ed1ng d\u1eabn, ph\u00e2n t\u00e1n v\u00e0o \u0111\u1ea5t xung quanh.<br \/>\n\u2013 Qu\u00e1 tr\u00ecnh phun \u0111\u01b0\u1ee3c ki\u1ec3m so\u00e1t c\u1ea9n th\u1eadn \u0111\u1ec3 \u0111\u1ea3m b\u1ea3o ph\u00e2n b\u1ed1 \u0111\u1ec1u v\u00e0 \u1ed5n \u0111\u1ecbnh \u0111\u1ea5t hi\u1ec7u qu\u1ea3.<\/p>\n<p><strong>4. \u1ee8ng d\u1ee5ng:<\/strong><br \/>\n\u2013 C\u00e1c d\u1ef1 \u00e1n \u1ed5n \u0111\u1ecbnh \u0111\u1ea5t v\u00e0 c\u1ea3i t\u1ea1o n\u1ec1n \u0111\u1ea5t, ch\u1eb3ng h\u1ea1n nh\u01b0 h\u1ed7 tr\u1ee3 n\u1ec1n m\u00f3ng, \u1ed5n \u0111\u1ecbnh m\u00e1i d\u1ed1c v\u00e0 x\u1eed l\u00fd \u0111\u1ea5t.<br \/>\n\u2013 Tr\u00e1t v\u00e0 b\u1ecbt k\u00edn c\u00e1c l\u1ed7 r\u1ed7ng trong \u0111\u1ea5t ho\u1eb7c c\u00e1c h\u1ed1c ng\u1ea7m.<br \/>\n\u2013 Phun h\u00f3a ch\u1ea5t ph\u1ee5 gia ho\u1eb7c v\u1eefa \u0111\u1ec3 x\u1eed l\u00fd \u0111\u1ea5t, x\u1eed l\u00fd m\u00f4i tr\u01b0\u1eddng.<br \/>\n\u2013 L\u1eafp \u0111\u1eb7t \u0111inh \u0111\u1ea5t, neo ho\u1eb7c c\u00e1c h\u1ec7 th\u1ed1ng gia c\u1ed1 n\u1ec1n \u0111\u1ea5t kh\u00e1c.<\/p>\n<p><strong>5. Thi\u1ebft b\u1ecb chuy\u00ean d\u1ee5ng:<\/strong><br \/>\n\u2013 M\u00e1y x\u1edbi \u0111\u1ea5t th\u01b0\u1eddng \u0111\u01b0\u1ee3c s\u1eed d\u1ee5ng k\u1ebft h\u1ee3p v\u1edbi c\u00e1c thi\u1ebft b\u1ecb phun chuy\u00ean d\u1ee5ng nh\u01b0 m\u00e1y b\u01a1m v\u1eefa, thi\u1ebft b\u1ecb tr\u1ed9n, h\u1ec7 th\u1ed1ng phun \u0111i\u1ec1u khi\u1ec3n b\u1eb1ng m\u00e1y t\u00ednh.<br \/>\n\u2013 \u0110i\u1ec1u n\u00e0y \u0111\u1ea3m b\u1ea3o vi\u1ec7c ph\u00e2n ph\u1ed1i v\u00e0 gi\u00e1m s\u00e1t ch\u00ednh x\u00e1c c\u00e1c v\u1eadt li\u1ec7u \u1ed5n \u0111\u1ecbnh trong qu\u00e1 tr\u00ecnh phun.<\/p>\n<p>M\u00e1y \u0111o \u0111\u1ea5t l\u00e0 m\u1ed9t c\u00f4ng c\u1ee5 thi\u1ebft y\u1ebfu trong k\u1ef9 thu\u1eadt \u0111\u1ecba k\u1ef9 thu\u1eadt v\u00e0 x\u00e2y d\u1ef1ng, cho ph\u00e9p b\u01a1m v\u1eadt li\u1ec7u v\u00e0o \u0111\u1ea5t c\u00f3 m\u1ee5c ti\u00eau v\u00e0 c\u00f3 ki\u1ec3m so\u00e1t \u0111\u1ec3 c\u1ea3i thi\u1ec7n t\u00ednh ch\u1ea5t c\u1ee7a \u0111\u1ea5t v\u00e0 gi\u1ea3i quy\u1ebft c\u00e1c th\u00e1ch th\u1ee9c kh\u00e1c nhau li\u00ean quan \u0111\u1ebfn m\u1eb7t \u0111\u1ea5t.<\/p>\n<table style=\"border-collapse: collapse; width: 1204px; height: 263px;\" border=\"0\" width=\"617\" cellspacing=\"0\" cellpadding=\"0\">\n<tbody>\n<tr style=\"height: 13.50pt;\">\n<td class=\"et2\" style=\"height: 13.5pt; width: 271.5pt; text-align: center;\" width=\"362\" height=\"18\">H\u00ecnh \u1ea3nh<\/td>\n<td class=\"et2\" style=\"width: 74.25pt;\" width=\"99\">Ng\u01b0\u1eddi m\u1eabu<\/td>\n<td class=\"et2\" style=\"width: 60.00pt;\" width=\"80\">\u0110\u01b0\u1eddng k\u00ednh<\/td>\n<td class=\"et2\" style=\"width: 57.00pt;\" width=\"76\">Chi\u1ec1u d\u00e0i<\/td>\n<\/tr>\n<tr style=\"height: 13.00pt;\">\n<td class=\"et2\" style=\"height: 26.50pt;\" rowspan=\"2\" height=\"35\"><\/td>\n<td class=\"et2\">13x500mm<\/td>\n<td class=\"et2\">13mm<\/td>\n<td class=\"et2\">500mm<\/td>\n<\/tr>\n<tr style=\"height: 13.50pt;\">\n<td class=\"et2\">13x1000mm<\/td>\n<td class=\"et2\">13mm<\/td>\n<td class=\"et2\">1000mm<\/td>\n<\/tr>\n<tr style=\"height: 13.50pt;\">\n<td class=\"et2\" style=\"height: 27.00pt;\" rowspan=\"2\" height=\"36\"><span style=\"color: #333333;\">\u00a0<\/span><\/td>\n<td class=\"et2\">21x500mm<\/td>\n<td class=\"et2\">21mm<\/td>\n<td class=\"et2\">500mm<\/td>\n<\/tr>\n<tr style=\"height: 13.50pt;\">\n<td class=\"et2\">21x1000mm<\/td>\n<td class=\"et2\">21mm<\/td>\n<td class=\"et2\">1000mm<\/td>\n<\/tr>\n<\/tbody>\n<\/table>","protected":false},"excerpt":{"rendered":"<p>M\u0169i ti\u00eam<br \/>\nBa m\u0169i khoan c\u00f3 \u0111\u01b0\u1eddng k\u00ednh c\u00f3 s\u1eb5n<br \/>\nChi\u1ec1u d\u00e0i: 500mm v\u00e0 1000mm<br \/>\n\u0110\u01b0\u1eddng k\u00ednh kh\u00e1c nhau: 13mm \/ 18mm \/ 21mm<br \/>\nMOQ:1000 mi\u1ebfng<br \/>\nTh\u1eddi gian th\u1ef1c hi\u1ec7n: Trong v\u00f2ng 10-15 ng\u00e0y<br \/>\nThanh to\u00e1n: T\/T, L\/C tr\u1ea3 ngay, PAYPAL, TH\u1eba T\u00cdN D\u1ee4NG.<\/p>","protected":false},"featured_media":2546,"template":"","meta":[],"product_brand":[],"product_cat":[40],"product_tag":[],"class_list":{"0":"post-1693","1":"product","2":"type-product","3":"status-publish","4":"has-post-thumbnail","6":"product_cat-steel-injeciton-packer","8":"first","9":"instock","10":"shipping-taxable","11":"product-type-simple"},"yoast_head":"<!-- This site is optimized with the Yoast SEO plugin v24.4 - https:\/\/yoast.com\/wordpress\/plugins\/seo\/ -->\n<title>Injection Lances -<\/title>\n<meta name=\"robots\" content=\"index, follow, max-snippet:-1, max-image-preview:large, max-video-preview:-1\" \/>\n<link rel=\"canonical\" href=\"https:\/\/groutpackers.com\/vi\/manufacturer\/injection-lances\/\" \/>\n<meta property=\"og:locale\" content=\"vi_VN\" \/>\n<meta property=\"og:type\" content=\"article\" \/>\n<meta property=\"og:title\" content=\"Injection Lances -\" \/>\n<meta property=\"og:description\" content=\"Injection lances Three diameter lances is available Length: 500mm and 1000mm Different diameter: 13mm \/ 18mm \/ 21mm MOQ:1000 Pieces Lead Time: Within 10-15 days Payment: T\/T, L\/C AT SIGHT, PAYPAL, CREDIT CARD.\" \/>\n<meta property=\"og:url\" content=\"https:\/\/groutpackers.com\/vi\/manufacturer\/injection-lances\/\" \/>\n<meta property=\"article:modified_time\" content=\"2025-03-24T03:31:04+00:00\" \/>\n<meta property=\"og:image\" content=\"https:\/\/groutpackers.com\/wp-content\/uploads\/2024\/05\/Injection-Lances-for-soil-stabilization.jpg\" \/>\n\t<meta property=\"og:image:width\" content=\"1000\" \/>\n\t<meta property=\"og:image:height\" content=\"1000\" \/>\n\t<meta property=\"og:image:type\" content=\"image\/jpeg\" \/>\n<meta name=\"twitter:card\" content=\"summary_large_image\" \/>\n<meta name=\"twitter:label1\" content=\"\u01af\u1edbc t\u00ednh th\u1eddi gian \u0111\u1ecdc\" \/>\n\t<meta name=\"twitter:data1\" content=\"2 ph\u00fat\" \/>\n<script type=\"application\/ld+json\" class=\"yoast-schema-graph\">{\"@context\":\"https:\/\/schema.org\",\"@graph\":[{\"@type\":\"WebPage\",\"@id\":\"https:\/\/groutpackers.com\/manufacturer\/injection-lances\/\",\"url\":\"https:\/\/groutpackers.com\/manufacturer\/injection-lances\/\",\"name\":\"Injection Lances -\",\"isPartOf\":{\"@id\":\"https:\/\/groutpackers.com\/bs\/#website\"},\"primaryImageOfPage\":{\"@id\":\"https:\/\/groutpackers.com\/manufacturer\/injection-lances\/#primaryimage\"},\"image\":{\"@id\":\"https:\/\/groutpackers.com\/manufacturer\/injection-lances\/#primaryimage\"},\"thumbnailUrl\":\"https:\/\/groutpackers.com\/wp-content\/uploads\/2024\/05\/Injection-Lances-for-soil-stabilization.jpg\",\"datePublished\":\"2024-04-29T06:09:37+00:00\",\"dateModified\":\"2025-03-24T03:31:04+00:00\",\"breadcrumb\":{\"@id\":\"https:\/\/groutpackers.com\/manufacturer\/injection-lances\/#breadcrumb\"},\"inLanguage\":\"vi\",\"potentialAction\":[{\"@type\":\"ReadAction\",\"target\":[\"https:\/\/groutpackers.com\/manufacturer\/injection-lances\/\"]}]},{\"@type\":\"ImageObject\",\"inLanguage\":\"vi\",\"@id\":\"https:\/\/groutpackers.com\/manufacturer\/injection-lances\/#primaryimage\",\"url\":\"https:\/\/groutpackers.com\/wp-content\/uploads\/2024\/05\/Injection-Lances-for-soil-stabilization.jpg\",\"contentUrl\":\"https:\/\/groutpackers.com\/wp-content\/uploads\/2024\/05\/Injection-Lances-for-soil-stabilization.jpg\",\"width\":1000,\"height\":1000,\"caption\":\"Injection Lances for soil stabilization\"},{\"@type\":\"BreadcrumbList\",\"@id\":\"https:\/\/groutpackers.com\/manufacturer\/injection-lances\/#breadcrumb\",\"itemListElement\":[{\"@type\":\"ListItem\",\"position\":1,\"name\":\"Home\",\"item\":\"https:\/\/groutpackers.com\/\"},{\"@type\":\"ListItem\",\"position\":2,\"name\":\"Produk\",\"item\":\"https:\/\/groutpackers.com\/id\/shop\/\"},{\"@type\":\"ListItem\",\"position\":3,\"name\":\"Injection Lances\"}]},{\"@type\":\"WebSite\",\"@id\":\"https:\/\/groutpackers.com\/bs\/#website\",\"url\":\"https:\/\/groutpackers.com\/bs\/\",\"name\":\"\",\"description\":\"\",\"potentialAction\":[{\"@type\":\"SearchAction\",\"target\":{\"@type\":\"EntryPoint\",\"urlTemplate\":\"https:\/\/groutpackers.com\/bs\/?s={search_term_string}\"},\"query-input\":{\"@type\":\"PropertyValueSpecification\",\"valueRequired\":true,\"valueName\":\"search_term_string\"}}],\"inLanguage\":\"vi\"}]}<\/script>\n<!-- \/ Yoast SEO plugin. -->","yoast_head_json":{"title":"M\u0169i ti\u00eam -","robots":{"index":"index","follow":"follow","max-snippet":"max-snippet:-1","max-image-preview":"max-image-preview:large","max-video-preview":"max-video-preview:-1"},"canonical":"https:\/\/groutpackers.com\/vi\/manufacturer\/injection-lances\/","og_locale":"vi_VN","og_type":"article","og_title":"Injection Lances -","og_description":"Injection lances Three diameter lances is available Length: 500mm and 1000mm Different diameter: 13mm \/ 18mm \/ 21mm MOQ:1000 Pieces Lead Time: Within 10-15 days Payment: T\/T, L\/C AT SIGHT, PAYPAL, CREDIT CARD.","og_url":"https:\/\/groutpackers.com\/vi\/manufacturer\/injection-lances\/","article_modified_time":"2025-03-24T03:31:04+00:00","og_image":[{"width":1000,"height":1000,"url":"https:\/\/groutpackers.com\/wp-content\/uploads\/2024\/05\/Injection-Lances-for-soil-stabilization.jpg","type":"image\/jpeg"}],"twitter_card":"summary_large_image","twitter_misc":{"\u01af\u1edbc t\u00ednh th\u1eddi gian \u0111\u1ecdc":"2 ph\u00fat"},"schema":{"@context":"https:\/\/schema.org","@graph":[{"@type":"WebPage","@id":"https:\/\/groutpackers.com\/manufacturer\/injection-lances\/","url":"https:\/\/groutpackers.com\/manufacturer\/injection-lances\/","name":"M\u0169i ti\u00eam -","isPartOf":{"@id":"https:\/\/groutpackers.com\/bs\/#website"},"primaryImageOfPage":{"@id":"https:\/\/groutpackers.com\/manufacturer\/injection-lances\/#primaryimage"},"image":{"@id":"https:\/\/groutpackers.com\/manufacturer\/injection-lances\/#primaryimage"},"thumbnailUrl":"https:\/\/groutpackers.com\/wp-content\/uploads\/2024\/05\/Injection-Lances-for-soil-stabilization.jpg","datePublished":"2024-04-29T06:09:37+00:00","dateModified":"2025-03-24T03:31:04+00:00","breadcrumb":{"@id":"https:\/\/groutpackers.com\/manufacturer\/injection-lances\/#breadcrumb"},"inLanguage":"vi","potentialAction":[{"@type":"ReadAction","target":["https:\/\/groutpackers.com\/manufacturer\/injection-lances\/"]}]},{"@type":"ImageObject","inLanguage":"vi","@id":"https:\/\/groutpackers.com\/manufacturer\/injection-lances\/#primaryimage","url":"https:\/\/groutpackers.com\/wp-content\/uploads\/2024\/05\/Injection-Lances-for-soil-stabilization.jpg","contentUrl":"https:\/\/groutpackers.com\/wp-content\/uploads\/2024\/05\/Injection-Lances-for-soil-stabilization.jpg","width":1000,"height":1000,"caption":"Injection Lances for soil stabilization"},{"@type":"BreadcrumbList","@id":"https:\/\/groutpackers.com\/manufacturer\/injection-lances\/#breadcrumb","itemListElement":[{"@type":"ListItem","position":1,"name":"Home","item":"https:\/\/groutpackers.com\/"},{"@type":"ListItem","position":2,"name":"Produk","item":"https:\/\/groutpackers.com\/id\/shop\/"},{"@type":"ListItem","position":3,"name":"Injection Lances"}]},{"@type":"WebSite","@id":"https:\/\/groutpackers.com\/bs\/#website","url":"https:\/\/groutpackers.com\/bs\/","name":"","description":"","potentialAction":[{"@type":"SearchAction","target":{"@type":"EntryPoint","urlTemplate":"https:\/\/groutpackers.com\/bs\/?s={search_term_string}"},"query-input":{"@type":"PropertyValueSpecification","valueRequired":true,"valueName":"search_term_string"}}],"inLanguage":"vi"}]}},"_links":{"self":[{"href":"https:\/\/groutpackers.com\/vi\/wp-json\/wp\/v2\/product\/1693","targetHints":{"allow":["GET"]}}],"collection":[{"href":"https:\/\/groutpackers.com\/vi\/wp-json\/wp\/v2\/product"}],"about":[{"href":"https:\/\/groutpackers.com\/vi\/wp-json\/wp\/v2\/types\/product"}],"wp:featuredmedia":[{"embeddable":true,"href":"https:\/\/groutpackers.com\/vi\/wp-json\/wp\/v2\/media\/2546"}],"wp:attachment":[{"href":"https:\/\/groutpackers.com\/vi\/wp-json\/wp\/v2\/media?parent=1693"}],"wp:term":[{"taxonomy":"product_brand","embeddable":true,"href":"https:\/\/groutpackers.com\/vi\/wp-json\/wp\/v2\/product_brand?post=1693"},{"taxonomy":"product_cat","embeddable":true,"href":"https:\/\/groutpackers.com\/vi\/wp-json\/wp\/v2\/product_cat?post=1693"},{"taxonomy":"product_tag","embeddable":true,"href":"https:\/\/groutpackers.com\/vi\/wp-json\/wp\/v2\/product_tag?post=1693"}],"curies":[{"name":"wp","href":"https:\/\/api.w.org\/{rel}","templated":true}]}}